{"id":43531,"date":"2025-02-25T14:41:53","date_gmt":"2025-02-25T13:41:53","guid":{"rendered":"https:\/\/revierwelt.de\/index.php\/integritetspolicy\/"},"modified":"2025-02-25T14:41:56","modified_gmt":"2025-02-25T13:41:56","slug":"integritetspolicy","status":"publish","type":"page","link":"https:\/\/www.revierwelt.de\/index.php\/integritetspolicy\/?lang=sv","title":{"rendered":"Integritetspolicy"},"content":{"rendered":"<section class=\"l-section wpb_row height_medium\"><div class=\"l-section-h i-cf\"><div class=\"g-cols vc_row via_flex valign_top type_default stacking_default\"><div class=\"vc_col-sm-12 wpb_column vc_column_container\"><div class=\"vc_column-inner\"><div class=\"wpb_wrapper\"><div class=\"wpb_text_column\"><div class=\"wpb_wrapper\"><p>Vi, Revierwelt Media GmbH, ser fram emot ditt bes\u00f6k p\u00e5 v\u00e5r webbplats med v\u00e5rt omfattande onlineutbud av jaktrelaterade tj\u00e4nster. Revierwelt Media \u00e4r en leverant\u00f6r av programvaran f\u00f6r jaktmarksf\u00f6rvaltning &#8222;REVIERWELT&#8220; med ett integrerat socialt n\u00e4tverk och m\u00f6jlighet till online-kommunikation. Utbudet av multimedietj\u00e4nster p\u00e5 REVIERWELT kompletteras av en webbutik f\u00f6r k\u00f6p av produkter som \u00e4r relaterade till anv\u00e4ndningen av REVIERWELT &#8211; nedan sammanfattat som &#8222;v\u00e5ra tj\u00e4nster&#8220;.  <\/p>\n<p>Skyddet av dina personuppgifter vid insamling, bearbetning och anv\u00e4ndning \u00e4r en viktig fr\u00e5ga f\u00f6r oss. F\u00f6ljande f\u00f6rklaringar g\u00e4ller inte f\u00f6r produkter som erbjuds av tredje part via REVIERWELT. I detta avseende h\u00e4nvisar vi till de produktspecifika anv\u00e4ndarvillkoren f\u00f6r tredjepartsprodukter.  <\/p>\n<p>I denna integritetspolicy ger vi dig en \u00f6versikt \u00f6ver hur vi behandlar dina personuppgifter n\u00e4r du anv\u00e4nder v\u00e5ra tj\u00e4nster i enlighet med v\u00e5ra informationsskyldigheter enligt den europeiska allm\u00e4nna dataskyddsf\u00f6rordningen (GDPR) som tr\u00e4dde i kraft den 25 maj 2018. Den g\u00e4ller oavsett om du \u00e4r registrerad hos oss eller inte, om du bara bes\u00f6ker v\u00e5ra webbplatser (www.revierwelt.de\/.com) eller bokar och anv\u00e4nder v\u00e5ra kostnadsfria och betalda applikationer och appar. <\/p>\n<p>Genom att anv\u00e4nda v\u00e5ra tj\u00e4nster samtycker du till att dina uppgifter behandlas i enlighet med denna integritetspolicy.<\/p>\n<p>OM DU INTE SAMTYCKER TILL VILLKOREN I DENNA INTEGRITETSPOLICY B\u00d6R DU INTE ANV\u00c4NDA V\u00c5RA TJ\u00c4NSTER.<\/p>\n<p><strong>1 \u00a7 Information om insamling av personuppgifter<\/strong><\/p>\n<p>(1) I det f\u00f6ljande informerar vi om insamling av personuppgifter vid anv\u00e4ndning av v\u00e5ra tj\u00e4nster. &#8222;Personuppgifter&#8220; i den mening som avses i artikel 4 nr 1 i den allm\u00e4nna dataskyddsf\u00f6rordningen \u00e4r <\/p>\n<p>&#8222;&#8230;all information som r\u00f6r en identifierad eller identifierbar fysisk person (nedan kallad den registrerade); en identifierbar fysisk person \u00e4r en person som direkt eller indirekt kan identifieras, s\u00e4rskilt med h\u00e4nvisning till en identifierare som ett namn, ett identifikationsnummer, lokaliseringsuppgifter, en onlineidentifierare eller en eller flera faktorer som \u00e4r specifika f\u00f6r den fysiska personens fysiska, fysiologiska, genetiska, psykiska, ekonomiska, kulturella eller sociala identitet.&#8220;<\/p>\n<p>(2) Personuppgiftsansvarig i enlighet med artikel 4 nr 7 i EU:s allm\u00e4nna dataskyddsf\u00f6rordning (GDPR) \u00e4r Revierwelt Media GmbH, Pestalozzistra\u00dfe 41, 35606 Solms, Tyskland (f\u00f6r ytterligare information, se r\u00e4ttsligt meddelande). <\/p>\n<p>(3) N\u00e4r du registrerar dig p\u00e5 REVIERWELT f\u00f6r att anv\u00e4nda v\u00e5ra tj\u00e4nster, kontaktar oss via e-post eller via ett kontaktformul\u00e4r, kommer de uppgifter du tillhandah\u00e5ller (din e-postadress, ditt namn, ditt telefonnummer och eventuella andra uppgifter som du tillhandah\u00e5ller oss) att lagras av oss. Vi raderar de uppgifter som uppkommer i detta sammanhang efter att lagringen inte l\u00e4ngre \u00e4r n\u00f6dv\u00e4ndig eller begr\u00e4nsar behandlingen om det finns lagstadgade lagringsskyldigheter. <\/p>\n<p>(4) Eftersom skyddet av barn \u00e4r av stor vikt till\u00e5ter vi inte registrering av anv\u00e4ndare under 16 \u00e5r. Om du som f\u00f6r\u00e4lder eller v\u00e5rdnadshavare f\u00e5r reda p\u00e5 att dina barn har registrerat sig p\u00e5 v\u00e5r tj\u00e4nst och \u00f6verf\u00f6rt sina personuppgifter till oss, kan du kontakta oss med hj\u00e4lp av kontaktuppgifterna ovan s\u00e5 blockerar vi omedelbart anv\u00e4ndaren och raderar uppgifterna. <\/p>\n<p><strong>2 \u00a7 \u00c4ndam\u00e5let med behandlingen av personuppgifter<\/strong><\/p>\n<p>(1) Vi samlar in och behandlar dina personuppgifter i syfte att tillhandah\u00e5lla dig v\u00e5ra tj\u00e4nster, kontinuerligt f\u00f6rb\u00e4ttra och utveckla dem, s\u00e4kerst\u00e4lla deras tekniska funktionalitet och garantera s\u00e4kerheten f\u00f6r v\u00e5ra tj\u00e4nster.<\/p>\n<p>(2) Vi anv\u00e4nder dina uppgifter f\u00f6r att f\u00f6rse dig med v\u00e5ra tj\u00e4nster i enlighet med din anv\u00e4ndning, f\u00f6r att f\u00f6rse dig med kompletterande information och erbjudanden om v\u00e5ra tj\u00e4nster som vi anser \u00e4r anpassade till dina behov och f\u00f6r att ge dig en anv\u00e4ndarupplevelse som vi anser \u00e4r skr\u00e4ddarsydd.<\/p>\n<p>(3) Vi erbjuder dig olika s\u00e4tt att betala f\u00f6r avgiftsbelagda tj\u00e4nster. Insamling och behandling av kontouppgifter som en del av betalningsprocessen utf\u00f6rs uteslutande av den leverant\u00f6r som du har valt i enlighet med deras dataskydds- och avtalsvillkor. <\/p>\n<p>(4) Vi f\u00f6rs\u00e4krar dig om att vi inte kommer att l\u00e4mna ut dina uppgifter till tredje part vid n\u00e5got tillf\u00e4lle, med undantag f\u00f6r tredje part som direkt anlitas av oss f\u00f6r att tillhandah\u00e5lla v\u00e5ra tj\u00e4nster och som har \u00e5lagts av oss att f\u00f6lja dataskyddsbest\u00e4mmelserna i enlighet med best\u00e4mmelserna i den allm\u00e4nna dataskyddsf\u00f6rordningen.<\/p>\n<p><strong>3 \u00a7 Dina r\u00e4ttigheter<\/strong><\/p>\n<p>(1) Du har f\u00f6ljande r\u00e4ttigheter gentemot oss n\u00e4r det g\u00e4ller dina personuppgifter:<\/p>\n<p>&#8211; R\u00e4tt till tillg\u00e5ng,<br \/>\n&#8211; r\u00e4tt till r\u00e4ttelse eller radering,<br \/>\n&#8211; r\u00e4tt till begr\u00e4nsning av behandling,<br \/>\n&#8211; r\u00e4tt att inv\u00e4nda mot behandling,<br \/>\n&#8211; r\u00e4tt till dataportabilitet.<\/p>\n<p>(2) Du har ocks\u00e5 r\u00e4tt att klaga till en tillsynsmyndighet f\u00f6r dataskydd om behandlingen av dina personuppgifter av oss.<\/p>\n<p><strong>4 \u00a7 Insamling av personuppgifter vid bes\u00f6k p\u00e5 v\u00e5r webbplats<\/strong><\/p>\n<p>(1) Om du endast anv\u00e4nder v\u00e5r webbplats i informationssyfte, dvs. om du inte registrerar dig eller p\u00e5 annat s\u00e4tt f\u00f6rser oss med information, samlar vi endast in de personuppgifter som din webbl\u00e4sare \u00f6verf\u00f6r till v\u00e5r server. Om du vill visa v\u00e5r webbplats samlar vi in f\u00f6ljande uppgifter, som \u00e4r tekniskt n\u00f6dv\u00e4ndiga f\u00f6r att vi ska kunna visa v\u00e5r webbplats f\u00f6r dig och f\u00f6r att s\u00e4kerst\u00e4lla stabilitet och s\u00e4kerhet (r\u00e4ttslig grund \u00e4r artikel 6.1 mening 1 lit. f GDPR): <\/p>\n<p>&#8211; IP-adress<br \/>\n&#8211; datum och tid f\u00f6r beg\u00e4ran<br \/>\n&#8211; tidszonskillnad mot Greenwich Mean Time (GMT)<br \/>\n&#8211; inneh\u00e5ll i beg\u00e4ran (specifik sida)<br \/>\n&#8211; \u00e5tkomststatus\/HTTP-statuskod<br \/>\n&#8211; \u00f6verf\u00f6rd datam\u00e4ngd<br \/>\n&#8211; webbplats som beg\u00e4ran kommer fr\u00e5n<br \/>\n&#8211; webbl\u00e4sare<br \/>\n&#8211; operativsystem och dess gr\u00e4nssnitt<br \/>\n&#8211; spr\u00e5k och version av webbl\u00e4sarens programvara<\/p>\n<p>(2) Ut\u00f6ver de ovan n\u00e4mnda uppgifterna lagras cookies p\u00e5 din dator n\u00e4r du anv\u00e4nder v\u00e5r webbplats. Cookies \u00e4r sm\u00e5 textfiler som lagras p\u00e5 din h\u00e5rddisk och som tilldelas den webbl\u00e4sare du anv\u00e4nder och genom vilka viss information fl\u00f6dar till det organ som st\u00e4ller in cookien (i detta fall oss). Cookies kan inte exekvera program eller \u00f6verf\u00f6ra virus till din dator. De anv\u00e4nds f\u00f6r att g\u00f6ra webbplatsen mer anv\u00e4ndarv\u00e4nlig och effektiv \u00f6verlag.   <\/p>\n<p>(3) Anv\u00e4ndning av cookies:<\/p>\n<p>a) P\u00e5 v\u00e5ra webbplatser anv\u00e4nds f\u00f6ljande typer av cookies, vars omfattning och funktion f\u00f6rklaras nedan:<\/p>\n<p>&#8211; \u00d6verg\u00e5ende cookies (se b)<br \/>\n&#8211; Best\u00e4ndiga cookies (se c).<\/p>\n<p>b) \u00d6verg\u00e5ngscookies raderas automatiskt n\u00e4r du st\u00e4nger webbl\u00e4saren. Dessa inkluderar s\u00e4rskilt sessionscookies. Dessa lagrar ett s\u00e5 kallat sessions-ID, med vilket olika f\u00f6rfr\u00e5gningar fr\u00e5n din webbl\u00e4sare kan tilldelas den gemensamma sessionen. Detta g\u00f6r att din dator kan k\u00e4nnas igen n\u00e4r du \u00e5terv\u00e4nder till v\u00e5r webbplats. Sessionscookies raderas n\u00e4r du loggar ut eller st\u00e4nger webbl\u00e4saren.    <\/p>\n<p>c) Permanenta cookies raderas automatiskt efter en viss tid, som kan variera beroende p\u00e5 cookie. Du kan n\u00e4r som helst sj\u00e4lv radera cookies i s\u00e4kerhetsinst\u00e4llningarna i din webbl\u00e4sare. Med hj\u00e4lp av permanenta cookies kan vi k\u00e4nna igen dig n\u00e4r du bes\u00f6ker oss igen f\u00f6r att g\u00f6ra ditt bes\u00f6k s\u00e5 enkelt och effektivt som du vill ha det.  <\/p>\n<p>d) Du kan anpassa inst\u00e4llningarna i din webbl\u00e4sare efter dina \u00f6nskem\u00e5l och t.ex. v\u00e4gra att acceptera cookies fr\u00e5n tredje part eller alla cookies. Vi vill p\u00e5peka att du d\u00e5 kanske inte kan anv\u00e4nda alla funktioner p\u00e5 v\u00e5ra webbplatser. <\/p>\n<p>e) Vi anv\u00e4nder cookies f\u00f6r att identifiera dig f\u00f6r efterf\u00f6ljande bes\u00f6k om du har ett konto hos oss. Annars skulle du beh\u00f6va logga in igen f\u00f6r varje bes\u00f6k. <\/p>\n<p><strong>5 \u00a7 Insamling av personuppgifter vid anv\u00e4ndning av v\u00e5ra tj\u00e4nster<\/strong><\/p>\n<p>(1) N\u00e4r du registrerar dig f\u00f6r att anv\u00e4nda v\u00e5ra tj\u00e4nster samtycker du till v\u00e5rt separata anv\u00e4ndaravtal. <a href=\"https:\/\/revierwelt.de\/index.php\/nutzungsvereinbarung\"><strong>Anv\u00e4ndaravtal<\/strong><\/a> vilket inkluderar ytterligare insamling, lagring och behandling av data. Respektive omfattning beror p\u00e5 de enskilda tj\u00e4nster som du anv\u00e4nder fr\u00e5n v\u00e5rt erbjudande. <\/p>\n<p>(2) N\u00e4r du registrerar dig f\u00f6r att anv\u00e4nda v\u00e5ra tj\u00e4nster samlas \u00e5tminstone f\u00f6ljande ytterligare uppgifter in, som du \u00e4r skyldig att tillhandah\u00e5lla sanningsenligt i enlighet med v\u00e5rt anv\u00e4ndaravtal:<\/p>\n<p>&#8211; Efternamn<br \/>\n&#8211; F\u00f6rnamn<br \/>\n&#8211; Titel<br \/>\n&#8211; F\u00f6delsedatum<br \/>\n&#8211; Anv\u00e4ndningsland<br \/>\n&#8211; Mobiltelefonnummer<br \/>\n&#8211; E-postadress<br \/>\n&#8211; Personligt l\u00f6senord<\/p>\n<p>(3) Vid tecknande av abonnemang f\u00f6r anv\u00e4ndning av avgiftsbelagda tj\u00e4nster eller k\u00f6p av produkter via v\u00e5r webbplats kan det \u00e4ven vara n\u00f6dv\u00e4ndigt att samla in uppgifter f\u00f6r l\u00f6pande fakturering. Dessa uppgifter samlas in och behandlas uteslutande av den betaltj\u00e4nstleverant\u00f6r som du har valt. Ingen kontoinformation lagras i v\u00e5ra system, utan endast anonymiserade transaktionsnycklar.  <\/p>\n<p>(4) Som en del av anv\u00e4ndningen av v\u00e5ra tj\u00e4nster kan du ocks\u00e5 sj\u00e4lvst\u00e4ndigt samla in ytterligare uppgifter inom v\u00e5ra tj\u00e4nster, lagra dem p\u00e5 v\u00e5ra tj\u00e4nster eller f\u00e5 dem \u00f6verf\u00f6rda till v\u00e5ra tj\u00e4nster; dessa uppgifter lagras och behandlas i enlighet med v\u00e5rt anv\u00e4ndaravtal.<\/p>\n<p>(5) Om detta inneb\u00e4r anv\u00e4ndning av en <strong>sluten anv\u00e4ndar<\/strong> grupp (t.ex. ett territorium), observera att varje sluten anv\u00e4ndargrupp har en \u00e4gare som kan l\u00e4gga till och ta bort ytterligare anv\u00e4ndare och hantera beh\u00f6righeterna f\u00f6r anv\u00e4ndarna i gruppen. Genom att l\u00e4gga till data i den slutna anv\u00e4ndargruppen ger du \u00e4garen av den slutna anv\u00e4ndargruppen obegr\u00e4nsade, o\u00e5terkalleliga och \u00f6verf\u00f6rbara anv\u00e4ndningsr\u00e4ttigheter till allt inneh\u00e5ll och alla data som lagts till. <\/p>\n<p>(6) N\u00e4r du anv\u00e4nder vissa av v\u00e5ra tj\u00e4nster \u00f6verf\u00f6rs ocks\u00e5 data automatiskt till v\u00e5ra tj\u00e4nster genom din anv\u00e4ndning eller de slutenheter som du ansluter till v\u00e5ra tj\u00e4nster. Du best\u00e4mmer omfattningen av de \u00f6verf\u00f6rda uppgifterna genom att v\u00e4lja och anv\u00e4nda slutenheter med aktiv \u00f6verf\u00f6ringsteknik (sp\u00e5rare, kameror, f\u00e4lldetektorer etc.). Alla uppgifter som \u00f6verf\u00f6rs till v\u00e5ra tj\u00e4nster registreras, lagras och behandlas av oss i enlighet med reglerna i anv\u00e4ndaravtalet.  <\/p>\n<p><strong>6 \u00a7 Inv\u00e4ndning mot eller \u00e5terkallelse av behandlingen av dina uppgifter<\/strong><\/p>\n<p>(1) Om du har gett ditt samtycke till behandlingen av dina uppgifter kan du n\u00e4r som helst \u00e5terkalla det. En s\u00e5dan \u00e5terkallelse p\u00e5verkar till\u00e5tligheten av behandlingen av dina personuppgifter efter att du har l\u00e4mnat dem till oss. <\/p>\n<p>(2) I den m\u00e5n vi baserar behandlingen av dina personuppgifter p\u00e5 en intresseavv\u00e4gning kan du inv\u00e4nda mot behandlingen. Detta g\u00e4ller i synnerhet om behandlingen inte \u00e4r n\u00f6dv\u00e4ndig f\u00f6r att fullg\u00f6ra ett avtal med dig, vilket vi beskriver i f\u00f6ljande beskrivning av funktionerna. N\u00e4r du g\u00f6r en s\u00e5dan inv\u00e4ndning ber vi dig att f\u00f6rklara sk\u00e4len till varf\u00f6r vi inte b\u00f6r behandla dina personuppgifter p\u00e5 det s\u00e4tt som vi har gjort. Om din inv\u00e4ndning \u00e4r ber\u00e4ttigad kommer vi att unders\u00f6ka situationen och antingen avbryta eller anpassa databehandlingen eller visa dig v\u00e5ra tvingande skyddsv\u00e4rda sk\u00e4l p\u00e5 grundval av vilka vi kommer att forts\u00e4tta behandlingen.   <\/p>\n<p>(3) Du kan naturligtvis n\u00e4r som helst inv\u00e4nda mot behandlingen av dina personuppgifter f\u00f6r reklam- och dataanalys\u00e4ndam\u00e5l. Du kan informera oss om din inv\u00e4ndning mot reklam genom att anv\u00e4nda f\u00f6ljande kontaktuppgifter: support@revierwelt.de. <\/p>\n<p><strong>7 \u00a7 Integrering av YouTube-videor<\/strong><\/p>\n<p>(1) Vi har integrerat YouTube-videor i v\u00e5rt online-erbjudande, som lagras p\u00e5 <a href=\"http:\/\/www.YouTube.com\">http:\/\/www.YouTube.com<\/a> och kan spelas upp direkt fr\u00e5n v\u00e5r webbplats. N\u00e4r dessa videor \u00f6ppnas \u00f6verf\u00f6rs data till YouTube. Vi har inget inflytande p\u00e5 denna data\u00f6verf\u00f6ring.  <\/p>\n<p>(2) Genom att bes\u00f6ka motsvarande webbplats och titta p\u00e5 videon f\u00e5r YouTube information om att du har bes\u00f6kt motsvarande undersida p\u00e5 v\u00e5r webbplats. Dessutom kommer de uppgifter som n\u00e4mns i \u00a7 4, punkt 1 i denna f\u00f6rklaring att \u00f6verf\u00f6ras. Detta sker oavsett om YouTube tillhandah\u00e5ller ett anv\u00e4ndarkonto f\u00f6r dig som du redan \u00e4r inloggad p\u00e5 eller om det inte finns n\u00e5got anv\u00e4ndarkonto. Om du \u00e4r inloggad p\u00e5 Google kommer dina uppgifter att tilldelas direkt till ditt Google-konto. Om du inte vill att dina uppgifter ska kopplas till din YouTube-profil m\u00e5ste du logga ut innan du aktiverar knappen f\u00f6r att visa respektive YouTube-video. YouTube lagrar dina uppgifter som anv\u00e4ndarprofiler och anv\u00e4nder dem f\u00f6r reklam, marknadsunders\u00f6kningar och\/eller f\u00f6r att anpassa sin webbplats.     <\/p>\n<p>En s\u00e5dan utv\u00e4rdering g\u00f6rs i synnerhet (\u00e4ven f\u00f6r anv\u00e4ndare som inte \u00e4r inloggade) f\u00f6r att tillhandah\u00e5lla anpassad reklam och f\u00f6r att informera andra anv\u00e4ndare av YouTubes sociala n\u00e4tverk om dina aktiviteter p\u00e5 v\u00e5r webbplats. Du har r\u00e4tt att inv\u00e4nda mot skapandet av dessa anv\u00e4ndarprofiler, varvid du m\u00e5ste kontakta YouTube f\u00f6r att ut\u00f6va denna r\u00e4ttighet. <\/p>\n<p>(3) Ytterligare information om syftet med och omfattningen av datainsamlingen och YouTubes behandling av dessa finns i YouTubes integritetspolicy. D\u00e4r hittar du ocks\u00e5 ytterligare information om dina r\u00e4ttigheter och inst\u00e4llningsalternativ f\u00f6r att skydda din integritet: https:\/\/www.google.de\/intl\/de\/policies\/privacy. Google behandlar ocks\u00e5 dina personuppgifter i USA och har anslutit sig till EU-US Privacy Shield, https:\/\/www.privacyshield.gov\/EU-US-Framework. <\/p>\n<p><strong>  8 \u00a7 Integration av Google Maps  <\/strong><\/p>\n<p>(1) Vi anv\u00e4nder tj\u00e4nsten Google Maps p\u00e5 v\u00e5ra webbplatser. P\u00e5 s\u00e5 s\u00e4tt kan vi visa dig interaktiva kartor direkt p\u00e5 webbplatsen och du kan anv\u00e4nda kartfunktionen p\u00e5 ett bekv\u00e4mt s\u00e4tt. <\/p>\n<p>(2) Genom att bes\u00f6ka motsvarande webbplats f\u00e5r Google information om att du har bes\u00f6kt motsvarande undersida p\u00e5 v\u00e5r webbplats. Dessutom kommer de uppgifter som n\u00e4mns i \u00a7 4, punkt 1 i denna f\u00f6rklaring att \u00f6verf\u00f6ras. Detta sker oavsett om Google tillhandah\u00e5ller ett anv\u00e4ndarkonto f\u00f6r dig via vilket du redan \u00e4r inloggad eller om det inte finns n\u00e5got anv\u00e4ndarkonto. Om du \u00e4r inloggad p\u00e5 Google kommer dina uppgifter att tilldelas direkt till ditt Google-konto. Om du inte vill att dina uppgifter ska kopplas till din Google-profil m\u00e5ste du logga ut fr\u00e5n Google innan du g\u00e5r in p\u00e5 de relevanta undersidorna i v\u00e5ra tj\u00e4nster. Google lagrar dina uppgifter som anv\u00e4ndningsprofiler och anv\u00e4nder dem f\u00f6r reklam, marknadsunders\u00f6kningar och\/eller f\u00f6r att anpassa sin webbplats.     <\/p>\n<p>En s\u00e5dan analys g\u00f6rs i synnerhet (\u00e4ven f\u00f6r anv\u00e4ndare som inte \u00e4r inloggade) f\u00f6r att tillhandah\u00e5lla anpassad reklam och f\u00f6r att informera andra anv\u00e4ndare av det sociala n\u00e4tverket om dina aktiviteter p\u00e5 v\u00e5r webbplats. Du har r\u00e4tt att inv\u00e4nda mot skapandet av dessa anv\u00e4ndarprofiler, varvid du m\u00e5ste kontakta Google f\u00f6r att ut\u00f6va denna r\u00e4ttighet. <\/p>\n<p>(3) Ytterligare information om syftet med och omfattningen av datainsamlingen och dess behandling av plug-in-leverant\u00f6ren finns i Googles sekretesspolicy. D\u00e4r hittar du ocks\u00e5 mer information om dina r\u00e4ttigheter i detta avseende och inst\u00e4llningsm\u00f6jligheter f\u00f6r att skydda din integritet: http:\/\/www.google.de\/intl\/de\/policies\/privacy. Google behandlar \u00e4ven dina personuppgifter i USA och har anslutit sig till EU-US Privacy Shield, https:\/\/www.privacyshield.gov\/EU-US-Framework. <\/p>\n<p><strong>  9 \u00a7 Integration av betaltj\u00e4nster<\/strong><\/p>\n<p>(1) Olika betaltj\u00e4nster och deras leverant\u00f6rer, f\u00f6r n\u00e4rvarande fr\u00e4mst PayPal och Stripe, anv\u00e4nds f\u00f6r att tillhandah\u00e5lla olika metoder f\u00f6r att betala f\u00f6r avgiftsbelagda tj\u00e4nster fr\u00e5n REVIERWELT. De specifika uppgifterna om de leverant\u00f6rer som anv\u00e4nds i varje enskilt fall och ditt val av dem tillhandah\u00e5lls n\u00e4r du v\u00e4ljer betalningsmetod.<\/p>\n<p>(2) F\u00f6r att genomf\u00f6ra betalningstransaktionen kr\u00e4vs ett direkt avtal mellan dig och den valda betaltj\u00e4nstleverant\u00f6ren, vilket \u00e4ven omfattar behandling av personuppgifter och faktureringsinformation.<\/p>\n<p>(3) F\u00f6r att m\u00f6jligg\u00f6ra betalningsprocessen samlas grundl\u00e4ggande data in av den valda leverant\u00f6ren p\u00e5 dess integrerade sidor som en del av betalningsprocessen; inga personuppgifter \u00f6verf\u00f6rs fr\u00e5n Revierwelt Media till leverant\u00f6ren av betaltj\u00e4nsten. Ingen kontoinformation lagras i v\u00e5ra system, endast anonymiserade transaktionsnycklar. <\/p>\n<p><strong>10 \u00a7 R\u00e4tt till information och avbest\u00e4llning<\/strong><\/p>\n<p>Du har r\u00e4tt till kostnadsfri information, r\u00e4ttelse, blockering och, om n\u00f6dv\u00e4ndigt, radering av dina lagrade personuppgifter n\u00e4r som helst. Skicka din beg\u00e4ran till oss via post eller e-post. Radering av personuppgifter sker &#8211; med f\u00f6rbeh\u00e5ll f\u00f6r avvikande r\u00e4ttsliga skyldigheter &#8211; om du \u00e5terkallar ditt samtycke till lagring, om det inte l\u00e4ngre \u00e4r n\u00f6dv\u00e4ndigt f\u00f6r att uppfylla syftet med lagringen eller om lagring \u00e4r otill\u00e5ten av andra r\u00e4ttsliga sk\u00e4l.  <\/p>\n<p><strong>  11 \u00a7 Centrum med ansvar f\u00f6r insamling av uppgifter<\/strong><\/p>\n<p>Revierwelt Media GmbH<br \/>\nPestalozzistrasse 41<br \/>\n35606 Solms<br \/>\nE-post: support@revierwelt.de<\/p>\n<p>Verkst\u00e4llande direkt\u00f6r: Alexander Vinnai<br \/>\nHandelsregister: Wetzlar Local Court HRB 6268<br \/>\nVAT ID no.: DE 281317112<\/p>\n<p style=\"margin: 0cm 0cm 16.9pt 0cm;\">Status maj 2019<\/p>\n<\/div><\/div><\/div><\/div><\/div><\/div><\/div><\/section>\n","protected":false},"excerpt":{"rendered":"Vi, Revierwelt Media GmbH, ser fram emot ditt bes\u00f6k p\u00e5 v\u00e5r webbplats med v\u00e5rt omfattande onlineutbud av jaktrelaterade tj\u00e4nster. Revierwelt Media \u00e4r en leverant\u00f6r av programvaran f\u00f6r jaktmarksf\u00f6rvaltning &#8222;REVIERWELT&#8220; med ett integrerat socialt n\u00e4tverk och m\u00f6jlighet till online-kommunikation. Utbudet av multimedietj\u00e4nster p\u00e5 REVIERWELT kompletteras av en webbutik f\u00f6r k\u00f6p av produkter som \u00e4r relaterade till...","protected":false},"author":4,"featured_media":0,"parent":0,"menu_order":0,"comment_status":"closed","ping_status":"closed","template":"","meta":{"footnotes":""},"class_list":["post-43531","page","type-page","status-publish","hentry"],"_links":{"self":[{"href":"https:\/\/www.revierwelt.de\/index.php\/wp-json\/wp\/v2\/pages\/43531","targetHints":{"allow":["GET"]}}],"collection":[{"href":"https:\/\/www.revierwelt.de\/index.php\/wp-json\/wp\/v2\/pages"}],"about":[{"href":"https:\/\/www.revierwelt.de\/index.php\/wp-json\/wp\/v2\/types\/page"}],"author":[{"embeddable":true,"href":"https:\/\/www.revierwelt.de\/index.php\/wp-json\/wp\/v2\/users\/4"}],"replies":[{"embeddable":true,"href":"https:\/\/www.revierwelt.de\/index.php\/wp-json\/wp\/v2\/comments?post=43531"}],"version-history":[{"count":0,"href":"https:\/\/www.revierwelt.de\/index.php\/wp-json\/wp\/v2\/pages\/43531\/revisions"}],"wp:attachment":[{"href":"https:\/\/www.revierwelt.de\/index.php\/wp-json\/wp\/v2\/media?parent=43531"}],"curies":[{"name":"wp","href":"https:\/\/api.w.org\/{rel}","templated":true}]}}