{"id":41709,"date":"2025-02-25T12:13:19","date_gmt":"2025-02-25T11:13:19","guid":{"rendered":"https:\/\/revierwelt.de\/index.php\/funksjoner\/"},"modified":"2025-02-25T12:13:43","modified_gmt":"2025-02-25T11:13:43","slug":"funksjoner","status":"publish","type":"page","link":"https:\/\/www.revierwelt.de\/index.php\/funksjoner\/?lang=no","title":{"rendered":"Funksjoner"},"content":{"rendered":"<section class=\"l-section wpb_row height_medium color_alternate\" id=\"start\"><div class=\"l-section-h i-cf\"><div class=\"g-cols vc_row via_flex valign_top type_default stacking_default\"><div class=\"vc_col-sm-12 wpb_column vc_column_container\"><div class=\"vc_column-inner\"><div class=\"wpb_wrapper\"><div class=\"wpb_text_column\"><div class=\"wpb_wrapper\"><h2 style=\"text-align: center;\"><strong>REVIERWELT.<\/strong>  Sammen. P\u00e5litelige. Trygge.  <\/h2>\n<p style=\"text-align: center;\">Revierwelt guider deg og dine medjegere gjennom jakthverdagen med over 120 ulike funksjoner.<br \/>Du bestemmer selv hvilken funksjon du vil bruke i jaktomr\u00e5det ditt.<\/p>\n<\/div><\/div><\/div><\/div><\/div><\/div><\/div><\/section><section class=\"l-section wpb_row height_auto width_full\"><div class=\"l-section-h i-cf\"><div class=\"g-cols vc_row via_flex valign_middle type_boxes stacking_default\"><div class=\"vc_col-sm-6 wpb_column vc_column_container has_bg_color us_animate_afl\"><div class=\"vc_column-inner us_custom_59aa6278\"><div class=\"wpb_wrapper\"><div class=\"w-separator size_custom\" style=\"height:10px\"><\/div><\/div><\/div><\/div><div class=\"vc_col-sm-6 wpb_column vc_column_container us_animate_afr\"><div class=\"vc_column-inner\"><div class=\"wpb_wrapper\"><div class=\"w-iconbox iconpos_left style_default color_primary align_left no_text icontype_img\"><div class=\"w-iconbox-icon\" style=\"font-size:40px;\"><img loading=\"lazy\" decoding=\"async\" width=\"512\" height=\"512\" src=\"https:\/\/www.revierwelt.de\/wp-content\/uploads\/2018\/01\/cropped-Logo_emblem_black.png\" class=\"attachment-full size-full\" alt=\"\" srcset=\"https:\/\/www.revierwelt.de\/wp-content\/uploads\/2018\/01\/cropped-Logo_emblem_black.png 512w, https:\/\/www.revierwelt.de\/wp-content\/uploads\/2018\/01\/cropped-Logo_emblem_black-150x150.png 150w, https:\/\/www.revierwelt.de\/wp-content\/uploads\/2018\/01\/cropped-Logo_emblem_black-300x300.png 300w, https:\/\/www.revierwelt.de\/wp-content\/uploads\/2018\/01\/cropped-Logo_emblem_black-180x180.png 180w, https:\/\/www.revierwelt.de\/wp-content\/uploads\/2018\/01\/cropped-Logo_emblem_black-350x350.png 350w, https:\/\/www.revierwelt.de\/wp-content\/uploads\/2018\/01\/cropped-Logo_emblem_black-270x270.png 270w, https:\/\/www.revierwelt.de\/wp-content\/uploads\/2018\/01\/cropped-Logo_emblem_black-192x192.png 192w, https:\/\/www.revierwelt.de\/wp-content\/uploads\/2018\/01\/cropped-Logo_emblem_black-32x32.png 32w\" sizes=\"auto, (max-width: 512px) 100vw, 512px\" \/><\/div><div class=\"w-iconbox-meta\"><h2 class=\"w-iconbox-title\">Distriktsledelse<\/h2><\/div><\/div><div class=\"w-separator size_small\"><\/div><div class=\"wpb_text_column\"><div class=\"wpb_wrapper\"><p>En sentral funksjon i jaktterrengadministrasjonen er for eksempel jaktterrengkartet, der du kan registrere alle objekter i jaktterrenget ditt. I tillegg til \u00e5teplasser, skjul og forf\u00f8lgelsesomr\u00e5der kan ogs\u00e5 revehi, saltplasser og andre objekter registreres og avbildes. <\/p>\n<p>En annen funksjon i jaktfeltadministrasjonen er rutelisten, som hjelper deg og alle jaktfeltets medlemmer med skyteplanlegging og viltforvaltning i jaktfeltets hverdag.<\/p>\n<p>Revierwelt hjelper deg og ditt omr\u00e5de ogs\u00e5 p\u00e5 f\u00f8lgende omr\u00e5der:<\/p>\n<ul>\n<li>Stemmegivning i distriktet via Revierwelt-appen eller nettversjonen<\/li>\n<li>Enkel dokumentasjon av alle aktiviteter p\u00e5 jaktomr\u00e5det<\/li>\n<li>Setereservasjon og reservasjon av forf\u00f8lgelsesomr\u00e5der i henhold til individuelt tilpassede rettigheter<\/li>\n<li>Planlegging og organisering av drivjakt med drivjaktverkt\u00f8yet<\/li>\n<li>Markedsf\u00f8ring av spillet ved hjelp av spillmerker, opprinnelsesbevis og opprinnelsesbevis<\/li>\n<li>H\u00e5ndtering av oppgaver og avtaler i distriktssamfunnet<\/li>\n<li>Jaktst\u00f8tte med funksjoner som v\u00e6rmelding og jaktm\u00e5nekalender<\/li>\n<li>Opprettelse av analyser ved slutten av et jakt\u00e5r eller n\u00e5r som helst i l\u00f8pet av et jakt\u00e5r med et tastetrykk<\/li>\n<\/ul>\n<\/div><\/div><\/div><\/div><\/div><\/div><\/div><\/section><section class=\"l-section wpb_row height_auto width_full\"><div class=\"l-section-h i-cf\"><div class=\"g-cols vc_row via_flex valign_middle type_boxes stacking_default\"><div class=\"vc_col-sm-6 wpb_column vc_column_container us_animate_afl\"><div class=\"vc_column-inner\"><div class=\"wpb_wrapper\"><div class=\"w-iconbox iconpos_left style_default color_primary align_left no_text icontype_img\"><div class=\"w-iconbox-icon\" style=\"font-size:40px;\"><img loading=\"lazy\" decoding=\"async\" width=\"512\" height=\"512\" src=\"https:\/\/www.revierwelt.de\/wp-content\/uploads\/2018\/01\/cropped-Logo_emblem_black.png\" class=\"attachment-full size-full\" alt=\"\" srcset=\"https:\/\/www.revierwelt.de\/wp-content\/uploads\/2018\/01\/cropped-Logo_emblem_black.png 512w, https:\/\/www.revierwelt.de\/wp-content\/uploads\/2018\/01\/cropped-Logo_emblem_black-150x150.png 150w, https:\/\/www.revierwelt.de\/wp-content\/uploads\/2018\/01\/cropped-Logo_emblem_black-300x300.png 300w, https:\/\/www.revierwelt.de\/wp-content\/uploads\/2018\/01\/cropped-Logo_emblem_black-180x180.png 180w, https:\/\/www.revierwelt.de\/wp-content\/uploads\/2018\/01\/cropped-Logo_emblem_black-350x350.png 350w, https:\/\/www.revierwelt.de\/wp-content\/uploads\/2018\/01\/cropped-Logo_emblem_black-270x270.png 270w, https:\/\/www.revierwelt.de\/wp-content\/uploads\/2018\/01\/cropped-Logo_emblem_black-192x192.png 192w, https:\/\/www.revierwelt.de\/wp-content\/uploads\/2018\/01\/cropped-Logo_emblem_black-32x32.png 32w\" sizes=\"auto, (max-width: 512px) 100vw, 512px\" \/><\/div><div class=\"w-iconbox-meta\"><h2 class=\"w-iconbox-title\">GPS-sporing av hund<\/h2><\/div><\/div><div class=\"w-separator size_small\"><\/div><div class=\"wpb_text_column\"><div class=\"wpb_wrapper\"><p>Vet hvor hunden er &#8211; og mye mer! Revierwelt st\u00f8tter deg i arbeidet med hunden din. Med GPS-hundesporing fra Revierwelt vet du alltid hvor hunden din er. I sanntid.   <\/p>\n<p>GPS-sporingen fungerer uavhengig av hvor du befinner deg: Du kan se hunden uansett hvor du er. Og det beste er at alle i reviret ditt kan gj\u00f8re det samme &#8211; hvis du \u00f8nsker det, selvf\u00f8lgelig. <\/p>\n<p>GPS-hundesporing tilbyr ogs\u00e5 praktiske funksjoner for hunde- og sporledere. Du kan for eksempel legge treningsspor og sjekke i sanntid om hunden fortsatt er p\u00e5 sporet og mye mer. <\/p>\n<p>Hundesporingsomr\u00e5der som er utstyrt med Revierwelt hundesporing kan spore et ubegrenset antall hunder. Gjensidig stedsuavhengige utgivelser st\u00f8tter hundef\u00f8rerne i s\u00f8ket etter hunden, slik at andre involverte personer ogs\u00e5 kan lokalisere den.<\/p>\n<\/div><\/div><div class=\"w-separator size_medium\"><\/div><\/div><\/div><\/div><div class=\"vc_col-sm-6 wpb_column vc_column_container has_bg_color us_animate_afr\"><div class=\"vc_column-inner us_custom_b225af89\"><div class=\"wpb_wrapper\"><div class=\"w-separator blank-column size_custom\" style=\"height:10px\"><\/div><\/div><\/div><\/div><\/div><\/div><\/section><section class=\"l-section wpb_row height_auto width_full\"><div class=\"l-section-h i-cf\"><div class=\"g-cols vc_row via_flex valign_middle type_boxes stacking_default\"><div class=\"vc_col-sm-6 wpb_column vc_column_container has_bg_color us_animate_afl\"><div class=\"vc_column-inner us_custom_b2c1285a\"><div class=\"wpb_wrapper\"><div class=\"w-separator blank-column size_custom\" style=\"height:10px\"><\/div><\/div><\/div><\/div><div class=\"vc_col-sm-6 wpb_column vc_column_container us_animate_afr\"><div class=\"vc_column-inner\"><div class=\"wpb_wrapper\"><div class=\"w-iconbox iconpos_left style_default color_primary align_left no_text icontype_img\"><div class=\"w-iconbox-icon\" style=\"font-size:40px;\"><img loading=\"lazy\" decoding=\"async\" width=\"512\" height=\"512\" src=\"https:\/\/www.revierwelt.de\/wp-content\/uploads\/2018\/01\/cropped-Logo_emblem_black.png\" class=\"attachment-full size-full\" alt=\"\" srcset=\"https:\/\/www.revierwelt.de\/wp-content\/uploads\/2018\/01\/cropped-Logo_emblem_black.png 512w, https:\/\/www.revierwelt.de\/wp-content\/uploads\/2018\/01\/cropped-Logo_emblem_black-150x150.png 150w, https:\/\/www.revierwelt.de\/wp-content\/uploads\/2018\/01\/cropped-Logo_emblem_black-300x300.png 300w, https:\/\/www.revierwelt.de\/wp-content\/uploads\/2018\/01\/cropped-Logo_emblem_black-180x180.png 180w, https:\/\/www.revierwelt.de\/wp-content\/uploads\/2018\/01\/cropped-Logo_emblem_black-350x350.png 350w, https:\/\/www.revierwelt.de\/wp-content\/uploads\/2018\/01\/cropped-Logo_emblem_black-270x270.png 270w, https:\/\/www.revierwelt.de\/wp-content\/uploads\/2018\/01\/cropped-Logo_emblem_black-192x192.png 192w, https:\/\/www.revierwelt.de\/wp-content\/uploads\/2018\/01\/cropped-Logo_emblem_black-32x32.png 32w\" sizes=\"auto, (max-width: 512px) 100vw, 512px\" \/><\/div><div class=\"w-iconbox-meta\"><h2 class=\"w-iconbox-title\">Overv\u00e5king av feller<\/h2><\/div><\/div><div class=\"w-separator size_small\"><\/div><div class=\"wpb_text_column\"><div class=\"wpb_wrapper\"><p>Med det unike felleoverv\u00e5kningssystemet i Revierwelt kan du arbeide p\u00e5 en absolutt dyrevennlig m\u00e5te. Revierwelt er kompatibelt med nesten alle fellevarslere som finnes p\u00e5 markedet, og fungerer helt p\u00e5litelig &#8211; for deg! Dette sparer deg for un\u00f8dvendige patruljer og dermed kostnader og tid.  <\/p>\n<p>Du kan konfigurere fellealarmen slik at den sender fangst- og statusmeldinger til Revierwelt. Fordelen: Revierwelt overtar den daglige overv\u00e5kingen av fellen og sender deg bare en melding hvis du trenger \u00e5 gripe inn. Dette betyr at selv profesjonelle brukere enkelt kan administrere over 100 feller parallelt.  <\/p>\n<p>Revierwelt s\u00f8rger for at alle tilkoblede enheter fungerer som de skal til enhver tid, og sender bare en melding til deg eller dine naboer dersom det oppst\u00e5r en feil. Slik unng\u00e5r du un\u00f8dvendige inspeksjonsturer og sparer dessuten reisekostnader.<\/p>\n<\/div><\/div><\/div><\/div><\/div><\/div><\/div><\/section><section class=\"l-section wpb_row height_auto width_full\"><div class=\"l-section-h i-cf\"><div class=\"g-cols vc_row via_flex valign_middle type_boxes stacking_default\"><div class=\"vc_col-sm-6 wpb_column vc_column_container us_animate_afl\"><div class=\"vc_column-inner\"><div class=\"wpb_wrapper\"><div class=\"w-iconbox iconpos_left style_default color_primary align_left no_text icontype_img\"><div class=\"w-iconbox-icon\" style=\"font-size:40px;\"><img loading=\"lazy\" decoding=\"async\" width=\"512\" height=\"512\" src=\"https:\/\/www.revierwelt.de\/wp-content\/uploads\/2018\/01\/cropped-Logo_emblem_black.png\" class=\"attachment-full size-full\" alt=\"\" srcset=\"https:\/\/www.revierwelt.de\/wp-content\/uploads\/2018\/01\/cropped-Logo_emblem_black.png 512w, https:\/\/www.revierwelt.de\/wp-content\/uploads\/2018\/01\/cropped-Logo_emblem_black-150x150.png 150w, https:\/\/www.revierwelt.de\/wp-content\/uploads\/2018\/01\/cropped-Logo_emblem_black-300x300.png 300w, https:\/\/www.revierwelt.de\/wp-content\/uploads\/2018\/01\/cropped-Logo_emblem_black-180x180.png 180w, https:\/\/www.revierwelt.de\/wp-content\/uploads\/2018\/01\/cropped-Logo_emblem_black-350x350.png 350w, https:\/\/www.revierwelt.de\/wp-content\/uploads\/2018\/01\/cropped-Logo_emblem_black-270x270.png 270w, https:\/\/www.revierwelt.de\/wp-content\/uploads\/2018\/01\/cropped-Logo_emblem_black-192x192.png 192w, https:\/\/www.revierwelt.de\/wp-content\/uploads\/2018\/01\/cropped-Logo_emblem_black-32x32.png 32w\" sizes=\"auto, (max-width: 512px) 100vw, 512px\" \/><\/div><div class=\"w-iconbox-meta\"><h2 class=\"w-iconbox-title\">Forvaltning av viltkameraer<\/h2><\/div><\/div><div class=\"w-separator size_small\"><\/div><div class=\"wpb_text_column\"><div class=\"wpb_wrapper\"><p>Med viltkameraoverv\u00e5king i Revierwelt kan du holde et \u00f8ye med jaktomr\u00e5det ditt til enhver tid. Bare koble det eksisterende viltkameraet ditt til Revierwelt. For komplisert? Vi gj\u00f8r det gjerne for deg.   <\/p>\n<p>Revierwelt bruker for \u00f8vrig kunstig intelligens til \u00e5 analysere viltarter automatisk, noe som gj\u00f8r den til den eneste programvaren i Europa som kan gj\u00f8re dette.<\/p>\n<p>Faktum er at Revierwelt er kompatibel med alle viltkameraer som finnes p\u00e5 markedet, og som kan sende bilder og\/eller videoer. Dette gir deg f\u00f8lgende fordeler: <\/p>\n<ul>\n<li>Administrasjon og samling av bilder p\u00e5 ett sted. Sammen med alle andre jegere i jaktomr\u00e5det. <\/li>\n<li>Katalogiser bilder direkte i appen eller p\u00e5 PC-en din, slik at du kan s\u00f8ke etter bilder senere. P\u00e5 denne m\u00e5ten kan du spore hvilken gjenstand som ble sett p\u00e5 hvilket sted. Revierwelt bruker AI &#8211; kunstig intelligens &#8211; til \u00e5 gjenkjenne objektene i bildene.  <\/li>\n<li>Bildene fra hvert viltkamera kan sendes til deg og medlemmene i nabolaget ditt p\u00e5 foresp\u00f8rsel. Du kan selv bestemme hvordan dette skal gj\u00f8res: direkte i Revierwelt-appen eller via e-post. <\/li>\n<li>Revierwelt tilbyr oversiktlig h\u00e5ndtering av bilder p\u00e5 ett sted. Sammen eller alene. Du bestemmer hvem som kan se hva i ditt territorium.  <\/li>\n<li>Automatisk analyse av bilder ved hjelp av kunstig intelligens. Du kan definere regler slik at du bare blir varslet n\u00e5r en viltart gjenkjennes. <\/li>\n<\/ul>\n<p>Med v\u00e5rt Revierwelt LTE Cam plus tilbyr vi deg for \u00f8yeblikket det eneste kameraet som er fullstendig kontrollert fra Revierwelt, og som til og med kan brukes som fellevarsler i samsvar med loven. To produkter i ett.<\/p>\n<\/div><\/div><\/div><\/div><\/div><div class=\"vc_col-sm-6 wpb_column vc_column_container has_bg_color us_animate_afr\"><div class=\"vc_column-inner us_custom_52df797f\"><div class=\"wpb_wrapper\"><div class=\"w-separator blank-column size_custom\" style=\"height:10px\"><\/div><\/div><\/div><\/div><\/div><\/div><\/section><section class=\"l-section wpb_row height_auto width_full\"><div class=\"l-section-h i-cf\"><div class=\"g-cols vc_row via_flex valign_middle type_boxes stacking_default\"><div class=\"vc_col-sm-6 wpb_column vc_column_container has_bg_color us_animate_afl\"><div class=\"vc_column-inner us_custom_2d17f59a\"><div class=\"wpb_wrapper\"><div class=\"w-separator size_custom\" style=\"height:10px\"><\/div><\/div><\/div><\/div><div class=\"vc_col-sm-6 wpb_column vc_column_container us_animate_afr\"><div class=\"vc_column-inner\"><div class=\"wpb_wrapper\"><div class=\"w-iconbox iconpos_left style_default color_primary align_left no_text icontype_img\"><div class=\"w-iconbox-icon\" style=\"font-size:40px;\"><img loading=\"lazy\" decoding=\"async\" width=\"512\" height=\"512\" src=\"https:\/\/www.revierwelt.de\/wp-content\/uploads\/2018\/01\/cropped-Logo_emblem_black.png\" class=\"attachment-full size-full\" alt=\"\" srcset=\"https:\/\/www.revierwelt.de\/wp-content\/uploads\/2018\/01\/cropped-Logo_emblem_black.png 512w, https:\/\/www.revierwelt.de\/wp-content\/uploads\/2018\/01\/cropped-Logo_emblem_black-150x150.png 150w, https:\/\/www.revierwelt.de\/wp-content\/uploads\/2018\/01\/cropped-Logo_emblem_black-300x300.png 300w, https:\/\/www.revierwelt.de\/wp-content\/uploads\/2018\/01\/cropped-Logo_emblem_black-180x180.png 180w, https:\/\/www.revierwelt.de\/wp-content\/uploads\/2018\/01\/cropped-Logo_emblem_black-350x350.png 350w, https:\/\/www.revierwelt.de\/wp-content\/uploads\/2018\/01\/cropped-Logo_emblem_black-270x270.png 270w, https:\/\/www.revierwelt.de\/wp-content\/uploads\/2018\/01\/cropped-Logo_emblem_black-192x192.png 192w, https:\/\/www.revierwelt.de\/wp-content\/uploads\/2018\/01\/cropped-Logo_emblem_black-32x32.png 32w\" sizes=\"auto, (max-width: 512px) 100vw, 512px\" \/><\/div><div class=\"w-iconbox-meta\"><h2 class=\"w-iconbox-title\">Drevet jakt<\/h2><\/div><\/div><div class=\"w-separator size_small\"><\/div><div class=\"wpb_text_column\"><div class=\"wpb_wrapper\"><p>Det f\u00f8rste trinnet i opprettelsen av en drevet jakt er alltid \u00e5 opprette en tekstmal via menypunktet <strong><a href=\"https:\/\/wiki.revierwelt.de\/index.php\/knowledge-base\/drueckjagd-textvorlagen\/\">Tekstmaler for drevet jakt<\/a><\/strong>. N\u00e5r du har opprettet tekstmalene for jegerne og driverne, g\u00e5r du til menypunktet <strong><a href=\"https:\/\/wiki.revierwelt.de\/index.php\/knowledge-base\/drueckjagdeinladungen\/\">invitasjoner til drevet jakt<\/a><\/strong>. Her inviterer du jegerne og driverne ved hjelp av de tidligere opprettede tekstmalene.  <\/p>\n<p>N\u00e5r du har laget tekstmalene og invitert jegere og etters\u00f8kere, er neste trinn \u00e5 <a href=\"https:\/\/wiki.revierwelt.de\/index.php\/knowledge-base\/drueckjagd\/\"><strong>planlegging av drivjakten<\/strong><\/a>. Her oppretter du alle dataene for den planlagte drivjakten: Jaktomr\u00e5de, m\u00f8teplass, standplass, standplasser, skytebaner, skuddplasser, skuddavvisere. Den n\u00e5v\u00e6rende planleggingsstatusen kan lagres, hentes opp og endres n\u00e5r som helst.  <\/p>\n<p>P\u00e5 dagen for drivjakten starter du jakten ved hjelp av funksjonen <strong><a href=\"https:\/\/wiki.revierwelt.de\/index.php\/knowledge-base\/drueckjagddurchfuehrung\/\">Gjennomf\u00f8ring av drivjakt<\/a><\/strong>. Her kan du sende alle deltakerne en tilgangslenke som de kan bruke til \u00e5 logge seg inn p\u00e5 sanntidsvisningen av drivjakten. Her vises ogs\u00e5 alle rapporterte posisjoner (p\u00e5kj\u00f8rsler, etters\u00f8kskrav, ulykker osv.).  <\/p>\n<p>Revierwelt Stand Map-appen er en del av Revierwelts planlegging av drivjakt. Med Stand Map-appen kan du hente frem all relevant informasjon om drivjakta og legge inn observasjoner, avfyrte skudd eller felt vilt under eller rett etter jakta. <\/p>\n<p>Revierwelt tilbyr ogs\u00e5 muligheten til \u00e5 lage dine egne viltbrikker for \u00e5 identifisere det felte dyret, og er kompatibel med mange produsenter p\u00e5 markedet. B\u00e5de NFC-brikker og QR-koder st\u00f8ttes. Revierwelt gir deg full kontroll over alle prosesser p\u00e5 ett sted. Alt er mulig, fra felling til markedsf\u00f8ring av viltet.<\/p>\n<\/div><\/div><\/div><\/div><\/div><\/div><\/div><\/section><section class=\"l-section wpb_row height_auto width_full\"><div class=\"l-section-h i-cf\"><div class=\"g-cols vc_row via_flex valign_middle type_boxes stacking_default\"><div class=\"vc_col-sm-6 wpb_column vc_column_container us_animate_afl\"><div class=\"vc_column-inner\"><div class=\"wpb_wrapper\"><div class=\"w-iconbox iconpos_left style_default color_primary align_left no_text icontype_img\"><div class=\"w-iconbox-icon\" style=\"font-size:40px;\"><img loading=\"lazy\" decoding=\"async\" width=\"512\" height=\"512\" src=\"https:\/\/www.revierwelt.de\/wp-content\/uploads\/2018\/01\/cropped-Logo_emblem_black.png\" class=\"attachment-full size-full\" alt=\"\" srcset=\"https:\/\/www.revierwelt.de\/wp-content\/uploads\/2018\/01\/cropped-Logo_emblem_black.png 512w, https:\/\/www.revierwelt.de\/wp-content\/uploads\/2018\/01\/cropped-Logo_emblem_black-150x150.png 150w, https:\/\/www.revierwelt.de\/wp-content\/uploads\/2018\/01\/cropped-Logo_emblem_black-300x300.png 300w, https:\/\/www.revierwelt.de\/wp-content\/uploads\/2018\/01\/cropped-Logo_emblem_black-180x180.png 180w, https:\/\/www.revierwelt.de\/wp-content\/uploads\/2018\/01\/cropped-Logo_emblem_black-350x350.png 350w, https:\/\/www.revierwelt.de\/wp-content\/uploads\/2018\/01\/cropped-Logo_emblem_black-270x270.png 270w, https:\/\/www.revierwelt.de\/wp-content\/uploads\/2018\/01\/cropped-Logo_emblem_black-192x192.png 192w, https:\/\/www.revierwelt.de\/wp-content\/uploads\/2018\/01\/cropped-Logo_emblem_black-32x32.png 32w\" sizes=\"auto, (max-width: 512px) 100vw, 512px\" \/><\/div><div class=\"w-iconbox-meta\"><h2 class=\"w-iconbox-title\">Revierwelt-fellesskapet<\/h2><\/div><\/div><div class=\"w-separator size_small\"><\/div><div class=\"wpb_text_column\"><div class=\"wpb_wrapper\"><p>I v\u00e5rt Revierwelt-fellesskap kan du bygge nettverk med jegere over hele verden. N\u00e5r du registrerer deg p\u00e5 Revierwelt, kan du sende og motta venneforesp\u00f8rsler til andre jegere. Over tid vil du bygge opp et nettverk av mennesker som deler din entusiasme for jakt.  <\/p>\n<p>I Revierwelt-fellesskapet kan du publisere din n\u00e5v\u00e6rende status, din posisjon og dine jaktopplevelser og dele dem med vennene dine. Dette fungerer b\u00e5de i tekst- og bildeform eller ved hjelp av videoer. <\/p>\n<p>Et stort antall jaktorganisasjoner, foreninger og bedrifter er allerede representert p\u00e5 Revierwelt. Abonner p\u00e5 siden deres og hold deg oppdatert. Du kan ogs\u00e5 opprette dine egne grupper om jaktrelaterte emner, invitere andre Revierwelt-brukere til \u00e5 bli med eller bli med i andre grupper og utveksle ideer der.<\/p>\n<\/div><\/div><\/div><\/div><\/div><div class=\"vc_col-sm-6 wpb_column vc_column_container has_bg_color us_animate_afr\"><div class=\"vc_column-inner us_custom_9b39d8ad\"><div class=\"wpb_wrapper\"><div class=\"w-separator blank-column size_custom\" style=\"height:10px\"><\/div><\/div><\/div><\/div><\/div><\/div><\/section><section class=\"l-section wpb_row height_auto width_full\"><div class=\"l-section-h i-cf\"><div class=\"g-cols vc_row via_flex valign_middle type_boxes stacking_default\"><div class=\"vc_col-sm-6 wpb_column vc_column_container has_bg_color us_animate_afl\"><div class=\"vc_column-inner us_custom_aca726bf\"><div class=\"wpb_wrapper\"><div class=\"w-separator size_custom\" style=\"height:10px\"><\/div><\/div><\/div><\/div><div class=\"vc_col-sm-6 wpb_column vc_column_container us_animate_afr\"><div class=\"vc_column-inner\"><div class=\"wpb_wrapper\"><div class=\"w-iconbox iconpos_left style_default color_primary align_left no_text icontype_img\"><div class=\"w-iconbox-icon\" style=\"font-size:40px;\"><img loading=\"lazy\" decoding=\"async\" width=\"512\" height=\"512\" src=\"https:\/\/www.revierwelt.de\/wp-content\/uploads\/2018\/01\/cropped-Logo_emblem_black.png\" class=\"attachment-full size-full\" alt=\"\" srcset=\"https:\/\/www.revierwelt.de\/wp-content\/uploads\/2018\/01\/cropped-Logo_emblem_black.png 512w, https:\/\/www.revierwelt.de\/wp-content\/uploads\/2018\/01\/cropped-Logo_emblem_black-150x150.png 150w, https:\/\/www.revierwelt.de\/wp-content\/uploads\/2018\/01\/cropped-Logo_emblem_black-300x300.png 300w, https:\/\/www.revierwelt.de\/wp-content\/uploads\/2018\/01\/cropped-Logo_emblem_black-180x180.png 180w, https:\/\/www.revierwelt.de\/wp-content\/uploads\/2018\/01\/cropped-Logo_emblem_black-350x350.png 350w, https:\/\/www.revierwelt.de\/wp-content\/uploads\/2018\/01\/cropped-Logo_emblem_black-270x270.png 270w, https:\/\/www.revierwelt.de\/wp-content\/uploads\/2018\/01\/cropped-Logo_emblem_black-192x192.png 192w, https:\/\/www.revierwelt.de\/wp-content\/uploads\/2018\/01\/cropped-Logo_emblem_black-32x32.png 32w\" sizes=\"auto, (max-width: 512px) 100vw, 512px\" \/><\/div><div class=\"w-iconbox-meta\"><h2 class=\"w-iconbox-title\">Markedsplass og private oppf\u00f8ringer<\/h2><\/div><\/div><div class=\"w-separator size_small\"><\/div><div class=\"wpb_text_column\"><div class=\"wpb_wrapper\"><p>Du kan kj\u00f8pe alle Revierwelt-produkter &#8211; GPS-trackere, viltkameraer, fellevarslere og alt tilbeh\u00f8r &#8211; p\u00e5 v\u00e5r Revierwelt-markedsplass. Mange produsenter og forhandlere fra jaktsektoren er ogs\u00e5 representert her, slik at du ogs\u00e5 kan kj\u00f8pe alle produktene du trenger til jakt p\u00e5 v\u00e5r markedsplass. <\/p>\n<p>Og det er ikke alt &#8211; du kan ogs\u00e5 tilby dine egne gjenstander via Revierwelt-appen som en privat annonse p\u00e5 markedsplassen v\u00e5r eller kj\u00f8pe gjenstander fra andre Revierwelt-brukere. Revierwelt-annonser er rubrikkannonser for jakt &#8211; din online markedsplass for kj\u00f8p, salg, bytte og mer om jakt. <\/p>\n<p>Tilbudet v\u00e5rt avrundes av v\u00e5rt viltkj\u00f8ttmarked, som gir deg muligheten til \u00e5 tilby viltkj\u00f8ttet ditt direkte fra Revierwelt kj\u00f8tth\u00e5ndteringssystem til en lang rekke kj\u00f8pere via Internett med et museklikk. Du kan selvf\u00f8lgelig ogs\u00e5 tilby det til en liten gruppe kj\u00f8pere &#8211; alt etter dine behov.<\/p>\n<\/div><\/div><\/div><\/div><\/div><\/div><\/div><\/section><section class=\"l-section wpb_row height_medium color_primary\"><div class=\"l-section-h i-cf\"><div class=\"g-cols vc_row via_flex valign_top type_default stacking_default\"><div class=\"vc_col-sm-12 wpb_column vc_column_container us_animate_afb\"><div class=\"vc_column-inner\"><div class=\"wpb_wrapper\"><div class=\"w-actionbox color_primary controls_right\"><div class=\"w-actionbox-text\"><h2 class=\"w-actionbox-title\">Overbevis deg selv om Revierwelt!<\/h2><\/div><div class=\"w-actionbox-controls\"><a class=\"w-btn us-btn-style_6 icon_atleft\" href=\"https:\/\/portal.revierwelt.de\/\" style=\"font-size:19px;\"><i class=\"fas fa-user-plus\"><\/i><span class=\"w-btn-label\">Registrer deg n\u00e5!<\/span><\/a><\/div><\/div><\/div><\/div><\/div><\/div><\/div><\/section>\n","protected":false},"excerpt":{"rendered":"REVIERWELT. Sammen. P\u00e5litelige. Trygge. Revierwelt guider deg og dine medjegere gjennom jakthverdagen med over 120 ulike funksjoner.Du bestemmer selv hvilken funksjon du vil bruke i jaktomr\u00e5det ditt. DistriktsledelseEn sentral funksjon i jaktterrengadministrasjonen er for eksempel jaktterrengkartet, der du kan registrere alle objekter i jaktterrenget ditt. I tillegg til \u00e5teplasser, skjul og forf\u00f8lgelsesomr\u00e5der kan ogs\u00e5 revehi,...","protected":false},"author":4,"featured_media":0,"parent":0,"menu_order":0,"comment_status":"closed","ping_status":"closed","template":"","meta":{"footnotes":""},"class_list":["post-41709","page","type-page","status-publish","hentry"],"_links":{"self":[{"href":"https:\/\/www.revierwelt.de\/index.php\/wp-json\/wp\/v2\/pages\/41709","targetHints":{"allow":["GET"]}}],"collection":[{"href":"https:\/\/www.revierwelt.de\/index.php\/wp-json\/wp\/v2\/pages"}],"about":[{"href":"https:\/\/www.revierwelt.de\/index.php\/wp-json\/wp\/v2\/types\/page"}],"author":[{"embeddable":true,"href":"https:\/\/www.revierwelt.de\/index.php\/wp-json\/wp\/v2\/users\/4"}],"replies":[{"embeddable":true,"href":"https:\/\/www.revierwelt.de\/index.php\/wp-json\/wp\/v2\/comments?post=41709"}],"version-history":[{"count":0,"href":"https:\/\/www.revierwelt.de\/index.php\/wp-json\/wp\/v2\/pages\/41709\/revisions"}],"wp:attachment":[{"href":"https:\/\/www.revierwelt.de\/index.php\/wp-json\/wp\/v2\/media?parent=41709"}],"curies":[{"name":"wp","href":"https:\/\/api.w.org\/{rel}","templated":true}]}}