{"id":40166,"date":"2025-02-25T11:53:44","date_gmt":"2025-02-25T10:53:44","guid":{"rendered":"https:\/\/revierwelt.de\/index.php\/mi-az-a-revierwelt\/"},"modified":"2025-02-25T11:53:54","modified_gmt":"2025-02-25T10:53:54","slug":"mi-az-a-revierwelt","status":"publish","type":"page","link":"https:\/\/www.revierwelt.de\/index.php\/mi-az-a-revierwelt\/?lang=hu","title":{"rendered":"Mi az a Revierwelt?"},"content":{"rendered":"<section class=\"l-section wpb_row height_medium color_alternate\" id=\"ind\u00edtsd el a\"><div class=\"l-section-h i-cf\"><div class=\"g-cols vc_row via_flex valign_top type_default stacking_default\"><div class=\"vc_col-sm-12 wpb_column vc_column_container\"><div class=\"vc_column-inner\"><div class=\"wpb_wrapper\"><div class=\"wpb_text_column\"><div class=\"wpb_wrapper\"><h2 style=\"text-align: center;\"><strong>REVIERWELT.<\/strong><\/h2>\n<\/div><\/div><\/div><\/div><\/div><\/div><\/div><\/section><section class=\"l-section wpb_row height_auto width_full\"><div class=\"l-section-h i-cf\"><div class=\"g-cols vc_row via_flex valign_middle type_boxes stacking_default\"><div class=\"vc_col-sm-6 wpb_column vc_column_container us_animate_afl\"><div class=\"vc_column-inner\"><div class=\"wpb_wrapper\"><div class=\"wpb_text_column\"><div class=\"wpb_wrapper\"><h5>Mi az a Revierwelt?<\/h5>\n<p>Mintegy 100 000 el\u0151fizet\u0151j\u00e9vel a Revierwelt a mindennapi vad\u00e1szat \u00e9s a vad\u00e1szter\u00fcletek sz\u00e1m\u00e1ra a legnagyobb szoftvermegold\u00e1sok szolg\u00e1ltat\u00f3ja, \u00e9s val\u00f3sz\u00edn\u0171leg az egyetlen olyan platform a vil\u00e1gon, amely egy programban egyes\u00edti a <b>vadgazd\u00e1lkod\u00e1si <\/b>\u00e9s a <b>k\u00f6z\u00f6ss\u00e9gi m\u00e9diafunkci\u00f3kat <\/b>. A Revierwelt egyar\u00e1nt alkalmas kis \u00e9s nagy vad\u00e1szter\u00fcletek, valamint kereskedelmi felhaszn\u00e1l\u00f3k, p\u00e9ld\u00e1ul \u00f6nkorm\u00e1nyzatok \u00e9s egyes\u00fcletek sz\u00e1m\u00e1ra. A Revierwelt t\u00f6bb mint 120 funkci\u00f3j\u00e1val mindent k\u00edn\u00e1l, amire a mindennapi vad\u00e1szathoz sz\u00fcks\u00e9ge van, bele\u00e9rtve az olyan komplex feladatokhoz sz\u00fcks\u00e9ges speci\u00e1lis megold\u00e1sokat is, mint a GPS-nyomk\u00f6vet\u00e9s, a hajtott vad\u00e1szat tervez\u00e9se, a csapdafigyel\u00e9s, a vadkamera-kapcsolat \u00e9s a messenger. A k\u00fcl\u00f6nb\u00f6z\u0151 alkalmaz\u00e1sok kombin\u00e1ci\u00f3ja egy programban kiemelked\u0151. A vad\u00e1szat koordin\u00e1l\u00e1s\u00e1t\u00f3l az IOT-eszk\u00f6z\u00f6k csatlakoztat\u00e1s\u00e1n \u00e1t az \u00f6sszes v\u00e9gberendez\u00e9s r\u00e9szletes elemz\u00e9s\u00e9ig a Revierwelt mindent egy helyen k\u00edn\u00e1l.    <\/p>\n<h5>Mennyibe ker\u00fcl a Revierwelt?<\/h5>\n<p>A Revierwelt-fi\u00f3kod ingyenes. Ha \u00d6n egy megl\u00e9v\u0151 vad\u00e1szter\u00fclet tagja, akkor ingyenesen haszn\u00e1lhatja a Revierwelt el\u0151nyeit, \u00e9s vil\u00e1gszerte kapcsolatba l\u00e9phet vad\u00e1szokkal \u00e9s vad\u00e1szbar\u00e1tokkal. <\/p>\n<p>K\u00fcl\u00f6nb\u00f6z\u0151 <a href=\"https:\/\/revierwelt.de\/index.php\/preise-2023\/\"><strong>csomagokat<\/strong><\/a> el\u0151fizet\u00e9ses rendszerben, az \u00d6n szem\u00e9lyes ig\u00e9nyeihez igaz\u00edtva:<\/p>\n<ul>\n<li>a <strong>standard csomag<\/strong> kis vad\u00e1szter\u00fcletekhez, ahol csak n\u00e9h\u00e1ny vad\u00e1szt\u00e1rs van, megfigyel\u0151 eszk\u00f6z\u00f6k \u00e9s GPS-k\u00f6vet\u00e9s csatlakoztat\u00e1s\u00e1val,<\/li>\n<li>a <strong>Plus csomag,<\/strong> amely GPS \u00e9s fel\u00fcgyeleti funkci\u00f3kat is tartalmaz, \u00e9s nem hagy k\u00edv\u00e1nnival\u00f3t maga ut\u00e1n,<\/li>\n<li>a <strong>professzion\u00e1lis csomag<\/strong> nagy vad\u00e1szter\u00fcletek, vad\u00e1szk\u00f6z\u00f6ss\u00e9gek, erd\u0151k \u00e9s \u00f6nkorm\u00e1nyzatok sz\u00e1m\u00e1ra.<\/li>\n<\/ul>\n<\/div><\/div><\/div><\/div><\/div><div class=\"vc_col-sm-6 wpb_column vc_column_container has_bg_color us_animate_afr\"><div class=\"vc_column-inner us_custom_b53f5a27\"><div class=\"wpb_wrapper\"><div class=\"w-separator size_custom\" style=\"height:200px\"><\/div><\/div><\/div><\/div><\/div><\/div><\/section><section class=\"l-section wpb_row height_auto width_full\"><div class=\"l-section-h i-cf\"><div class=\"g-cols vc_row via_flex valign_middle type_boxes stacking_default\"><div class=\"vc_col-sm-6 vc_hidden-xs wpb_column vc_column_container has_bg_color us_animate_afl\"><div class=\"vc_column-inner us_custom_af2dc2ee\"><div class=\"wpb_wrapper\"><\/div><\/div><\/div><div class=\"vc_col-sm-6 wpb_column vc_column_container us_animate_afr\"><div class=\"vc_column-inner\"><div class=\"wpb_wrapper\"><div class=\"wpb_text_column\"><div class=\"wpb_wrapper\"><h5>Hogyan \u00e9s hol haszn\u00e1lhatom a Revierweltet?<\/h5>\n<p>A Revierwelt egy felh\u0151alap\u00fa szolg\u00e1ltat\u00e1s, amelyhez b\u00e1rmilyen webb\u00f6ng\u00e9sz\u0151n kereszt\u00fcl hozz\u00e1f\u00e9rhet a revierwelt.de c\u00edmen. Ez\u00e9rt nincs sz\u00fcks\u00e9g szoftver telep\u00edt\u00e9s\u00e9re a sz\u00e1m\u00edt\u00f3g\u00e9p\u00e9re, t\u00e1blag\u00e9p\u00e9re vagy okostelefonj\u00e1ra.  A Revierweltet okostelefonj\u00e1n vagy t\u00e1blag\u00e9p\u00e9n is el\u00e9rheti b\u00e1rmelyik webb\u00f6ng\u00e9sz\u0151n kereszt\u00fcl. A Revierwelt haszn\u00e1lata az <a href=\"https:\/\/revierwelt.de\/index.php\/apps-und-software\/\" target=\"_blank\" rel=\"noopener\">alkalmaz\u00e1sainkon<\/a> kereszt\u00fcl azonban sokkal k\u00e9nyelmesebb. <\/p>\n<p>Az \u00faj Revierwelt az \u00e1tfog\u00f3 digit\u00e1lis vadgazd\u00e1lkod\u00e1s alapja, webes alkalmaz\u00e1sk\u00e9nt \u00e9s mobilalkalmaz\u00e1sk\u00e9nt online \u00e9s offline haszn\u00e1latra egyar\u00e1nt. Sz\u00e1mtalan fejleszt\u00e9s val\u00f3sult meg a vad\u00e1szati m\u0171veletek mobil haszn\u00e1lat\u00e1hoz. A Revierwelt h\u0171s\u00e9ges felhaszn\u00e1l\u00f3inak sz\u00e1mos, az alkalmaz\u00e1s jav\u00edt\u00e1s\u00e1ra vonatkoz\u00f3 javaslat\u00e1t be\u00e9p\u00edtett\u00fck a fejleszt\u00e9sbe.  <\/p>\n<p>A t\u00f6bb mint 120 funkci\u00f3t tartalmaz\u00f3 Revierwelt alkalmaz\u00e1son k\u00edv\u00fcl vannak speci\u00e1lis alkalmaz\u00e1sok a kutyak\u00f6vet\u00e9shez, a vadkamer\u00e1khoz, a csapd\u00e1k megfigyel\u00e9s\u00e9hez \u00e9s a hajt\u00f3vad\u00e1szathoz.<\/p>\n<p>\u00c9s ami a legjobb: az \u00f6sszes Revierwelt alkalmaz\u00e1s ingyenesen el\u00e9rhet\u0151 a <a href=\"https:\/\/play.google.com\/store\/apps\/developer?id=Revierwelt+Media+GmbH\" target=\"_blank\" rel=\"noopener\">Google Play Store<\/a> \u00e9s az <a href=\"https:\/\/apps.apple.com\/de\/developer\/revierwelt-media-gmbh\/id464658720\" target=\"_blank\" rel=\"noopener\">Apple Store \u00e1ruh\u00e1zban<\/a>.<\/p>\n<\/div><\/div><\/div><\/div><\/div><\/div><\/div><\/section><section class=\"l-section wpb_row height_auto width_full\"><div class=\"l-section-h i-cf\"><div class=\"g-cols vc_row via_flex valign_middle type_boxes stacking_default\"><div class=\"vc_col-sm-6 wpb_column vc_column_container us_animate_afl\"><div class=\"vc_column-inner\"><div class=\"wpb_wrapper\"><div class=\"wpb_text_column\"><div class=\"wpb_wrapper\"><h5>Hogyan m\u0171k\u00f6dik a ter\u00fcletkezel\u00e9s?<\/h5>\n<p>Amint l\u00e9trehozott egy felhaszn\u00e1l\u00f3i fi\u00f3kot a Revierweltn\u00e9l, l\u00e9trehozhat egy vagy t\u00f6bb vad\u00e1szter\u00fcletet, vagy csatlakozhat egy vagy t\u00f6bb megl\u00e9v\u0151 vad\u00e1szter\u00fclethez.<\/p>\n<p>A vad\u00e1szter\u00fcleti t\u00e9rk\u00e9p a vad\u00e1szter\u00fclet hat\u00e1raival \u00e9s a vad\u00e1szter\u00fcleti l\u00e9tes\u00edtm\u00e9nyekkel (magaslesek, etet\u0151\u00e1llom\u00e1sok, etet\u00e9si pontok, forr\u00f3 pontok, POI-k, valamint csapda\u00e9rz\u00e9kel\u0151k \u00e9s vadkamer\u00e1k) k\u00e9pezik a program sz\u00edv\u00e9t. Ugyanilyen fontos term\u00e9szetesen az \u00fatvonaljegyz\u00e9k a h\u00fasgazd\u00e1lkod\u00e1ssal, a p\u00e9nzt\u00e1rk\u00f6nyvvel \u00e9s a vadpiacokkal val\u00f3 kapcsolatokkal. <\/p>\n<h5>Hogyan hozhatok l\u00e9tre egy ker\u00fcleti t\u00e9rk\u00e9pet?<\/h5>\n<p>A ker\u00fcleti t\u00e9rk\u00e9pet k\u00f6zvetlen\u00fcl a ker\u00fcleti vil\u00e1gban rajzolhatja meg, \u00e9s k\u00e9s\u0151bb szerkesztheti. Term\u00e9szetesen sz\u00e1mos adatform\u00e1tumot, p\u00e9ld\u00e1ul .kml form\u00e1tumot k\u00f6zvetlen\u00fcl is import\u00e1lhat. M\u00e1s form\u00e1tumok is integr\u00e1lhat\u00f3k &#8211; egyszer\u0171en l\u00e9pjen kapcsolatba vel\u00fcnk.<\/p>\n<\/div><\/div><\/div><\/div><\/div><div class=\"vc_col-sm-6 wpb_column vc_column_container has_bg_color us_animate_afr\"><div class=\"vc_column-inner us_custom_6bab4c50\"><div class=\"wpb_wrapper\"><div class=\"w-separator size_custom\" style=\"height:200px\"><\/div><\/div><\/div><\/div><\/div><\/div><\/section><section class=\"l-section wpb_row height_auto width_full\"><div class=\"l-section-h i-cf\"><div class=\"g-cols vc_row via_flex valign_middle type_boxes stacking_default\"><div class=\"vc_col-sm-6 vc_hidden-xs wpb_column vc_column_container has_bg_color us_animate_afl\"><div class=\"vc_column-inner us_custom_06e4b8c2\"><div class=\"wpb_wrapper\"><div class=\"w-separator size_custom\" style=\"height:200px\"><\/div><\/div><\/div><\/div><div class=\"vc_col-sm-6 wpb_column vc_column_container us_animate_afr\"><div class=\"vc_column-inner\"><div class=\"wpb_wrapper\"><div class=\"wpb_text_column\"><div class=\"wpb_wrapper\"><h5>Hogyan fogadhatok be m\u00e1s vad\u00e1szokat a vad\u00e1szter\u00fcletemre?<\/h5>\n<p>Minden olyan vad\u00e1szt felvehet a vad\u00e1szter\u00fclet\u00e9re, aki a Revierweltn\u00e9l regisztr\u00e1lt. Minden vad\u00e1szt\u00e1rsadnak k\u00fcl\u00f6nb\u00f6z\u0151 jogokat adhatsz, bele\u00e9rtve a moder\u00e1tori jogokat is. M\u00e1s vad\u00e1szoknak ideiglenes vend\u00e9gjogot is adhat &#8211; ide\u00e1lis p\u00e9ld\u00e1ul egy hajt\u00f3vad\u00e1szathoz.  <\/p>\n<p>A Revierwelt-en bel\u00fcli \u00e9s k\u00edv\u00fcli vad\u00e1szokkal a kiterjedt csoportfunkci\u00f3nkon \u00e9s a Messengeren kereszt\u00fcl l\u00e9phet kapcsolatba &#8211; a Revierwelt k\u00f6z\u00f6ss\u00e9g a WhatsApp \u00e9s a Facebook funkci\u00f3it egyes\u00edti egy helyen.<\/p>\n<\/div><\/div><\/div><\/div><\/div><\/div><\/div><\/section><section class=\"l-section wpb_row height_medium color_alternate\"><div class=\"l-section-h i-cf\"><div class=\"g-cols vc_row via_flex valign_top type_default stacking_default\"><div class=\"vc_col-sm-12 wpb_column vc_column_container\"><div class=\"vc_column-inner\"><div class=\"wpb_wrapper\"><div class=\"wpb_text_column\"><div class=\"wpb_wrapper\"><h2 style=\"text-align: center;\"><strong>REVIERWELT.<\/strong>  Fedezze fel.<\/h2>\n<\/div><\/div><\/div><\/div><\/div><\/div><\/div><\/section><section class=\"l-section wpb_row height_medium with_img parallax_ver\"><div class=\"l-section-img\" role=\"img\" data-img-width=\"1024\" data-img-height=\"683\" style=\"background-image: url(https:\/\/www.revierwelt.de\/wp-content\/uploads\/2018\/01\/170301-0001-2.jpg);\"><\/div><div class=\"l-section-overlay\" style=\"background:rgba(72,108,75,0.5)\"><\/div><div class=\"l-section-h i-cf\"><div class=\"g-cols vc_row via_flex valign_top type_default stacking_default\"><div class=\"vc_col-sm-12 wpb_column vc_column_container\"><div class=\"vc_column-inner\"><div class=\"wpb_wrapper\"><div class=\"w-grid type_grid layout_25853 cols_5 ratio_1x1\" id=\"us_grid_1\" style=\"--columns:5;--gap:2px;--item-ratio:1;\" data-filterable=\"true\"><style>@media (max-width:1380px){#us_grid_1{--columns:3!important}}@media (max-width:1024px){#us_grid_1{--columns:2!important}}@media (max-width:600px){#us_grid_1{--columns:1!important}}.layout_25853 .w-grid-item-h{}.layout_25853 .usg_post_custom_field_1{transition-duration:0.4s;transform-origin:50% 50%;transform:scale(0) translate(0,0);opacity:0}.layout_25853 .w-grid-item-h:hover .usg_post_custom_field_1{transform:scale(1.5) translate(0,0);opacity:1}.layout_25853 .usg_vwrapper_1{transition-duration:0.4s;transform-origin:50% 50%;transform:scale(0) translate(0,0);opacity:0}.layout_25853 .w-grid-item-h:hover .usg_vwrapper_1{transform:scale(1) translate(0,0);opacity:1}.layout_25853 .usg_post_image_1{position:absolute!important;top:0!important;right:0!important;bottom:0!important;left:0!important}.layout_25853 .usg_post_custom_field_1{position:absolute!important;top:0!important;right:0!important;bottom:0!important;left:0!important;border-radius:50!important;padding:2rem!important;background:inherit!important}.layout_25853 .usg_vwrapper_1{position:absolute!important;top:0!important;right:0!important;bottom:0!important;left:0!important;padding:2rem!important}.layout_25853 .usg_post_title_1{color:inherit!important}<\/style><div class=\"w-grid-list\">\t<article class=\"w-grid-item size_1x1 post-28473 us_portfolio type-us_portfolio status-publish has-post-thumbnail hentry us_portfolio_category-revierwelt\" data-id=\"28473\">\r\n\t\t<div class=\"w-grid-item-h\" style=\"background:#f2f2f2;color:#486c4b;\">\r\n\t\t\t\t\t\t\t<a href=\"https:\/\/www.revierwelt.de\/index.php\/portfolio\/fleischverwaltung\/\" class=\"w-grid-item-anchor\" aria-label=\"Fleischverwaltung\"><\/a>\r\n\t\t\t\t\t\t<div class=\"w-post-elm post_image usg_post_image_1 stretched\"><img loading=\"lazy\" decoding=\"async\" width=\"573\" height=\"573\" src=\"https:\/\/www.revierwelt.de\/wp-content\/uploads\/2022\/03\/frisches_wild_qua.png\" class=\"attachment-us_600_0 size-us_600_0 wp-post-image\" alt=\"\" \/><\/div><div class=\"w-post-elm post_custom_field usg_post_custom_field_1 type_text  color_link_inherit has_border_radius\"><span class=\"w-post-elm-value\"><\/span><\/div><div class=\"w-vwrapper usg_vwrapper_1 align_center valign_middle\"><h3 class=\"w-post-elm post_title usg_post_title_1 has_text_color align_center entry-title color_link_inherit\">Fleischverwaltung<\/h3><\/div>\t\t<\/div>\r\n\t\t\t<\/article>\r\n\t<article class=\"w-grid-item size_1x1 post-26717 us_portfolio type-us_portfolio status-publish has-post-thumbnail hentry us_portfolio_category-revierwelt\" data-id=\"26717\">\r\n\t\t<div class=\"w-grid-item-h\" style=\"background:#f2f2f2;color:#486c4b;\">\r\n\t\t\t\t\t\t\t<a href=\"https:\/\/www.revierwelt.de\/index.php\/portfolio\/drueckjagd\/\" class=\"w-grid-item-anchor\" aria-label=\"Dr\u00fcckjagd\"><\/a>\r\n\t\t\t\t\t\t<div class=\"w-post-elm post_image usg_post_image_1 stretched\"><img loading=\"lazy\" decoding=\"async\" width=\"600\" height=\"600\" src=\"https:\/\/www.revierwelt.de\/wp-content\/uploads\/2020\/05\/DRU\u0308CKJAGD_qua.jpg\" class=\"attachment-us_600_0 size-us_600_0 wp-post-image\" alt=\"\" \/><\/div><div class=\"w-post-elm post_custom_field usg_post_custom_field_1 type_text  color_link_inherit has_border_radius\"><span class=\"w-post-elm-value\"><\/span><\/div><div class=\"w-vwrapper usg_vwrapper_1 align_center valign_middle\"><h3 class=\"w-post-elm post_title usg_post_title_1 has_text_color align_center entry-title color_link_inherit\">Dr\u00fcckjagd<\/h3><\/div>\t\t<\/div>\r\n\t\t\t<\/article>\r\n\t<article class=\"w-grid-item size_1x1 post-23142 us_portfolio type-us_portfolio status-publish has-post-thumbnail hentry us_portfolio_category-revierwelt\" data-id=\"23142\">\r\n\t\t<div class=\"w-grid-item-h\" style=\"background:#f2f2f2;color:#486c4b;\">\r\n\t\t\t\t\t\t\t<a href=\"https:\/\/www.revierwelt.de\/index.php\/portfolio\/revierverwaltung\/\" class=\"w-grid-item-anchor\" aria-label=\"Revierverwaltung\"><\/a>\r\n\t\t\t\t\t\t<div class=\"w-post-elm post_image usg_post_image_1 stretched\"><img loading=\"lazy\" decoding=\"async\" width=\"600\" height=\"600\" src=\"https:\/\/www.revierwelt.de\/wp-content\/uploads\/2018\/01\/revierverwaltung-1-1-600x600.jpg\" class=\"attachment-us_600_0 size-us_600_0 wp-post-image\" alt=\"\" srcset=\"https:\/\/www.revierwelt.de\/wp-content\/uploads\/2018\/01\/revierverwaltung-1-1-600x600.jpg 600w, https:\/\/www.revierwelt.de\/wp-content\/uploads\/2018\/01\/revierverwaltung-1-1-150x150.jpg 150w, https:\/\/www.revierwelt.de\/wp-content\/uploads\/2018\/01\/revierverwaltung-1-1-300x300.jpg 300w, https:\/\/www.revierwelt.de\/wp-content\/uploads\/2018\/01\/revierverwaltung-1-1-768x768.jpg 768w, https:\/\/www.revierwelt.de\/wp-content\/uploads\/2018\/01\/revierverwaltung-1-1.jpg 1024w, https:\/\/www.revierwelt.de\/wp-content\/uploads\/2018\/01\/revierverwaltung-1-1-180x180.jpg 180w, https:\/\/www.revierwelt.de\/wp-content\/uploads\/2018\/01\/revierverwaltung-1-1-350x350.jpg 350w\" sizes=\"auto, (max-width: 600px) 100vw, 600px\" \/><\/div><div class=\"w-post-elm post_custom_field usg_post_custom_field_1 type_text  color_link_inherit has_border_radius\"><span class=\"w-post-elm-value\"><\/span><\/div><div class=\"w-vwrapper usg_vwrapper_1 align_center valign_middle\"><h3 class=\"w-post-elm post_title usg_post_title_1 has_text_color align_center entry-title color_link_inherit\">Revierverwaltung<\/h3><\/div>\t\t<\/div>\r\n\t\t\t<\/article>\r\n\t<article class=\"w-grid-item size_1x1 post-331 us_portfolio type-us_portfolio status-publish has-post-thumbnail hentry us_portfolio_category-revierwelt\" data-id=\"331\">\r\n\t\t<div class=\"w-grid-item-h\" style=\"background:#f2f2f2;color:#486c4b;\">\r\n\t\t\t\t\t\t\t<a href=\"https:\/\/www.revierwelt.de\/index.php\/portfolio\/gps-hundeortung\/\" class=\"w-grid-item-anchor\" aria-label=\"GPS-Hundeortung\"><\/a>\r\n\t\t\t\t\t\t<div class=\"w-post-elm post_image usg_post_image_1 stretched\"><img loading=\"lazy\" decoding=\"async\" width=\"600\" height=\"600\" src=\"https:\/\/www.revierwelt.de\/wp-content\/uploads\/2018\/01\/Dru\u0308ckjagd_iphone_qua2.png\" class=\"attachment-us_600_0 size-us_600_0 wp-post-image\" alt=\"\" \/><\/div><div class=\"w-post-elm post_custom_field usg_post_custom_field_1 type_text  color_link_inherit has_border_radius\"><span class=\"w-post-elm-value\"><\/span><\/div><div class=\"w-vwrapper usg_vwrapper_1 align_center valign_middle\"><h3 class=\"w-post-elm post_title usg_post_title_1 has_text_color align_center entry-title color_link_inherit\">GPS-Hundeortung<\/h3><\/div>\t\t<\/div>\r\n\t\t\t<\/article>\r\n\t<article class=\"w-grid-item size_1x1 post-23138 us_portfolio type-us_portfolio status-publish has-post-thumbnail hentry us_portfolio_category-revierwelt\" data-id=\"23138\">\r\n\t\t<div class=\"w-grid-item-h\" style=\"background:#f2f2f2;color:#486c4b;\">\r\n\t\t\t\t\t\t\t<a href=\"https:\/\/www.revierwelt.de\/index.php\/portfolio\/wildkameras\/\" class=\"w-grid-item-anchor\" aria-label=\"Wildkameras\"><\/a>\r\n\t\t\t\t\t\t<div class=\"w-post-elm post_image usg_post_image_1 stretched\"><img loading=\"lazy\" decoding=\"async\" width=\"600\" height=\"600\" src=\"https:\/\/www.revierwelt.de\/wp-content\/uploads\/2018\/01\/WILDKAMERA_wald_qua.jpg\" class=\"attachment-us_600_0 size-us_600_0 wp-post-image\" alt=\"\" \/><\/div><div class=\"w-post-elm post_custom_field usg_post_custom_field_1 type_text  color_link_inherit has_border_radius\"><span class=\"w-post-elm-value\"><\/span><\/div><div class=\"w-vwrapper usg_vwrapper_1 align_center valign_middle\"><h3 class=\"w-post-elm post_title usg_post_title_1 has_text_color align_center entry-title color_link_inherit\">Wildkameras<\/h3><\/div>\t\t<\/div>\r\n\t\t\t<\/article>\r\n<\/div><div class=\"w-grid-preloader\">\t<div class=\"g-preloader type_1\">\r\n\t\t<div><\/div>\r\n\t<\/div>\r\n\t<\/div>\t<div class=\"w-grid-json hidden\" onclick='return {&quot;action&quot;:&quot;us_ajax_grid&quot;,&quot;infinite_scroll&quot;:0,&quot;max_num_pages&quot;:2,&quot;pagination&quot;:&quot;none&quot;,&quot;template_vars&quot;:{&quot;columns&quot;:&quot;5&quot;,&quot;exclude_items&quot;:&quot;none&quot;,&quot;img_size&quot;:&quot;us_600_0&quot;,&quot;ignore_items_size&quot;:0,&quot;items_layout&quot;:&quot;25853&quot;,&quot;items_offset&quot;:&quot;1&quot;,&quot;load_animation&quot;:&quot;none&quot;,&quot;overriding_link&quot;:&quot;%7B%22type%22%3A%22post%22%7D&quot;,&quot;post_id&quot;:0,&quot;query_args&quot;:{&quot;post_type&quot;:[&quot;us_portfolio&quot;],&quot;tax_query&quot;:[{&quot;taxonomy&quot;:&quot;us_portfolio_category&quot;,&quot;field&quot;:&quot;slug&quot;,&quot;terms&quot;:[&quot;revierwelt&quot;]}],&quot;post_status&quot;:[&quot;publish&quot;],&quot;posts_per_page&quot;:&quot;5&quot;},&quot;orderby_query_args&quot;:{&quot;orderby&quot;:{&quot;date&quot;:&quot;DESC&quot;}},&quot;type&quot;:&quot;grid&quot;,&quot;us_grid_post_type&quot;:&quot;us_portfolio&quot;,&quot;us_grid_ajax_index&quot;:1,&quot;us_grid_filter_query_string&quot;:null,&quot;us_grid_index&quot;:1,&quot;page_args&quot;:[]}}'><\/div>\r\n\t<\/div><\/div><\/div><\/div><\/div><\/div><\/section><section class=\"l-section wpb_row height_medium color_primary\"><div class=\"l-section-h i-cf\"><div class=\"g-cols vc_row via_flex valign_top type_default stacking_default\"><div class=\"vc_col-sm-12 wpb_column vc_column_container us_animate_afb\"><div class=\"vc_column-inner\"><div class=\"wpb_wrapper\"><div class=\"w-actionbox color_primary controls_right\"><div class=\"w-actionbox-text\"><h2 class=\"w-actionbox-title\">Gy\u0151z\u0151dj\u00f6n meg a Revierweltr\u0151l!<\/h2><\/div><div class=\"w-actionbox-controls\"><a class=\"w-btn us-btn-style_6 icon_atleft\" href=\"https:\/\/portal.revierwelt.de\/\" style=\"font-size:19px;\"><i class=\"fas fa-user-plus\"><\/i><span class=\"w-btn-label\">Regisztr\u00e1ljon most!<\/span><\/a><\/div><\/div><\/div><\/div><\/div><\/div><\/div><\/section>\n","protected":false},"excerpt":{"rendered":"REVIERWELT. Wildkamera. Wissen, was l\u00e4uft. Sie k\u00f6nnen nicht rund um die Uhr im Revier sein, um zu wissen was l\u00e4uft. Eine Wildkamera mit GPRS-Funktion dagegen schon \u2013 ihre Bilder zeigen Ihnen, wo sich welches Wild momentan im Revier bewegt. Sie k\u00f6nnen fast jede am Markt erh\u00e4ltliche Kamera mit Revierwelt verwenden. Kameras der Revierwelt-Edition lassen sich...","protected":false},"author":4,"featured_media":0,"parent":0,"menu_order":0,"comment_status":"closed","ping_status":"closed","template":"","meta":{"footnotes":""},"class_list":["post-40166","page","type-page","status-publish","hentry"],"_links":{"self":[{"href":"https:\/\/www.revierwelt.de\/index.php\/wp-json\/wp\/v2\/pages\/40166","targetHints":{"allow":["GET"]}}],"collection":[{"href":"https:\/\/www.revierwelt.de\/index.php\/wp-json\/wp\/v2\/pages"}],"about":[{"href":"https:\/\/www.revierwelt.de\/index.php\/wp-json\/wp\/v2\/types\/page"}],"author":[{"embeddable":true,"href":"https:\/\/www.revierwelt.de\/index.php\/wp-json\/wp\/v2\/users\/4"}],"replies":[{"embeddable":true,"href":"https:\/\/www.revierwelt.de\/index.php\/wp-json\/wp\/v2\/comments?post=40166"}],"version-history":[{"count":0,"href":"https:\/\/www.revierwelt.de\/index.php\/wp-json\/wp\/v2\/pages\/40166\/revisions"}],"wp:attachment":[{"href":"https:\/\/www.revierwelt.de\/index.php\/wp-json\/wp\/v2\/media?parent=40166"}],"curies":[{"name":"wp","href":"https:\/\/api.w.org\/{rel}","templated":true}]}}