{"id":40160,"date":"2025-02-25T11:53:31","date_gmt":"2025-02-25T10:53:31","guid":{"rendered":"https:\/\/revierwelt.de\/index.php\/kas-ir-revierwelt\/"},"modified":"2025-02-25T11:53:35","modified_gmt":"2025-02-25T10:53:35","slug":"kas-ir-revierwelt","status":"publish","type":"page","link":"https:\/\/www.revierwelt.de\/index.php\/kas-ir-revierwelt\/?lang=lv","title":{"rendered":"Kas ir Revierwelt?"},"content":{"rendered":"<section class=\"l-section wpb_row height_medium color_alternate\" id=\"s\u0101kt\"><div class=\"l-section-h i-cf\"><div class=\"g-cols vc_row via_flex valign_top type_default stacking_default\"><div class=\"vc_col-sm-12 wpb_column vc_column_container\"><div class=\"vc_column-inner\"><div class=\"wpb_wrapper\"><div class=\"wpb_text_column\"><div class=\"wpb_wrapper\"><h2 style=\"text-align: center;\"><strong>REVIERWELT.<\/strong><\/h2>\n<\/div><\/div><\/div><\/div><\/div><\/div><\/div><\/section><section class=\"l-section wpb_row height_auto width_full\"><div class=\"l-section-h i-cf\"><div class=\"g-cols vc_row via_flex valign_middle type_boxes stacking_default\"><div class=\"vc_col-sm-6 wpb_column vc_column_container us_animate_afl\"><div class=\"vc_column-inner\"><div class=\"wpb_wrapper\"><div class=\"wpb_text_column\"><div class=\"wpb_wrapper\"><h5>Kas ir Revierwelt?<\/h5>\n<p>Ar aptuveni 100 000 abonentu Revierwelt ir liel\u0101kais programmat\u016bras risin\u0101jumu pieg\u0101d\u0101t\u0101js ikdienas med\u012bb\u0101m un med\u012bbu plat\u012bb\u0101m, un, iesp\u0113jams, t\u0101 ir vien\u012bg\u0101 platforma pasaul\u0113, kas apvieno <b>med\u012bbu p\u0101rvald\u012bbas <\/b>un <b>soci\u0101lo mediju funkcijas <\/b>vien\u0101 programm\u0101. Revierwelt ir piem\u0113rota gan maz\u0101m, gan liel\u0101m med\u012bbu plat\u012bb\u0101m, k\u0101 ar\u012b komerci\u0101liem lietot\u0101jiem, piem\u0113ram, pa\u0161vald\u012bb\u0101m un asoci\u0101cij\u0101m. Ar vair\u0101k nek\u0101 120 funkcij\u0101m Revierwelt pied\u0101v\u0101 visu, kas nepiecie\u0161ams ikdienas med\u012bb\u0101m, tostarp \u012bpa\u0161us risin\u0101jumus sare\u017e\u0123\u012btiem uzdevumiem, piem\u0113ram, GPS izseko\u0161anu, vad\u012btu med\u012bbu pl\u0101no\u0161anu, slazdu uzraudz\u012bbu, med\u012bbu kameru piesl\u0113gumu un zi\u0146ojumapmai\u0146u. Da\u017e\u0101du lietojumprogrammu apvienojums vien\u0101 programm\u0101 ir izcils. S\u0101kot no med\u012bbu koordin\u0101cijas un IOT ier\u012b\u010du piesl\u0113g\u0161anas l\u012bdz detaliz\u0113tai visu gala ier\u012b\u010du anal\u012bzei &#8211; Revierwelt pied\u0101v\u0101 visu vienuviet.    <\/p>\n<h5>Cik maks\u0101 Revierwelt?<\/h5>\n<p>J\u016bsu Revierwelt konts ir bez maksas. Ja esat jau eso\u0161a med\u012bbu saimniec\u012bbas biedrs, varat bez maksas izmantot Revierwelt priek\u0161roc\u012bbas un sazin\u0101ties ar medniekiem un med\u012bbu entuziastiem vis\u0101 pasaul\u0113. <\/p>\n<p>M\u0113s pied\u0101v\u0101jam da\u017e\u0101dus <a href=\"https:\/\/revierwelt.de\/index.php\/preise-2023\/\"><strong>paketes<\/strong><\/a> abon\u0113\u0161anas sist\u0113m\u0101, kas piel\u0101gota j\u016bsu person\u012bgaj\u0101m pras\u012bb\u0101m:<\/p>\n<ul>\n<li><strong>standarta pakete<\/strong> neliel\u0101m med\u012bbu plat\u012bb\u0101m, kur\u0101s ir tikai da\u017ei mednieki, ar monitoringa ier\u012b\u010du un GPS izseko\u0161anas iesp\u0113ju,<\/li>\n<li><strong>Plus pakete<\/strong>, kas ietver GPS un monitoringa funkcijas un neatst\u0101j nek\u0101das v\u0113lmes,<\/li>\n<li><strong>profesion\u0101l\u0101 pakete<\/strong> lieliem med\u012bbu laukiem, med\u012bbu kopien\u0101m, me\u017eiem un pa\u0161vald\u012bb\u0101m.<\/li>\n<\/ul>\n<\/div><\/div><\/div><\/div><\/div><div class=\"vc_col-sm-6 wpb_column vc_column_container has_bg_color us_animate_afr\"><div class=\"vc_column-inner us_custom_b53f5a27\"><div class=\"wpb_wrapper\"><div class=\"w-separator size_custom\" style=\"height:200px\"><\/div><\/div><\/div><\/div><\/div><\/div><\/section><section class=\"l-section wpb_row height_auto width_full\"><div class=\"l-section-h i-cf\"><div class=\"g-cols vc_row via_flex valign_middle type_boxes stacking_default\"><div class=\"vc_col-sm-6 vc_hidden-xs wpb_column vc_column_container has_bg_color us_animate_afl\"><div class=\"vc_column-inner us_custom_af2dc2ee\"><div class=\"wpb_wrapper\"><\/div><\/div><\/div><div class=\"vc_col-sm-6 wpb_column vc_column_container us_animate_afr\"><div class=\"vc_column-inner\"><div class=\"wpb_wrapper\"><div class=\"wpb_text_column\"><div class=\"wpb_wrapper\"><h5>K\u0101 un kur var izmantot Revierwelt?<\/h5>\n<p>Revierwelt ir m\u0101ko\u0146pakalpojums, kam var piek\u013c\u016bt, izmantojot jebkuru t\u012bmek\u013ca p\u0101rl\u016bkprogrammu revierwelt.de. T\u0101p\u0113c dator\u0101, plan\u0161etdator\u0101 vai viedt\u0101lrun\u012b nav nepiecie\u0161ams instal\u0113t programmat\u016bru.  Revierwelt var piek\u013c\u016bt ar\u012b viedt\u0101lrun\u012b vai plan\u0161etdator\u0101, izmantojot jebkuru t\u012bmek\u013ca p\u0101rl\u016bkprogrammu. Tom\u0113r lietot Revierwelt, izmantojot m\u016bsu <a href=\"https:\/\/revierwelt.de\/index.php\/apps-und-software\/\" target=\"_blank\" rel=\"noopener\">lietotnes<\/a>, ir daudz \u0113rt\u0101k. <\/p>\n<p>Jaun\u0101 Revierwelt ir pamats visaptvero\u0161ai digit\u0101lai med\u012bbu p\u0101rvald\u012bbai gan k\u0101 t\u012bmek\u013ca lietojumprogramma, gan k\u0101 mobil\u0101 lietotne lieto\u0161anai tie\u0161saist\u0113 un bezsaist\u0113. Ir ieviesti neskait\u0101mi uzlabojumi mobil\u0101s lieto\u0161anas iesp\u0113j\u0101m med\u012bb\u0101s. Izstr\u0101d\u0113 ir iek\u013cauti daudzi m\u016bsu uzticamo Revierwelt lietot\u0101ju ieteikumi par lietotnes uzlabo\u0161anu.  <\/p>\n<p>Papildus Revierwelt lietotnei ar vair\u0101k nek\u0101 120 funkcij\u0101m ir ar\u012b specializ\u0113tas lietotnes su\u0146u izseko\u0161anai, med\u012bjamo dz\u012bvnieku kamer\u0101m, lamat\u0101m un vad\u0101m\u0101m med\u012bb\u0101m.<\/p>\n<p>Un pats lab\u0101kais: visas Revierwelt lietotnes ir bez maksas pieejamas <a href=\"https:\/\/play.google.com\/store\/apps\/developer?id=Revierwelt+Media+GmbH\" target=\"_blank\" rel=\"noopener\">Google Play veikal\u0101<\/a> un <a href=\"https:\/\/apps.apple.com\/de\/developer\/revierwelt-media-gmbh\/id464658720\" target=\"_blank\" rel=\"noopener\">Apple Store<\/a>.<\/p>\n<\/div><\/div><\/div><\/div><\/div><\/div><\/div><\/section><section class=\"l-section wpb_row height_auto width_full\"><div class=\"l-section-h i-cf\"><div class=\"g-cols vc_row via_flex valign_middle type_boxes stacking_default\"><div class=\"vc_col-sm-6 wpb_column vc_column_container us_animate_afl\"><div class=\"vc_column-inner\"><div class=\"wpb_wrapper\"><div class=\"wpb_text_column\"><div class=\"wpb_wrapper\"><h5>K\u0101 tas darbojas ar teritorijas p\u0101rvald\u012bbu?<\/h5>\n<p>Tikl\u012bdz esat izveidojis lietot\u0101ja kontu Revierwelt, varat izveidot vienu vai vair\u0101kus med\u012bbu laukus vai pievienoties vienam vai vair\u0101kiem jau eso\u0161iem med\u012bbu laukiem.<\/p>\n<p>Programmas kodolu veido med\u012bbu plat\u012bbu karte ar med\u012bbu plat\u012bbu robe\u017e\u0101m un med\u012bbu plat\u012bbu iek\u0101rt\u0101m (augst\u0101s s\u0113dvietas, barotavas, karstie punkti, intere\u0161u punkti, k\u0101 ar\u012b slazdus un med\u012bjamo dz\u012bvnieku kameras). Tikpat svar\u012bgs, protams, ir ar\u012b mar\u0161rutu saraksts ar sait\u0113m uz ga\u013cas apsaimnieko\u0161anu, kases gr\u0101matu un med\u012bjumu tirgu. <\/p>\n<h5>K\u0101 izveidot apgabala karti?<\/h5>\n<p>Rajona karti var z\u012bm\u0113t tie\u0161i rajona pasaul\u0113 un redi\u0123\u0113t to v\u0113l\u0101k. Protams, varat ar\u012b tie\u0161i import\u0113t daudzus datu form\u0101tus, piem\u0113ram, .kml. Var integr\u0113t ar\u012b citus form\u0101tus &#8211; vienk\u0101r\u0161i sazinieties ar mums.<\/p>\n<\/div><\/div><\/div><\/div><\/div><div class=\"vc_col-sm-6 wpb_column vc_column_container has_bg_color us_animate_afr\"><div class=\"vc_column-inner us_custom_6bab4c50\"><div class=\"wpb_wrapper\"><div class=\"w-separator size_custom\" style=\"height:200px\"><\/div><\/div><\/div><\/div><\/div><\/div><\/section><section class=\"l-section wpb_row height_auto width_full\"><div class=\"l-section-h i-cf\"><div class=\"g-cols vc_row via_flex valign_middle type_boxes stacking_default\"><div class=\"vc_col-sm-6 vc_hidden-xs wpb_column vc_column_container has_bg_color us_animate_afl\"><div class=\"vc_column-inner us_custom_06e4b8c2\"><div class=\"wpb_wrapper\"><div class=\"w-separator size_custom\" style=\"height:200px\"><\/div><\/div><\/div><\/div><div class=\"vc_col-sm-6 wpb_column vc_column_container us_animate_afr\"><div class=\"vc_column-inner\"><div class=\"wpb_wrapper\"><div class=\"wpb_text_column\"><div class=\"wpb_wrapper\"><h5>K\u0101 man sav\u0101 med\u012bbu plat\u012bb\u0101 uz\u0146emt citus medniekus?<\/h5>\n<p>Sav\u0101 med\u012bbu plat\u012bb\u0101 varat pievienot jebkuru mednieku, kas ir re\u0123istr\u0113ts Revierwelt. Katram medniekam varat pie\u0161\u0137irt da\u017e\u0101das ties\u012bbas, tostarp moderatora ties\u012bbas. Varat ar\u012b pie\u0161\u0137irt citiem medniekiem \u012bslaic\u012bgu viesu piek\u013cuvi, kas ir ide\u0101li piem\u0113rota, piem\u0113ram, braucamaj\u0101m med\u012bb\u0101m.  <\/p>\n<p>J\u016bs varat sazin\u0101ties ar citiem medniekiem gan Revierwelt iek\u0161ien\u0113, gan \u0101rpus t\u0101s, izmantojot m\u016bsu pla\u0161o grupu funkciju un Messenger &#8211; Revierwelt kopiena apvieno WhatsApp un Facebook funkcijas vienuviet.<\/p>\n<\/div><\/div><\/div><\/div><\/div><\/div><\/div><\/section><section class=\"l-section wpb_row height_medium color_alternate\"><div class=\"l-section-h i-cf\"><div class=\"g-cols vc_row via_flex valign_top type_default stacking_default\"><div class=\"vc_col-sm-12 wpb_column vc_column_container\"><div class=\"vc_column-inner\"><div class=\"wpb_wrapper\"><div class=\"wpb_text_column\"><div class=\"wpb_wrapper\"><h2 style=\"text-align: center;\"><strong>REVIERWELT.<\/strong>  Atkl\u0101jiet.<\/h2>\n<\/div><\/div><\/div><\/div><\/div><\/div><\/div><\/section><section class=\"l-section wpb_row height_medium with_img parallax_ver\"><div class=\"l-section-img\" role=\"img\" data-img-width=\"1024\" data-img-height=\"683\" style=\"background-image: url(https:\/\/www.revierwelt.de\/wp-content\/uploads\/2018\/01\/170301-0001-2.jpg);\"><\/div><div class=\"l-section-overlay\" style=\"background:rgba(72,108,75,0.5)\"><\/div><div class=\"l-section-h i-cf\"><div class=\"g-cols vc_row via_flex valign_top type_default stacking_default\"><div class=\"vc_col-sm-12 wpb_column vc_column_container\"><div class=\"vc_column-inner\"><div class=\"wpb_wrapper\"><div class=\"w-grid type_grid layout_25853 cols_5 ratio_1x1\" id=\"us_grid_1\" style=\"--columns:5;--gap:2px;--item-ratio:1;\" data-filterable=\"true\"><style>@media (max-width:1380px){#us_grid_1{--columns:3!important}}@media (max-width:1024px){#us_grid_1{--columns:2!important}}@media (max-width:600px){#us_grid_1{--columns:1!important}}.layout_25853 .w-grid-item-h{}.layout_25853 .usg_post_custom_field_1{transition-duration:0.4s;transform-origin:50% 50%;transform:scale(0) translate(0,0);opacity:0}.layout_25853 .w-grid-item-h:hover .usg_post_custom_field_1{transform:scale(1.5) translate(0,0);opacity:1}.layout_25853 .usg_vwrapper_1{transition-duration:0.4s;transform-origin:50% 50%;transform:scale(0) translate(0,0);opacity:0}.layout_25853 .w-grid-item-h:hover .usg_vwrapper_1{transform:scale(1) translate(0,0);opacity:1}.layout_25853 .usg_post_image_1{position:absolute!important;top:0!important;right:0!important;bottom:0!important;left:0!important}.layout_25853 .usg_post_custom_field_1{position:absolute!important;top:0!important;right:0!important;bottom:0!important;left:0!important;border-radius:50!important;padding:2rem!important;background:inherit!important}.layout_25853 .usg_vwrapper_1{position:absolute!important;top:0!important;right:0!important;bottom:0!important;left:0!important;padding:2rem!important}.layout_25853 .usg_post_title_1{color:inherit!important}<\/style><div class=\"w-grid-list\">\t<article class=\"w-grid-item size_1x1 post-28473 us_portfolio type-us_portfolio status-publish has-post-thumbnail hentry us_portfolio_category-revierwelt\" data-id=\"28473\">\r\n\t\t<div class=\"w-grid-item-h\" style=\"background:#f2f2f2;color:#486c4b;\">\r\n\t\t\t\t\t\t\t<a href=\"https:\/\/www.revierwelt.de\/index.php\/portfolio\/fleischverwaltung\/\" class=\"w-grid-item-anchor\" aria-label=\"Fleischverwaltung\"><\/a>\r\n\t\t\t\t\t\t<div class=\"w-post-elm post_image usg_post_image_1 stretched\"><img loading=\"lazy\" decoding=\"async\" width=\"573\" height=\"573\" src=\"https:\/\/www.revierwelt.de\/wp-content\/uploads\/2022\/03\/frisches_wild_qua.png\" class=\"attachment-us_600_0 size-us_600_0 wp-post-image\" alt=\"\" \/><\/div><div class=\"w-post-elm post_custom_field usg_post_custom_field_1 type_text  color_link_inherit has_border_radius\"><span class=\"w-post-elm-value\"><\/span><\/div><div class=\"w-vwrapper usg_vwrapper_1 align_center valign_middle\"><h3 class=\"w-post-elm post_title usg_post_title_1 has_text_color align_center entry-title color_link_inherit\">Fleischverwaltung<\/h3><\/div>\t\t<\/div>\r\n\t\t\t<\/article>\r\n\t<article class=\"w-grid-item size_1x1 post-26717 us_portfolio type-us_portfolio status-publish has-post-thumbnail hentry us_portfolio_category-revierwelt\" data-id=\"26717\">\r\n\t\t<div class=\"w-grid-item-h\" style=\"background:#f2f2f2;color:#486c4b;\">\r\n\t\t\t\t\t\t\t<a href=\"https:\/\/www.revierwelt.de\/index.php\/portfolio\/drueckjagd\/\" class=\"w-grid-item-anchor\" aria-label=\"Dr\u00fcckjagd\"><\/a>\r\n\t\t\t\t\t\t<div class=\"w-post-elm post_image usg_post_image_1 stretched\"><img loading=\"lazy\" decoding=\"async\" width=\"600\" height=\"600\" src=\"https:\/\/www.revierwelt.de\/wp-content\/uploads\/2020\/05\/DRU\u0308CKJAGD_qua.jpg\" class=\"attachment-us_600_0 size-us_600_0 wp-post-image\" alt=\"\" \/><\/div><div class=\"w-post-elm post_custom_field usg_post_custom_field_1 type_text  color_link_inherit has_border_radius\"><span class=\"w-post-elm-value\"><\/span><\/div><div class=\"w-vwrapper usg_vwrapper_1 align_center valign_middle\"><h3 class=\"w-post-elm post_title usg_post_title_1 has_text_color align_center entry-title color_link_inherit\">Dr\u00fcckjagd<\/h3><\/div>\t\t<\/div>\r\n\t\t\t<\/article>\r\n\t<article class=\"w-grid-item size_1x1 post-23142 us_portfolio type-us_portfolio status-publish has-post-thumbnail hentry us_portfolio_category-revierwelt\" data-id=\"23142\">\r\n\t\t<div class=\"w-grid-item-h\" style=\"background:#f2f2f2;color:#486c4b;\">\r\n\t\t\t\t\t\t\t<a href=\"https:\/\/www.revierwelt.de\/index.php\/portfolio\/revierverwaltung\/\" class=\"w-grid-item-anchor\" aria-label=\"Revierverwaltung\"><\/a>\r\n\t\t\t\t\t\t<div class=\"w-post-elm post_image usg_post_image_1 stretched\"><img loading=\"lazy\" decoding=\"async\" width=\"600\" height=\"600\" src=\"https:\/\/www.revierwelt.de\/wp-content\/uploads\/2018\/01\/revierverwaltung-1-1-600x600.jpg\" class=\"attachment-us_600_0 size-us_600_0 wp-post-image\" alt=\"\" srcset=\"https:\/\/www.revierwelt.de\/wp-content\/uploads\/2018\/01\/revierverwaltung-1-1-600x600.jpg 600w, https:\/\/www.revierwelt.de\/wp-content\/uploads\/2018\/01\/revierverwaltung-1-1-150x150.jpg 150w, https:\/\/www.revierwelt.de\/wp-content\/uploads\/2018\/01\/revierverwaltung-1-1-300x300.jpg 300w, https:\/\/www.revierwelt.de\/wp-content\/uploads\/2018\/01\/revierverwaltung-1-1-768x768.jpg 768w, https:\/\/www.revierwelt.de\/wp-content\/uploads\/2018\/01\/revierverwaltung-1-1.jpg 1024w, https:\/\/www.revierwelt.de\/wp-content\/uploads\/2018\/01\/revierverwaltung-1-1-180x180.jpg 180w, https:\/\/www.revierwelt.de\/wp-content\/uploads\/2018\/01\/revierverwaltung-1-1-350x350.jpg 350w\" sizes=\"auto, (max-width: 600px) 100vw, 600px\" \/><\/div><div class=\"w-post-elm post_custom_field usg_post_custom_field_1 type_text  color_link_inherit has_border_radius\"><span class=\"w-post-elm-value\"><\/span><\/div><div class=\"w-vwrapper usg_vwrapper_1 align_center valign_middle\"><h3 class=\"w-post-elm post_title usg_post_title_1 has_text_color align_center entry-title color_link_inherit\">Revierverwaltung<\/h3><\/div>\t\t<\/div>\r\n\t\t\t<\/article>\r\n\t<article class=\"w-grid-item size_1x1 post-331 us_portfolio type-us_portfolio status-publish has-post-thumbnail hentry us_portfolio_category-revierwelt\" data-id=\"331\">\r\n\t\t<div class=\"w-grid-item-h\" style=\"background:#f2f2f2;color:#486c4b;\">\r\n\t\t\t\t\t\t\t<a href=\"https:\/\/www.revierwelt.de\/index.php\/portfolio\/gps-hundeortung\/\" class=\"w-grid-item-anchor\" aria-label=\"GPS-Hundeortung\"><\/a>\r\n\t\t\t\t\t\t<div class=\"w-post-elm post_image usg_post_image_1 stretched\"><img loading=\"lazy\" decoding=\"async\" width=\"600\" height=\"600\" src=\"https:\/\/www.revierwelt.de\/wp-content\/uploads\/2018\/01\/Dru\u0308ckjagd_iphone_qua2.png\" class=\"attachment-us_600_0 size-us_600_0 wp-post-image\" alt=\"\" \/><\/div><div class=\"w-post-elm post_custom_field usg_post_custom_field_1 type_text  color_link_inherit has_border_radius\"><span class=\"w-post-elm-value\"><\/span><\/div><div class=\"w-vwrapper usg_vwrapper_1 align_center valign_middle\"><h3 class=\"w-post-elm post_title usg_post_title_1 has_text_color align_center entry-title color_link_inherit\">GPS-Hundeortung<\/h3><\/div>\t\t<\/div>\r\n\t\t\t<\/article>\r\n\t<article class=\"w-grid-item size_1x1 post-23138 us_portfolio type-us_portfolio status-publish has-post-thumbnail hentry us_portfolio_category-revierwelt\" data-id=\"23138\">\r\n\t\t<div class=\"w-grid-item-h\" style=\"background:#f2f2f2;color:#486c4b;\">\r\n\t\t\t\t\t\t\t<a href=\"https:\/\/www.revierwelt.de\/index.php\/portfolio\/wildkameras\/\" class=\"w-grid-item-anchor\" aria-label=\"Wildkameras\"><\/a>\r\n\t\t\t\t\t\t<div class=\"w-post-elm post_image usg_post_image_1 stretched\"><img loading=\"lazy\" decoding=\"async\" width=\"600\" height=\"600\" src=\"https:\/\/www.revierwelt.de\/wp-content\/uploads\/2018\/01\/WILDKAMERA_wald_qua.jpg\" class=\"attachment-us_600_0 size-us_600_0 wp-post-image\" alt=\"\" \/><\/div><div class=\"w-post-elm post_custom_field usg_post_custom_field_1 type_text  color_link_inherit has_border_radius\"><span class=\"w-post-elm-value\"><\/span><\/div><div class=\"w-vwrapper usg_vwrapper_1 align_center valign_middle\"><h3 class=\"w-post-elm post_title usg_post_title_1 has_text_color align_center entry-title color_link_inherit\">Wildkameras<\/h3><\/div>\t\t<\/div>\r\n\t\t\t<\/article>\r\n<\/div><div class=\"w-grid-preloader\">\t<div class=\"g-preloader type_1\">\r\n\t\t<div><\/div>\r\n\t<\/div>\r\n\t<\/div>\t<div class=\"w-grid-json hidden\" onclick='return {&quot;action&quot;:&quot;us_ajax_grid&quot;,&quot;infinite_scroll&quot;:0,&quot;max_num_pages&quot;:2,&quot;pagination&quot;:&quot;none&quot;,&quot;template_vars&quot;:{&quot;columns&quot;:&quot;5&quot;,&quot;exclude_items&quot;:&quot;none&quot;,&quot;img_size&quot;:&quot;us_600_0&quot;,&quot;ignore_items_size&quot;:0,&quot;items_layout&quot;:&quot;25853&quot;,&quot;items_offset&quot;:&quot;1&quot;,&quot;load_animation&quot;:&quot;none&quot;,&quot;overriding_link&quot;:&quot;%7B%22type%22%3A%22post%22%7D&quot;,&quot;post_id&quot;:0,&quot;query_args&quot;:{&quot;post_type&quot;:[&quot;us_portfolio&quot;],&quot;tax_query&quot;:[{&quot;taxonomy&quot;:&quot;us_portfolio_category&quot;,&quot;field&quot;:&quot;slug&quot;,&quot;terms&quot;:[&quot;revierwelt&quot;]}],&quot;post_status&quot;:[&quot;publish&quot;],&quot;posts_per_page&quot;:&quot;5&quot;},&quot;orderby_query_args&quot;:{&quot;orderby&quot;:{&quot;date&quot;:&quot;DESC&quot;}},&quot;type&quot;:&quot;grid&quot;,&quot;us_grid_post_type&quot;:&quot;us_portfolio&quot;,&quot;us_grid_ajax_index&quot;:1,&quot;us_grid_filter_query_string&quot;:null,&quot;us_grid_index&quot;:1,&quot;page_args&quot;:[]}}'><\/div>\r\n\t<\/div><\/div><\/div><\/div><\/div><\/div><\/section><section class=\"l-section wpb_row height_medium color_primary\"><div class=\"l-section-h i-cf\"><div class=\"g-cols vc_row via_flex valign_top type_default stacking_default\"><div class=\"vc_col-sm-12 wpb_column vc_column_container us_animate_afb\"><div class=\"vc_column-inner\"><div class=\"wpb_wrapper\"><div class=\"w-actionbox color_primary controls_right\"><div class=\"w-actionbox-text\"><h2 class=\"w-actionbox-title\">P\u0101rlieciniet sevi par Revierwelt!<\/h2><\/div><div class=\"w-actionbox-controls\"><a class=\"w-btn us-btn-style_6 icon_atleft\" href=\"https:\/\/portal.revierwelt.de\/\" style=\"font-size:19px;\"><i class=\"fas fa-user-plus\"><\/i><span class=\"w-btn-label\">Re\u0123istr\u0113jieties jau tagad!<\/span><\/a><\/div><\/div><\/div><\/div><\/div><\/div><\/div><\/section>\n","protected":false},"excerpt":{"rendered":"REVIERWELT. Wildkamera. Wissen, was l\u00e4uft. Sie k\u00f6nnen nicht rund um die Uhr im Revier sein, um zu wissen was l\u00e4uft. Eine Wildkamera mit GPRS-Funktion dagegen schon \u2013 ihre Bilder zeigen Ihnen, wo sich welches Wild momentan im Revier bewegt. Sie k\u00f6nnen fast jede am Markt erh\u00e4ltliche Kamera mit Revierwelt verwenden. Kameras der Revierwelt-Edition lassen sich...","protected":false},"author":4,"featured_media":0,"parent":0,"menu_order":0,"comment_status":"closed","ping_status":"closed","template":"","meta":{"footnotes":""},"class_list":["post-40160","page","type-page","status-publish","hentry"],"_links":{"self":[{"href":"https:\/\/www.revierwelt.de\/index.php\/wp-json\/wp\/v2\/pages\/40160","targetHints":{"allow":["GET"]}}],"collection":[{"href":"https:\/\/www.revierwelt.de\/index.php\/wp-json\/wp\/v2\/pages"}],"about":[{"href":"https:\/\/www.revierwelt.de\/index.php\/wp-json\/wp\/v2\/types\/page"}],"author":[{"embeddable":true,"href":"https:\/\/www.revierwelt.de\/index.php\/wp-json\/wp\/v2\/users\/4"}],"replies":[{"embeddable":true,"href":"https:\/\/www.revierwelt.de\/index.php\/wp-json\/wp\/v2\/comments?post=40160"}],"version-history":[{"count":0,"href":"https:\/\/www.revierwelt.de\/index.php\/wp-json\/wp\/v2\/pages\/40160\/revisions"}],"wp:attachment":[{"href":"https:\/\/www.revierwelt.de\/index.php\/wp-json\/wp\/v2\/media?parent=40160"}],"curies":[{"name":"wp","href":"https:\/\/api.w.org\/{rel}","templated":true}]}}