{"id":40158,"date":"2025-02-25T11:53:27","date_gmt":"2025-02-25T10:53:27","guid":{"rendered":"https:\/\/revierwelt.de\/index.php\/xinhu-revierwelt\/"},"modified":"2025-02-25T11:53:34","modified_gmt":"2025-02-25T10:53:34","slug":"xinhu-revierwelt","status":"publish","type":"page","link":"https:\/\/www.revierwelt.de\/index.php\/xinhu-revierwelt\/?lang=mt","title":{"rendered":"X&#8217;inhu Revierwelt?"},"content":{"rendered":"<section class=\"l-section wpb_row height_medium color_alternate\" id=\"tibda\"><div class=\"l-section-h i-cf\"><div class=\"g-cols vc_row via_flex valign_top type_default stacking_default\"><div class=\"vc_col-sm-12 wpb_column vc_column_container\"><div class=\"vc_column-inner\"><div class=\"wpb_wrapper\"><div class=\"wpb_text_column\"><div class=\"wpb_wrapper\"><h2 style=\"text-align: center;\"><strong>REVIERWELT .<\/strong><\/h2>\n<\/div><\/div><\/div><\/div><\/div><\/div><\/div><\/section><section class=\"l-section wpb_row height_auto width_full\"><div class=\"l-section-h i-cf\"><div class=\"g-cols vc_row via_flex valign_middle type_boxes stacking_default\"><div class=\"vc_col-sm-6 wpb_column vc_column_container us_animate_afl\"><div class=\"vc_column-inner\"><div class=\"wpb_wrapper\"><div class=\"wpb_text_column\"><div class=\"wpb_wrapper\"><h5>X&#8217;inhu r-Revierwelt?<\/h5>\n<p>B&#8217;madwar 100,000 abbonat, Revierwelt huwa l-akbar fornitur ta &#8217;soluzzjonijiet ta&#8216; softwer g\u0127all-ka\u010b\u010ba ta &#8218;kuljum u postijiet tal-ka\u010b\u010ba u probabbilment hija l-unika pjattaforma fid-dinja li tg\u0127aqqad <b>il-\u0121estjoni tal-ka\u010b\u010ba<\/b> u <b>l-funzjonijiet tal-midja so\u010bjali<\/b> fi programm wie\u0127ed. Revierwelt huwa adattat kemm g\u0127al postijiet tal-ka\u010b\u010ba \u017cg\u0127ar kif ukoll kbar, kif ukoll g\u0127al utenti kummer\u010bjali b\u0127al muni\u010bipalitajiet u asso\u010bjazzjonijiet. B&#8217;aktar minn 120 funzjoni, Revierwelt toffrilek dak kollu li g\u0127andek b\u017conn g\u0127all-ka\u010b\u010ba ta &#8218;kuljum, inklu\u017ci soluzzjonijiet spe\u010bjali g\u0127al \u0127idmiet kumplessi b\u0127al tracking GPS, ippjanar tal-ka\u010b\u010ba misjuqa, monitora\u0121\u0121 tan-nases, konnessjoni tal-kamera tal-log\u0127ob u messa\u0121\u0121ier. Dak li huwa pendenti huwa l-kombinazzjoni ta &#8218;applikazzjonijiet differenti fi programm wie\u0127ed. Mill-koordinazzjoni tal-ka\u010b\u010ba g\u0127all-konnessjoni ta &#8218;apparati IOT g\u0127al evalwazzjonijiet dettaljati fuq l-apparati finali kollha, Revierwelt joffri kollox f&#8217;post wie\u0127ed.    <\/p>\n<h5>Kemm jiswa r-Revierwelt?<\/h5>\n<p>Il-kont tieg\u0127ek f&#8217;Revierwelt huwa ming\u0127ajr \u0127las. Billi ssir membru ta &#8218;\u017cona tal-ka\u010b\u010ba e\u017cistenti, tista&#8216; tu\u017ca l-vanta\u0121\u0121i ta\u017c-\u017cona tal-ka\u010b\u010ba ming\u0127ajr \u0127las u tag\u0127mel kuntatt ma &#8218;ka\u010b\u010baturi u dilettanti tal-ka\u010b\u010ba madwar id-dinja kollha. <\/p>\n<p>Noffru <a href=\"https:\/\/revierwelt.de\/index.php\/preise-2023\/\"><strong>pakketti<\/strong><\/a> differenti fis-sistema ta&#8216; abbonament, imfassla g\u0127all-\u0127ti\u0121ijiet personali tieg\u0127ek:<\/p>\n<ul>\n<li>il <strong>-pakkett standard<\/strong> g\u0127a\u017c-\u017cona \u017cg\u0127ira bi ftit ka\u010b\u010baturi s\u0127abi biss, b&#8217;konnessjoni ta &#8218;apparat ta&#8216; monitora\u0121\u0121 u tracking GPS,<\/li>\n<li>il <strong>-pakkett Plus,<\/strong> li jinkludi GPS u funzjonijiet ta &#8218;monitora\u0121\u0121 u j\u0127alli ftit li xejn mixtieq,<\/li>\n<li>il- <strong>pakkett professjonali<\/strong> g\u0127al \u017coni kbar tal-ka\u010b\u010ba, asso\u010bjazzjonijiet tal-\u0121estjoni tal-ka\u010b\u010ba, foresti u muni\u010bipalitajiet.<\/li>\n<\/ul>\n<\/div><\/div><\/div><\/div><\/div><div class=\"vc_col-sm-6 wpb_column vc_column_container has_bg_color us_animate_afr\"><div class=\"vc_column-inner us_custom_b53f5a27\"><div class=\"wpb_wrapper\"><div class=\"w-separator size_custom\" style=\"height:200px\"><\/div><\/div><\/div><\/div><\/div><\/div><\/section><section class=\"l-section wpb_row height_auto width_full\"><div class=\"l-section-h i-cf\"><div class=\"g-cols vc_row via_flex valign_middle type_boxes stacking_default\"><div class=\"vc_col-sm-6 vc_hidden-xs wpb_column vc_column_container has_bg_color us_animate_afl\"><div class=\"vc_column-inner us_custom_af2dc2ee\"><div class=\"wpb_wrapper\"><\/div><\/div><\/div><div class=\"vc_col-sm-6 wpb_column vc_column_container us_animate_afr\"><div class=\"vc_column-inner\"><div class=\"wpb_wrapper\"><div class=\"wpb_text_column\"><div class=\"wpb_wrapper\"><h5>Kif u fejn nista&#8216; nu\u017ca r-Revierwelt?<\/h5>\n<p>Ir-Revierwelt huwa servizz cloud li tista&#8216; ta\u010b\u010bessa permezz ta&#8216; kwalunkwe web browser fuq revierwelt.de. G\u0127alhekk m&#8217;hemmx b\u017conn li tinstalla xi softwer fuq il-kompjuter, tablet jew smartphone tieg\u0127ek.  Tista&#8216; wkoll ta\u010b\u010bessa r-Revierwelt fuq l-ismartphone jew it-tablet tieg\u0127ek billi tu\u017ca kwalunkwe web browser. Madankollu, huwa \u0127afna aktar konvenjenti li tu\u017ca r-Revierwelt permezz <a href=\"https:\/\/revierwelt.de\/index.php\/apps-und-software\/\" target=\"_blank\" rel=\"noopener\">tal-apps<\/a> tag\u0127na. <\/p>\n<p>I\u017c-\u017cona l-\u0121dida tal-ka\u010b\u010ba hija l-ba\u017ci g\u0127all-\u0121estjoni komprensiva tal-ka\u010b\u010ba di\u0121itali, b\u0127ala applikazzjoni tal-web u b\u0127ala app mobbli g\u0127all-u\u017cu f&#8217;operazzjonijiet online u offline. \u0120ie realizzat titjib bla g\u0127add g\u0127all-u\u017cu mobbli fl-operazzjonijiet tal-ka\u010b\u010ba. Bosta su\u0121\u0121erimenti mill-utenti leali tag\u0127na ta&#8216; Revierwelt biex itejbu l-app \u0121ew inkorporati fl-i\u017cvilupp.  <\/p>\n<p>Minbarra l-app Revierwelt b&#8217;aktar minn 120 funzjoni, hemm apps spe\u010bjalizzati g\u0127at-tra\u010b\u010bar tal-klieb, kameras tal-log\u0127ob, monitora\u0121\u0121 tan-nases u ka\u010b\u010ba misjuqa.<\/p>\n<p>U l-a\u0127jar minn kollox: l-apps Revierwelt kollha huma disponibbli ming\u0127ajr \u0127las fil- <a href=\"https:\/\/play.google.com\/store\/apps\/developer?id=Revierwelt+Media+GmbH\" target=\"_blank\" rel=\"noopener\">Google Play Store<\/a> u l- <a href=\"https:\/\/apps.apple.com\/de\/developer\/revierwelt-media-gmbh\/id464658720\" target=\"_blank\" rel=\"noopener\">Apple Store<\/a> .<\/p>\n<\/div><\/div><\/div><\/div><\/div><\/div><\/div><\/section><section class=\"l-section wpb_row height_auto width_full\"><div class=\"l-section-h i-cf\"><div class=\"g-cols vc_row via_flex valign_middle type_boxes stacking_default\"><div class=\"vc_col-sm-6 wpb_column vc_column_container us_animate_afl\"><div class=\"vc_column-inner\"><div class=\"wpb_wrapper\"><div class=\"wpb_text_column\"><div class=\"wpb_wrapper\"><h5>Kif ta\u0127dem il-\u0121estjoni ta\u017c-\u017cona?<\/h5>\n<p>Ladarba tkun waqqaft kont tal-utent f&#8217;Revierwelt, tista&#8216; to\u0127loq territorji wie\u0127ed jew aktar jew ting\u0127aqad ma&#8216; territorji e\u017cistenti wie\u0127ed jew aktar.<\/p>\n<p>Il-mappa ta\u017c-\u017cona bil-konfini ta\u017c-\u017cona u l-fa\u010bilitajiet ta\u017c-\u017cona (sedili g\u0127oljin, stazzjonijiet tal-g\u0127alf, hotspots, POIs u wkoll trap detectors u kameras tal-log\u0127ob) tifforma l-qalba tal-programm. Daqstant importanti, ovvjament, hija l-lista tal-binarji b&#8217;konnessjoni mal-\u0121estjoni tal-la\u0127am, il-ktieb tal-flus u s-suq tal-ka\u010b\u010ba. <\/p>\n<h5>Kif no\u0127loq mappa tat-territorju?<\/h5>\n<p>Tista &#8218;ti\u0121bed il-mappa tat-territorju direttament fid-dinja tat-territorju u teditjaha aktar tard. Naturalment, tista &#8218;wkoll timporta \u0127afna formati ta&#8216; data b\u0127al .kml direttament. Formati o\u0127ra jistg\u0127u wkoll ji\u0121u integrati &#8211; sempli\u010bement ikkuntattjana.<\/p>\n<\/div><\/div><\/div><\/div><\/div><div class=\"vc_col-sm-6 wpb_column vc_column_container has_bg_color us_animate_afr\"><div class=\"vc_column-inner us_custom_6bab4c50\"><div class=\"wpb_wrapper\"><div class=\"w-separator size_custom\" style=\"height:200px\"><\/div><\/div><\/div><\/div><\/div><\/div><\/section><section class=\"l-section wpb_row height_auto width_full\"><div class=\"l-section-h i-cf\"><div class=\"g-cols vc_row via_flex valign_middle type_boxes stacking_default\"><div class=\"vc_col-sm-6 vc_hidden-xs wpb_column vc_column_container has_bg_color us_animate_afl\"><div class=\"vc_column-inner us_custom_06e4b8c2\"><div class=\"wpb_wrapper\"><div class=\"w-separator size_custom\" style=\"height:200px\"><\/div><\/div><\/div><\/div><div class=\"vc_col-sm-6 wpb_column vc_column_container us_animate_afr\"><div class=\"vc_column-inner\"><div class=\"wpb_wrapper\"><div class=\"wpb_text_column\"><div class=\"wpb_wrapper\"><h5>Kif na\u010b\u010betta ka\u010b\u010baturi o\u0127ra fi\u017c-\u017cona tal-ka\u010b\u010ba tieg\u0127i?<\/h5>\n<p>Tista&#8216; \u017c\u017cid kwalunkwe ka\u010b\u010batur li huwa rre\u0121istrat ma&#8216; Revierwelt fi\u017c-\u017cona tal-ka\u010b\u010ba tieg\u0127ek. Tista&#8216; tag\u0127ti lil kull ka\u010b\u010batur s\u0127abu drittijiet differenti, inklu\u017ci drittijiet ta&#8216; moderatur. Tista &#8218;wkoll tag\u0127ti a\u010b\u010bess temporanju mistieden ka\u010b\u010baturi o\u0127ra &#8211; ideali g\u0127al ka\u010b\u010ba misjuqa, pere\u017cempju.  <\/p>\n<p>Tista&#8216; tag\u0127mel kuntatt ma&#8216; ka\u010b\u010baturi o\u0127ra \u0121ewwa u barra minn Revierwelt permezz tal-funzjoni estensiva tal-grupp u l-messa\u0121\u0121ier tag\u0127na &#8211; il-komunit\u00e0 Revierwelt tg\u0127aqqad il-funzjonijiet ta&#8216; WhatsApp u Facebook f&#8217;post wie\u0127ed.<\/p>\n<\/div><\/div><\/div><\/div><\/div><\/div><\/div><\/section><section class=\"l-section wpb_row height_medium color_alternate\"><div class=\"l-section-h i-cf\"><div class=\"g-cols vc_row via_flex valign_top type_default stacking_default\"><div class=\"vc_col-sm-12 wpb_column vc_column_container\"><div class=\"vc_column-inner\"><div class=\"wpb_wrapper\"><div class=\"wpb_text_column\"><div class=\"wpb_wrapper\"><h2 style=\"text-align: center;\"><strong>REVIERWELT .<\/strong>  Skopri.<\/h2>\n<\/div><\/div><\/div><\/div><\/div><\/div><\/div><\/section><section class=\"l-section wpb_row height_medium with_img parallax_ver\"><div class=\"l-section-img\" role=\"img\" data-img-width=\"1024\" data-img-height=\"683\" style=\"background-image: url(https:\/\/www.revierwelt.de\/wp-content\/uploads\/2018\/01\/170301-0001-2.jpg);\"><\/div><div class=\"l-section-overlay\" style=\"background:rgba(72,108,75,0.5)\"><\/div><div class=\"l-section-h i-cf\"><div class=\"g-cols vc_row via_flex valign_top type_default stacking_default\"><div class=\"vc_col-sm-12 wpb_column vc_column_container\"><div class=\"vc_column-inner\"><div class=\"wpb_wrapper\"><div class=\"w-grid type_grid layout_25853 cols_5 ratio_1x1\" id=\"us_grid_1\" style=\"--columns:5;--gap:2px;--item-ratio:1;\" data-filterable=\"true\"><style>@media (max-width:1380px){#us_grid_1{--columns:3!important}}@media (max-width:1024px){#us_grid_1{--columns:2!important}}@media (max-width:600px){#us_grid_1{--columns:1!important}}.layout_25853 .w-grid-item-h{}.layout_25853 .usg_post_custom_field_1{transition-duration:0.4s;transform-origin:50% 50%;transform:scale(0) translate(0,0);opacity:0}.layout_25853 .w-grid-item-h:hover .usg_post_custom_field_1{transform:scale(1.5) translate(0,0);opacity:1}.layout_25853 .usg_vwrapper_1{transition-duration:0.4s;transform-origin:50% 50%;transform:scale(0) translate(0,0);opacity:0}.layout_25853 .w-grid-item-h:hover .usg_vwrapper_1{transform:scale(1) translate(0,0);opacity:1}.layout_25853 .usg_post_image_1{position:absolute!important;top:0!important;right:0!important;bottom:0!important;left:0!important}.layout_25853 .usg_post_custom_field_1{position:absolute!important;top:0!important;right:0!important;bottom:0!important;left:0!important;border-radius:50!important;padding:2rem!important;background:inherit!important}.layout_25853 .usg_vwrapper_1{position:absolute!important;top:0!important;right:0!important;bottom:0!important;left:0!important;padding:2rem!important}.layout_25853 .usg_post_title_1{color:inherit!important}<\/style><div class=\"w-grid-list\">\t<article class=\"w-grid-item size_1x1 post-28473 us_portfolio type-us_portfolio status-publish has-post-thumbnail hentry us_portfolio_category-revierwelt\" data-id=\"28473\">\r\n\t\t<div class=\"w-grid-item-h\" style=\"background:#f2f2f2;color:#486c4b;\">\r\n\t\t\t\t\t\t\t<a href=\"https:\/\/www.revierwelt.de\/index.php\/portfolio\/fleischverwaltung\/\" class=\"w-grid-item-anchor\" aria-label=\"Fleischverwaltung\"><\/a>\r\n\t\t\t\t\t\t<div class=\"w-post-elm post_image usg_post_image_1 stretched\"><img loading=\"lazy\" decoding=\"async\" width=\"573\" height=\"573\" src=\"https:\/\/www.revierwelt.de\/wp-content\/uploads\/2022\/03\/frisches_wild_qua.png\" class=\"attachment-us_600_0 size-us_600_0 wp-post-image\" alt=\"\" \/><\/div><div class=\"w-post-elm post_custom_field usg_post_custom_field_1 type_text  color_link_inherit has_border_radius\"><span class=\"w-post-elm-value\"><\/span><\/div><div class=\"w-vwrapper usg_vwrapper_1 align_center valign_middle\"><h3 class=\"w-post-elm post_title usg_post_title_1 has_text_color align_center entry-title color_link_inherit\">Fleischverwaltung<\/h3><\/div>\t\t<\/div>\r\n\t\t\t<\/article>\r\n\t<article class=\"w-grid-item size_1x1 post-26717 us_portfolio type-us_portfolio status-publish has-post-thumbnail hentry us_portfolio_category-revierwelt\" data-id=\"26717\">\r\n\t\t<div class=\"w-grid-item-h\" style=\"background:#f2f2f2;color:#486c4b;\">\r\n\t\t\t\t\t\t\t<a href=\"https:\/\/www.revierwelt.de\/index.php\/portfolio\/drueckjagd\/\" class=\"w-grid-item-anchor\" aria-label=\"Dr\u00fcckjagd\"><\/a>\r\n\t\t\t\t\t\t<div class=\"w-post-elm post_image usg_post_image_1 stretched\"><img loading=\"lazy\" decoding=\"async\" width=\"600\" height=\"600\" src=\"https:\/\/www.revierwelt.de\/wp-content\/uploads\/2020\/05\/DRU\u0308CKJAGD_qua.jpg\" class=\"attachment-us_600_0 size-us_600_0 wp-post-image\" alt=\"\" \/><\/div><div class=\"w-post-elm post_custom_field usg_post_custom_field_1 type_text  color_link_inherit has_border_radius\"><span class=\"w-post-elm-value\"><\/span><\/div><div class=\"w-vwrapper usg_vwrapper_1 align_center valign_middle\"><h3 class=\"w-post-elm post_title usg_post_title_1 has_text_color align_center entry-title color_link_inherit\">Dr\u00fcckjagd<\/h3><\/div>\t\t<\/div>\r\n\t\t\t<\/article>\r\n\t<article class=\"w-grid-item size_1x1 post-23142 us_portfolio type-us_portfolio status-publish has-post-thumbnail hentry us_portfolio_category-revierwelt\" data-id=\"23142\">\r\n\t\t<div class=\"w-grid-item-h\" style=\"background:#f2f2f2;color:#486c4b;\">\r\n\t\t\t\t\t\t\t<a href=\"https:\/\/www.revierwelt.de\/index.php\/portfolio\/revierverwaltung\/\" class=\"w-grid-item-anchor\" aria-label=\"Revierverwaltung\"><\/a>\r\n\t\t\t\t\t\t<div class=\"w-post-elm post_image usg_post_image_1 stretched\"><img loading=\"lazy\" decoding=\"async\" width=\"600\" height=\"600\" src=\"https:\/\/www.revierwelt.de\/wp-content\/uploads\/2018\/01\/revierverwaltung-1-1-600x600.jpg\" class=\"attachment-us_600_0 size-us_600_0 wp-post-image\" alt=\"\" srcset=\"https:\/\/www.revierwelt.de\/wp-content\/uploads\/2018\/01\/revierverwaltung-1-1-600x600.jpg 600w, https:\/\/www.revierwelt.de\/wp-content\/uploads\/2018\/01\/revierverwaltung-1-1-150x150.jpg 150w, https:\/\/www.revierwelt.de\/wp-content\/uploads\/2018\/01\/revierverwaltung-1-1-300x300.jpg 300w, https:\/\/www.revierwelt.de\/wp-content\/uploads\/2018\/01\/revierverwaltung-1-1-768x768.jpg 768w, https:\/\/www.revierwelt.de\/wp-content\/uploads\/2018\/01\/revierverwaltung-1-1.jpg 1024w, https:\/\/www.revierwelt.de\/wp-content\/uploads\/2018\/01\/revierverwaltung-1-1-180x180.jpg 180w, https:\/\/www.revierwelt.de\/wp-content\/uploads\/2018\/01\/revierverwaltung-1-1-350x350.jpg 350w\" sizes=\"auto, (max-width: 600px) 100vw, 600px\" \/><\/div><div class=\"w-post-elm post_custom_field usg_post_custom_field_1 type_text  color_link_inherit has_border_radius\"><span class=\"w-post-elm-value\"><\/span><\/div><div class=\"w-vwrapper usg_vwrapper_1 align_center valign_middle\"><h3 class=\"w-post-elm post_title usg_post_title_1 has_text_color align_center entry-title color_link_inherit\">Revierverwaltung<\/h3><\/div>\t\t<\/div>\r\n\t\t\t<\/article>\r\n\t<article class=\"w-grid-item size_1x1 post-331 us_portfolio type-us_portfolio status-publish has-post-thumbnail hentry us_portfolio_category-revierwelt\" data-id=\"331\">\r\n\t\t<div class=\"w-grid-item-h\" style=\"background:#f2f2f2;color:#486c4b;\">\r\n\t\t\t\t\t\t\t<a href=\"https:\/\/www.revierwelt.de\/index.php\/portfolio\/gps-hundeortung\/\" class=\"w-grid-item-anchor\" aria-label=\"GPS-Hundeortung\"><\/a>\r\n\t\t\t\t\t\t<div class=\"w-post-elm post_image usg_post_image_1 stretched\"><img loading=\"lazy\" decoding=\"async\" width=\"600\" height=\"600\" src=\"https:\/\/www.revierwelt.de\/wp-content\/uploads\/2018\/01\/Dru\u0308ckjagd_iphone_qua2.png\" class=\"attachment-us_600_0 size-us_600_0 wp-post-image\" alt=\"\" \/><\/div><div class=\"w-post-elm post_custom_field usg_post_custom_field_1 type_text  color_link_inherit has_border_radius\"><span class=\"w-post-elm-value\"><\/span><\/div><div class=\"w-vwrapper usg_vwrapper_1 align_center valign_middle\"><h3 class=\"w-post-elm post_title usg_post_title_1 has_text_color align_center entry-title color_link_inherit\">GPS-Hundeortung<\/h3><\/div>\t\t<\/div>\r\n\t\t\t<\/article>\r\n\t<article class=\"w-grid-item size_1x1 post-23138 us_portfolio type-us_portfolio status-publish has-post-thumbnail hentry us_portfolio_category-revierwelt\" data-id=\"23138\">\r\n\t\t<div class=\"w-grid-item-h\" style=\"background:#f2f2f2;color:#486c4b;\">\r\n\t\t\t\t\t\t\t<a href=\"https:\/\/www.revierwelt.de\/index.php\/portfolio\/wildkameras\/\" class=\"w-grid-item-anchor\" aria-label=\"Wildkameras\"><\/a>\r\n\t\t\t\t\t\t<div class=\"w-post-elm post_image usg_post_image_1 stretched\"><img loading=\"lazy\" decoding=\"async\" width=\"600\" height=\"600\" src=\"https:\/\/www.revierwelt.de\/wp-content\/uploads\/2018\/01\/WILDKAMERA_wald_qua.jpg\" class=\"attachment-us_600_0 size-us_600_0 wp-post-image\" alt=\"\" \/><\/div><div class=\"w-post-elm post_custom_field usg_post_custom_field_1 type_text  color_link_inherit has_border_radius\"><span class=\"w-post-elm-value\"><\/span><\/div><div class=\"w-vwrapper usg_vwrapper_1 align_center valign_middle\"><h3 class=\"w-post-elm post_title usg_post_title_1 has_text_color align_center entry-title color_link_inherit\">Wildkameras<\/h3><\/div>\t\t<\/div>\r\n\t\t\t<\/article>\r\n<\/div><div class=\"w-grid-preloader\">\t<div class=\"g-preloader type_1\">\r\n\t\t<div><\/div>\r\n\t<\/div>\r\n\t<\/div>\t<div class=\"w-grid-json hidden\" onclick='return {&quot;action&quot;:&quot;us_ajax_grid&quot;,&quot;infinite_scroll&quot;:0,&quot;max_num_pages&quot;:2,&quot;pagination&quot;:&quot;none&quot;,&quot;template_vars&quot;:{&quot;columns&quot;:&quot;5&quot;,&quot;exclude_items&quot;:&quot;none&quot;,&quot;img_size&quot;:&quot;us_600_0&quot;,&quot;ignore_items_size&quot;:0,&quot;items_layout&quot;:&quot;25853&quot;,&quot;items_offset&quot;:&quot;1&quot;,&quot;load_animation&quot;:&quot;none&quot;,&quot;overriding_link&quot;:&quot;%7B%22type%22%3A%22post%22%7D&quot;,&quot;post_id&quot;:0,&quot;query_args&quot;:{&quot;post_type&quot;:[&quot;us_portfolio&quot;],&quot;tax_query&quot;:[{&quot;taxonomy&quot;:&quot;us_portfolio_category&quot;,&quot;field&quot;:&quot;slug&quot;,&quot;terms&quot;:[&quot;revierwelt&quot;]}],&quot;post_status&quot;:[&quot;publish&quot;],&quot;posts_per_page&quot;:&quot;5&quot;},&quot;orderby_query_args&quot;:{&quot;orderby&quot;:{&quot;date&quot;:&quot;DESC&quot;}},&quot;type&quot;:&quot;grid&quot;,&quot;us_grid_post_type&quot;:&quot;us_portfolio&quot;,&quot;us_grid_ajax_index&quot;:1,&quot;us_grid_filter_query_string&quot;:null,&quot;us_grid_index&quot;:1,&quot;page_args&quot;:[]}}'><\/div>\r\n\t<\/div><\/div><\/div><\/div><\/div><\/div><\/section><section class=\"l-section wpb_row height_medium color_primary\"><div class=\"l-section-h i-cf\"><div class=\"g-cols vc_row via_flex valign_top type_default stacking_default\"><div class=\"vc_col-sm-12 wpb_column vc_column_container us_animate_afb\"><div class=\"vc_column-inner\"><div class=\"wpb_wrapper\"><div class=\"w-actionbox color_primary controls_right\"><div class=\"w-actionbox-text\"><h2 class=\"w-actionbox-title\">Ikkonvin\u010bi lilek innifsek minn Revierwelt!<\/h2><\/div><div class=\"w-actionbox-controls\"><a class=\"w-btn us-btn-style_6 icon_atleft\" href=\"https:\/\/portal.revierwelt.de\/\" style=\"font-size:19px;\"><i class=\"fas fa-user-plus\"><\/i><span class=\"w-btn-label\">Irre\u0121istra issa!<\/span><\/a><\/div><\/div><\/div><\/div><\/div><\/div><\/div><\/section>\n","protected":false},"excerpt":{"rendered":"REVIERWELT. Wildkamera. Wissen, was l\u00e4uft. Sie k\u00f6nnen nicht rund um die Uhr im Revier sein, um zu wissen was l\u00e4uft. Eine Wildkamera mit GPRS-Funktion dagegen schon \u2013 ihre Bilder zeigen Ihnen, wo sich welches Wild momentan im Revier bewegt. Sie k\u00f6nnen fast jede am Markt erh\u00e4ltliche Kamera mit Revierwelt verwenden. Kameras der Revierwelt-Edition lassen sich...","protected":false},"author":4,"featured_media":0,"parent":0,"menu_order":0,"comment_status":"closed","ping_status":"closed","template":"","meta":{"footnotes":""},"class_list":["post-40158","page","type-page","status-publish","hentry"],"_links":{"self":[{"href":"https:\/\/www.revierwelt.de\/index.php\/wp-json\/wp\/v2\/pages\/40158","targetHints":{"allow":["GET"]}}],"collection":[{"href":"https:\/\/www.revierwelt.de\/index.php\/wp-json\/wp\/v2\/pages"}],"about":[{"href":"https:\/\/www.revierwelt.de\/index.php\/wp-json\/wp\/v2\/types\/page"}],"author":[{"embeddable":true,"href":"https:\/\/www.revierwelt.de\/index.php\/wp-json\/wp\/v2\/users\/4"}],"replies":[{"embeddable":true,"href":"https:\/\/www.revierwelt.de\/index.php\/wp-json\/wp\/v2\/comments?post=40158"}],"version-history":[{"count":0,"href":"https:\/\/www.revierwelt.de\/index.php\/wp-json\/wp\/v2\/pages\/40158\/revisions"}],"wp:attachment":[{"href":"https:\/\/www.revierwelt.de\/index.php\/wp-json\/wp\/v2\/media?parent=40158"}],"curies":[{"name":"wp","href":"https:\/\/api.w.org\/{rel}","templated":true}]}}