{"id":39788,"date":"2025-02-25T11:48:49","date_gmt":"2025-02-25T10:48:49","guid":{"rendered":"https:\/\/revierwelt.de\/index.php\/personuverndarstefnu\/"},"modified":"2025-02-25T11:49:00","modified_gmt":"2025-02-25T10:49:00","slug":"personuverndarstefnu","status":"publish","type":"page","link":"https:\/\/www.revierwelt.de\/index.php\/personuverndarstefnu\/?lang=is","title":{"rendered":"pers\u00f3nuverndarstefnu"},"content":{"rendered":"<section class=\"l-section wpb_row height_medium\"><div class=\"l-section-h i-cf\"><div class=\"g-cols vc_row via_flex valign_top type_default stacking_default\"><div class=\"vc_col-sm-12 wpb_column vc_column_container\"><div class=\"vc_column-inner\"><div class=\"wpb_wrapper\"><div class=\"wpb_text_column\"><div class=\"wpb_wrapper\"><p>Vi\u00f0, Revierwelt Media GmbH, erum \u00e1n\u00e6g\u00f0 me\u00f0 heims\u00f3kn \u00fe\u00edna \u00e1 vefs\u00ed\u00f0u okkar me\u00f0 yfirgripsmiklu nettilbo\u00f0i okkar sem tengist vei\u00f0um. Revierwelt Media er veitandi umd\u00e6misstj\u00f3rnunarhugb\u00fana\u00f0arins \u201c REVIERWELT \u201d me\u00f0 sam\u00fe\u00e6ttu samf\u00e9lagsneti og m\u00f6guleika \u00e1 samskiptum \u00e1 netinu. Margmi\u00f0lunar\u00farval \u00fej\u00f3nustunnar sem REVIERWELT b\u00fd\u00f0ur upp \u00e1 er \u00e1valt me\u00f0 netverslun til kaupa \u00e1 v\u00f6rum sem tengjast notkun REVIERWELT \u2013 h\u00e9r \u00e1 eftir k\u00f6llu\u00f0 \u201e\u00fej\u00f3nusta okkar\u201c.  <\/p>\n<p>Vernd pers\u00f3nuuppl\u00fdsinga \u00feinna vi\u00f0 s\u00f6fnun \u00feeirra, vinnslu og notkun er okkur mikilv\u00e6g. Eftirfarandi yfirl\u00fdsingar eiga ekki vi\u00f0 um v\u00f6rur sem \u00feri\u00f0ju a\u00f0ilar bj\u00f3\u00f0a \u00ed gegnum REVIERWELT . \u00deess vegna skaltu fylgjast me\u00f0 v\u00f6rus\u00e9rt\u00e6kum notkunarskilm\u00e1lum fyrir v\u00f6rur \u00feri\u00f0ja a\u00f0ila.  <\/p>\n<p>\u00cd \u00feessari pers\u00f3nuverndarstefnu veitum vi\u00f0 \u00fe\u00e9r yfirlit yfir hvernig vi\u00f0 vinnum me\u00f0 pers\u00f3nuuppl\u00fdsingar \u00fe\u00ednar \u00feegar \u00fe\u00fa notar \u00fej\u00f3nustu okkar, \u00ed samr\u00e6mi vi\u00f0 uppl\u00fdsingaskyldur okkar samkv\u00e6mt evr\u00f3psku almennu pers\u00f3nuverndarregluger\u00f0inni (GDPR), sem t\u00f3k gildi 25. ma\u00ed 2018. \u00deau gilda \u00f3h\u00e1\u00f0 \u00fev\u00ed hvort \u00fe\u00fa ert skr\u00e1\u00f0ur hj\u00e1 okkur e\u00f0a ekki, hvort sem \u00fe\u00fa heims\u00e6kir einfaldlega vefs\u00ed\u00f0ur okkar (www.revierwelt.de\/.com) e\u00f0a hvort \u00fe\u00fa b\u00f3kar og notar \u00f3keypis og greidd forrit og \u00f6pp. <\/p>\n<p>Me\u00f0 \u00fev\u00ed a\u00f0 nota \u00fej\u00f3nustu okkar sam\u00feykkir \u00fe\u00fa vinnslu gagna \u00feinna \u00ed samr\u00e6mi vi\u00f0 \u00feessa pers\u00f3nuverndarstefnu.<\/p>\n<p>EF \u00de\u00da SAM\u00deYKKIR EKKI SKILMARNAR \u00deESSARAR PERSONVERNARREGLUR \u00c1TTU EKKI A\u00d0 NOTA \u00deJ\u00d3NUSTA OKKAR.<\/p>\n<p><strong>\u00a7 1 Uppl\u00fdsingar um s\u00f6fnun pers\u00f3nuuppl\u00fdsinga<\/strong><\/p>\n<p>(1) H\u00e9r \u00e1 eftir uppl\u00fdsum vi\u00f0 \u00feig um s\u00f6fnun pers\u00f3nuuppl\u00fdsinga \u00feegar \u00fe\u00fa notar \u00fej\u00f3nustu okkar. \u201ePers\u00f3nuuppl\u00fdsingar\u201c \u00ed skilningi 4. gr. 1. almennu pers\u00f3nuverndarregluger\u00f0arinnar eru: <\/p>\n<p>\u201e&#8230;allar uppl\u00fdsingar sem var\u00f0a au\u00f0kenndan e\u00f0a au\u00f0kennanlegan einstakling (h\u00e9r \u00e1 eftir \u201eskr\u00e1\u00f0ur einstaklingur\u201c); \u201eEinstaklingur telst au\u00f0kenndur ef h\u00e6gt er a\u00f0 bera kennsl \u00e1 hann, beint e\u00f0a \u00f3beint, einkum me\u00f0 tilv\u00edsun \u00ed au\u00f0kenni eins og nafn, kennit\u00f6lu, sta\u00f0setningarg\u00f6gn, au\u00f0kenni \u00e1 netinu e\u00f0a til eins e\u00f0a fleiri \u00fe\u00e1tta sem eru s\u00e9rstakir fyrir l\u00edkamlega, l\u00edfe\u00f0lisfr\u00e6\u00f0ilega, erf\u00f0afr\u00e6\u00f0ilega, andlega, efnahagslega, menningarlega e\u00f0a f\u00e9lagslega au\u00f0kenni vi\u00f0komandi einstaklings.\u201c<\/p>\n<p>(2) \u00c1byrg\u00f0ara\u00f0ili samkv\u00e6mt 4. gr. nr. 7 \u00ed almennu pers\u00f3nuverndarregluger\u00f0 ESB (GDPR) er Revierwelt Media GmbH, Pestalozzistra\u00dfe 41, 35606 Solms (fyrir frekari uppl\u00fdsingar sj\u00e1 lagalega tilkynningu). <\/p>\n<p>(3) \u00deegar \u00fe\u00fa skr\u00e1ir \u00feig hj\u00e1 REVIERWELT til a\u00f0 nota \u00fej\u00f3nustu okkar, haf\u00f0u samband vi\u00f0 okkur me\u00f0 t\u00f6lvup\u00f3sti e\u00f0a me\u00f0 snertingarey\u00f0ubla\u00f0i, ver\u00f0a g\u00f6gnin sem \u00fe\u00fa gefur upp (netfangi\u00f0 \u00feitt, ef vi\u00f0 \u00e1 nafn \u00feitt, s\u00edman\u00famer og \u00f6ll \u00f6nnur g\u00f6gn sem \u00fe\u00fa gefur okkur) geymd af okkur. Vi\u00f0 ey\u00f0i g\u00f6gnunum sem safna\u00f0 er \u00ed \u00feessu samhengi \u00feegar ekki er lengur \u00fe\u00f6rf \u00e1 geymslu e\u00f0a takm\u00f6rkum vinnslu ef \u00fea\u00f0 eru l\u00f6gbundnir var\u00f0veislut\u00edmar. <\/p>\n<p>(4) \u00dear sem vernd barna er mj\u00f6g mikilv\u00e6g leyfum vi\u00f0 ekki skr\u00e1ningu notenda undir 16 \u00e1ra aldri. Ef \u00fe\u00fa sem foreldri e\u00f0a forr\u00e1\u00f0ama\u00f0ur kemst a\u00f0 \u00fev\u00ed a\u00f0 b\u00f6rnin \u00fe\u00edn hafa skr\u00e1\u00f0 sig \u00e1 \u00fej\u00f3nustu okkar og sent okkur pers\u00f3nuleg g\u00f6gn, getur\u00f0u haft samband vi\u00f0 okkur me\u00f0 \u00fev\u00ed a\u00f0 nota tengili\u00f0auppl\u00fdsingarnar sem gefnar eru upp h\u00e9r a\u00f0 ofan. <\/p>\n<p><strong>2. \u00a7 Tilgangur gagnavinnslu<\/strong><\/p>\n<p>(1) Vi\u00f0 s\u00f6fnum og vinnum \u00far pers\u00f3nuuppl\u00fdsingum \u00fe\u00ednum \u00ed \u00feeim tilgangi a\u00f0 geta veitt \u00fe\u00e9r \u00fej\u00f3nustu okkar, til a\u00f0 b\u00e6ta og \u00fer\u00f3a hana st\u00f6\u00f0ugt, tryggja t\u00e6knilega virkni \u00feeirra og tryggja \u00f6ryggi \u00fej\u00f3nustu okkar.<\/p>\n<p>(2) Vi\u00f0 notum g\u00f6gnin \u00fe\u00edn til a\u00f0 veita \u00fe\u00e9r \u00fej\u00f3nustu okkar \u00ed samr\u00e6mi vi\u00f0 notkun \u00fe\u00edna, til a\u00f0 bj\u00f3\u00f0a \u00fe\u00e9r vi\u00f0b\u00f3taruppl\u00fdsingar og tilbo\u00f0 sem tengjast \u00fej\u00f3nustu okkar sem vi\u00f0 teljum vera s\u00e9rsni\u00f0in a\u00f0 \u00fe\u00ednum \u00fe\u00f6rfum og til a\u00f0 kynna \u00fe\u00e9r notendaupplifun sem vi\u00f0 teljum a\u00f0 s\u00e9 s\u00e9rsni\u00f0in.<\/p>\n<p>(3) Vi\u00f0 bj\u00f3\u00f0um \u00fe\u00e9r upp \u00e1 mismunandi lei\u00f0ir til a\u00f0 grei\u00f0a fyrir gjaldskylda \u00fej\u00f3nustu. S\u00f6fnun og vinnsla reikningsgagna sem hluti af grei\u00f0sluferlinu fer eing\u00f6ngu fram af \u00fej\u00f3nustuveitunni sem \u00fe\u00fa hefur vali\u00f0 \u00ed samr\u00e6mi vi\u00f0 gagnavernd hans og samningsskilm\u00e1la. <\/p>\n<p>(4) Vi\u00f0 fullvissum \u00feig um a\u00f0 vi\u00f0 munum aldrei mi\u00f0la g\u00f6gnum \u00fe\u00ednum til \u00feri\u00f0ja a\u00f0ila, a\u00f0 undanskildum \u00feeim \u00feri\u00f0ju a\u00f0ilum sem hafa veri\u00f0 fali\u00f0 beint af okkur a\u00f0 veita \u00fej\u00f3nustu okkar og sem hafa veri\u00f0 skylda\u00f0ir af okkur til a\u00f0 fara a\u00f0 gagnavernd \u00ed samr\u00e6mi vi\u00f0 \u00e1kv\u00e6\u00f0i almennu pers\u00f3nuverndarregluger\u00f0arinnar.<\/p>\n<p><strong>\u00a7 3 R\u00e9ttindi \u00fe\u00edn<\/strong><\/p>\n<p>(1) \u00de\u00fa hefur eftirfarandi r\u00e9ttindi me\u00f0 tilliti til pers\u00f3nuuppl\u00fdsinga um \u00feig:<\/p>\n<p>&#8211; R\u00e9ttur til uppl\u00fdsinga,<br \/>\n \u2013 R\u00e9ttur til lei\u00f0r\u00e9ttingar e\u00f0a ey\u00f0ingar,<br \/>\n &#8211; R\u00e9ttur til takm\u00f6rkunar \u00e1 vinnslu,<br \/>\n &#8211; R\u00e9ttur til a\u00f0 andm\u00e6la vinnslu,<br \/>\n \u2013 R\u00e9ttur til gagnaflutnings.<\/p>\n<p>(2) \u00de\u00fa hefur einnig r\u00e9tt til a\u00f0 kvarta til gagnaverndareftirlitsyfirvalds vegna vinnslu okkar \u00e1 pers\u00f3nuuppl\u00fdsingunum \u00fe\u00ednum.<\/p>\n<p><strong>\u00a7 4 S\u00f6fnun pers\u00f3nuuppl\u00fdsinga \u00feegar \u00fe\u00fa heims\u00e6kir vefs\u00ed\u00f0u okkar<\/strong><\/p>\n<p>(1) Ef \u00fe\u00fa notar vefs\u00ed\u00f0u okkar eing\u00f6ngu \u00ed uppl\u00fdsingaskyni, \u00fe.e.a.s. ef \u00fe\u00fa skr\u00e1ir \u00feig ekki e\u00f0a gefur okkur uppl\u00fdsingar \u00e1 annan h\u00e1tt, s\u00f6fnum vi\u00f0 a\u00f0eins \u00feeim pers\u00f3nuuppl\u00fdsingum sem vafrinn \u00feinn sendir til net\u00fej\u00f3nsins okkar. Ef \u00fe\u00fa vilt sko\u00f0a vefs\u00ed\u00f0u okkar, s\u00f6fnum vi\u00f0 eftirfarandi g\u00f6gnum, sem eru t\u00e6knilega nau\u00f0synleg fyrir okkur til a\u00f0 birta vefs\u00ed\u00f0u okkar til \u00fe\u00edn og til a\u00f0 tryggja st\u00f6\u00f0ugleika og \u00f6ryggi (lagagrundv\u00f6llurinn er 6. mgr. 1. li\u00f0ur 1. li\u00f0ur f GDPR): <\/p>\n<p>&#8211; IP t\u00f6lu<br \/>\n &#8211; Dagsetning og t\u00edmi bei\u00f0ninnar<br \/>\n &#8211; Munur \u00e1 t\u00edmabelti og Greenwich Mean Time (GMT)<br \/>\n &#8211; Innihald bei\u00f0ninnar (s\u00e9rst\u00f6k s\u00ed\u00f0a)<br \/>\n \u2013 A\u00f0gangssta\u00f0a\/HTTP st\u00f6\u00f0uk\u00f3\u00f0i<br \/>\n \u2013 magn gagna sem flutt er \u00ed hverju tilviki<br \/>\n \u2013 Vefs\u00ed\u00f0a sem bei\u00f0nin kemur fr\u00e1<br \/>\n &#8211; Vafri<br \/>\n \u2013 St\u00fdrikerfi og vi\u00f0m\u00f3t \u00feess<br \/>\n &#8211; Tungum\u00e1l og \u00fatg\u00e1fa vafrahugb\u00fana\u00f0arins<\/p>\n<p>(2) Til vi\u00f0b\u00f3tar vi\u00f0 g\u00f6gnin sem nefnd eru h\u00e9r a\u00f0 ofan eru vafrak\u00f6kur geymdar \u00e1 t\u00f6lvunni \u00feinni \u00feegar \u00fe\u00fa notar vefs\u00ed\u00f0ur okkar. Vafrak\u00f6kur eru litlar textaskr\u00e1r sem eru geymdar \u00e1 har\u00f0a disknum \u00fe\u00ednum og tengdar vafranum sem \u00fe\u00fa notar, \u00fe\u00e6r leyfa a\u00f0 \u00e1kve\u00f0nar uppl\u00fdsingar s\u00e9u sendar \u00e1 sta\u00f0inn sem setti k\u00f6kurnar (h\u00e9r, \u00feetta erum vi\u00f0). Vafrak\u00f6kur geta ekki keyrt forrit e\u00f0a sent v\u00edrusa \u00ed t\u00f6lvuna \u00fe\u00edna. \u00deeir \u00fej\u00f3na til a\u00f0 gera interneti\u00f0 notendav\u00e6nna og skilvirkara \u00ed heildina.   <\/p>\n<p>(3) Notkun \u00e1 vafrak\u00f6kum:<\/p>\n<p>a) Vefs\u00ed\u00f0ur okkar nota eftirfarandi ger\u00f0ir af vafrak\u00f6kum, umfang og virkni \u00feeirra er \u00fatsk\u00fdrt h\u00e9r a\u00f0 ne\u00f0an:<\/p>\n<p>\u2013 Skammt\u00edmak\u00f6kur (sj\u00e1 b)<br \/>\n \u2013 Vi\u00f0varandi sm\u00e1k\u00f6kur (sj\u00e1 c).<\/p>\n<p>b) T\u00edmabundnum vafrak\u00f6kum er sj\u00e1lfkrafa eytt \u00feegar \u00fe\u00fa lokar vafranum. \u00dear \u00e1 me\u00f0al eru einkum lotuk\u00f6kur. \u00deessir geyma svokalla\u00f0 lotuau\u00f0kenni, sem h\u00e6gt er a\u00f0 \u00fathluta \u00fdmsum bei\u00f0num fr\u00e1 vafranum \u00fe\u00ednum til sameiginlegu lotunnar. \u00deetta gerir t\u00f6lvunni \u00feinni kleift a\u00f0 bera kennsl \u00e1 \u00feegar \u00fe\u00fa kemur aftur \u00e1 vefs\u00ed\u00f0u okkar. Setuk\u00f6kunum er eytt \u00feegar \u00fe\u00fa skr\u00e1ir \u00feig \u00fat e\u00f0a lokar vafranum.    <\/p>\n<p>c) Vi\u00f0varandi vafrak\u00f6kum er sj\u00e1lfkrafa eytt eftir tiltekinn t\u00edma, sem getur veri\u00f0 mismunandi eftir vafrak\u00f6kum. \u00de\u00fa getur eytt vafrak\u00f6kum sj\u00e1lfur hven\u00e6r sem er \u00ed \u00f6ryggisstillingum vafrans \u00fe\u00edns. Vi\u00f0varandi vafrak\u00f6kur gera okkur kleift a\u00f0 \u00feekkja \u00feig \u00feegar \u00fe\u00fa heims\u00e6kir okkur aftur og gera heims\u00f3kn \u00fe\u00edna eins einfalda og skilvirka og \u00fe\u00fa vilt.  <\/p>\n<p>d) \u00de\u00fa getur stillt vafrastillingar \u00fe\u00ednar eftir \u00fe\u00ednum \u00f3skum og td. B. neita a\u00f0 sam\u00feykkja vafrak\u00f6kur fr\u00e1 \u00feri\u00f0ja a\u00f0ila e\u00f0a allar vafrak\u00f6kur. Vi\u00f0 viljum benda \u00e1 a\u00f0 \u00fe\u00fa g\u00e6tir \u00fe\u00e1 ekki nota\u00f0 allar a\u00f0ger\u00f0ir vefs\u00ed\u00f0unnar okkar. <\/p>\n<p>e) Vi\u00f0 notum vafrak\u00f6kur til a\u00f0 au\u00f0kenna \u00feig fyrir s\u00ed\u00f0ari heims\u00f3knir ef \u00fe\u00fa ert me\u00f0 reikning hj\u00e1 okkur. Annars \u00feyrftir\u00f0u a\u00f0 skr\u00e1 \u00feig inn aftur fyrir hverja heims\u00f3kn. <\/p>\n<p><strong>\u00a7 5 S\u00f6fnun pers\u00f3nuuppl\u00fdsinga \u00feegar \u00fe\u00fa notar \u00fej\u00f3nustu okkar<\/strong><\/p>\n<p>(1) \u00deegar \u00fe\u00fa skr\u00e1ir \u00feig til a\u00f0 nota \u00fej\u00f3nustu okkar sam\u00feykkir \u00fe\u00fa s\u00e9rstakan <a href=\"https:\/\/revierwelt.de\/index.php\/nutzungsvereinbarung\"><strong>notendasamning<\/strong><\/a> okkar, sem felur \u00ed s\u00e9r frekari s\u00f6fnun, geymslu og vinnslu gagna. Vi\u00f0komandi umfang fer eftir einst\u00f6kum \u00fej\u00f3nustum sem \u00fe\u00fa notar \u00far tilbo\u00f0i okkar. <\/p>\n<p>(2) Me\u00f0 \u00fev\u00ed a\u00f0 skr\u00e1 \u00feig til a\u00f0 nota \u00fej\u00f3nustu okkar ver\u00f0ur a\u00f0 minnsta kosti eftirfarandi vi\u00f0b\u00f3targ\u00f6gnum safna\u00f0, sem \u00fe\u00fa ert skuldbundinn til a\u00f0 veita me\u00f0 sanni \u00ed samr\u00e6mi vi\u00f0 notendasamning okkar:<\/p>\n<p>&#8211; Eftirnafn<br \/>\n &#8211; Fornafn<br \/>\n &#8211; Kve\u00f0ja<br \/>\n &#8211; F\u00e6\u00f0ingardagur<br \/>\n \u2013 N\u00fdtingarland<br \/>\n &#8211; fars\u00edman\u00famer<br \/>\n &#8211; Netfang<br \/>\n &#8211; Pers\u00f3nulegt lykilor\u00f0<\/p>\n<p>(3) \u00deegar \u00fe\u00fa gerir \u00e1skrift a\u00f0 \u00fev\u00ed a\u00f0 nota gjaldskylda \u00fej\u00f3nustu e\u00f0a kaupir \u00e1 v\u00f6rum \u00ed gegnum vefs\u00ed\u00f0u okkar, getur einnig veri\u00f0 nau\u00f0synlegt a\u00f0 safna g\u00f6gnum fyrir \u00e1framhaldandi innheimtu. \u00deessum g\u00f6gnum er safna\u00f0 og unni\u00f0 eing\u00f6ngu af grei\u00f0slu\u00fej\u00f3nustuveitunni sem \u00fe\u00fa hefur vali\u00f0. Engar reikningsuppl\u00fdsingar eru geymdar \u00ed kerfum okkar, a\u00f0eins nafnlausir f\u00e6rslulyklar.  <\/p>\n<p>(4) \u00deegar \u00fe\u00fa notar \u00fej\u00f3nustu okkar getur\u00f0u einnig sj\u00e1lfst\u00e6tt slegi\u00f0 inn vi\u00f0b\u00f3targ\u00f6gn innan \u00fej\u00f3nustu okkar, geymt \u00feau \u00e1 \u00fej\u00f3nustu okkar e\u00f0a fengi\u00f0 \u00feau send til \u00fej\u00f3nustu okkar. \u00deessi g\u00f6gn ver\u00f0a geymd og unnin \u00ed samr\u00e6mi vi\u00f0 notendasamning okkar.<\/p>\n<p>(5) Ef \u00feetta felur \u00ed s\u00e9r notkun \u00e1 <strong>loku\u00f0um notendah\u00f3pi<\/strong> (t.d. umd\u00e6mi), vinsamlega athuga\u00f0u a\u00f0 hver loka\u00f0ur notendah\u00f3pur hefur eiganda sem getur b\u00e6tt vi\u00f0 og fjarl\u00e6gt fleiri notendur og stj\u00f3rnar heimildum notenda innan h\u00f3psins. Me\u00f0 \u00fev\u00ed a\u00f0 b\u00e6ta g\u00f6gnum vi\u00f0 loka\u00f0a notendah\u00f3pinn veitir \u00fe\u00fa eiganda loka\u00f0a notendah\u00f3psins \u00f3takmarka\u00f0an, \u00f3afturkallanlegan og framseljanlegan r\u00e9tt til a\u00f0 nota allt vi\u00f0b\u00e6tt efni og g\u00f6gn. <\/p>\n<p>(6) \u00deegar einstakar \u00fej\u00f3nustur eru nota\u00f0ar ver\u00f0a g\u00f6gn einnig send sj\u00e1lfkrafa til \u00fej\u00f3nustu okkar \u00ed gegnum notkun \u00fe\u00edna e\u00f0a endat\u00e6ki sem \u00fe\u00fa tengir vi\u00f0 \u00fej\u00f3nustu okkar. \u00de\u00fa \u00e1kvar\u00f0ar umfang sendra gagna me\u00f0 \u00fev\u00ed a\u00f0 velja og nota endat\u00e6ki me\u00f0 virkri sendingart\u00e6kni (rakningart\u00e6ki, myndav\u00e9lar, gildruskynjarar osfrv.). \u00d6llum g\u00f6gnum sem send eru til \u00fej\u00f3nustu okkar er safna\u00f0, geymt og unni\u00f0 af okkur \u00ed samr\u00e6mi vi\u00f0 reglur notendasamningsins.  <\/p>\n<p><strong>\u00a7 6 Andm\u00e6li e\u00f0a afturk\u00f6llun gegn vinnslu gagna \u00feinna<\/strong><\/p>\n<p>(1) Ef \u00fe\u00fa hefur gefi\u00f0 sam\u00feykki \u00feitt fyrir vinnslu gagna \u00feinna getur\u00f0u afturkalla\u00f0 \u00feetta sam\u00feykki hven\u00e6r sem er. Sl\u00edk afturk\u00f6llun hefur \u00e1hrif \u00e1 l\u00f6gm\u00e6ti vinnslu pers\u00f3nuuppl\u00fdsinga \u00feinna eftir a\u00f0 \u00fe\u00fa hefur tj\u00e1\u00f0 okkur \u00fe\u00e6r. <\/p>\n<p>(2) Ef vi\u00f0 byggjum vinnslu pers\u00f3nuuppl\u00fdsinga \u00feinna \u00e1 hagsmunajafnv\u00e6gi getur\u00f0u m\u00f3tm\u00e6lt vinnslunni. \u00deetta er raunin ef vinnslan er ekki nau\u00f0synleg, s\u00e9rstaklega til a\u00f0 uppfylla samning vi\u00f0 \u00feig, sem vi\u00f0 munum \u00fatsk\u00fdra \u00ed eftirfarandi l\u00fdsingu \u00e1 a\u00f0ger\u00f0unum. Ef \u00fe\u00fa beitir sl\u00edkum andm\u00e6lum bi\u00f0jum vi\u00f0 \u00feig um a\u00f0 \u00fatsk\u00fdra \u00e1st\u00e6\u00f0ur \u00feess a\u00f0 vi\u00f0 \u00e6ttum ekki a\u00f0 vinna me\u00f0 pers\u00f3nuuppl\u00fdsingar \u00fe\u00ednar eins og vi\u00f0 gerum. Komi fram r\u00f6kstudd andm\u00e6li \u00fe\u00edn munum vi\u00f0 kanna a\u00f0st\u00e6\u00f0ur og anna\u00f0 hvort st\u00f6\u00f0va e\u00f0a breyta gagnavinnslunni e\u00f0a s\u00fdna \u00fe\u00e9r sannf\u00e6randi l\u00f6gm\u00e6tar \u00e1st\u00e6\u00f0ur okkar sem vi\u00f0 h\u00f6ldum vinnslunni \u00e1fram.   <\/p>\n<p>(3) Au\u00f0vita\u00f0 getur\u00f0u m\u00f3tm\u00e6lt vinnslu pers\u00f3nuuppl\u00fdsinga \u00feinna \u00ed augl\u00fdsinga- og gagnagreiningarskyni hven\u00e6r sem er. \u00de\u00fa getur uppl\u00fdst okkur um andm\u00e6li \u00fe\u00edn vi\u00f0 augl\u00fdsingum me\u00f0 \u00fev\u00ed a\u00f0 nota eftirfarandi tengili\u00f0auppl\u00fdsingar: support@revierwelt.de. <\/p>\n<p><strong>\u00a7 7 Sam\u00fe\u00e6tting YouTube myndskei\u00f0a<\/strong><\/p>\n<p>(1) Vi\u00f0 h\u00f6fum sam\u00fe\u00e6tt YouTube myndb\u00f6nd \u00ed netframbo\u00f0i\u00f0 okkar, sem eru geymd \u00e1 <a href=\"http:\/\/www.YouTube.com\">http:\/\/www.YouTube.com<\/a> og h\u00e6gt er a\u00f0 spila \u00feau beint af vefs\u00ed\u00f0unni okkar. \u00deegar \u00fe\u00fa opnar \u00feessi myndb\u00f6nd eru g\u00f6gn flutt yfir \u00e1 YouTube. Vi\u00f0 h\u00f6fum engin \u00e1hrif \u00e1 \u00feennan gagnaflutning.  <\/p>\n<p>(2) Me\u00f0 \u00fev\u00ed a\u00f0 fara \u00e1 samsvarandi vefs\u00ed\u00f0u og f\u00e1 a\u00f0gang a\u00f0 myndbandinu f\u00e6r YouTube \u00fe\u00e6r uppl\u00fdsingar a\u00f0 \u00fe\u00fa hafir fari\u00f0 \u00e1 samsvarandi undirs\u00ed\u00f0u vefs\u00ed\u00f0u okkar. A\u00f0 auki ver\u00f0a g\u00f6gnin sem nefnd eru \u00ed 4. li\u00f0, 1. mgr. \u00feessarar yfirl\u00fdsingar send. \u00deetta gerist \u00f3h\u00e1\u00f0 \u00fev\u00ed hvort YouTube veitir \u00fe\u00e9r notandareikning sem \u00fe\u00fa ert \u00feegar skr\u00e1\u00f0ur inn \u00ed gegnum e\u00f0a hvort enginn notendareikningur er til. Ef \u00fe\u00fa ert skr\u00e1\u00f0ur inn \u00e1 Google ver\u00f0ur g\u00f6gnunum \u00fe\u00ednum \u00fathluta\u00f0 beint \u00e1 Google reikninginn \u00feinn. Ef \u00fe\u00fa vilt ekki vera tengdur vi\u00f0 YouTube pr\u00f3f\u00edlinn \u00feinn ver\u00f0ur \u00fe\u00fa a\u00f0 skr\u00e1 \u00feig \u00fat \u00e1\u00f0ur en \u00fe\u00fa virkjar hnappinn til a\u00f0 f\u00e1 a\u00f0gang a\u00f0 vi\u00f0komandi YouTube myndbandi. YouTube geymir g\u00f6gnin \u00fe\u00edn sem notkunarsni\u00f0 og notar \u00feau \u00ed \u00feeim tilgangi a\u00f0 augl\u00fdsa, marka\u00f0sranns\u00f3knir og\/e\u00f0a sn\u00ed\u00f0a vefs\u00ed\u00f0u s\u00edna a\u00f0 \u00fe\u00ednum \u00fe\u00f6rfum.     <\/p>\n<p>Sl\u00edkt mat er s\u00e9rstaklega framkv\u00e6mt (jafnvel fyrir notendur sem eru ekki skr\u00e1\u00f0ir inn) til a\u00f0 bj\u00f3\u00f0a upp \u00e1 \u00fearfaaugl\u00fdsingar og til a\u00f0 uppl\u00fdsa a\u00f0ra notendur YouTube samf\u00e9lagsnetsins um starfsemi \u00fe\u00edna \u00e1 vefs\u00ed\u00f0unni okkar. \u00de\u00fa hefur r\u00e9tt til a\u00f0 m\u00f3tm\u00e6la stofnun \u00feessara notendapr\u00f3f\u00edla og \u00fe\u00fa ver\u00f0ur a\u00f0 hafa samband vi\u00f0 YouTube til a\u00f0 n\u00fdta \u00feennan r\u00e9tt. <\/p>\n<p>(3) Frekari uppl\u00fdsingar um tilgang og umfang gagnas\u00f6fnunar og vinnslu YouTube er a\u00f0 finna \u00ed pers\u00f3nuverndarstefnu YouTube. \u00dear finnur \u00fe\u00fa einnig frekari uppl\u00fdsingar um r\u00e9ttindi \u00fe\u00edn og stillingarm\u00f6guleika til a\u00f0 vernda fri\u00f0helgi \u00fe\u00edna: https:\/\/www.google.de\/intl\/de\/policies\/privacy. Google vinnur einnig me\u00f0 pers\u00f3nuuppl\u00fdsingar \u00fe\u00ednar \u00ed Bandar\u00edkjunum og hefur sent til EU-US Privacy Shield, https:\/\/www.privacyshield.gov\/EU-US-Framework. <\/p>\n<p><strong>  \u00a7 8 Sam\u00fe\u00e6tting Google korta  <\/strong><\/p>\n<p>(1) Vi\u00f0 notum Google kort \u00e1 vefs\u00ed\u00f0um okkar. \u00deetta gerir okkur kleift a\u00f0 s\u00fdna \u00fe\u00e9r gagnvirk kort beint \u00e1 vefs\u00ed\u00f0unni og gerir \u00fe\u00e9r kleift a\u00f0 nota kortaa\u00f0ger\u00f0ina \u00e1 \u00fe\u00e6gilegan h\u00e1tt. <\/p>\n<p>(2) Me\u00f0 \u00fev\u00ed a\u00f0 heims\u00e6kja samsvarandi vefs\u00ed\u00f0u f\u00e6r Google uppl\u00fdsingarnar um a\u00f0 \u00fe\u00fa hafir fari\u00f0 \u00e1 samsvarandi undirs\u00ed\u00f0u vefs\u00ed\u00f0u okkar. A\u00f0 auki ver\u00f0a g\u00f6gnin sem nefnd eru \u00ed \u00a74, 1. mgr. \u00feessarar yfirl\u00fdsingar send. \u00deetta gerist \u00f3h\u00e1\u00f0 \u00fev\u00ed hvort Google \u00fatvegar \u00fe\u00e9r notandareikning sem \u00fe\u00fa ert \u00feegar skr\u00e1\u00f0ur inn \u00e1 e\u00f0a hvort enginn notendareikningur er til. Ef \u00fe\u00fa ert skr\u00e1\u00f0ur inn \u00e1 Google ver\u00f0ur g\u00f6gnunum \u00fe\u00ednum \u00fathluta\u00f0 beint \u00e1 Google reikninginn \u00feinn. Ef \u00fe\u00fa vilt ekki vera tengdur vi\u00f0 Google pr\u00f3f\u00edlinn \u00feinn ver\u00f0ur \u00fe\u00fa a\u00f0 skr\u00e1 \u00feig \u00fat af Google \u00e1\u00f0ur en \u00fe\u00fa opnar vi\u00f0eigandi undirs\u00ed\u00f0ur \u00fej\u00f3nustu okkar. Google geymir g\u00f6gnin \u00fe\u00edn sem notkunarsni\u00f0 og notar \u00feau \u00ed \u00feeim tilgangi a\u00f0 augl\u00fdsa, marka\u00f0sranns\u00f3knir og\/e\u00f0a sn\u00ed\u00f0a vefs\u00ed\u00f0u s\u00edna a\u00f0 \u00fe\u00ednum \u00fe\u00f6rfum.     <\/p>\n<p>Sl\u00edkt mat er s\u00e9rstaklega framkv\u00e6mt (jafnvel fyrir notendur sem ekki eru innskr\u00e1\u00f0ir) til a\u00f0 bj\u00f3\u00f0a upp \u00e1 \u00fearfaaugl\u00fdsingar og til a\u00f0 uppl\u00fdsa a\u00f0ra notendur samf\u00e9lagsnetsins um starfsemi \u00fe\u00edna \u00e1 vefs\u00ed\u00f0u okkar. \u00de\u00fa hefur r\u00e9tt til a\u00f0 m\u00f3tm\u00e6la stofnun \u00feessara notendapr\u00f3f\u00edla og \u00fe\u00fa ver\u00f0ur a\u00f0 hafa samband vi\u00f0 Google til a\u00f0 n\u00fdta \u00feennan r\u00e9tt. <\/p>\n<p>(3) Frekari uppl\u00fdsingar um tilgang og umfang gagnas\u00f6fnunar og -vinnslu hj\u00e1 vi\u00f0b\u00f3taveitanda er a\u00f0 finna \u00ed pers\u00f3nuverndarstefnu Google. \u00dear finnur \u00fe\u00fa einnig frekari uppl\u00fdsingar um r\u00e9ttindi \u00fe\u00edn og stillingarm\u00f6guleika til a\u00f0 vernda fri\u00f0helgi \u00fe\u00edna: http:\/\/www.google.de\/intl\/de\/policies\/privacy. Google vinnur einnig me\u00f0 pers\u00f3nuuppl\u00fdsingar \u00fe\u00ednar \u00ed Bandar\u00edkjunum og hefur sent til EU-US Privacy Shield, https:\/\/www.privacyshield.gov\/EU-US-Framework. <\/p>\n<p><strong>  9. \u00a7 Sam\u00fe\u00e6tting grei\u00f0slu\u00fej\u00f3nustu<\/strong><\/p>\n<p>(1) Til a\u00f0 bj\u00f3\u00f0a upp \u00e1 mismunandi a\u00f0fer\u00f0ir til a\u00f0 grei\u00f0a fyrir gjaldskylda \u00fej\u00f3nustu fr\u00e1 REVIERWELT , eru \u00fdmsar grei\u00f0slu\u00fej\u00f3nustur og veitendur \u00feeirra, sem stendur fyrst og fremst PayPal og Stripe, nota\u00f0ar.<\/p>\n<p>(2) Vinnsla grei\u00f0sluvi\u00f0skipta krefst beins samkomulags milli \u00fe\u00edn og grei\u00f0slu\u00fej\u00f3nustuveitunnar sem \u00fe\u00fa hefur vali\u00f0, sem felur einnig \u00ed s\u00e9r vinnslu pers\u00f3nuuppl\u00fdsinga og grei\u00f0sluuppl\u00fdsinga.<\/p>\n<p>(3) Til a\u00f0 virkja grei\u00f0sluferli\u00f0 er grunng\u00f6gnum safna\u00f0 \u00e1 me\u00f0an \u00e1 grei\u00f0sluferlinu stendur af v\u00f6ldum \u00fej\u00f3nustuveitanda \u00e1 sam\u00fe\u00e6ttum s\u00ed\u00f0um \u00feess, engar pers\u00f3nulegar uppl\u00fdsingar eru fluttar fr\u00e1 Revierwelt Media til veitanda grei\u00f0slu\u00fej\u00f3nustunnar. Engar reikningsuppl\u00fdsingar eru geymdar \u00ed kerfum okkar, a\u00f0eins nafnlausir f\u00e6rslulyklar. <\/p>\n<p><strong>\u00a7 10 R\u00e9ttur til uppl\u00fdsinga og ey\u00f0ingar<\/strong><\/p>\n<p>\u00de\u00fa \u00e1tt r\u00e9tt \u00e1 \u00f3keypis uppl\u00fdsingum, lei\u00f0r\u00e9ttingum, lokun og, ef nau\u00f0syn krefur, ey\u00f0ingu \u00e1 pers\u00f3nulegum, geymdum g\u00f6gnum \u00fe\u00ednum hven\u00e6r sem er. Vinsamlegast sendu okkur bei\u00f0ni \u00fe\u00edna \u00ed p\u00f3sti e\u00f0a t\u00f6lvup\u00f3sti. Pers\u00f3nuuppl\u00fdsingunum ver\u00f0ur eytt \u2013 me\u00f0 fyrirvara um a\u00f0rar lagalegar skyldur um anna\u00f0 \u2013 ef \u00fe\u00fa afturkallar sam\u00feykki \u00feitt til geymslu, ef \u00fe\u00e6r eru ekki lengur nau\u00f0synlegar til a\u00f0 uppfylla tilganginn sem \u00fe\u00e6r voru geymdar \u00ed e\u00f0a ef geymsla er \u00f3heimil af \u00f6\u00f0rum lagalegum \u00e1st\u00e6\u00f0um.  <\/p>\n<p><strong>  \u00a7 11 \u00c1byrg a\u00f0ili fyrir gagnas\u00f6fnun<\/strong><\/p>\n<p>Revierwelt Media GmbH<br \/>\n Pestalozzistra\u00dfe 41<br \/>\n 35606 Solms<br \/>\n Netfang: support@revierwelt.de<\/p>\n<p>Framkv\u00e6mdastj\u00f3ri: Alexander Vinnai<br \/>\n Verslunarskr\u00e1: H\u00e9ra\u00f0sd\u00f3mur Wetzlar HRB 6268<br \/>\n VSK-n\u00famer: DE 281317112<\/p>\n<p style=\"margin: 0cm 0cm 16.9pt 0cm;\">fr\u00e1 og me\u00f0 ma\u00ed 2019<\/p>\n<\/div><\/div><\/div><\/div><\/div><\/div><\/div><\/section>\n","protected":false},"excerpt":{"rendered":"Vi\u00f0, Revierwelt Media GmbH, erum \u00e1n\u00e6g\u00f0 me\u00f0 heims\u00f3kn \u00fe\u00edna \u00e1 vefs\u00ed\u00f0u okkar me\u00f0 yfirgripsmiklu nettilbo\u00f0i okkar sem tengist vei\u00f0um. Revierwelt Media er veitandi umd\u00e6misstj\u00f3rnunarhugb\u00fana\u00f0arins \u201c REVIERWELT \u201d me\u00f0 sam\u00fe\u00e6ttu samf\u00e9lagsneti og m\u00f6guleika \u00e1 samskiptum \u00e1 netinu. Margmi\u00f0lunar\u00farval \u00fej\u00f3nustunnar sem REVIERWELT b\u00fd\u00f0ur upp \u00e1 er \u00e1valt me\u00f0 netverslun til kaupa \u00e1 v\u00f6rum sem tengjast notkun REVIERWELT...","protected":false},"author":4,"featured_media":0,"parent":0,"menu_order":0,"comment_status":"closed","ping_status":"closed","template":"","meta":{"footnotes":""},"class_list":["post-39788","page","type-page","status-publish","hentry"],"_links":{"self":[{"href":"https:\/\/www.revierwelt.de\/index.php\/wp-json\/wp\/v2\/pages\/39788","targetHints":{"allow":["GET"]}}],"collection":[{"href":"https:\/\/www.revierwelt.de\/index.php\/wp-json\/wp\/v2\/pages"}],"about":[{"href":"https:\/\/www.revierwelt.de\/index.php\/wp-json\/wp\/v2\/types\/page"}],"author":[{"embeddable":true,"href":"https:\/\/www.revierwelt.de\/index.php\/wp-json\/wp\/v2\/users\/4"}],"replies":[{"embeddable":true,"href":"https:\/\/www.revierwelt.de\/index.php\/wp-json\/wp\/v2\/comments?post=39788"}],"version-history":[{"count":0,"href":"https:\/\/www.revierwelt.de\/index.php\/wp-json\/wp\/v2\/pages\/39788\/revisions"}],"wp:attachment":[{"href":"https:\/\/www.revierwelt.de\/index.php\/wp-json\/wp\/v2\/media?parent=39788"}],"curies":[{"name":"wp","href":"https:\/\/api.w.org\/{rel}","templated":true}]}}