{"id":39776,"date":"2025-02-25T11:48:42","date_gmt":"2025-02-25T10:48:42","guid":{"rendered":"https:\/\/revierwelt.de\/index.php\/politica-de-confidentialitate\/"},"modified":"2025-02-25T11:48:45","modified_gmt":"2025-02-25T10:48:45","slug":"politica-de-confidentialitate","status":"publish","type":"page","link":"https:\/\/www.revierwelt.de\/index.php\/politica-de-confidentialitate\/?lang=ro","title":{"rendered":"Politica de confiden\u021bialitate"},"content":{"rendered":"<section class=\"l-section wpb_row height_medium\"><div class=\"l-section-h i-cf\"><div class=\"g-cols vc_row via_flex valign_top type_default stacking_default\"><div class=\"vc_col-sm-12 wpb_column vc_column_container\"><div class=\"vc_column-inner\"><div class=\"wpb_wrapper\"><div class=\"wpb_text_column\"><div class=\"wpb_wrapper\"><p>Noi, Revierwelt Media GmbH, a\u0219tept\u0103m cu ner\u0103bdare s\u0103 vizita\u021bi site-ul nostru web cu gama noastr\u0103 complet\u0103 de servicii online legate de v\u00e2n\u0103toare. Revierwelt Media este un furnizor al software-ului de gestionare a terenurilor de v\u00e2n\u0103toare &#8222;REVIERWELT&#8220; cu o re\u021bea social\u0103 integrat\u0103 \u0219i posibilitatea de comunicare online. Gama de servicii multimedia oferite de REVIERWELT este completat\u0103 de un magazin online pentru achizi\u021bionarea de produse legate de utilizarea REVIERWELT &#8211; rezumate mai jos ca &#8222;serviciile noastre&#8220;.  <\/p>\n<p>Protec\u021bia datelor dvs. personale \u00een timpul colect\u0103rii, prelucr\u0103rii \u0219i utiliz\u0103rii acestora este o preocupare important\u0103 pentru noi. Urm\u0103toarele declara\u021bii nu se aplic\u0103 produselor oferite de ter\u021be p\u0103r\u021bi prin intermediul REVIERWELT. \u00cen acest sens, v\u0103 rug\u0103m s\u0103 consulta\u021bi condi\u021biile de utilizare specifice produselor pentru produsele ter\u021bilor.  <\/p>\n<p>\u00cen aceast\u0103 politic\u0103 de confiden\u021bialitate, v\u0103 oferim o prezentare general\u0103 a modului \u00een care prelucr\u0103m datele dvs. personale atunci c\u00e2nd utiliza\u021bi serviciile noastre, \u00een conformitate cu obliga\u021biile noastre de informare \u00een temeiul Regulamentului general european privind protec\u021bia datelor (GDPR), care a intrat \u00een vigoare la 25 mai 2018. Aceasta se aplic\u0103 indiferent dac\u0103 sunte\u021bi \u00eenregistrat sau nu la noi, dac\u0103 vizita\u021bi pur \u0219i simplu site-urile noastre web (www.revierwelt.de\/.com) sau rezerva\u021bi \u0219i utiliza\u021bi aplica\u021biile \u0219i aplica\u021biile noastre gratuite \u0219i pl\u0103tite. <\/p>\n<p>Prin utilizarea serviciilor noastre, sunte\u021bi de acord cu prelucrarea datelor dvs. \u00een conformitate cu prezenta politic\u0103 de confiden\u021bialitate.<\/p>\n<p>DAC\u0102 NU SUNTE\u021aI DE ACORD CU TERMENII PREZENTEI POLITICI DE CONFIDEN\u021aIALITATE, NU TREBUIE S\u0102 UTILIZA\u021aI SERVICIILE NOASTRE.<\/p>\n<p><strong>\u00a7 1 Informa\u021bii privind colectarea datelor cu caracter personal<\/strong><\/p>\n<p>(1) \u00cen cele ce urmeaz\u0103, furniz\u0103m informa\u021bii cu privire la colectarea datelor cu caracter personal la utilizarea serviciilor noastre. &#8222;Datele cu caracter personal&#8220; \u00een sensul articolului 4 nr. 1 din Regulamentul general privind protec\u021bia datelor sunt <\/p>\n<p>&#8222;&#8230;orice informa\u021bie referitoare la o persoan\u0103 fizic\u0103 identificat\u0103 sau identificabil\u0103 (denumit\u0103 \u00een continuare &#8222;persoana vizat\u0103&#8220;); o persoan\u0103 fizic\u0103 identificabil\u0103 este o persoan\u0103 care poate fi identificat\u0103, direct sau indirect, \u00een special prin referire la un identificator, cum ar fi un nume, un num\u0103r de identificare, date de localizare, un identificator online sau la unul sau mai multe elemente specifice identit\u0103\u021bii fizice, fiziologice, genetice, psihice, economice, culturale sau sociale a persoanei fizice respective&#8220;.<\/p>\n<p>(2) Operatorul \u00een conformitate cu articolul 4 alineatul (7) din Regulamentul general al UE privind protec\u021bia datelor (GDPR) este Revierwelt Media GmbH, Pestalozzistra\u00dfe 41, 35606 Solms, Germania (pentru informa\u021bii suplimentare, a se vedea avizul juridic). <\/p>\n<p>(3) Atunci c\u00e2nd v\u0103 \u00eenregistra\u021bi la REVIERWELT pentru a utiliza serviciile noastre, ne contacta\u021bi prin e-mail sau prin intermediul unui formular de contact, datele pe care ni le furniza\u021bi (adresa dumneavoastr\u0103 de e-mail, numele, num\u0103rul de telefon \u0219i orice alte date pe care ni le furniza\u021bi) vor fi stocate de noi. Vom \u0219terge datele ap\u0103rute \u00een acest context dup\u0103 ce stocarea nu mai este necesar\u0103 sau vom restric\u021biona prelucrarea \u00een cazul \u00een care exist\u0103 obliga\u021bii legale de p\u0103strare. <\/p>\n<p>(4) Deoarece protec\u021bia copiilor este de mare importan\u021b\u0103, nu permitem \u00eenregistrarea utilizatorilor cu v\u00e2rsta sub 16 ani. Dac\u0103 dumneavoastr\u0103, \u00een calitate de p\u0103rinte sau tutore, afla\u021bi c\u0103 copiii dumneavoastr\u0103 s-au \u00eenregistrat pe serviciul nostru \u0219i ne-au transmis datele lor personale, ne pute\u021bi contacta folosind datele de contact de mai sus \u0219i vom bloca imediat utilizatorul \u0219i vom \u0219terge datele. <\/p>\n<p><strong>\u00a7 2 Scopul prelucr\u0103rii datelor<\/strong><\/p>\n<p>(1) Colect\u0103m \u0219i prelucr\u0103m datele dumneavoastr\u0103 cu caracter personal \u00een scopul furniz\u0103rii serviciilor noastre, al \u00eembun\u0103t\u0103\u021birii \u0219i dezvolt\u0103rii continue a acestora, al asigur\u0103rii func\u021bionalit\u0103\u021bii lor tehnice \u0219i al garant\u0103rii securit\u0103\u021bii serviciilor noastre.<\/p>\n<p>(2) Utiliz\u0103m datele dumneavoastr\u0103 pentru a v\u0103 furniza serviciile noastre \u00een conformitate cu utilizarea dumneavoastr\u0103, pentru a v\u0103 furniza informa\u021bii suplimentare \u0219i oferte referitoare la serviciile noastre pe care le consider\u0103m adaptate nevoilor dumneavoastr\u0103 \u0219i pentru a v\u0103 prezenta o experien\u021b\u0103 de utilizare pe care o consider\u0103m personalizat\u0103.<\/p>\n<p>(3) V\u0103 oferim diferite modalit\u0103\u021bi de plat\u0103 pentru serviciile taxabile. Colectarea \u0219i prelucrarea datelor din cont ca parte a procesului de plat\u0103 este efectuat\u0103 exclusiv de furnizorul pe care l-a\u021bi selectat, \u00een conformitate cu protec\u021bia datelor \u0219i condi\u021biile contractuale ale acestuia. <\/p>\n<p>(4) V\u0103 asigur\u0103m c\u0103 nu vom dezv\u0103lui datele dvs. ter\u021bilor \u00een niciun moment, cu excep\u021bia ter\u021bilor care sunt direct \u00eens\u0103rcina\u021bi de noi s\u0103 furnizeze serviciile noastre \u0219i care au fost obliga\u021bi de noi s\u0103 respecte reglement\u0103rile privind protec\u021bia datelor \u00een conformitate cu dispozi\u021biile Regulamentului general privind protec\u021bia datelor.<\/p>\n<p><strong>\u00a7 3 Drepturile dumneavoastr\u0103<\/strong><\/p>\n<p>(1) Ave\u021bi urm\u0103toarele drepturi fa\u021b\u0103 de noi cu privire la datele dumneavoastr\u0103 cu caracter personal:<\/p>\n<p>&#8211; Dreptul de acces,<br \/>\n&#8211; dreptul la rectificare sau \u0219tergere,<br \/>\n&#8211; dreptul la restric\u021bionarea prelucr\u0103rii,<br \/>\n&#8211; dreptul de opozi\u021bie la prelucrare,<br \/>\n&#8211; dreptul la portabilitatea datelor.<\/p>\n<p>(2) De asemenea, ave\u021bi dreptul de a v\u0103 pl\u00e2nge unei autorit\u0103\u021bi de supraveghere a protec\u021biei datelor cu privire la prelucrarea datelor dvs. personale de c\u0103tre noi.<\/p>\n<p><strong>\u00a7 4 Colectarea datelor cu caracter personal atunci c\u00e2nd vizita\u021bi site-ul nostru web<\/strong><\/p>\n<p>(1) Dac\u0103 utiliza\u021bi site-ul nostru web doar \u00een scopuri informative, adic\u0103 dac\u0103 nu v\u0103 \u00eenregistra\u021bi sau nu ne furniza\u021bi informa\u021bii \u00een alt mod, colect\u0103m doar datele cu caracter personal pe care browserul dvs. le transmite c\u0103tre serverul nostru. Dac\u0103 dori\u021bi s\u0103 vizualiza\u021bi site-ul nostru, colect\u0103m urm\u0103toarele date, care sunt necesare din punct de vedere tehnic pentru a v\u0103 afi\u0219a site-ul nostru \u0219i pentru a asigura stabilitatea \u0219i securitatea (temeiul juridic este art. 6 alin. 1 teza 1 lit. f GDPR): <\/p>\n<p>&#8211; Adresa IP<br \/>\n&#8211; data \u0219i ora solicit\u0103rii<br \/>\n&#8211; diferen\u021ba de fus orar fa\u021b\u0103 de Greenwich Mean Time (GMT)<br \/>\n&#8211; con\u021binutul solicit\u0103rii (pagina specific\u0103)<br \/>\n&#8211; starea accesului\/codul de stare HTTP<br \/>\n&#8211; cantitatea de date transferate<br \/>\n&#8211; site-ul de pe care provine solicitarea<br \/>\n&#8211; browserul<br \/>\n&#8211; sistemul de operare \u0219i interfa\u021ba acestuia<br \/>\n&#8211; limba \u0219i versiunea software-ului browserului<\/p>\n<p>(2) \u00cen plus fa\u021b\u0103 de datele men\u021bionate mai sus, cookie-urile sunt stocate pe computerul dvs. atunci c\u00e2nd utiliza\u021bi site-ul nostru. Cookie-urile sunt fi\u0219iere text de mici dimensiuni care sunt stocate pe hard diskul dvs. atribuite browserului pe care \u00eel utiliza\u021bi \u0219i prin intermediul c\u0103rora anumite informa\u021bii ajung la organismul care stabile\u0219te cookie-ul (\u00een acest caz, noi). Cookie-urile nu pot executa programe sau transfera viru\u0219i pe computerul dumneavoastr\u0103. Acestea sunt utilizate pentru a face site-ul mai u\u0219or de utilizat \u0219i mai eficient \u00een general.   <\/p>\n<p>(3) Utilizarea de module cookie:<\/p>\n<p>a) Site-urile noastre utilizeaz\u0103 urm\u0103toarele tipuri de module cookie, al c\u0103ror domeniu de aplicare \u0219i func\u021bie sunt explicate mai jos:<\/p>\n<p>&#8211; Module cookie tranzitorii (a se vedea b)<br \/>\n&#8211; Module cookie persistente (a se vedea c).<\/p>\n<p>b) Modulele cookie tranzitorii sunt \u0219terse automat atunci c\u00e2nd \u00eenchide\u021bi browserul. Acestea includ \u00een special cookie-urile de sesiune. Acestea stocheaz\u0103 un a\u0219a-numit ID de sesiune, cu ajutorul c\u0103ruia diversele solicit\u0103ri din browserul dvs. pot fi atribuite sesiunii comune. Acest lucru permite recunoa\u0219terea computerului dvs. atunci c\u00e2nd reveni\u021bi la site-ul nostru web. Cookie-urile de sesiune sunt \u0219terse atunci c\u00e2nd v\u0103 deconecta\u021bi sau \u00eenchide\u021bi browserul.    <\/p>\n<p>c) Cookie-urile persistente sunt \u0219terse automat dup\u0103 o perioad\u0103 specificat\u0103, care poate varia \u00een func\u021bie de cookie. Pute\u021bi \u0219terge singur cookie-urile \u00een orice moment \u00een set\u0103rile de securitate ale browserului dumneavoastr\u0103. Cookie-urile persistente ne permit s\u0103 v\u0103 recunoa\u0219tem atunci c\u00e2nd ne vizita\u021bi din nou, pentru a v\u0103 face vizita c\u00e2t mai simpl\u0103 \u0219i eficient\u0103.  <\/p>\n<p>d) Pute\u021bi configura set\u0103rile browserului \u00een func\u021bie de dorin\u021bele dvs. \u0219i, de exemplu, s\u0103 refuza\u021bi s\u0103 accepta\u021bi cookie-uri ter\u021be sau toate cookie-urile. Dorim s\u0103 subliniem c\u0103 este posibil ca atunci s\u0103 nu pute\u021bi utiliza toate func\u021biile site-urilor noastre web. <\/p>\n<p>e) Utiliz\u0103m module cookie pentru a v\u0103 identifica pentru vizitele ulterioare dac\u0103 ave\u021bi un cont la noi. \u00cen caz contrar, ar trebui s\u0103 v\u0103 autentifica\u021bi din nou pentru fiecare vizit\u0103. <\/p>\n<p><strong>\u00a7 5 Colectarea datelor cu caracter personal atunci c\u00e2nd utiliza\u021bi serviciile noastre<\/strong><\/p>\n<p>(1) Atunci c\u00e2nd v\u0103 \u00eenregistra\u021bi pentru a utiliza serviciile noastre, sunte\u021bi de acord cu acordul nostru separat de utilizare. <a href=\"https:\/\/revierwelt.de\/index.php\/nutzungsvereinbarung\"><strong>acord de utilizare<\/strong><\/a> care include colectarea, stocarea \u0219i prelucrarea ulterioar\u0103 a datelor. Domeniul de aplicare respectiv depinde de serviciile individuale pe care le utiliza\u021bi din oferta noastr\u0103. <\/p>\n<p>(2) Prin \u00eenregistrarea pentru utilizarea serviciilor noastre, se colecteaz\u0103 cel pu\u021bin urm\u0103toarele date suplimentare, pe care sunte\u021bi obligat s\u0103 le furniza\u021bi \u00een mod sincer, \u00een conformitate cu acordul nostru de utilizare:<\/p>\n<p>&#8211; Numele<br \/>\n&#8211; Prenumele<br \/>\n&#8211; Titlul<br \/>\n&#8211; Data na\u0219terii<br \/>\n&#8211; \u021aara de utilizare<br \/>\n&#8211; Num\u0103rul de telefon mobil<br \/>\n&#8211; Adresa de e-mail<br \/>\n&#8211; Parola personal\u0103<\/p>\n<p>(3) La contractarea unui abonament pentru utilizarea serviciilor cu plat\u0103 sau la achizi\u021bionarea de produse prin intermediul site-ului nostru web, poate fi, de asemenea, necesar s\u0103 se colecteze date pentru facturarea continu\u0103. Aceste date sunt colectate \u0219i prelucrate exclusiv de furnizorul de servicii de plat\u0103 pe care l-a\u021bi ales. \u00cen sistemele noastre nu sunt stocate informa\u021bii privind contul, ci doar chei de tranzac\u021bie anonimizate.  <\/p>\n<p>(4) Ca parte a utiliz\u0103rii serviciilor noastre, pute\u021bi, de asemenea, s\u0103 colecta\u021bi \u00een mod independent date suplimentare \u00een cadrul serviciilor noastre, s\u0103 le stoca\u021bi pe serviciile noastre sau s\u0103 le transmite\u021bi c\u0103tre serviciile noastre; aceste date sunt stocate \u0219i prelucrate \u00een conformitate cu acordul nostru de utilizare.<\/p>\n<p>(5) Dac\u0103 acest lucru implic\u0103 utilizarea unui <strong>grup \u00eenchis de utilizatori<\/strong> (de exemplu, un teritoriu), v\u0103 rug\u0103m s\u0103 re\u021bine\u021bi c\u0103 fiecare grup \u00eenchis de utilizatori are un proprietar care poate ad\u0103uga \u0219i elimina al\u021bi utilizatori \u0219i poate gestiona autoriza\u021biile utilizatorilor din cadrul grupului. Prin ad\u0103ugarea de date la grupul \u00eenchis de utilizatori, acorda\u021bi proprietarului grupului \u00eenchis de utilizatori drepturi de utilizare nelimitate, irevocabile \u0219i transferabile pentru tot con\u021binutul \u0219i datele ad\u0103ugate. <\/p>\n<p>(6) Atunci c\u00e2nd utiliza\u021bi unele dintre serviciile noastre, datele sunt, de asemenea, transmise automat c\u0103tre serviciile noastre prin utilizarea dumneavoastr\u0103 sau a dispozitivelor finale pe care le conecta\u021bi la serviciile noastre. Dumneavoastr\u0103 determina\u021bi domeniul de aplicare al datelor transmise prin selectarea \u0219i utilizarea dispozitivelor finale cu tehnologie de transmisie activ\u0103 (dispozitive de urm\u0103rire, camere, detectoare de capcane etc.). Toate datele transmise c\u0103tre serviciile noastre sunt \u00eenregistrate, stocate \u0219i prelucrate de noi \u00een conformitate cu normele din acordul de utilizare.  <\/p>\n<p><strong>\u00a7 6 Obiec\u021bie sau revocare \u00eempotriva prelucr\u0103rii datelor dumneavoastr\u0103<\/strong><\/p>\n<p>(1) Dac\u0103 v-a\u021bi dat consim\u021b\u0103m\u00e2ntul pentru prelucrarea datelor dumneavoastr\u0103, \u00eel pute\u021bi revoca \u00een orice moment. O astfel de revocare afecteaz\u0103 admisibilitatea prelucr\u0103rii datelor dumneavoastr\u0103 cu caracter personal dup\u0103 ce ni le-a\u021bi dat. <\/p>\n<p>(2) \u00cen m\u0103sura \u00een care ne baz\u0103m prelucrarea datelor dumneavoastr\u0103 cu caracter personal pe echilibrarea intereselor, v\u0103 pute\u021bi opune prelucr\u0103rii. Acesta este cazul dac\u0103, \u00een special, prelucrarea nu este necesar\u0103 pentru \u00eendeplinirea unui contract cu dumneavoastr\u0103, care este descris de noi \u00een urm\u0103toarea descriere a func\u021biilor. Atunci c\u00e2nd exercita\u021bi o astfel de obiec\u021bie, v\u0103 solicit\u0103m s\u0103 explica\u021bi motivele pentru care nu ar trebui s\u0103 prelucr\u0103m datele dvs. cu caracter personal a\u0219a cum am f\u0103cut-o. \u00cen cazul obiec\u021biei dumneavoastr\u0103 justificate, vom examina situa\u021bia \u0219i fie vom \u00eentrerupe sau adapta prelucrarea datelor, fie v\u0103 vom prezenta motivele noastre imperioase demne de protec\u021bie pe baza c\u0103rora vom continua prelucrarea.   <\/p>\n<p>(3) Desigur, v\u0103 pute\u021bi opune \u00een orice moment prelucr\u0103rii datelor dvs. cu caracter personal \u00een scopuri publicitare \u0219i de analiz\u0103 a datelor. Ne pute\u021bi informa cu privire la opozi\u021bia dumneavoastr\u0103 fa\u021b\u0103 de publicitate folosind urm\u0103toarele date de contact: support@revierwelt.de. <\/p>\n<p><strong>\u00a7 7 Integrarea videoclipurilor YouTube<\/strong><\/p>\n<p>(1) Am integrat videoclipuri YouTube \u00een oferta noastr\u0103 online, care sunt stocate pe <a href=\"http:\/\/www.YouTube.com\">http:\/\/www.YouTube.com<\/a> \u0219i pot fi redate direct de pe site-ul nostru. Atunci c\u00e2nd aceste videoclipuri sunt accesate, datele sunt transferate c\u0103tre YouTube. Nu avem nicio influen\u021b\u0103 asupra acestui transfer de date.  <\/p>\n<p>(2) Prin vizitarea site-ului web corespunz\u0103tor \u0219i vizionarea videoclipului, YouTube prime\u0219te informa\u021bia c\u0103 a\u021bi accesat subpagina corespunz\u0103toare a site-ului nostru web. \u00cen plus, vor fi transmise datele men\u021bionate la \u00a74, alineatul 1 din prezenta declara\u021bie. Acest lucru se \u00eent\u00e2mpl\u0103 indiferent dac\u0103 YouTube v\u0103 ofer\u0103 un cont de utilizator prin intermediul c\u0103ruia sunte\u021bi deja conectat sau dac\u0103 nu exist\u0103 niciun cont de utilizator. Dac\u0103 sunte\u021bi conectat la Google, datele dvs. vor fi atribuite direct contului dvs. Google. Dac\u0103 nu dori\u021bi ca datele dvs. s\u0103 fie asociate cu profilul dvs. YouTube, trebuie s\u0103 v\u0103 deconecta\u021bi \u00eenainte de a activa butonul de apelare a videoclipului YouTube respectiv. YouTube stocheaz\u0103 datele dvs. ca profiluri de utilizator \u0219i le utilizeaz\u0103 \u00een scopuri de publicitate, cercetare de pia\u021b\u0103 \u0219i\/sau personalizare a site-ului s\u0103u web.     <\/p>\n<p>O astfel de evaluare este efectuat\u0103 \u00een special (chiar \u0219i pentru utilizatorii care nu sunt conecta\u021bi) pentru a furniza publicitate personalizat\u0103 \u0219i pentru a informa al\u021bi utilizatori ai re\u021belei sociale YouTube despre activit\u0103\u021bile dvs. pe site-ul nostru web. Ave\u021bi dreptul de a v\u0103 opune cre\u0103rii acestor profiluri de utilizator, prin care trebuie s\u0103 contacta\u021bi YouTube pentru a v\u0103 exercita acest drept. <\/p>\n<p>(3) Informa\u021bii suplimentare privind scopul \u0219i domeniul de aplicare al colect\u0103rii datelor \u0219i prelucrarea acestora de c\u0103tre YouTube pot fi g\u0103site \u00een politica de confiden\u021bialitate a YouTube. Acolo ve\u021bi g\u0103si, de asemenea, informa\u021bii suplimentare privind drepturile dumneavoastr\u0103 \u0219i op\u021biunile de setare pentru a v\u0103 proteja confiden\u021bialitatea: https:\/\/www.google.de\/intl\/de\/policies\/privacy. De asemenea, Google prelucreaz\u0103 datele dvs. cu caracter personal \u00een SUA \u0219i a aderat la Scutul de confiden\u021bialitate UE-SUA, https:\/\/www.privacyshield.gov\/EU-US-Framework. <\/p>\n<p><strong>  \u00a7 8 Integrarea Google Maps  <\/strong><\/p>\n<p>(1) Utiliz\u0103m serviciul Google Maps pe site-urile noastre web. Acest lucru ne permite s\u0103 v\u0103 afi\u0219\u0103m h\u0103r\u021bi interactive direct pe site-ul web \u0219i v\u0103 permite s\u0103 utiliza\u021bi \u00een mod convenabil func\u021bia de hart\u0103. <\/p>\n<p>(2) Prin vizitarea site-ului web corespunz\u0103tor, Google prime\u0219te informa\u021bia c\u0103 a\u021bi accesat subpagina corespunz\u0103toare a site-ului nostru web. \u00cen plus, vor fi transmise datele men\u021bionate la \u00a74, alineatul 1 din prezenta declara\u021bie. Acest lucru se \u00eent\u00e2mpl\u0103 indiferent dac\u0103 Google v\u0103 pune la dispozi\u021bie un cont de utilizator prin intermediul c\u0103ruia sunte\u021bi deja conectat sau dac\u0103 nu exist\u0103 niciun cont de utilizator. Dac\u0103 sunte\u021bi conectat la Google, datele dvs. vor fi atribuite direct contului dvs. Google. Dac\u0103 nu dori\u021bi s\u0103 fi\u021bi asociat cu profilul Google, trebuie s\u0103 v\u0103 deconecta\u021bi de la Google \u00eenainte de a accesa subpaginile relevante ale serviciilor noastre. Google stocheaz\u0103 datele dvs. ca profiluri de utilizare \u0219i le utilizeaz\u0103 \u00een scopuri de publicitate, cercetare de pia\u021b\u0103 \u0219i\/sau personalizare a site-ului s\u0103u.     <\/p>\n<p>O astfel de analiz\u0103 este efectuat\u0103 \u00een special (chiar \u0219i pentru utilizatorii care nu sunt conecta\u021bi) pentru a oferi publicitate personalizat\u0103 \u0219i pentru a informa al\u021bi utilizatori ai re\u021belei sociale despre activit\u0103\u021bile dvs. pe site-ul nostru. Ave\u021bi dreptul de a v\u0103 opune cre\u0103rii acestor profiluri de utilizator; pentru a v\u0103 exercita acest drept, trebuie s\u0103 contacta\u021bi Google. <\/p>\n<p>(3) Informa\u021bii suplimentare privind scopul \u0219i domeniul de aplicare al colect\u0103rii datelor \u0219i prelucrarea acestora de c\u0103tre furnizorul plug-in-ului pot fi g\u0103site \u00een politica de confiden\u021bialitate a Google. Acolo ve\u021bi g\u0103si, de asemenea, informa\u021bii suplimentare privind drepturile dumneavoastr\u0103 \u00een aceast\u0103 privin\u021b\u0103 \u0219i op\u021biunile de setare pentru a v\u0103 proteja confiden\u021bialitatea: http:\/\/www.google.de\/intl\/de\/policies\/privacy. De asemenea, Google prelucreaz\u0103 datele dumneavoastr\u0103 cu caracter personal \u00een SUA \u0219i a aderat la Scutul de confiden\u021bialitate UE-SUA, https:\/\/www.privacyshield.gov\/EU-US-Framework. <\/p>\n<p><strong>  \u00a7 9 Integrarea serviciilor de plat\u0103<\/strong><\/p>\n<p>(1) Diferite servicii de plat\u0103 \u0219i furnizori ai acestora, \u00een prezent \u00een principal PayPal \u0219i Stripe, sunt utilizate pentru a oferi diferite metode de plat\u0103 pentru serviciile taxabile de la REVIERWELT. Detaliile specifice ale furnizorilor utiliza\u021bi \u00een fiecare caz \u0219i selectarea acestora de c\u0103tre dvs. sunt furnizate atunci c\u00e2nd selecta\u021bi metoda de plat\u0103.<\/p>\n<p>(2) Procesarea tranzac\u021biei de plat\u0103 necesit\u0103 un acord direct \u00eentre dvs. \u0219i prestatorul de servicii de plat\u0103 ales, care include, de asemenea, prelucrarea datelor cu caracter personal \u0219i a informa\u021biilor de facturare.<\/p>\n<p>(3) Pentru a permite procesul de plat\u0103, datele de baz\u0103 sunt colectate de furnizorul selectat pe paginile sale integrate ca parte a procesului de plat\u0103; nu sunt transferate date cu caracter personal de la Revierwelt Media c\u0103tre furnizorul serviciului de plat\u0103. \u00cen sistemele noastre nu sunt stocate informa\u021bii despre cont, ci doar chei de tranzac\u021bie anonimizate. <\/p>\n<p><strong>\u00a7 10 Dreptul la informare \u0219i anulare<\/strong><\/p>\n<p>Ave\u021bi dreptul la informa\u021bii gratuite, corectarea, blocarea \u0219i, dac\u0103 este necesar, \u0219tergerea datelor dvs. personale stocate \u00een orice moment. V\u0103 rug\u0103m s\u0103 ne trimite\u021bi solicitarea dvs. prin po\u0219t\u0103 sau e-mail. \u0218tergerea datelor cu caracter personal are loc &#8211; sub rezerva obliga\u021biilor legale divergente &#8211; dac\u0103 v\u0103 revoca\u021bi consim\u021b\u0103m\u00e2ntul pentru stocare, dac\u0103 datele nu mai sunt necesare pentru \u00eendeplinirea scopului pentru care au fost stocate sau dac\u0103 stocarea este inadmisibil\u0103 din alte motive legale.  <\/p>\n<p><strong>  \u00a7 11 Centrul responsabil pentru colectarea datelor<\/strong><\/p>\n<p>Revierwelt Media GmbH<br \/>\nPestalozzistrasse 41<br \/>\n35606 Solms<br \/>\nE-mail la: support@revierwelt.de<\/p>\n<p>Director general: Alexander Vinnai<br \/>\nRegistrul comer\u021bului: Wetzlar Local Court HRB 6268<br \/>\nNr. de identificare TVA: DE 281317112<\/p>\n<p style=\"margin: 0cm 0cm 16.9pt 0cm;\">Stadiu mai 2019<\/p>\n<\/div><\/div><\/div><\/div><\/div><\/div><\/div><\/section>\n","protected":false},"excerpt":{"rendered":"Noi, Revierwelt Media GmbH, a\u0219tept\u0103m cu ner\u0103bdare s\u0103 vizita\u021bi site-ul nostru web cu gama noastr\u0103 complet\u0103 de servicii online legate de v\u00e2n\u0103toare. Revierwelt Media este un furnizor al software-ului de gestionare a terenurilor de v\u00e2n\u0103toare &#8222;REVIERWELT&#8220; cu o re\u021bea social\u0103 integrat\u0103 \u0219i posibilitatea de comunicare online. Gama de servicii multimedia oferite de REVIERWELT este completat\u0103...","protected":false},"author":4,"featured_media":0,"parent":0,"menu_order":0,"comment_status":"closed","ping_status":"closed","template":"","meta":{"footnotes":""},"class_list":["post-39776","page","type-page","status-publish","hentry"],"_links":{"self":[{"href":"https:\/\/www.revierwelt.de\/index.php\/wp-json\/wp\/v2\/pages\/39776","targetHints":{"allow":["GET"]}}],"collection":[{"href":"https:\/\/www.revierwelt.de\/index.php\/wp-json\/wp\/v2\/pages"}],"about":[{"href":"https:\/\/www.revierwelt.de\/index.php\/wp-json\/wp\/v2\/types\/page"}],"author":[{"embeddable":true,"href":"https:\/\/www.revierwelt.de\/index.php\/wp-json\/wp\/v2\/users\/4"}],"replies":[{"embeddable":true,"href":"https:\/\/www.revierwelt.de\/index.php\/wp-json\/wp\/v2\/comments?post=39776"}],"version-history":[{"count":0,"href":"https:\/\/www.revierwelt.de\/index.php\/wp-json\/wp\/v2\/pages\/39776\/revisions"}],"wp:attachment":[{"href":"https:\/\/www.revierwelt.de\/index.php\/wp-json\/wp\/v2\/media?parent=39776"}],"curies":[{"name":"wp","href":"https:\/\/api.w.org\/{rel}","templated":true}]}}