{"id":39749,"date":"2025-02-25T11:48:31","date_gmt":"2025-02-25T10:48:31","guid":{"rendered":"https:\/\/revierwelt.de\/index.php\/konfidencialitates-politika\/"},"modified":"2025-02-25T11:48:36","modified_gmt":"2025-02-25T10:48:36","slug":"konfidencialitates-politika","status":"publish","type":"page","link":"https:\/\/www.revierwelt.de\/index.php\/konfidencialitates-politika\/?lang=lv","title":{"rendered":"Konfidencialit\u0101tes politika"},"content":{"rendered":"<section class=\"l-section wpb_row height_medium\"><div class=\"l-section-h i-cf\"><div class=\"g-cols vc_row via_flex valign_top type_default stacking_default\"><div class=\"vc_col-sm-12 wpb_column vc_column_container\"><div class=\"vc_column-inner\"><div class=\"wpb_wrapper\"><div class=\"wpb_text_column\"><div class=\"wpb_wrapper\"><p>M\u0113s, Revierwelt Media GmbH, priec\u0101jamies par J\u016bsu apmekl\u0113jumu m\u016bsu t\u012bmek\u013ca vietn\u0113 ar pla\u0161u tie\u0161saistes pied\u0101v\u0101jumu visos med\u012bbu jaut\u0101jumos. Revierwelt Media ir med\u012bbu plat\u012bbu p\u0101rvald\u012bbas programmat\u016bras &#8222;REVIERWELT&#8220; ar integr\u0113tu soci\u0101lo t\u012bklu un tie\u0161saistes sazi\u0146as iesp\u0113ju pieg\u0101d\u0101t\u0101js. Multimediju pakalpojumu kl\u0101stu, ko pied\u0101v\u0101 REVIERWELT, papildina tie\u0161saistes veikals, kur\u0101 var ieg\u0101d\u0101ties produktus, kas saist\u012bti ar REVIERWELT lieto\u0161anu &#8211; turpm\u0101k tie apkopoti k\u0101 &#8222;m\u016bsu pakalpojumi&#8220;.  <\/p>\n<p>J\u016bsu personas datu aizsardz\u012bba to v\u0101k\u0161anas, apstr\u0101des un izmanto\u0161anas laik\u0101 mums ir svar\u012bgs jaut\u0101jums. Turpm\u0101k min\u0113tie pazi\u0146ojumi neattiecas uz produktiem, ko pied\u0101v\u0101 tre\u0161\u0101s personas, izmantojot REVIERWELT. \u0160aj\u0101 sakar\u0101, l\u016bdzu, skatiet tre\u0161o pu\u0161u produktu lieto\u0161anas noteikumus.  <\/p>\n<p>\u0160aj\u0101 konfidencialit\u0101tes politik\u0101 m\u0113s sniedzam jums p\u0101rskatu par to, k\u0101 m\u0113s apstr\u0101d\u0101jam j\u016bsu personas datus, kad izmantojat m\u016bsu pakalpojumus, saska\u0146\u0101 ar m\u016bsu inform\u0101cijas snieg\u0161anas pien\u0101kumiem, kas izriet no Eiropas Visp\u0101r\u012bg\u0101s datu aizsardz\u012bbas regulas (VDAR), kura st\u0101j\u0101s sp\u0113k\u0101 2018. gada 25. maij\u0101. T\u0101 attiecas neatkar\u012bgi no t\u0101, vai esat vai neesat pie mums re\u0123istr\u0113jies, vai vienk\u0101r\u0161i apmekl\u0113jat m\u016bsu t\u012bmek\u013ca vietnes (www.revierwelt.de\/.com), vai rezerv\u0113jat un izmantojat m\u016bsu bezmaksas un maksas lietotnes un aplik\u0101cijas. <\/p>\n<p>Izmantojot m\u016bsu pakalpojumus, j\u016bs piekr\u012btat savu datu apstr\u0101dei saska\u0146\u0101 ar \u0161o konfidencialit\u0101tes politiku.<\/p>\n<p>JA NEPIEKR\u012aTAT \u0160\u012aS KONFIDENCIALIT\u0100TES POLITIKAS NOTEIKUMIEM, JUMS NEVAJADZ\u0112TU IZMANTOT M\u016aSU PAKALPOJUMUS.<\/p>\n<p><strong>\u00a7 1 Inform\u0101cija par personas datu v\u0101k\u0161anu<\/strong><\/p>\n<p>(1) Turpm\u0101k m\u0113s sniedzam inform\u0101ciju par personas datu v\u0101k\u0161anu, izmantojot m\u016bsu pakalpojumus. &#8222;Personas dati&#8220; Visp\u0101r\u012bg\u0101s datu aizsardz\u012bbas regulas 4. panta 1. punkta izpratn\u0113 ir \u0161\u0101di dati <\/p>\n<p>&#8222;&#8230;jebk\u0101da inform\u0101cija, kas attiecas uz identific\u0113tu vai identific\u0113jamu fizisku personu (turpm\u0101k tekst\u0101 &#8211; &#8222;datu subjekts&#8220;); identific\u0113jama fiziska persona ir persona, kuru var tie\u0161i vai netie\u0161i identific\u0113t, jo \u012bpa\u0161i atsaucoties uz identifikatoru, piem\u0113ram, v\u0101rdu, identifik\u0101cijas numuru, atra\u0161an\u0101s vietas datiem, tie\u0161saistes identifikatoru vai vienu vai vair\u0101kiem faktoriem, kas raksturo \u0161\u012bs fizisk\u0101s personas fizisko, fiziolo\u0123isko, \u0123en\u0113tisko, gar\u012bgo, ekonomisko, kult\u016bras vai soci\u0101lo identit\u0101ti&#8220;.<\/p>\n<p>(2) P\u0101rzinis saska\u0146\u0101 ar ES Visp\u0101r\u012bg\u0101s datu aizsardz\u012bbas regulas (VDAR) 4. panta 7. punktu ir Revierwelt Media GmbH, Pestalozzistra\u00dfe 41, 35606 Solms, V\u0101cija (papildu inform\u0101ciju skat\u012bt juridiskaj\u0101 pazi\u0146ojum\u0101). <\/p>\n<p>(3) Kad j\u016bs re\u0123istr\u0113jaties vietn\u0113 REVIERWELT, lai izmantotu m\u016bsu pakalpojumus, sazinieties ar mums pa e-pastu vai izmantojot kontaktformu, m\u0113s saglab\u0101sim j\u016bsu sniegtos datus (j\u016bsu e-pasta adresi, v\u0101rdu, uzv\u0101rdu, t\u0101lru\u0146a numuru un jebkurus citus datus, ko j\u016bs mums sniedzat). M\u0113s dz\u0113s\u012bsim \u0161aj\u0101 kontekst\u0101 radu\u0161os datus p\u0113c tam, kad to glab\u0101\u0161ana vairs neb\u016bs nepiecie\u0161ama, vai ierobe\u017eosim apstr\u0101di, ja past\u0101v ar likumu noteikti datu glab\u0101\u0161anas pien\u0101kumi. <\/p>\n<p>(4) T\u0101 k\u0101 b\u0113rnu aizsardz\u012bba ir \u013coti svar\u012bga, m\u0113s ne\u013caujam re\u0123istr\u0113ties lietot\u0101jiem, kas jaun\u0101ki par 16 gadiem. Ja j\u016bs k\u0101 vec\u0101ks vai aizbildnis uzzin\u0101t, ka j\u016bsu b\u0113rni ir re\u0123istr\u0113ju\u0161ies m\u016bsu pakalpojum\u0101 un nos\u016bt\u012bju\u0161i mums savus personas datus, varat sazin\u0101ties ar mums, izmantojot iepriek\u0161 nor\u0101d\u012bto kontaktinform\u0101ciju, un m\u0113s nekav\u0113joties blo\u0137\u0113sim lietot\u0101ju un dz\u0113s\u012bsim datus. <\/p>\n<p><strong>\u00a7 2 Datu apstr\u0101des m\u0113r\u0137is<\/strong><\/p>\n<p>(1) M\u0113s apkopojam un apstr\u0101d\u0101jam j\u016bsu personas datus, lai sniegtu jums savus pakalpojumus, nep\u0101rtraukti uzlabotu un att\u012bst\u012btu tos, nodro\u0161in\u0101tu to tehnisko funkcionalit\u0101ti un garant\u0113tu m\u016bsu pakalpojumu dro\u0161\u012bbu.<\/p>\n<p>(2) M\u0113s izmantojam j\u016bsu datus, lai sniegtu jums m\u016bsu pakalpojumus atbilsto\u0161i j\u016bsu lietojumam, lai sniegtu jums papildu inform\u0101ciju un pied\u0101v\u0101jumus saist\u012bb\u0101 ar m\u016bsu pakalpojumiem, kas, m\u016bsupr\u0101t, ir piel\u0101goti j\u016bsu vajadz\u012bb\u0101m, un lai sniegtu jums, m\u016bsupr\u0101t, piel\u0101gotu lieto\u0161anas pieredzi.<\/p>\n<p>(3) M\u0113s pied\u0101v\u0101jam jums da\u017e\u0101dus veidus, k\u0101 maks\u0101t par maksas pakalpojumiem. Konta datu v\u0101k\u0161anu un apstr\u0101di maks\u0101jumu procesa ietvaros veic tikai j\u016bsu izv\u0113l\u0113tais pakalpojumu sniedz\u0113js saska\u0146\u0101 ar t\u0101 datu aizsardz\u012bbas un l\u012bguma nosac\u012bjumiem. <\/p>\n<p>(4) M\u0113s jums apliecin\u0101m, ka m\u0113s nekad neizpaud\u012bsim j\u016bsu datus tre\u0161aj\u0101m person\u0101m, iz\u0146emot tre\u0161\u0101s personas, kur\u0101m m\u0113s esam tie\u0161i pas\u016bt\u012bju\u0161i m\u016bsu pakalpojumu snieg\u0161anu un kur\u0101m m\u016bsu pien\u0101kums ir iev\u0113rot datu aizsardz\u012bbas noteikumus saska\u0146\u0101 ar Visp\u0101r\u012bg\u0101s datu aizsardz\u012bbas regulas noteikumiem.<\/p>\n<p><strong>\u00a7 3 J\u016bsu ties\u012bbas<\/strong><\/p>\n<p>(1) Jums ir \u0161\u0101das ties\u012bbas attiec\u012bb\u0101 uz j\u016bsu personas datiem:<\/p>\n<p>&#8211; Piek\u013cuves ties\u012bbas,<br \/>\n&#8211; ties\u012bbas uz datu labo\u0161anu vai dz\u0113\u0161anu,<br \/>\n&#8211; ties\u012bbas uz apstr\u0101des ierobe\u017eo\u0161anu,<br \/>\n&#8211; ties\u012bbas iebilst pret apstr\u0101di,<br \/>\n&#8211; ties\u012bbas uz datu p\u0101rnesam\u012bbu.<\/p>\n<p>(2) Jums ir ar\u012b ties\u012bbas iesniegt s\u016bdz\u012bbu datu aizsardz\u012bbas uzraudz\u012bbas iest\u0101dei par m\u016bsu veikto j\u016bsu personas datu apstr\u0101di.<\/p>\n<p><strong>\u00a7 4 Personas datu v\u0101k\u0161ana, apmekl\u0113jot m\u016bsu t\u012bmek\u013ca vietni<\/strong><\/p>\n<p>(1) Ja izmantojat m\u016bsu vietni tikai informat\u012bviem nol\u016bkiem, t. i., ja j\u016bs nere\u0123istr\u0113jaties vai cit\u0101di nesniedzat mums inform\u0101ciju, m\u0113s apkopojam tikai tos personas datus, kurus j\u016bsu p\u0101rl\u016bkprogramma nos\u016bta uz m\u016bsu serveri. Ja v\u0113laties apskat\u012bt m\u016bsu t\u012bmek\u013ca vietni, m\u0113s apkopojam \u0161\u0101dus datus, kas ir tehniski nepiecie\u0161ami, lai m\u0113s var\u0113tu jums par\u0101d\u012bt m\u016bsu t\u012bmek\u013ca vietni un nodro\u0161in\u0101t t\u0101s stabilit\u0101ti un dro\u0161\u012bbu (juridiskais pamats ir VDAR 6. panta 1. punkta 1. teikuma 1. punkta f apak\u0161punkts): <\/p>\n<p>&#8211; IP adrese<br \/>\n&#8211; piepras\u012bjuma datums un laiks<br \/>\n&#8211; laika joslu starp\u012bba attiec\u012bb\u0101 pret Grini\u010das laiku (GMT)<br \/>\n&#8211; piepras\u012bjuma saturs (konkr\u0113ta lapa)<br \/>\n&#8211; piek\u013cuves statuss\/HTTP statusa kods<br \/>\n&#8211; p\u0101rs\u016bt\u012bto datu apjoms<br \/>\n&#8211; t\u012bmek\u013ca vietne, no kuras sa\u0146emts piepras\u012bjums<br \/>\n&#8211; p\u0101rl\u016bkprogramma<br \/>\n&#8211; oper\u0113t\u0101jsist\u0113ma un t\u0101s saskarne<br \/>\n&#8211; p\u0101rl\u016bkprogrammas valoda un versija.<\/p>\n<p>(2) Papildus iepriek\u0161 min\u0113tajiem datiem, kad izmantojat m\u016bsu t\u012bmek\u013ca vietni, j\u016bsu dator\u0101 tiek saglab\u0101tas s\u012bkdatnes. S\u012bkdatnes ir nelieli teksta faili, kas tiek saglab\u0101ti j\u016bsu cietaj\u0101 disk\u0101, kuri ir pie\u0161\u0137irti j\u016bsu izmantotajam p\u0101rl\u016bkam un ar kuru pal\u012bdz\u012bbu noteikta inform\u0101cija tiek nos\u016bt\u012bta iest\u0101dei, kas ievada s\u012bkdatni (\u0161aj\u0101 gad\u012bjum\u0101 &#8211; mums). S\u012bkfaili nevar izpild\u012bt programmas vai p\u0101rnest v\u012brusus uz j\u016bsu datoru. T\u0101s tiek izmantotas, lai padar\u012btu t\u012bmek\u013ca vietni lietot\u0101jam draudz\u012bg\u0101ku un kopum\u0101 efekt\u012bv\u0101ku.   <\/p>\n<p>(3) S\u012bkdat\u0146u izmanto\u0161ana:<\/p>\n<p>a) M\u016bsu t\u012bmek\u013ca vietn\u0113s tiek izmantoti \u0161\u0101di s\u012bkfailu veidi, kuru darb\u012bbas joma un funkcijas ir izskaidrotas turpm\u0101k:<\/p>\n<p>&#8211; \u012aslaic\u012bgas s\u012bkdatnes (skat\u012bt b)<br \/>\n&#8211; Past\u0101v\u012bgas s\u012bkdatnes (skat\u012bt c).<\/p>\n<p>b) P\u0101rejas s\u012bkfaili tiek autom\u0101tiski dz\u0113sti, kad aizverat p\u0101rl\u016bkprogrammu. T\u0101s jo \u012bpa\u0161i ietver sesijas s\u012bkfailus. Taj\u0101s tiek saglab\u0101ts t\u0101 sauktais sesijas ID, ar kuru da\u017e\u0101dus piepras\u012bjumus no j\u016bsu p\u0101rl\u016bkprogrammas var attiecin\u0101t uz kop\u012bgu sesiju. Tas \u013cauj atpaz\u012bt j\u016bsu datoru, kad j\u016bs atgrie\u017eaties m\u016bsu t\u012bmek\u013ca vietn\u0113. Sesijas s\u012bkfaili tiek dz\u0113sti, kad j\u016bs izrakst\u0101ties vai aizverat p\u0101rl\u016bkprogrammu.    <\/p>\n<p>c) Past\u0101v\u012bgie s\u012bkfaili tiek autom\u0101tiski dz\u0113sti p\u0113c noteikta perioda, kas var at\u0161\u0137irties atkar\u012bb\u0101 no s\u012bkfaila. S\u012bkfailus varat dz\u0113st pa\u0161i jebkur\u0101 laik\u0101 p\u0101rl\u016bkprogrammas dro\u0161\u012bbas iestat\u012bjumos. Past\u0101v\u012bg\u0101s s\u012bkdatnes \u013cauj mums atpaz\u012bt j\u016bs, kad m\u016bs apmekl\u0113siet atk\u0101rtoti, lai padar\u012btu j\u016bsu apmekl\u0113jumu tik vienk\u0101r\u0161u un efekt\u012bvu, k\u0101 j\u016bs to v\u0113l\u0113tos.  <\/p>\n<p>d) J\u016bs varat konfigur\u0113t p\u0101rl\u016bkprogrammas iestat\u012bjumus atbilsto\u0161i sav\u0101m v\u0113lm\u0113m un, piem\u0113ram, atteikties pie\u0146emt tre\u0161o pu\u0161u s\u012bkdatnes vai visas s\u012bkdatnes. M\u0113s v\u0113lamies nor\u0101d\u012bt, ka tad j\u016bs, iesp\u0113jams, nevar\u0113siet izmantot visas m\u016bsu t\u012bmek\u013ca viet\u0146u funkcijas. <\/p>\n<p>e) M\u0113s izmantojam s\u012bkfailus, lai j\u016bs identific\u0113tu n\u0101kamajiem apmekl\u0113jumiem, ja jums ir m\u016bsu konts. Pret\u0113j\u0101 gad\u012bjum\u0101 jums b\u016btu j\u0101piesak\u0101s no jauna katram apmekl\u0113jumam. <\/p>\n<p><strong>\u00a7 5 Personas datu v\u0101k\u0161ana, izmantojot m\u016bsu pakalpojumus<\/strong><\/p>\n<p>(1) Re\u0123istr\u0113joties, lai izmantotu m\u016bsu pakalpojumus, j\u016bs piekr\u012btat m\u016bsu atsevi\u0161\u0137am lietot\u0101ja l\u012bgumam. <a href=\"https:\/\/revierwelt.de\/index.php\/nutzungsvereinbarung\"><strong>lietot\u0101ja l\u012bgums<\/strong><\/a> kas ietver turpm\u0101ku datu v\u0101k\u0161anu, glab\u0101\u0161anu un apstr\u0101di. Attiec\u012bgais apjoms ir atkar\u012bgs no atsevi\u0161\u0137iem pakalpojumiem, kurus izmantojat no m\u016bsu pied\u0101v\u0101juma. <\/p>\n<p>(2) Re\u0123istr\u0113joties, lai izmantotu m\u016bsu pakalpojumus, tiek v\u0101kti vismaz \u0161\u0101di papildu dati, kas jums ir j\u0101sniedz patiesi saska\u0146\u0101 ar m\u016bsu lietot\u0101ja l\u012bgumu:<\/p>\n<p>&#8211; Uzv\u0101rds<br \/>\n&#8211; V\u0101rds<br \/>\n&#8211; Tituls<br \/>\n&#8211; Dzim\u0161anas datums<br \/>\n&#8211; Lieto\u0161anas valsts<br \/>\n&#8211; Mobil\u0101 t\u0101lru\u0146a numurs<br \/>\n&#8211; E-pasta adrese<br \/>\n&#8211; Person\u012bg\u0101 parole<\/p>\n<p>(3) Nosl\u0113dzot abonementu maksas pakalpojumu izmanto\u0161anai vai ieg\u0101d\u0101joties produktus ar m\u016bsu t\u012bmek\u013ca vietnes starpniec\u012bbu, var b\u016bt nepiecie\u0161ams ar\u012b v\u0101kt datus, lai veiktu k\u0101rt\u0113jo nor\u0113\u0137inu. \u0160os datus v\u0101c un apstr\u0101d\u0101 tikai un vien\u012bgi j\u016bsu izv\u0113l\u0113tais maks\u0101jumu pakalpojumu sniedz\u0113js. M\u016bsu sist\u0113m\u0101s netiek glab\u0101ta konta inform\u0101cija, tikai anonimiz\u0113ti dar\u012bjumu atsl\u0113gas tausti\u0146i.  <\/p>\n<p>(4) Izmantojot m\u016bsu pakalpojumus, j\u016bs varat ar\u012b patst\u0101v\u012bgi v\u0101kt papildu datus m\u016bsu pakalpojumos, glab\u0101t tos m\u016bsu pakalpojumos vai nos\u016bt\u012bt tos m\u016bsu pakalpojumiem; \u0161ie dati tiek glab\u0101ti un apstr\u0101d\u0101ti saska\u0146\u0101 ar m\u016bsu lietot\u0101ja l\u012bgumu.<\/p>\n<p>(5) Ja tiek izmantota <strong>sl\u0113gta lietot\u0101ju grupa<\/strong> (piem\u0113ram, teritorija), \u0146emiet v\u0113r\u0101, ka katrai sl\u0113gtai lietot\u0101ju grupai ir \u012bpa\u0161nieks, kur\u0161 var pievienot un no\u0146emt papildu lietot\u0101jus un p\u0101rvald\u012bt grupas lietot\u0101ju pilnvaras. Pievienojot datus sl\u0113gtai lietot\u0101ju grupai, j\u016bs pie\u0161\u0137irat sl\u0113gt\u0101s lietot\u0101ju grupas \u012bpa\u0161niekam neierobe\u017eotas, neatsaucamas un nododamas lieto\u0161anas ties\u012bbas uz visu pievienoto saturu un datiem. <\/p>\n<p>(6) Kad izmantojat da\u017eus m\u016bsu pakalpojumus, dati tiek autom\u0101tiski p\u0101rs\u016bt\u012bti m\u016bsu pakalpojumiem, kad tos izmantojat j\u016bs vai galiek\u0101rtas, ko piesl\u0113dzat m\u016bsu pakalpojumiem. J\u016bs nosak\u0101t p\u0101rs\u016bt\u012bto datu apjomu, izv\u0113loties un izmantojot galiek\u0101rtas ar akt\u012bvu p\u0101rraides tehnolo\u0123iju (izsekot\u0101ji, kameras, slazdu detektori u. c.). Visus m\u016bsu pakalpojumiem p\u0101rs\u016bt\u012btos datus m\u0113s re\u0123istr\u0113jam, uzglab\u0101jam un apstr\u0101d\u0101jam saska\u0146\u0101 ar lietot\u0101ja l\u012bguma noteikumiem.  <\/p>\n<p><strong>\u00a7 6 Iebildumi vai atsaukums pret j\u016bsu datu apstr\u0101di<\/strong><\/p>\n<p>(1) Ja esat devis piekri\u0161anu savu datu apstr\u0101dei, j\u016bs varat to jebkur\u0101 laik\u0101 atsaukt. \u0160\u0101da atsauk\u0161ana ietekm\u0113 j\u016bsu personas datu apstr\u0101des pie\u013caujam\u012bbu p\u0113c tam, kad esat mums to devis. <\/p>\n<p>(2) Cikt\u0101l m\u0113s j\u016bsu personas datu apstr\u0101di pamato ar intere\u0161u l\u012bdzsvaru, j\u016bs varat iebilst pret apstr\u0101di. Tas ir gad\u012bjum\u0101, ja, jo \u012bpa\u0161i, apstr\u0101de nav nepiecie\u0161ama, lai izpild\u012btu ar jums nosl\u0113gto l\u012bgumu, ko m\u0113s aprakst\u012bj\u0101m turpm\u0101kaj\u0101 funkciju aprakst\u0101. Izpildot \u0161\u0101du iebildumu, m\u0113s l\u016bdzam j\u016bs paskaidrot iemeslus, k\u0101p\u0113c mums nevajadz\u0113tu apstr\u0101d\u0101t j\u016bsu personas datus t\u0101, k\u0101 m\u0113s esam to dar\u012bju\u0161i. J\u016bsu pamatota iebilduma gad\u012bjum\u0101 m\u0113s izskat\u012bsim situ\u0101ciju un vai nu p\u0101rtrauksim vai piel\u0101gosim datu apstr\u0101di, vai ar\u012b nor\u0101d\u012bsim jums m\u016bsu p\u0101rliecino\u0161us aizsardz\u012bbas cien\u012bgus iemeslus, uz kuru pamata m\u0113s turpin\u0101sim apstr\u0101di.   <\/p>\n<p>(3) Protams, j\u016bs jebkur\u0101 laik\u0101 varat iebilst pret savu personas datu apstr\u0101di rekl\u0101mas un datu anal\u012bzes nol\u016bkos. J\u016bs varat m\u016bs inform\u0113t par savu iebildumu pret rekl\u0101mu, izmantojot \u0161\u0101du kontaktinform\u0101ciju: support@revierwelt.de. <\/p>\n<p><strong>\u00a7 7 YouTube videoklipu integr\u0101cija<\/strong><\/p>\n<p>(1) Sav\u0101 tie\u0161saistes pied\u0101v\u0101jum\u0101 esam integr\u0113ju\u0161i YouTube videoklipus, kas tiek glab\u0101ti vietn\u0113 <a href=\"http:\/\/www.YouTube.com\">http:\/\/www.YouTube.com<\/a> un kurus var atska\u0146ot tie\u0161i no m\u016bsu t\u012bmek\u013ca vietnes. Kad \u0161ie videoklipi tiek skat\u012bti, dati tiek p\u0101rs\u016bt\u012bti YouTube. Mums nav nek\u0101das ietekmes uz \u0161o datu p\u0101rs\u016bt\u012b\u0161anu.  <\/p>\n<p>(2) Apmekl\u0113jot attiec\u012bgo vietni un skatoties videoklipu, YouTube sa\u0146em inform\u0101ciju, ka esat apmekl\u0113jis attiec\u012bgo m\u016bsu vietnes apak\u0161lapu. Turkl\u0101t tiks nos\u016bt\u012bti \u0161\u012bs deklar\u0101cijas 4. panta 1. punkt\u0101 min\u0113tie dati. Tas notiek neatkar\u012bgi no t\u0101, vai YouTube nodro\u0161ina jums lietot\u0101ja kontu, ar kura starpniec\u012bbu j\u016bs jau esat pieteicies, vai ar\u012b lietot\u0101ja konta nav. Ja esat pieteicies Google, j\u016bsu dati tiks pie\u0161\u0137irti tie\u0161i j\u016bsu Google kontam. Ja nev\u0113laties, lai j\u016bsu dati tiktu piesaist\u012bti j\u016bsu YouTube profilam, pirms aktiviz\u0113jat pogu, lai izsauktu attiec\u012bgo YouTube videoklipu, jums ir j\u0101iziet no konta. YouTube saglab\u0101 j\u016bsu datus k\u0101 lietot\u0101ja profilus un izmanto tos rekl\u0101mas, tirgus izp\u0113tes un\/vai savas t\u012bmek\u013ca vietnes piel\u0101go\u0161anas vajadz\u012bb\u0101m.     <\/p>\n<p>\u0160\u0101ds nov\u0113rt\u0113jums tiek veikts jo \u012bpa\u0161i (pat lietot\u0101jiem, kuri nav pierakst\u012bju\u0161ies), lai nodro\u0161in\u0101tu piel\u0101gotu rekl\u0101mu un inform\u0113tu citus YouTube soci\u0101l\u0101 t\u012bkla lietot\u0101jus par j\u016bsu darb\u012bb\u0101m m\u016bsu vietn\u0113. Jums ir ties\u012bbas iebilst pret \u0161\u0101du lietot\u0101ju profilu izveidi, ta\u010du, lai izmantotu \u0161\u012bs ties\u012bbas, jums ir j\u0101sazin\u0101s ar YouTube. <\/p>\n<p>(3) Pla\u0161\u0101ka inform\u0101cija par datu v\u0101k\u0161anas m\u0113r\u0137i un apjomu, k\u0101 ar\u012b to apstr\u0101di YouTube ir atrodama YouTube priv\u0101tuma politik\u0101. Tur atrad\u012bsiet ar\u012b s\u012bk\u0101ku inform\u0101ciju par sav\u0101m ties\u012bb\u0101m un iestat\u012b\u0161anas iesp\u0113j\u0101m, lai aizsarg\u0101tu savu priv\u0101tumu: https:\/\/www.google.de\/intl\/de\/policies\/privacy. Google apstr\u0101d\u0101 j\u016bsu personas datus ar\u012b ASV un ir pievienojusies ES un ASV priv\u0101tuma vairogam, https:\/\/www.privacyshield.gov\/EU-US-Framework. <\/p>\n<p><strong>  \u00a7 8 Google Maps integr\u0101cija  <\/strong><\/p>\n<p>(1) Sav\u0101s vietn\u0113s m\u0113s izmantojam Google Maps pakalpojumu. Tas \u013cauj mums par\u0101d\u012bt interakt\u012bvas kartes tie\u0161i t\u012bmek\u013ca vietn\u0113 un \u013cauj \u0113rti izmantot kartes funkciju. <\/p>\n<p>(2) Apmekl\u0113jot attiec\u012bgo t\u012bmek\u013ca vietni, Google sa\u0146em inform\u0101ciju, ka esat apmekl\u0113jis attiec\u012bgo m\u016bsu t\u012bmek\u013ca vietnes apak\u0161lapu. Turkl\u0101t tiks nos\u016bt\u012bti \u0161\u012bs deklar\u0101cijas 4. panta 1. punkt\u0101 min\u0113tie dati. Tas notiek neatkar\u012bgi no t\u0101, vai Google jums nodro\u0161ina lietot\u0101ja kontu, ar kura starpniec\u012bbu j\u016bs jau esat pieteicies, vai ar\u012b lietot\u0101ja konta nav. Ja esat pieteicies Google, j\u016bsu dati tiks pie\u0161\u0137irti tie\u0161i j\u016bsu Google kontam. Ja nev\u0113laties, lai dati tiktu saist\u012bti ar j\u016bsu Google profilu, pirms piek\u013cuves m\u016bsu pakalpojumu attiec\u012bgaj\u0101m apak\u0161lap\u0101m jums ir j\u0101iziet no Google. Google saglab\u0101 j\u016bsu datus k\u0101 lieto\u0161anas profilus un izmanto tos rekl\u0101mas, tirgus izp\u0113tes un\/vai savas t\u012bmek\u013ca vietnes piel\u0101go\u0161anas vajadz\u012bb\u0101m.     <\/p>\n<p>\u0160\u0101da anal\u012bze tiek veikta jo \u012bpa\u0161i (pat lietot\u0101jiem, kuri nav pierakst\u012bju\u0161ies), lai nodro\u0161in\u0101tu piel\u0101gotu rekl\u0101mu un inform\u0113tu citus soci\u0101l\u0101 t\u012bkla lietot\u0101jus par j\u016bsu darb\u012bb\u0101m m\u016bsu vietn\u0113. Jums ir ties\u012bbas iebilst pret \u0161\u0101du lietot\u0101ju profilu izveidi, ta\u010du, lai izmantotu \u0161\u012bs ties\u012bbas, jums ir j\u0101sazin\u0101s ar Google. <\/p>\n<p>(3) Papildu inform\u0101ciju par datu v\u0101k\u0161anas m\u0113r\u0137i un apjomu, k\u0101 ar\u012b to apstr\u0101di, ko veic spraud\u0146a nodro\u0161in\u0101t\u0101js, var atrast Google priv\u0101tuma politik\u0101. Tur atrad\u012bsiet ar\u012b s\u012bk\u0101ku inform\u0101ciju par sav\u0101m ties\u012bb\u0101m \u0161aj\u0101 sakar\u0101 un iestat\u012b\u0161anas iesp\u0113j\u0101m, lai aizsarg\u0101tu savu priv\u0101tumu: http:\/\/www.google.de\/intl\/de\/policies\/privacy. Google apstr\u0101d\u0101 j\u016bsu personas datus ar\u012b ASV un ir pievienojies ES un ASV priv\u0101tuma vairogam, https:\/\/www.privacyshield.gov\/EU-US-Framework. <\/p>\n<p><strong>  \u00a7 9 Maks\u0101jumu pakalpojumu integr\u0101cija<\/strong><\/p>\n<p>(1) Da\u017e\u0101di maks\u0101jumu pakalpojumi un to pakalpojumu sniedz\u0113ji, pa\u0161laik galvenok\u0101rt PayPal un Stripe, tiek izmantoti, lai nodro\u0161in\u0101tu da\u017e\u0101das metodes, k\u0101 nor\u0113\u0137in\u0101ties par maksas pakalpojumiem no REVIERWELT. Konkr\u0113ta inform\u0101cija par katr\u0101 gad\u012bjum\u0101 izmantotajiem pakalpojumu sniedz\u0113jiem un to izv\u0113li tiek sniegta, izv\u0113loties maks\u0101jumu metodi.<\/p>\n<p>(2) Maks\u0101juma dar\u012bjuma apstr\u0101dei ir nepiecie\u0161ams tie\u0161s l\u012bgums starp jums un j\u016bsu izv\u0113l\u0113to maks\u0101jumu pakalpojumu sniedz\u0113ju, kas ietver ar\u012b personas datu un nor\u0113\u0137inu inform\u0101cijas apstr\u0101di.<\/p>\n<p>(3) Lai nodro\u0161in\u0101tu maks\u0101jumu procesu, izv\u0113l\u0113tais pakalpojumu sniedz\u0113js sav\u0101s integr\u0113taj\u0101s lap\u0101s iev\u0101c pamatdatus k\u0101 da\u013cu no maks\u0101jumu procesa; no Revierwelt Media nek\u0101di personas dati netiek nodoti maks\u0101jumu pakalpojumu sniedz\u0113jam. M\u016bsu sist\u0113m\u0101s netiek glab\u0101ta konta inform\u0101cija, tikai anonimiz\u0113ti dar\u012bjumu atsl\u0113gas tausti\u0146i. <\/p>\n<p><strong>\u00a7 10. pants Ties\u012bbas uz inform\u0101ciju un anul\u0113\u0161anu<\/strong><\/p>\n<p>Jums ir ties\u012bbas jebkur\u0101 laik\u0101 sa\u0146emt bezmaksas inform\u0101ciju, labot, blo\u0137\u0113t un, ja nepiecie\u0161ams, dz\u0113st saglab\u0101tos personas datus. L\u016bdzu, nos\u016btiet mums savu piepras\u012bjumu pa pastu vai e-pastu. Personas datu dz\u0113\u0161ana notiek &#8211; iev\u0113rojot atk\u0101pes no juridiskajiem pien\u0101kumiem -, ja j\u016bs atsaucat savu piekri\u0161anu glab\u0101\u0161anai, ja dati vairs nav nepiecie\u0161ami, lai sasniegtu m\u0113r\u0137i, k\u0101dam tie tika glab\u0101ti, vai ja glab\u0101\u0161ana ir nepie\u013caujama citu juridisku iemeslu d\u0113\u013c.  <\/p>\n<p><strong>  \u00a7 11 Par datu v\u0101k\u0161anu atbild\u012bgais centrs<\/strong><\/p>\n<p>Revierwelt Media GmbH<br \/>\nPestalozzistrasse 41<br \/>\n35606 Solms<br \/>\nE-pasts: support@revierwelt.de<\/p>\n<p>Izpilddirektors: Alexander Vinnai<br \/>\nKomercre\u0123istrs: Wetzlar Local Court HRB 6268<br \/>\nPVN re\u0123istr\u0101cijas numurs: DE 281317112<\/p>\n<p style=\"margin: 0cm 0cm 16.9pt 0cm;\">Statuss 2019. gada maijs<\/p>\n<\/div><\/div><\/div><\/div><\/div><\/div><\/div><\/section>\n","protected":false},"excerpt":{"rendered":"M\u0113s, Revierwelt Media GmbH, priec\u0101jamies par J\u016bsu apmekl\u0113jumu m\u016bsu t\u012bmek\u013ca vietn\u0113 ar pla\u0161u tie\u0161saistes pied\u0101v\u0101jumu visos med\u012bbu jaut\u0101jumos. Revierwelt Media ir med\u012bbu plat\u012bbu p\u0101rvald\u012bbas programmat\u016bras &#8222;REVIERWELT&#8220; ar integr\u0113tu soci\u0101lo t\u012bklu un tie\u0161saistes sazi\u0146as iesp\u0113ju pieg\u0101d\u0101t\u0101js. Multimediju pakalpojumu kl\u0101stu, ko pied\u0101v\u0101 REVIERWELT, papildina tie\u0161saistes veikals, kur\u0101 var ieg\u0101d\u0101ties produktus, kas saist\u012bti ar REVIERWELT lieto\u0161anu &#8211; turpm\u0101k...","protected":false},"author":4,"featured_media":0,"parent":0,"menu_order":0,"comment_status":"closed","ping_status":"closed","template":"","meta":{"footnotes":""},"class_list":["post-39749","page","type-page","status-publish","hentry"],"_links":{"self":[{"href":"https:\/\/www.revierwelt.de\/index.php\/wp-json\/wp\/v2\/pages\/39749","targetHints":{"allow":["GET"]}}],"collection":[{"href":"https:\/\/www.revierwelt.de\/index.php\/wp-json\/wp\/v2\/pages"}],"about":[{"href":"https:\/\/www.revierwelt.de\/index.php\/wp-json\/wp\/v2\/types\/page"}],"author":[{"embeddable":true,"href":"https:\/\/www.revierwelt.de\/index.php\/wp-json\/wp\/v2\/users\/4"}],"replies":[{"embeddable":true,"href":"https:\/\/www.revierwelt.de\/index.php\/wp-json\/wp\/v2\/comments?post=39749"}],"version-history":[{"count":0,"href":"https:\/\/www.revierwelt.de\/index.php\/wp-json\/wp\/v2\/pages\/39749\/revisions"}],"wp:attachment":[{"href":"https:\/\/www.revierwelt.de\/index.php\/wp-json\/wp\/v2\/media?parent=39749"}],"curies":[{"name":"wp","href":"https:\/\/api.w.org\/{rel}","templated":true}]}}