{"id":39733,"date":"2025-02-25T11:48:26","date_gmt":"2025-02-25T10:48:26","guid":{"rendered":"https:\/\/revierwelt.de\/index.php\/retningslinjer-for-personvern\/"},"modified":"2025-02-25T11:48:36","modified_gmt":"2025-02-25T10:48:36","slug":"retningslinjer-for-personvern","status":"publish","type":"page","link":"https:\/\/www.revierwelt.de\/index.php\/retningslinjer-for-personvern\/?lang=no","title":{"rendered":"Retningslinjer for personvern"},"content":{"rendered":"<section class=\"l-section wpb_row height_medium\"><div class=\"l-section-h i-cf\"><div class=\"g-cols vc_row via_flex valign_top type_default stacking_default\"><div class=\"vc_col-sm-12 wpb_column vc_column_container\"><div class=\"vc_column-inner\"><div class=\"wpb_wrapper\"><div class=\"wpb_text_column\"><div class=\"wpb_wrapper\"><p>Vi, Revierwelt Media GmbH, ser frem til ditt bes\u00f8k p\u00e5 v\u00e5re nettsider med v\u00e5rt omfattende online-tilbud av jaktrelaterte tjenester. Revierwelt Media er leverand\u00f8r av programvaren &#8222;REVIERWELT&#8220; for jaktterrengforvaltning med integrert sosialt nettverk og mulighet for online kommunikasjon. Tilbudet av multimedietjenester p\u00e5 REVIERWELT avrundes av en nettbutikk for kj\u00f8p av produkter knyttet til bruken av REVIERWELT &#8211; i det f\u00f8lgende sammenfattet som &#8222;v\u00e5re tjenester&#8220;.  <\/p>\n<p>Vi er opptatt av \u00e5 beskytte personopplysningene dine under innsamling, behandling og bruk. F\u00f8lgende erkl\u00e6ringer gjelder ikke for produkter som tilbys av tredjeparter via REVIERWELT. I denne forbindelse henviser vi til de produktspesifikke bruksvilk\u00e5rene for tredjepartsprodukter.  <\/p>\n<p>I denne personvernerkl\u00e6ringen gir vi deg en oversikt over hvordan vi behandler personopplysningene dine n\u00e5r du bruker tjenestene v\u00e5re, i samsvar med v\u00e5re informasjonsforpliktelser i henhold til den europeiske personvernforordningen (GDPR), som tr\u00e5dte i kraft 25. mai 2018. Den gjelder uavhengig av om du er registrert hos oss eller ikke, om du bare bes\u00f8ker nettsidene v\u00e5re (www.revierwelt.de\/.com) eller bestiller og bruker v\u00e5re gratis- og betalingsapplikasjoner og -apper. <\/p>\n<p>Ved \u00e5 bruke tjenestene v\u00e5re samtykker du til at opplysningene dine behandles i samsvar med denne personvernerkl\u00e6ringen.<\/p>\n<p>HVIS DU IKKE GODTAR VILK\u00c5RENE I DENNE PERSONVERNERKL\u00c6RINGEN, B\u00d8R DU IKKE BRUKE TJENESTENE V\u00c5RE.<\/p>\n<p><strong>1 \u00a7 Informasjon om innsamling av personopplysninger<\/strong><\/p>\n<p>(1) I det f\u00f8lgende gir vi informasjon om innsamling av personopplysninger ved bruk av v\u00e5re tjenester. &#8222;Personopplysninger&#8220; i henhold til artikkel 4 nr. 1 i personvernforordningen er <\/p>\n<p>&#8222;&#8230;enhver opplysning om en identifisert eller identifiserbar fysisk person (heretter kalt &#8222;den registrerte&#8220;); en identifiserbar fysisk person er en person som direkte eller indirekte kan identifiseres, s\u00e6rlig ved hjelp av en identifikator, f.eks. et navn, et identifikasjonsnummer, lokaliseringsopplysninger, en nettidentifikator eller ett eller flere elementer som er spesifikke for den fysiske, fysiologiske, genetiske, psykiske, \u00f8konomiske, kulturelle eller sosiale identiteten til den fysiske personen&#8220;.<\/p>\n<p>(2) Behandlingsansvarlig i henhold til art. 4 nr. 7 i EUs personvernforordning (GDPR) er Revierwelt Media GmbH, Pestalozzistra\u00dfe 41, 35606 Solms, Tyskland (for ytterligere informasjon, se juridisk merknad). <\/p>\n<p>(3) N\u00e5r du registrerer deg p\u00e5 REVIERWELT for \u00e5 bruke tjenestene v\u00e5re, kontakter oss per e-post eller via et kontaktskjema, vil opplysningene du oppgir (e-postadressen din, navnet ditt, telefonnummeret ditt og eventuelle andre opplysninger du gir oss) bli lagret av oss. Vi sletter opplysningene som oppst\u00e5r i denne sammenhengen etter at lagringen ikke lenger er n\u00f8dvendig, eller begrenser behandlingen hvis det foreligger lovbestemte oppbevaringsplikter. <\/p>\n<p>(4) Ettersom beskyttelse av barn er av stor betydning, tillater vi ikke registrering av brukere under 16 \u00e5r. Hvis du som forelder eller foresatt f\u00e5r vite at dine barn har registrert seg p\u00e5 tjenesten v\u00e5r og overf\u00f8rt personopplysninger til oss, kan du kontakte oss ved hjelp av kontaktopplysningene ovenfor, og vi vil umiddelbart blokkere brukeren og slette opplysningene. <\/p>\n<p><strong>\u00a7 2 Form\u00e5l med databehandlingen<\/strong><\/p>\n<p>(1) Vi samler inn og behandler personopplysningene dine for \u00e5 kunne tilby deg v\u00e5re tjenester, kontinuerlig forbedre og utvikle dem, s\u00f8rge for deres tekniske funksjonalitet og garantere sikkerheten til tjenestene v\u00e5re.<\/p>\n<p>(2) Vi bruker opplysningene dine til \u00e5 tilby deg v\u00e5re tjenester i samsvar med din bruk, til \u00e5 gi deg tilleggsinformasjon og tilbud om v\u00e5re tjenester som vi mener er skreddersydd til dine behov, og til \u00e5 gi deg en brukeropplevelse som vi mener er tilpasset.<\/p>\n<p>(3) Vi tilbyr deg ulike m\u00e5ter \u00e5 betale for betalingstjenester p\u00e5. Innsamling og behandling av kontodata som en del av betalingsprosessen utf\u00f8res utelukkende av leverand\u00f8ren du har valgt, i samsvar med deres personvern- og kontraktsvilk\u00e5r. <\/p>\n<p>(4) Vi forsikrer deg om at vi ikke p\u00e5 noe tidspunkt vil utlevere opplysningene dine til tredjeparter, med unntak av tredjeparter som er direkte engasjert av oss for \u00e5 levere tjenestene v\u00e5re, og som er forpliktet av oss til \u00e5 overholde personvernbestemmelsene i samsvar med bestemmelsene i personvernforordningen.<\/p>\n<p><strong>\u00a7 3 Dine rettigheter<\/strong><\/p>\n<p>(1) Du har f\u00f8lgende rettigheter overfor oss med hensyn til personopplysningene dine:<\/p>\n<p>&#8211; Rett til innsyn,<br \/>\n&#8211; rett til retting eller sletting,<br \/>\n&#8211; rett til begrensning av behandling,<br \/>\n&#8211; rett til \u00e5 protestere mot behandling,<br \/>\n&#8211; rett til dataportabilitet.<\/p>\n<p>(2) Du har ogs\u00e5 rett til \u00e5 klage til en tilsynsmyndighet for databeskyttelse over behandlingen av personopplysningene dine hos oss.<\/p>\n<p><strong>\u00a7 4 Innsamling av personopplysninger n\u00e5r du bes\u00f8ker nettstedet v\u00e5rt<\/strong><\/p>\n<p>(1) Hvis du bruker nettstedet v\u00e5rt kun for informasjonsform\u00e5l, dvs. hvis du ikke registrerer deg eller p\u00e5 annen m\u00e5te gir oss informasjon, samler vi bare inn de personopplysningene som nettleseren din overf\u00f8rer til serveren v\u00e5r. Hvis du \u00f8nsker \u00e5 se p\u00e5 nettstedet v\u00e5rt, samler vi inn f\u00f8lgende data, som er teknisk n\u00f8dvendige for at vi skal kunne vise nettstedet v\u00e5rt for deg og for \u00e5 sikre stabilitet og sikkerhet (rettslig grunnlag er art. 6, par. 1, setning 1, bokstav f i GDPR): <\/p>\n<p>&#8211; IP-adresse<br \/>\n&#8211; dato og klokkeslett for foresp\u00f8rselen<br \/>\n&#8211; tidssoneforskjell i forhold til Greenwich Mean Time (GMT)<br \/>\n&#8211; innholdet i foresp\u00f8rselen (spesifikk side)<br \/>\n&#8211; tilgangsstatus\/HTTP-statuskode<br \/>\n&#8211; overf\u00f8rt datamengde<br \/>\n&#8211; nettstedet som foresp\u00f8rselen kommer fra<br \/>\n&#8211; nettleser<br \/>\n&#8211; operativsystem og grensesnitt<br \/>\n&#8211; spr\u00e5k og versjon av nettleserprogramvaren<\/p>\n<p>(2) I tillegg til de nevnte dataene lagres det informasjonskapsler p\u00e5 datamaskinen din n\u00e5r du bruker nettstedet v\u00e5rt. Informasjonskapsler er sm\u00e5 tekstfiler som lagres p\u00e5 harddisken din og som er knyttet til den nettleseren du bruker, og som sender visse opplysninger til den som setter informasjonskapselen (i dette tilfellet oss). Informasjonskapsler kan ikke kj\u00f8re programmer eller overf\u00f8re virus til datamaskinen din. De brukes for \u00e5 gj\u00f8re nettstedet mer brukervennlig og effektivt totalt sett.   <\/p>\n<p>(3) Bruk av informasjonskapsler:<\/p>\n<p>a) Nettstedene v\u00e5re bruker f\u00f8lgende typer informasjonskapsler, hvis omfang og funksjon er forklart nedenfor:<\/p>\n<p>&#8211; Forbig\u00e5ende informasjonskapsler (se b)<br \/>\n&#8211; Permanente informasjonskapsler (se c).<\/p>\n<p>b) Forbig\u00e5ende informasjonskapsler slettes automatisk n\u00e5r du lukker nettleseren. Disse inkluderer spesielt \u00f8ktinformasjonskapsler. Disse lagrer en s\u00e5kalt sesjons-ID, som gj\u00f8r det mulig \u00e5 tilordne ulike foresp\u00f8rsler fra nettleseren din til en felles sesjon. Dette gj\u00f8r at datamaskinen din kan gjenkjennes n\u00e5r du kommer tilbake til nettstedet v\u00e5rt. \u00d8ktinformasjonskapslene slettes n\u00e5r du logger deg ut eller lukker nettleseren.    <\/p>\n<p>c) Permanente informasjonskapsler slettes automatisk etter en bestemt periode, som kan variere avhengig av informasjonskapselen. Du kan n\u00e5r som helst slette informasjonskapslene selv i sikkerhetsinnstillingene i nettleseren din. Vedvarende informasjonskapsler gj\u00f8r det mulig for oss \u00e5 gjenkjenne deg n\u00e5r du bes\u00f8ker oss igjen, slik at vi kan gj\u00f8re bes\u00f8ket ditt s\u00e5 enkelt og effektivt som du \u00f8nsker.  <\/p>\n<p>d) Du kan konfigurere innstillingene i nettleseren din etter eget \u00f8nske, og for eksempel nekte \u00e5 godta tredjeparts informasjonskapsler eller alle informasjonskapsler. Vi gj\u00f8r oppmerksom p\u00e5 at du da kanskje ikke vil kunne bruke alle funksjonene p\u00e5 nettsidene v\u00e5re. <\/p>\n<p>e) Vi bruker informasjonskapsler for \u00e5 identifisere deg ved senere bes\u00f8k hvis du har en konto hos oss. Ellers m\u00e5 du logge inn p\u00e5 nytt for hvert bes\u00f8k. <\/p>\n<p><strong>\u00a7 5 Innsamling av personopplysninger ved bruk av v\u00e5re tjenester<\/strong><\/p>\n<p>(1) N\u00e5r du registrerer deg for \u00e5 bruke tjenestene v\u00e5re, godtar du v\u00e5r separate brukeravtale. <a href=\"https:\/\/revierwelt.de\/index.php\/nutzungsvereinbarung\"><strong>brukeravtale<\/strong><\/a> som omfatter videre innsamling, lagring og behandling av data. Omfanget avhenger av de enkelte tjenestene du bruker fra v\u00e5rt tilbud. <\/p>\n<p>(2) N\u00e5r du registrerer deg for \u00e5 bruke tjenestene v\u00e5re, samles det inn minst f\u00f8lgende tilleggsopplysninger, som du er forpliktet til \u00e5 oppgi sannferdig i samsvar med brukeravtalen v\u00e5r:<\/p>\n<p>&#8211; Etternavn<br \/>\n&#8211; Fornavn<br \/>\n&#8211; Tittel<br \/>\n&#8211; F\u00f8dselsdato<br \/>\n&#8211; Land<br \/>\n&#8211; Mobiltelefonnummer<br \/>\n&#8211; E-postadresse<br \/>\n&#8211; Personlig passord<\/p>\n<p>(3) N\u00e5r du tegner et abonnement for bruk av betalingstjenester eller kj\u00f8p av produkter via nettstedet v\u00e5rt, kan det ogs\u00e5 v\u00e6re n\u00f8dvendig \u00e5 samle inn data for l\u00f8pende fakturering. Disse opplysningene samles inn og behandles utelukkende av den betalingstjenesteleverand\u00f8ren du har valgt. Ingen kontoinformasjon lagres i v\u00e5re systemer, kun anonymiserte transaksjonsn\u00f8kler.  <\/p>\n<p>(4) Som en del av bruken av v\u00e5re tjenester kan du ogs\u00e5 selvstendig samle inn ytterligere data i v\u00e5re tjenester, lagre dem p\u00e5 v\u00e5re tjenester eller f\u00e5 dem overf\u00f8rt til v\u00e5re tjenester; disse dataene lagres og behandles i samsvar med v\u00e5r brukeravtale.<\/p>\n<p>(5) Hvis dette inneb\u00e6rer bruk av en <strong>lukket brukergruppe<\/strong> (f.eks. et territorium), m\u00e5 du v\u00e6re oppmerksom p\u00e5 at hver lukket brukergruppe har en eier som kan legge til og fjerne flere brukere og administrere autorisasjonene til brukerne i gruppen. Ved \u00e5 legge til data i den lukkede brukergruppen gir du eieren av den lukkede brukergruppen ubegrensede, ugjenkallelige og overf\u00f8rbare bruksrettigheter til alt innhold og alle data som legges til. <\/p>\n<p>(6) N\u00e5r du bruker noen av v\u00e5re tjenester, overf\u00f8res det ogs\u00e5 automatisk data til v\u00e5re tjenester gjennom din bruk eller sluttapparatene du kobler til v\u00e5re tjenester. Du bestemmer omfanget av de overf\u00f8rte dataene ved \u00e5 velge og bruke sluttapparater med aktiv overf\u00f8ringsteknologi (trackere, kameraer, fellevarslere osv.). Alle data som overf\u00f8res til v\u00e5re tjenester registreres, lagres og behandles av oss i samsvar med reglene i brukeravtalen.  <\/p>\n<p><strong>6 \u00a7 6 Innsigelse eller tilbakekalling mot behandling av dine opplysninger<\/strong><\/p>\n<p>(1) Hvis du har gitt ditt samtykke til behandling av personopplysningene dine, kan du n\u00e5r som helst tilbakekalle det. En slik tilbakekalling p\u00e5virker tillatelsen til behandling av personopplysningene dine etter at du har gitt dem til oss. <\/p>\n<p>(2) I den grad vi baserer behandlingen av personopplysningene dine p\u00e5 en interesseavveining, kan du motsette deg behandlingen. Dette er s\u00e6rlig tilfelle hvis behandlingen ikke er n\u00f8dvendig for \u00e5 oppfylle en kontrakt med deg, som vi beskriver i den f\u00f8lgende funksjonsbeskrivelsen. N\u00e5r du gj\u00f8r en slik innsigelse, ber vi deg om \u00e5 forklare \u00e5rsakene til at vi ikke b\u00f8r behandle personopplysningene dine p\u00e5 den m\u00e5ten vi har gjort. Hvis du har en berettiget innsigelse, vil vi unders\u00f8ke situasjonen og enten avbryte eller tilpasse databehandlingen, eller vise deg v\u00e5re tungtveiende og beskyttelsesverdige grunner til at vi vil fortsette behandlingen.   <\/p>\n<p>(3) Du kan selvf\u00f8lgelig n\u00e5r som helst protestere mot behandlingen av personopplysningene dine til reklame- og dataanalyseform\u00e5l. Du kan informere oss om din innsigelse mot annonsering ved \u00e5 bruke f\u00f8lgende kontaktinformasjon: support@revierwelt.de. <\/p>\n<p><strong>\u00a7 7 Integrering av YouTube-videoer<\/strong><\/p>\n<p>(1) Vi har integrert YouTube-videoer i v\u00e5rt nettbaserte tilbud, som er lagret p\u00e5 <a href=\"http:\/\/www.YouTube.com\">http:\/\/www.YouTube.com<\/a> og kan spilles av direkte fra nettstedet v\u00e5rt. N\u00e5r disse videoene \u00e5pnes, overf\u00f8res data til YouTube. Vi har ingen innflytelse p\u00e5 denne dataoverf\u00f8ringen.  <\/p>\n<p>(2) Ved \u00e5 bes\u00f8ke det tilsvarende nettstedet og se p\u00e5 videoen, mottar YouTube informasjon om at du har \u00e5pnet den tilsvarende undersiden p\u00e5 nettstedet v\u00e5rt. I tillegg overf\u00f8res opplysningene som er nevnt i \u00a7 4, punkt 1 i denne erkl\u00e6ringen. Dette skjer uavhengig av om YouTube tilbyr en brukerkonto for deg som du allerede er logget inn p\u00e5, eller om det ikke finnes noen brukerkonto. Hvis du er logget inn p\u00e5 Google, vil dataene dine bli tilordnet direkte til Google-kontoen din. Hvis du ikke \u00f8nsker at dataene dine skal knyttes til YouTube-profilen din, m\u00e5 du logge ut f\u00f8r du aktiverer knappen for \u00e5 hente frem den aktuelle YouTube-videoen. YouTube lagrer dataene dine som brukerprofiler og bruker dem til annonsering, markedsunders\u00f8kelser og\/eller tilpasning av nettstedet.     <\/p>\n<p>En slik evaluering utf\u00f8res spesielt (ogs\u00e5 for brukere som ikke er logget inn) for \u00e5 kunne tilby tilpasset reklame og for \u00e5 informere andre brukere av YouTubes sosiale nettverk om dine aktiviteter p\u00e5 nettstedet v\u00e5rt. Du har rett til \u00e5 motsette deg opprettelsen av disse brukerprofilene, og du m\u00e5 kontakte YouTube for \u00e5 ut\u00f8ve denne retten. <\/p>\n<p>(3) Du finner mer informasjon om form\u00e5let med og omfanget av datainnsamlingen og YouTubes behandling av disse i YouTubes personvernerkl\u00e6ring. Der finner du ogs\u00e5 mer informasjon om dine rettigheter og innstillingsalternativer for \u00e5 beskytte personvernet ditt: https:\/\/www.google.de\/intl\/de\/policies\/privacy. Google behandler ogs\u00e5 personopplysningene dine i USA og har sluttet seg til EU-US Privacy Shield, https:\/\/www.privacyshield.gov\/EU-US-Framework. <\/p>\n<p><strong>  \u00a7 8 Integrering av Google Maps  <\/strong><\/p>\n<p>(1) Vi bruker Google Maps-tjenesten p\u00e5 nettsidene v\u00e5re. Dette gj\u00f8r det mulig for oss \u00e5 vise deg interaktive kart direkte p\u00e5 nettstedet, og du kan bruke kartfunksjonen p\u00e5 en enkel m\u00e5te. <\/p>\n<p>(2) Ved \u00e5 bes\u00f8ke det tilsvarende nettstedet mottar Google informasjon om at du har bes\u00f8kt den tilsvarende undersiden p\u00e5 nettstedet v\u00e5rt. I tillegg overf\u00f8res de opplysningene som er nevnt i \u00a7 4, punkt 1 i denne erkl\u00e6ringen. Dette skjer uavhengig av om Google tilbyr en brukerkonto for deg som du allerede er logget inn p\u00e5, eller om det ikke finnes noen brukerkonto. Hvis du er logget inn p\u00e5 Google, vil dataene dine bli tilordnet direkte til Google-kontoen din. Hvis du ikke \u00f8nsker \u00e5 v\u00e6re tilknyttet Google-profilen din, m\u00e5 du logge deg ut av Google f\u00f8r du f\u00e5r tilgang til de aktuelle undersidene i tjenestene v\u00e5re. Google lagrer dataene dine som bruksprofiler og bruker dem til annonsering, markedsunders\u00f8kelser og\/eller tilpasning av nettstedet.     <\/p>\n<p>En slik analyse utf\u00f8res spesielt (ogs\u00e5 for brukere som ikke er logget inn) for \u00e5 kunne tilby tilpasset reklame og for \u00e5 informere andre brukere av det sosiale nettverket om dine aktiviteter p\u00e5 nettstedet v\u00e5rt. Du har rett til \u00e5 motsette deg opprettelsen av disse brukerprofilene, og du m\u00e5 kontakte Google for \u00e5 ut\u00f8ve denne retten. <\/p>\n<p>(3) Ytterligere informasjon om form\u00e5let med og omfanget av datainnsamlingen og behandlingen av disse av plugin-leverand\u00f8ren finner du i Googles personvernerkl\u00e6ring. Der finner du ogs\u00e5 mer informasjon om dine rettigheter i denne forbindelse og innstillingsalternativer for \u00e5 beskytte personvernet ditt: http:\/\/www.google.de\/intl\/de\/policies\/privacy. Google behandler ogs\u00e5 personopplysningene dine i USA og har sluttet seg til EU-US Privacy Shield, https:\/\/www.privacyshield.gov\/EU-US-Framework. <\/p>\n<p><strong>  \u00a7 9 Integrasjon av betalingstjenester<\/strong><\/p>\n<p>(1) Ulike betalingstjenester og deres leverand\u00f8rer, for tiden hovedsakelig PayPal og Stripe, brukes til \u00e5 tilby ulike metoder for \u00e5 betale for betalingstjenester fra REVIERWELT. De spesifikke detaljene om leverand\u00f8rene som brukes i hvert enkelt tilfelle og deres valg av deg, oppgis n\u00e5r du velger betalingsmetode.<\/p>\n<p>(2) Behandlingen av betalingstransaksjonen krever en direkte avtale mellom deg og den valgte betalingstjenesteleverand\u00f8ren, som ogs\u00e5 omfatter behandling av personopplysninger og faktureringsinformasjon.<\/p>\n<p>(3) For \u00e5 muliggj\u00f8re betalingsprosessen samles grunnleggende data inn av den valgte leverand\u00f8ren p\u00e5 de integrerte sidene som en del av betalingsprosessen; ingen personopplysninger overf\u00f8res fra Revierwelt Media til leverand\u00f8ren av betalingstjenesten. Ingen kontoinformasjon lagres i v\u00e5re systemer, kun anonymiserte transaksjonsn\u00f8kler. <\/p>\n<p><strong>\u00a7 10 Rett til informasjon og kansellering<\/strong><\/p>\n<p>Du har til enhver tid rett til gratis informasjon, korrigering, blokkering og, om n\u00f8dvendig, sletting av dine lagrede personopplysninger. Send oss din foresp\u00f8rsel per post eller e-post. Sletting av personopplysninger skjer &#8211; med forbehold om avvikende juridiske forpliktelser &#8211; hvis du tilbakekaller ditt samtykke til lagring, hvis de ikke lenger er n\u00f8dvendige for \u00e5 oppfylle form\u00e5let de ble lagret for, eller hvis lagring er utillatelig av andre juridiske grunner.  <\/p>\n<p><strong>  \u00a7 11 Senter ansvarlig for datainnsamling<\/strong><\/p>\n<p>Revierwelt Media GmbH<br \/>\nPestalozzistrasse 41<br \/>\n35606 Solms<br \/>\nE-post: support@revierwelt.de<\/p>\n<p>Daglig leder: Alexander Vinnai<br \/>\nHandelsregister: Wetzlar Local Court HRB 6268<br \/>\nMVA-nummer: DE 281317112<\/p>\n<p style=\"margin: 0cm 0cm 16.9pt 0cm;\">Status mai 2019<\/p>\n<\/div><\/div><\/div><\/div><\/div><\/div><\/div><\/section>\n","protected":false},"excerpt":{"rendered":"Vi, Revierwelt Media GmbH, ser frem til ditt bes\u00f8k p\u00e5 v\u00e5re nettsider med v\u00e5rt omfattende online-tilbud av jaktrelaterte tjenester. Revierwelt Media er leverand\u00f8r av programvaren &#8222;REVIERWELT&#8220; for jaktterrengforvaltning med integrert sosialt nettverk og mulighet for online kommunikasjon. Tilbudet av multimedietjenester p\u00e5 REVIERWELT avrundes av en nettbutikk for kj\u00f8p av produkter knyttet til bruken av REVIERWELT...","protected":false},"author":4,"featured_media":0,"parent":0,"menu_order":0,"comment_status":"closed","ping_status":"closed","template":"","meta":{"footnotes":""},"class_list":["post-39733","page","type-page","status-publish","hentry"],"_links":{"self":[{"href":"https:\/\/www.revierwelt.de\/index.php\/wp-json\/wp\/v2\/pages\/39733","targetHints":{"allow":["GET"]}}],"collection":[{"href":"https:\/\/www.revierwelt.de\/index.php\/wp-json\/wp\/v2\/pages"}],"about":[{"href":"https:\/\/www.revierwelt.de\/index.php\/wp-json\/wp\/v2\/types\/page"}],"author":[{"embeddable":true,"href":"https:\/\/www.revierwelt.de\/index.php\/wp-json\/wp\/v2\/users\/4"}],"replies":[{"embeddable":true,"href":"https:\/\/www.revierwelt.de\/index.php\/wp-json\/wp\/v2\/comments?post=39733"}],"version-history":[{"count":0,"href":"https:\/\/www.revierwelt.de\/index.php\/wp-json\/wp\/v2\/pages\/39733\/revisions"}],"wp:attachment":[{"href":"https:\/\/www.revierwelt.de\/index.php\/wp-json\/wp\/v2\/media?parent=39733"}],"curies":[{"name":"wp","href":"https:\/\/api.w.org\/{rel}","templated":true}]}}