{"id":39725,"date":"2025-02-25T11:48:23","date_gmt":"2025-02-25T10:48:23","guid":{"rendered":"https:\/\/revierwelt.de\/index.php\/politica-de-privacidade\/"},"modified":"2025-02-25T11:48:35","modified_gmt":"2025-02-25T10:48:35","slug":"politica-de-privacidade","status":"publish","type":"page","link":"https:\/\/www.revierwelt.de\/index.php\/politica-de-privacidade\/?lang=pt-pt","title":{"rendered":"Pol\u00edtica de privacidade"},"content":{"rendered":"<section class=\"l-section wpb_row height_medium\"><div class=\"l-section-h i-cf\"><div class=\"g-cols vc_row via_flex valign_top type_default stacking_default\"><div class=\"vc_col-sm-12 wpb_column vc_column_container\"><div class=\"vc_column-inner\"><div class=\"wpb_wrapper\"><div class=\"wpb_text_column\"><div class=\"wpb_wrapper\"><p>N\u00f3s, Revierwelt Media GmbH, aguardamos a tua visita ao nosso site com a nossa vasta gama de servi\u00e7os online relacionados com a ca\u00e7a. A Revierwelt Media \u00e9 um fornecedor do software de gest\u00e3o de terrenos de ca\u00e7a &#8222;REVIERWELT&#8220; com uma rede social integrada e a possibilidade de comunica\u00e7\u00e3o online. A gama de servi\u00e7os multim\u00e9dia oferecidos pelo REVIERWELT \u00e9 completada por uma loja online para a compra de produtos relacionados com a utiliza\u00e7\u00e3o do REVIERWELT &#8211; resumidos abaixo como &#8222;os nossos servi\u00e7os&#8220;.  <\/p>\n<p>A prote\u00e7\u00e3o dos teus dados pessoais durante a sua recolha, processamento e utiliza\u00e7\u00e3o \u00e9 uma preocupa\u00e7\u00e3o importante para n\u00f3s. As seguintes declara\u00e7\u00f5es n\u00e3o se aplicam a produtos oferecidos por terceiros atrav\u00e9s de REVIERWELT. A este respeito, consulta as condi\u00e7\u00f5es de utiliza\u00e7\u00e3o espec\u00edficas dos produtos de terceiros.  <\/p>\n<p>Nesta pol\u00edtica de privacidade, fornecemos-te uma vis\u00e3o geral de como processamos os teus dados pessoais quando utilizas os nossos servi\u00e7os, de acordo com as nossas obriga\u00e7\u00f5es de informa\u00e7\u00e3o ao abrigo do Regulamento Geral sobre a Prote\u00e7\u00e3o de Dados (RGPD) europeu, que entrou em vigor a 25 de maio de 2018. Aplica-se independentemente de estares registado connosco ou n\u00e3o, de simplesmente visitares os nossos s\u00edtios Web (www.revierwelt.de\/.com) ou de reservares e utilizares as nossas aplica\u00e7\u00f5es e aplica\u00e7\u00f5es gratuitas e pagas. <\/p>\n<p>Ao utilizar os nossos servi\u00e7os, consente o tratamento dos seus dados de acordo com a presente pol\u00edtica de privacidade.<\/p>\n<p>SE N\u00c3O CONCORDARES COM OS TERMOS DA PRESENTE POL\u00cdTICA DE PRIVACIDADE, N\u00c3O DEVES UTILIZAR OS NOSSOS SERVI\u00c7OS.<\/p>\n<p><strong>\u00a7 1 Informa\u00e7\u00e3o sobre a recolha de dados pessoais<\/strong><\/p>\n<p>(1) A seguir, fornecemos informa\u00e7\u00f5es sobre a recolha de dados pessoais quando utilizas os nossos servi\u00e7os. Os &#8222;dados pessoais&#8220;, na ace\u00e7\u00e3o do artigo 4.\u00ba, n.\u00ba 1, do Regulamento Geral sobre a Prote\u00e7\u00e3o de Dados, s\u00e3o <\/p>\n<p>&#8222;&#8230; qualquer informa\u00e7\u00e3o relativa a uma pessoa singular identificada ou identific\u00e1vel (a seguir designada &#8222;pessoa em causa&#8220;); \u00e9 considerada identific\u00e1vel uma pessoa singular que possa ser identificada, direta ou indiretamente, em especial por refer\u00eancia a um identificador, como por exemplo um nome, um n\u00famero de identifica\u00e7\u00e3o, dados de localiza\u00e7\u00e3o, identificadores em linha ou a um ou mais elementos espec\u00edficos da identidade f\u00edsica, fisiol\u00f3gica, gen\u00e9tica, mental, econ\u00f3mica, cultural ou social dessa pessoa singular&#8220;.<\/p>\n<p>(2) O respons\u00e1vel pelo tratamento, nos termos do artigo 4.\u00ba, n.\u00ba 7, do Regulamento Geral sobre a Prote\u00e7\u00e3o de Dados (RGPD) da UE, \u00e9 a Revierwelt Media GmbH, Pestalozzistra\u00dfe 41, 35606 Solms, Alemanha (para mais informa\u00e7\u00f5es, consulta o aviso legal). <\/p>\n<p>(3) Quando te registas em REVIERWELT para utilizar os nossos servi\u00e7os, nos contactas por e-mail ou atrav\u00e9s de um formul\u00e1rio de contacto, os dados que forneces (o teu endere\u00e7o de e-mail, o teu nome, o teu n\u00famero de telefone e quaisquer outros dados que nos forne\u00e7as) ser\u00e3o armazenados por n\u00f3s. Apagamos os dados que surgem neste contexto depois de o armazenamento j\u00e1 n\u00e3o ser necess\u00e1rio ou restringimos o processamento se existirem obriga\u00e7\u00f5es legais de reten\u00e7\u00e3o. <\/p>\n<p>(4) Como a prote\u00e7\u00e3o das crian\u00e7as \u00e9 de grande import\u00e2ncia, n\u00e3o permitimos o registo de utilizadores com menos de 16 anos. Se, na qualidade de pai ou tutor, tiveres conhecimento de que os teus filhos se registaram no nosso servi\u00e7o e nos transmitiram os seus dados pessoais, podes contactar-nos utilizando os dados de contacto acima indicados e bloquearemos imediatamente o utilizador e apagaremos os dados. <\/p>\n<p><strong>\u00a7 2 Finalidade do tratamento de dados<\/strong><\/p>\n<p>(1) Recolhemos e processamos os teus dados pessoais com o objetivo de te fornecer os nossos servi\u00e7os, melhor\u00e1-los e desenvolv\u00ea-los continuamente, assegurar a sua funcionalidade t\u00e9cnica e garantir a seguran\u00e7a dos nossos servi\u00e7os.<\/p>\n<p>(2) Utilizamos os teus dados para te fornecermos os nossos servi\u00e7os de acordo com a tua utiliza\u00e7\u00e3o, para te fornecermos informa\u00e7\u00f5es adicionais e ofertas relacionadas com os nossos servi\u00e7os que acreditamos serem adaptadas \u00e0s tuas necessidades e para te apresentarmos uma experi\u00eancia de utilizador que acreditamos ser personalizada.<\/p>\n<p>(3) Oferecemos-te diferentes formas de pagamento dos servi\u00e7os a cobrar. A recolha e o tratamento dos dados da conta no \u00e2mbito do processo de pagamento s\u00e3o efectuados exclusivamente pelo fornecedor que seleccionaste, em conformidade com as respectivas condi\u00e7\u00f5es contratuais e de prote\u00e7\u00e3o de dados. <\/p>\n<p>(4) Asseguramos-te que n\u00e3o divulgaremos os teus dados a terceiros em momento algum, com exce\u00e7\u00e3o dos terceiros que s\u00e3o diretamente contratados por n\u00f3s para fornecer os nossos servi\u00e7os e que foram obrigados por n\u00f3s a cumprir os regulamentos de prote\u00e7\u00e3o de dados de acordo com as disposi\u00e7\u00f5es do Regulamento Geral de Prote\u00e7\u00e3o de Dados.<\/p>\n<p><strong>\u00a7 3 Os teus direitos<\/strong><\/p>\n<p>(1) Tens os seguintes direitos em rela\u00e7\u00e3o a n\u00f3s no que diz respeito aos teus dados pessoais:<\/p>\n<p>&#8211; Direito de acesso,<br \/>\n&#8211; direito de retifica\u00e7\u00e3o ou apagamento,<br \/>\n&#8211; direito \u00e0 limita\u00e7\u00e3o do tratamento,<br \/>\n&#8211; direito de oposi\u00e7\u00e3o ao tratamento,<br \/>\n&#8211; direito \u00e0 portabilidade dos dados.<\/p>\n<p>(2) Tamb\u00e9m tens o direito de apresentar queixa a uma autoridade supervisora de prote\u00e7\u00e3o de dados sobre o processamento dos teus dados pessoais por n\u00f3s.<\/p>\n<p><strong>\u00a7 4 Recolha de dados pessoais quando visitas o nosso s\u00edtio Web<\/strong><\/p>\n<p>(1) Se utilizares o nosso s\u00edtio Web apenas para fins informativos, ou seja, se n\u00e3o te registares nem nos forneceres informa\u00e7\u00f5es de outra forma, apenas recolhemos os dados pessoais que o teu browser transmite ao nosso servidor. Se pretenderes visualizar o nosso s\u00edtio Web, recolhemos os seguintes dados, que s\u00e3o tecnicamente necess\u00e1rios para te apresentarmos o nosso s\u00edtio Web e para garantirmos a estabilidade e a seguran\u00e7a (a base jur\u00eddica \u00e9 o Art. 6, n.\u00ba 1, frase 1, al\u00ednea f) do RGPD): <\/p>\n<p>&#8211; Endere\u00e7o IP<br \/>\n&#8211; data e hora do pedido<br \/>\n&#8211; diferen\u00e7a de fuso hor\u00e1rio em rela\u00e7\u00e3o \u00e0 hora m\u00e9dia de Greenwich (GMT)<br \/>\n&#8211; conte\u00fado do pedido (p\u00e1gina espec\u00edfica)<br \/>\n&#8211; estado de acesso\/c\u00f3digo de estado HTTP<br \/>\n&#8211; quantidade de dados transferidos<br \/>\n&#8211; s\u00edtio Web de onde prov\u00e9m o pedido<br \/>\n&#8211; navegador<br \/>\n&#8211; sistema operativo e respectiva interface<br \/>\n&#8211; l\u00edngua e vers\u00e3o do software do navegador<\/p>\n<p>(2) Para al\u00e9m dos dados acima mencionados, os cookies s\u00e3o armazenados no teu computador quando utilizas o nosso s\u00edtio Web. Os cookies s\u00e3o pequenos ficheiros de texto que s\u00e3o armazenados no teu disco r\u00edgido, atribu\u00eddos ao browser que est\u00e1s a utilizar e atrav\u00e9s dos quais certas informa\u00e7\u00f5es fluem para a entidade que define o cookie (neste caso, n\u00f3s). Os cookies n\u00e3o podem executar programas ou transferir v\u00edrus para o teu computador. S\u00e3o utilizados para tornar o s\u00edtio Web mais f\u00e1cil de utilizar e mais eficaz em geral.   <\/p>\n<p>(3) Utiliza\u00e7\u00e3o de cookies:<\/p>\n<p>a) Os nossos s\u00edtios Web utilizam os seguintes tipos de cookies, cujo \u00e2mbito e fun\u00e7\u00e3o s\u00e3o explicados a seguir:<\/p>\n<p>&#8211; Cookies transit\u00f3rios (ver b)<br \/>\n&#8211; Cookies persistentes (ver c).<\/p>\n<p>b) Os cookies tempor\u00e1rios s\u00e3o automaticamente apagados quando fechas o browser. Estes incluem, em particular, os cookies de sess\u00e3o. Estes armazenam um chamado ID de sess\u00e3o, com o qual v\u00e1rios pedidos do teu browser podem ser atribu\u00eddos \u00e0 sess\u00e3o conjunta. Isto permite que o teu computador seja reconhecido quando regressas ao nosso site. Os cookies de sess\u00e3o s\u00e3o eliminados quando termina a sess\u00e3o ou fecha o browser.    <\/p>\n<p>c) Os cookies persistentes s\u00e3o automaticamente apagados ap\u00f3s um determinado per\u00edodo, que pode variar consoante o cookie. Podes apagar os cookies a qualquer momento nas defini\u00e7\u00f5es de seguran\u00e7a do teu browser. Os cookies persistentes permitem-nos reconhecer-te quando nos voltas a visitar, de modo a tornar a tua visita t\u00e3o simples e eficiente quanto desejas.  <\/p>\n<p>d) Podes configurar as defini\u00e7\u00f5es do teu browser de acordo com os teus desejos e, por exemplo, recusar a aceita\u00e7\u00e3o de cookies de terceiros ou de todos os cookies. Gostar\u00edamos de salientar que, nesse caso, poder\u00e1s n\u00e3o conseguir utilizar todas as fun\u00e7\u00f5es dos nossos s\u00edtios Web. <\/p>\n<p>e) Utilizamos cookies para te identificar em visitas subsequentes se tiveres uma conta connosco. Caso contr\u00e1rio, terias de iniciar sess\u00e3o novamente em cada visita. <\/p>\n<p><strong>\u00a7 5 Recolha de dados pessoais quando utilizas os nossos servi\u00e7os<\/strong><\/p>\n<p>(1) Quando te registas para utilizar os nossos servi\u00e7os, concordas com o nosso acordo de utilizador em separado. <a href=\"https:\/\/revierwelt.de\/index.php\/nutzungsvereinbarung\"><strong>acordo de utilizador<\/strong><\/a> que inclui a recolha, armazenamento e processamento de dados. O respetivo \u00e2mbito depende dos servi\u00e7os individuais que utilizas da nossa oferta. <\/p>\n<p>(2) Ao registares-te para utilizar os nossos servi\u00e7os, s\u00e3o recolhidos pelo menos os seguintes dados adicionais, que \u00e9s obrigado a fornecer de forma verdadeira, de acordo com o nosso acordo de utiliza\u00e7\u00e3o:<\/p>\n<p>&#8211; Apelido<br \/>\n&#8211; Nome pr\u00f3prio<br \/>\n&#8211; T\u00edtulo<br \/>\n&#8211; Data de nascimento<br \/>\n&#8211; Pa\u00eds de utiliza\u00e7\u00e3o<br \/>\n&#8211; N\u00famero de telem\u00f3vel<br \/>\n&#8211; Endere\u00e7o de correio eletr\u00f3nico<br \/>\n&#8211; Palavra-passe pessoal<\/p>\n<p>(3) Quando subscreves uma assinatura para a utiliza\u00e7\u00e3o de servi\u00e7os a pagar ou para a compra de produtos atrav\u00e9s do nosso s\u00edtio Web, pode tamb\u00e9m ser necess\u00e1rio recolher dados para a fatura\u00e7\u00e3o cont\u00ednua. Estes dados s\u00e3o recolhidos e tratados exclusivamente pelo prestador de servi\u00e7os de pagamento que escolheste. N\u00e3o s\u00e3o armazenadas quaisquer informa\u00e7\u00f5es sobre a conta nos nossos sistemas, apenas chaves de transa\u00e7\u00e3o an\u00f3nimas.  <\/p>\n<p>(4) No \u00e2mbito da utiliza\u00e7\u00e3o dos nossos servi\u00e7os, tamb\u00e9m podes recolher, de forma independente, outros dados nos nossos servi\u00e7os, armazen\u00e1-los nos nossos servi\u00e7os ou transmiti-los aos nossos servi\u00e7os; estes dados s\u00e3o armazenados e tratados de acordo com o nosso contrato de utiliza\u00e7\u00e3o.<\/p>\n<p>(5) Se tal implicar a utiliza\u00e7\u00e3o de um <strong>grupo fechado de utilizadores<\/strong> (por exemplo, um territ\u00f3rio), tem em aten\u00e7\u00e3o que cada grupo fechado de utilizadores tem um propriet\u00e1rio que pode adicionar e remover outros utilizadores e gerir as autoriza\u00e7\u00f5es dos utilizadores dentro do grupo. Ao adicionares dados ao grupo fechado de utilizadores, concedes ao propriet\u00e1rio do grupo fechado de utilizadores direitos de utiliza\u00e7\u00e3o ilimitados, irrevog\u00e1veis e transfer\u00edveis para todos os conte\u00fados e dados adicionados. <\/p>\n<p>(6) Quando utilizas alguns dos nossos servi\u00e7os, os dados s\u00e3o tamb\u00e9m automaticamente transmitidos aos nossos servi\u00e7os atrav\u00e9s da tua utiliza\u00e7\u00e3o ou dos dispositivos finais que ligas aos nossos servi\u00e7os. Determina o \u00e2mbito dos dados transmitidos, selecionando e utilizando dispositivos finais com tecnologia de transmiss\u00e3o ativa (localizadores, c\u00e2maras, detectores de armadilhas, etc.). Todos os dados transmitidos aos nossos servi\u00e7os s\u00e3o registados, armazenados e processados por n\u00f3s de acordo com as regras do contrato de utiliza\u00e7\u00e3o.  <\/p>\n<p><strong>\u00a7 6 Obje\u00e7\u00e3o ou revoga\u00e7\u00e3o contra o tratamento dos teus dados<\/strong><\/p>\n<p>(1) Se tiveres dado o teu consentimento para o tratamento dos teus dados, podes revog\u00e1-lo a qualquer momento. Essa revoga\u00e7\u00e3o afecta a permissibilidade do tratamento dos teus dados pessoais depois de nos teres dado o teu consentimento. <\/p>\n<p>(2) Na medida em que baseamos o tratamento dos teus dados pessoais na pondera\u00e7\u00e3o de interesses, podes opor-te ao tratamento. Este \u00e9 o caso se, em particular, o processamento n\u00e3o for necess\u00e1rio para o cumprimento de um contrato contigo, que \u00e9 descrito por n\u00f3s na seguinte descri\u00e7\u00e3o das fun\u00e7\u00f5es. Ao exercer tal obje\u00e7\u00e3o, pedimos-te que expliques as raz\u00f5es pelas quais n\u00e3o devemos processar os teus dados pessoais da forma como o fizemos. No caso da tua obje\u00e7\u00e3o justificada, examinaremos a situa\u00e7\u00e3o e interromperemos ou adaptaremos o processamento de dados ou mostrar-te-emos as nossas raz\u00f5es imperiosas dignas de prote\u00e7\u00e3o com base nas quais continuaremos o processamento.   <\/p>\n<p>(3) Naturalmente, podes opor-te ao tratamento dos teus dados pessoais para fins de publicidade e an\u00e1lise de dados em qualquer altura. Podes informar-nos da tua obje\u00e7\u00e3o \u00e0 publicidade utilizando os seguintes dados de contacto: support@revierwelt.de. <\/p>\n<p><strong>\u00a7 7 Integra\u00e7\u00e3o de v\u00eddeos do YouTube<\/strong><\/p>\n<p>(1) Integr\u00e1mos v\u00eddeos do YouTube na nossa oferta online, que s\u00e3o armazenados em <a href=\"http:\/\/www.YouTube.com\">http:\/\/www.YouTube.com<\/a> e podem ser reproduzidos diretamente a partir do nosso s\u00edtio Web. Quando acedes a estes v\u00eddeos, os dados s\u00e3o transferidos para o YouTube. N\u00e3o temos qualquer influ\u00eancia sobre esta transfer\u00eancia de dados.  <\/p>\n<p>(2) Ao visitar o site correspondente e ver o v\u00eddeo, o YouTube recebe a informa\u00e7\u00e3o de que acedeste \u00e0 subp\u00e1gina correspondente do nosso site. Al\u00e9m disso, s\u00e3o transmitidos os dados mencionados no \u00a74, par\u00e1grafo 1 da presente declara\u00e7\u00e3o. Isto acontece independentemente de o YouTube disponibilizar uma conta de utilizador para ti, atrav\u00e9s da qual j\u00e1 tenhas iniciado sess\u00e3o, ou de n\u00e3o existir qualquer conta de utilizador. Se tiveres sess\u00e3o iniciada no Google, os teus dados ser\u00e3o atribu\u00eddos diretamente \u00e0 tua conta Google. Se n\u00e3o quiseres que os teus dados sejam associados ao teu perfil do YouTube, tens de terminar a sess\u00e3o antes de ativar o bot\u00e3o para chamar o respetivo v\u00eddeo do YouTube. O YouTube armazena os teus dados como perfis de utilizador e utiliza-os para fins de publicidade, pesquisa de mercado e\/ou personaliza\u00e7\u00e3o do seu s\u00edtio Web.     <\/p>\n<p>Esta avalia\u00e7\u00e3o \u00e9 realizada em particular (mesmo para utilizadores que n\u00e3o tenham iniciado sess\u00e3o) para fornecer publicidade personalizada e para informar outros utilizadores da rede social YouTube sobre as suas actividades no nosso s\u00edtio Web. Tens o direito de te opor \u00e0 cria\u00e7\u00e3o destes perfis de utilizador, pelo que deves contactar o YouTube para exercer este direito. <\/p>\n<p>(3) Podes encontrar mais informa\u00e7\u00f5es sobre a finalidade e o \u00e2mbito da recolha de dados e o seu processamento pelo YouTube na pol\u00edtica de privacidade do YouTube. A\u00ed encontrar\u00e1s tamb\u00e9m mais informa\u00e7\u00f5es sobre os teus direitos e op\u00e7\u00f5es de configura\u00e7\u00e3o para proteger a tua privacidade: https:\/\/www.google.de\/intl\/de\/policies\/privacy. A Google tamb\u00e9m processa os teus dados pessoais nos EUA e submeteu-se ao Escudo de Privacidade UE-EUA, https:\/\/www.privacyshield.gov\/EU-US-Framework. <\/p>\n<p><strong>  \u00a7 8 Integra\u00e7\u00e3o do Google Maps  <\/strong><\/p>\n<p>(1) Utilizamos o servi\u00e7o Google Maps nos nossos s\u00edtios Web. Isto permite-nos mostrar-te mapas interactivos diretamente no s\u00edtio Web e permite-te utilizar a fun\u00e7\u00e3o de mapas de forma conveniente. <\/p>\n<p>(2) Ao visitar o site correspondente, o Google recebe a informa\u00e7\u00e3o de que acedeste \u00e0 subp\u00e1gina correspondente do nosso site. Para al\u00e9m disso, s\u00e3o transmitidos os dados mencionados no \u00a74, par\u00e1grafo 1 da presente declara\u00e7\u00e3o. Isto acontece independentemente de a Google disponibilizar uma conta de utilizador para ti, atrav\u00e9s da qual j\u00e1 tenhas iniciado sess\u00e3o, ou de n\u00e3o existir qualquer conta de utilizador. Se tiveres a sess\u00e3o iniciada no Google, os teus dados ser\u00e3o atribu\u00eddos diretamente \u00e0 tua conta Google. Se n\u00e3o quiseres ser associado ao teu perfil Google, tens de terminar a sess\u00e3o no Google antes de acederes \u00e0s respectivas subp\u00e1ginas dos nossos servi\u00e7os. A Google armazena os teus dados como perfis de utiliza\u00e7\u00e3o e utiliza-os para fins de publicidade, estudos de mercado e\/ou personaliza\u00e7\u00e3o do seu s\u00edtio Web.     <\/p>\n<p>Esta an\u00e1lise \u00e9 efectuada em particular (mesmo para os utilizadores que n\u00e3o t\u00eam sess\u00e3o iniciada) para fornecer publicidade personalizada e para informar outros utilizadores da rede social sobre as suas actividades no nosso s\u00edtio Web. Tens o direito de te opor \u00e0 cria\u00e7\u00e3o destes perfis de utilizador, pelo que deves contactar a Google para exercer este direito. <\/p>\n<p>(3) Podes encontrar mais informa\u00e7\u00f5es sobre a finalidade e o \u00e2mbito da recolha de dados e o seu processamento pelo fornecedor do plug-in na pol\u00edtica de privacidade da Google. A\u00ed encontrar\u00e1s tamb\u00e9m mais informa\u00e7\u00f5es sobre os teus direitos a este respeito e op\u00e7\u00f5es de configura\u00e7\u00e3o para proteger a tua privacidade: http:\/\/www.google.de\/intl\/de\/policies\/privacy. A Google tamb\u00e9m processa os teus dados pessoais nos EUA e submeteu-se ao Escudo de Privacidade UE-EUA, https:\/\/www.privacyshield.gov\/EU-US-Framework. <\/p>\n<p><strong>  \u00a7 9 Integra\u00e7\u00e3o dos servi\u00e7os de pagamento<\/strong><\/p>\n<p>(1) V\u00e1rios servi\u00e7os de pagamento e os seus fornecedores, atualmente principalmente PayPal e Stripe, s\u00e3o utilizados para fornecer diferentes m\u00e9todos de pagamento de servi\u00e7os cobr\u00e1veis a partir de REVIERWELT. Os detalhes espec\u00edficos dos fornecedores utilizados em cada caso e a sua sele\u00e7\u00e3o por ti s\u00e3o fornecidos ao selecionar o m\u00e9todo de pagamento.<\/p>\n<p>(2) O processamento da opera\u00e7\u00e3o de pagamento exige um acordo direto entre ti e o prestador de servi\u00e7os de pagamento escolhido, que inclui tamb\u00e9m o processamento de dados pessoais e informa\u00e7\u00f5es de fatura\u00e7\u00e3o.<\/p>\n<p>(3) Para permitir o processo de pagamento, os dados b\u00e1sicos s\u00e3o recolhidos pelo fornecedor selecionado nas suas p\u00e1ginas integradas como parte do processo de pagamento; n\u00e3o s\u00e3o transferidos quaisquer dados pessoais da Revierwelt Media para o fornecedor do servi\u00e7o de pagamento. N\u00e3o s\u00e3o armazenadas quaisquer informa\u00e7\u00f5es sobre a conta nos nossos sistemas, apenas chaves de transa\u00e7\u00e3o an\u00f3nimas. <\/p>\n<p><strong>\u00a7 10 Direito de informa\u00e7\u00e3o e de anula\u00e7\u00e3o<\/strong><\/p>\n<p>Tens o direito de obter informa\u00e7\u00e3o gratuita, corre\u00e7\u00e3o, bloqueio e, se necess\u00e1rio, elimina\u00e7\u00e3o dos teus dados pessoais armazenados em qualquer altura. Envia-nos o teu pedido por correio ou por e-mail. A elimina\u00e7\u00e3o dos dados pessoais tem lugar &#8211; sob reserva de obriga\u00e7\u00f5es legais divergentes &#8211; se revogares o teu consentimento para o armazenamento, se os dados j\u00e1 n\u00e3o forem necess\u00e1rios para cumprir a finalidade para a qual foram armazenados ou se o armazenamento for inadmiss\u00edvel por outras raz\u00f5es legais.  <\/p>\n<p><strong>  \u00a7 11 Centro respons\u00e1vel pela recolha de dados<\/strong><\/p>\n<p>Revierwelt Media GmbH<br \/>\nPestalozzistrasse 41<br \/>\n35606 Solms<br \/>\nE-mail: support@revierwelt.de<\/p>\n<p>Diretor-geral: Alexander Vinnai<br \/>\nRegisto comercial: Tribunal local de Wetzlar HRB 6268<br \/>\nN.\u00ba de identifica\u00e7\u00e3o IVA: DE 281317112<\/p>\n<p style=\"margin: 0cm 0cm 16.9pt 0cm;\">Situa\u00e7\u00e3o em maio de 2019<\/p>\n<\/div><\/div><\/div><\/div><\/div><\/div><\/div><\/section>\n","protected":false},"excerpt":{"rendered":"N\u00f3s, Revierwelt Media GmbH, aguardamos a tua visita ao nosso site com a nossa vasta gama de servi\u00e7os online relacionados com a ca\u00e7a. A Revierwelt Media \u00e9 um fornecedor do software de gest\u00e3o de terrenos de ca\u00e7a &#8222;REVIERWELT&#8220; com uma rede social integrada e a possibilidade de comunica\u00e7\u00e3o online. A gama de servi\u00e7os multim\u00e9dia oferecidos...","protected":false},"author":4,"featured_media":0,"parent":0,"menu_order":0,"comment_status":"closed","ping_status":"closed","template":"","meta":{"footnotes":""},"class_list":["post-39725","page","type-page","status-publish","hentry"],"_links":{"self":[{"href":"https:\/\/www.revierwelt.de\/index.php\/wp-json\/wp\/v2\/pages\/39725","targetHints":{"allow":["GET"]}}],"collection":[{"href":"https:\/\/www.revierwelt.de\/index.php\/wp-json\/wp\/v2\/pages"}],"about":[{"href":"https:\/\/www.revierwelt.de\/index.php\/wp-json\/wp\/v2\/types\/page"}],"author":[{"embeddable":true,"href":"https:\/\/www.revierwelt.de\/index.php\/wp-json\/wp\/v2\/users\/4"}],"replies":[{"embeddable":true,"href":"https:\/\/www.revierwelt.de\/index.php\/wp-json\/wp\/v2\/comments?post=39725"}],"version-history":[{"count":0,"href":"https:\/\/www.revierwelt.de\/index.php\/wp-json\/wp\/v2\/pages\/39725\/revisions"}],"wp:attachment":[{"href":"https:\/\/www.revierwelt.de\/index.php\/wp-json\/wp\/v2\/media?parent=39725"}],"curies":[{"name":"wp","href":"https:\/\/api.w.org\/{rel}","templated":true}]}}