{"id":38969,"date":"2025-02-25T11:40:13","date_gmt":"2025-02-25T10:40:13","guid":{"rendered":"https:\/\/revierwelt.de\/index.php\/references\/"},"modified":"2025-02-25T11:40:26","modified_gmt":"2025-02-25T10:40:26","slug":"references","status":"publish","type":"page","link":"https:\/\/www.revierwelt.de\/index.php\/references\/?lang=fr","title":{"rendered":"R\u00e9f\u00e9rences"},"content":{"rendered":"<section class=\"l-section wpb_row height_medium color_alternate\" id=\"start\"><div class=\"l-section-h i-cf\"><div class=\"g-cols vc_row via_flex valign_top type_default stacking_default\"><div class=\"vc_col-sm-12 wpb_column vc_column_container\"><div class=\"vc_column-inner\"><div class=\"wpb_wrapper\"><div class=\"wpb_text_column\"><div class=\"wpb_wrapper\"><h2 style=\"text-align: center;\"><strong>REVIERWELT.<\/strong>  R\u00e9f\u00e9rences.<\/h2>\n<\/div><\/div><\/div><\/div><\/div><\/div><\/div><\/section><section class=\"l-section wpb_row height_auto width_full\"><div class=\"l-section-h i-cf\"><div class=\"g-cols vc_row via_flex valign_middle type_boxes stacking_default\"><div class=\"vc_col-sm-6 wpb_column vc_column_container us_animate_afl\"><div class=\"vc_column-inner\"><div class=\"wpb_wrapper\"><div class=\"wpb_text_column\"><div class=\"wpb_wrapper\"><h3>Plus de 20.000 territoires utilisent le monde des territoires.<\/h3>\n<p>Et les chasseurs qui misent sur le monde territorial sont chaque jour plus nombreux. Ils sont aujourd&#8217;hui plus de 100 000 et nous en avons cit\u00e9 quelques-uns \u00e0 titre d&#8217;exemple : le chasseur individuel, la communaut\u00e9 de chasseurs, le territoire g\u00e9r\u00e9 par un chasseur professionnel, les grandes chasses communales et les chasses en r\u00e9gie, les parcs nationaux et les projets sp\u00e9ciaux dans le domaine de la recherche sur la faune sauvage. Il s&#8217;agit donc de profils d&#8217;exigences tr\u00e8s diff\u00e9rents, qui peuvent tous \u00eatre r\u00e9alis\u00e9s avec le monde de la chasse.<\/p>\n<\/div><\/div><\/div><\/div><\/div><div class=\"vc_col-sm-6 vc_hidden-xs wpb_column vc_column_container has_bg_color us_animate_afr\"><div class=\"vc_column-inner us_custom_5ffea19a\"><div class=\"wpb_wrapper\"><div class=\"w-separator size_custom\" style=\"height:200px\"><\/div><\/div><\/div><\/div><\/div><\/div><\/section><section class=\"l-section wpb_row height_auto width_full\"><div class=\"l-section-h i-cf\"><div class=\"g-cols vc_row via_flex valign_middle type_boxes stacking_default\"><div class=\"vc_col-sm-6 wpb_column vc_column_container has_bg_color us_animate_afl\"><div class=\"vc_column-inner us_custom_5ed667c3\"><div class=\"wpb_wrapper\"><div class=\"w-separator size_custom\" style=\"height:200px\"><\/div><\/div><\/div><\/div><div class=\"vc_col-sm-6 wpb_column vc_column_container us_animate_afr\"><div class=\"vc_column-inner\"><div class=\"wpb_wrapper\"><div class=\"w-iconbox iconpos_left style_default color_primary align_left no_text\"><a target=\" _blank\" rel=\"nofollow\" href=\"http:\/\/biosphaerenreservat-rhoen.de\/\" class=\"w-iconbox-link\" aria-label=\"R\u00e9serve de biosph\u00e8re de la Rh\u00f6n\"><div class=\"w-iconbox-icon\" style=\"font-size:24px;\"><i class=\"fas fa-user-circle\"><\/i><\/div><\/a><div class=\"w-iconbox-meta\"><h5 class=\"w-iconbox-title\"><a target=\" _blank\" rel=\"nofollow\" href=\"http:\/\/biosphaerenreservat-rhoen.de\/\" class=\"w-iconbox-link\" aria-label=\"R\u00e9serve de biosph\u00e8re de la Rh\u00f6n\">R\u00e9serve de biosph\u00e8re de la Rh\u00f6n<\/a><\/h5><\/div><\/div><div class=\"w-separator size_custom\" style=\"height:10px\"><\/div><div class=\"w-iconbox iconpos_left style_default color_primary align_left no_text\"><a target=\" _blank\" rel=\"nofollow\" href=\"http:\/\/www.schwarzwald-nationalpark.de\/\" class=\"w-iconbox-link\" aria-label=\"Parc national de la For\u00eat-Noire\"><div class=\"w-iconbox-icon\" style=\"font-size:24px;\"><i class=\"fas fa-user-circle\"><\/i><\/div><\/a><div class=\"w-iconbox-meta\"><h5 class=\"w-iconbox-title\"><a target=\" _blank\" rel=\"nofollow\" href=\"http:\/\/www.schwarzwald-nationalpark.de\/\" class=\"w-iconbox-link\" aria-label=\"Parc national de la For\u00eat-Noire\">Parc national de la For\u00eat-Noire<\/a><\/h5><\/div><\/div><div class=\"w-separator size_custom\" style=\"height:10px\"><\/div><div class=\"w-iconbox iconpos_left style_default color_primary align_left no_text\"><a target=\" _blank\" rel=\"nofollow\" href=\"https:\/\/www.jagdverband.de\/content\/wild-monitoring\" class=\"w-iconbox-link\" aria-label=\"Suivi de la faune sauvage dans les pays\"><div class=\"w-iconbox-icon\" style=\"font-size:24px;\"><i class=\"fas fa-user-circle\"><\/i><\/div><\/a><div class=\"w-iconbox-meta\"><h5 class=\"w-iconbox-title\"><a target=\" _blank\" rel=\"nofollow\" href=\"https:\/\/www.jagdverband.de\/content\/wild-monitoring\" class=\"w-iconbox-link\" aria-label=\"Suivi de la faune sauvage dans les pays\">Suivi de la faune sauvage dans les pays<\/a><\/h5><\/div><\/div><div class=\"w-separator size_custom\" style=\"height:10px\"><\/div><div class=\"w-iconbox iconpos_left style_default color_primary align_left no_text\"><a target=\" _blank\" rel=\"nofollow\" href=\"https:\/\/www.hs-rottenburg.net\/startseite\/\" class=\"w-iconbox-link\" aria-label=\"Universit\u00e9 de Rottenburg\"><div class=\"w-iconbox-icon\" style=\"font-size:24px;\"><i class=\"fas fa-user-circle\"><\/i><\/div><\/a><div class=\"w-iconbox-meta\"><h5 class=\"w-iconbox-title\"><a target=\" _blank\" rel=\"nofollow\" href=\"https:\/\/www.hs-rottenburg.net\/startseite\/\" class=\"w-iconbox-link\" aria-label=\"Universit\u00e9 de Rottenburg\">Universit\u00e9 de Rottenburg<\/a><\/h5><\/div><\/div><div class=\"w-separator size_custom\" style=\"height:10px\"><\/div><div class=\"w-iconbox iconpos_left style_default color_primary align_left no_text\"><a target=\" _blank\" rel=\"nofollow\" href=\"http:\/\/www.jagd-stromberg.de\" class=\"w-iconbox-link\" aria-label=\"Chasse dans le Stromberg\"><div class=\"w-iconbox-icon\" style=\"font-size:24px;\"><i class=\"fas fa-user-circle\"><\/i><\/div><\/a><div class=\"w-iconbox-meta\"><h5 class=\"w-iconbox-title\"><a target=\" _blank\" rel=\"nofollow\" href=\"http:\/\/www.jagd-stromberg.de\" class=\"w-iconbox-link\" aria-label=\"Chasse dans le Stromberg\">Chasse dans le Stromberg<\/a><\/h5><\/div><\/div><div class=\"w-separator size_custom\" style=\"height:10px\"><\/div><div class=\"w-iconbox iconpos_left style_default color_primary align_left no_text\"><a target=\"_blank\" rel=\"nofollow\" href=\"http:\/\/www.nachsuchenprofis.de\/\" class=\"w-iconbox-link\" aria-label=\"Station de chiens de tra\u00eeneaux Schaalsee\"><div class=\"w-iconbox-icon\" style=\"font-size:24px;\"><i class=\"fas fa-user-circle\"><\/i><\/div><\/a><div class=\"w-iconbox-meta\"><h5 class=\"w-iconbox-title\"><a target=\"_blank\" rel=\"nofollow\" href=\"http:\/\/www.nachsuchenprofis.de\/\" class=\"w-iconbox-link\" aria-label=\"Station de chiens de tra\u00eeneaux Schaalsee\">Station de chiens de tra\u00eeneaux Schaalsee<\/a><\/h5><\/div><\/div><div class=\"w-separator size_custom\" style=\"height:10px\"><\/div><div class=\"w-iconbox iconpos_left style_default color_primary align_left no_text\"><a target=\" _blank\" rel=\"nofollow\" href=\"http:\/\/www.hegering-amelinghausen.de\/hegering\/\" class=\"w-iconbox-link\" aria-label=\"Communaut\u00e9 de gestion d&amp;apos;Amelinghausen\"><div class=\"w-iconbox-icon\" style=\"font-size:24px;\"><i class=\"fas fa-user-circle\"><\/i><\/div><\/a><div class=\"w-iconbox-meta\"><h5 class=\"w-iconbox-title\"><a target=\" _blank\" rel=\"nofollow\" href=\"http:\/\/www.hegering-amelinghausen.de\/hegering\/\" class=\"w-iconbox-link\" aria-label=\"Communaut\u00e9 de gestion d&amp;apos;Amelinghausen\">Communaut\u00e9 de gestion d&apos;Amelinghausen<\/a><\/h5><\/div><\/div><div class=\"w-separator size_custom\" style=\"height:10px\"><\/div><div class=\"w-iconbox iconpos_left style_default color_primary align_left no_text\"><a target=\" _blank\" rel=\"nofollow\" href=\"http:\/\/www.landesjagdverband.de\/\" class=\"w-iconbox-link\" aria-label=\"Association de chasse du Land de Bade-Wurtemberg\"><div class=\"w-iconbox-icon\" style=\"font-size:24px;\"><i class=\"fas fa-user-circle\"><\/i><\/div><\/a><div class=\"w-iconbox-meta\"><h5 class=\"w-iconbox-title\"><a target=\" _blank\" rel=\"nofollow\" href=\"http:\/\/www.landesjagdverband.de\/\" class=\"w-iconbox-link\" aria-label=\"Association de chasse du Land de Bade-Wurtemberg\">Association de chasse du Land de Bade-Wurtemberg<\/a><\/h5><\/div><\/div><div class=\"w-separator size_custom\" style=\"height:10px\"><\/div><div class=\"w-iconbox iconpos_left style_default color_primary align_left no_text\"><a target=\" _blank\" rel=\"nofollow\" href=\"http:\/\/www.ljv-rlp.de\/\" class=\"w-iconbox-link\" aria-label=\"Association de chasse du Land de Rh\u00e9nanie-Palatinat\"><div class=\"w-iconbox-icon\" style=\"font-size:24px;\"><i class=\"fas fa-user-circle\"><\/i><\/div><\/a><div class=\"w-iconbox-meta\"><h5 class=\"w-iconbox-title\"><a target=\" _blank\" rel=\"nofollow\" href=\"http:\/\/www.ljv-rlp.de\/\" class=\"w-iconbox-link\" aria-label=\"Association de chasse du Land de Rh\u00e9nanie-Palatinat\">Association de chasse du Land de Rh\u00e9nanie-Palatinat<\/a><\/h5><\/div><\/div><div class=\"w-separator size_custom\" style=\"height:10px\"><\/div><div class=\"w-iconbox iconpos_left style_default color_primary align_left no_text\"><a target=\" _blank\" rel=\"nofollow\" href=\"https:\/\/www.pfullingen.de\/de\/Aktuelles\/Stadtnachrichten\/Stadtnachricht?view=publish&amp;item=article&amp;id=1274\" class=\"w-iconbox-link\" aria-label=\"Chasse en r\u00e9gie \u00e0 Pfullingen\"><div class=\"w-iconbox-icon\" style=\"font-size:24px;\"><i class=\"fas fa-user-circle\"><\/i><\/div><\/a><div class=\"w-iconbox-meta\"><h5 class=\"w-iconbox-title\"><a target=\" _blank\" rel=\"nofollow\" href=\"https:\/\/www.pfullingen.de\/de\/Aktuelles\/Stadtnachrichten\/Stadtnachricht?view=publish&amp;item=article&amp;id=1274\" class=\"w-iconbox-link\" aria-label=\"Chasse en r\u00e9gie \u00e0 Pfullingen\">Chasse en r\u00e9gie \u00e0 Pfullingen<\/a><\/h5><\/div><\/div><\/div><\/div><\/div><\/div><\/div><\/section><section class=\"l-section wpb_row height_medium color_alternate\"><div class=\"l-section-h i-cf\"><div class=\"g-cols vc_row via_flex valign_top type_default stacking_default\"><div class=\"vc_col-sm-12 wpb_column vc_column_container\"><div class=\"vc_column-inner\"><div class=\"wpb_wrapper\"><div class=\"wpb_text_column\"><div class=\"wpb_wrapper\"><h2 style=\"text-align: center;\"><strong>REVIERWELT.<\/strong>  D\u00e9couvrir.<\/h2>\n<\/div><\/div><\/div><\/div><\/div><\/div><\/div><\/section><section class=\"l-section wpb_row height_medium with_img parallax_ver\"><div class=\"l-section-img\" role=\"img\" data-img-width=\"1024\" data-img-height=\"683\" style=\"background-image: url(https:\/\/www.revierwelt.de\/wp-content\/uploads\/2018\/01\/170301-0001-2.jpg);\"><\/div><div class=\"l-section-overlay\" style=\"background:rgba(72,108,75,0.5)\"><\/div><div class=\"l-section-h i-cf\"><div class=\"g-cols vc_row via_flex valign_top type_default stacking_default\"><div class=\"vc_col-sm-12 wpb_column vc_column_container\"><div class=\"vc_column-inner\"><div class=\"wpb_wrapper\"><div class=\"w-grid type_grid layout_25853 hidden cols_6 ratio_1x1\" id=\"us_grid_1\" style=\"--columns:6;--gap:2px;--item-ratio:1;\" data-filterable=\"true\"><style>@media (max-width:1380px){#us_grid_1{--columns:3!important}}@media (max-width:1024px){#us_grid_1{--columns:2!important}}@media (max-width:600px){#us_grid_1{--columns:1!important}}.layout_25853 .w-grid-item-h{}.layout_25853 .usg_post_custom_field_1{transition-duration:0.4s;transform-origin:50% 50%;transform:scale(0) translate(0,0);opacity:0}.layout_25853 .w-grid-item-h:hover .usg_post_custom_field_1{transform:scale(1.5) translate(0,0);opacity:1}.layout_25853 .usg_vwrapper_1{transition-duration:0.4s;transform-origin:50% 50%;transform:scale(0) translate(0,0);opacity:0}.layout_25853 .w-grid-item-h:hover .usg_vwrapper_1{transform:scale(1) translate(0,0);opacity:1}.layout_25853 .usg_post_image_1{position:absolute!important;top:0!important;right:0!important;bottom:0!important;left:0!important}.layout_25853 .usg_post_custom_field_1{position:absolute!important;top:0!important;right:0!important;bottom:0!important;left:0!important;border-radius:50!important;padding:2rem!important;background:inherit!important}.layout_25853 .usg_vwrapper_1{position:absolute!important;top:0!important;right:0!important;bottom:0!important;left:0!important;padding:2rem!important}.layout_25853 .usg_post_title_1{color:inherit!important}<\/style><div class=\"w-grid-list\"><\/div><div class=\"w-grid-preloader\">\t<div class=\"g-preloader type_1\">\r\n\t\t<div><\/div>\r\n\t<\/div>\r\n\t<\/div>\t<div class=\"w-grid-json hidden\" onclick='return {&quot;action&quot;:&quot;us_ajax_grid&quot;,&quot;infinite_scroll&quot;:0,&quot;max_num_pages&quot;:0,&quot;pagination&quot;:&quot;none&quot;,&quot;template_vars&quot;:{&quot;columns&quot;:&quot;6&quot;,&quot;exclude_items&quot;:&quot;none&quot;,&quot;img_size&quot;:&quot;us_600_0&quot;,&quot;ignore_items_size&quot;:0,&quot;items_layout&quot;:&quot;25853&quot;,&quot;items_offset&quot;:&quot;1&quot;,&quot;load_animation&quot;:&quot;none&quot;,&quot;overriding_link&quot;:&quot;%7B%22type%22%3A%22post%22%7D&quot;,&quot;post_id&quot;:0,&quot;query_args&quot;:{&quot;post_type&quot;:[&quot;us_portfolio&quot;],&quot;tax_query&quot;:[{&quot;taxonomy&quot;:&quot;us_portfolio_category&quot;,&quot;field&quot;:&quot;slug&quot;,&quot;terms&quot;:[&quot;monde de la chasse&quot;]}],&quot;post_status&quot;:[&quot;publish&quot;],&quot;posts_per_page&quot;:&quot;6&quot;},&quot;orderby_query_args&quot;:{&quot;orderby&quot;:{&quot;date&quot;:&quot;DESC&quot;}},&quot;type&quot;:&quot;grid&quot;,&quot;us_grid_post_type&quot;:&quot;us_portfolio&quot;,&quot;us_grid_ajax_index&quot;:1,&quot;us_grid_filter_query_string&quot;:null,&quot;us_grid_index&quot;:1,&quot;page_args&quot;:[]}}'><\/div>\r\n\t<\/div><div class=\"w-grid-none type_message\">Es wurden keine Ergebnisse gefunden.<\/div><\/div><\/div><\/div><\/div><\/div><\/section><section class=\"l-section wpb_row height_medium color_primary\"><div class=\"l-section-h i-cf\"><div class=\"g-cols vc_row via_flex valign_top type_default stacking_default\"><div class=\"vc_col-sm-12 wpb_column vc_column_container us_animate_afb\"><div class=\"vc_column-inner\"><div class=\"wpb_wrapper\"><div class=\"w-actionbox color_primary controls_right\"><div class=\"w-actionbox-text\"><h2 class=\"w-actionbox-title\">Voyez par vous-m\u00eame Revierwelt !<\/h2><\/div><div class=\"w-actionbox-controls\"><a class=\"w-btn us-btn-style_6 icon_atleft\" href=\"https:\/\/portal.revierwelt.de\/\" style=\"font-size:19px;\"><i class=\"fas fa-user-plus\"><\/i><span class=\"w-btn-label\">Inscrivez-vous maintenant !<\/span><\/a><\/div><\/div><\/div><\/div><\/div><\/div><\/div><\/section>\n","protected":false},"excerpt":{"rendered":"REVIERWELT. R\u00e9f\u00e9rences. Plus de 20.000 territoires utilisent le monde des territoires. Et les chasseurs qui misent sur le monde territorial sont chaque jour plus nombreux. Ils sont aujourd&#8217;hui plus de 100 000 et nous en avons cit\u00e9 quelques-uns \u00e0 titre d&#8217;exemple : le chasseur individuel, la communaut\u00e9 de chasseurs, le territoire g\u00e9r\u00e9 par un chasseur...","protected":false},"author":1,"featured_media":0,"parent":0,"menu_order":0,"comment_status":"closed","ping_status":"closed","template":"","meta":{"footnotes":""},"class_list":["post-38969","page","type-page","status-publish","hentry"],"_links":{"self":[{"href":"https:\/\/www.revierwelt.de\/index.php\/wp-json\/wp\/v2\/pages\/38969","targetHints":{"allow":["GET"]}}],"collection":[{"href":"https:\/\/www.revierwelt.de\/index.php\/wp-json\/wp\/v2\/pages"}],"about":[{"href":"https:\/\/www.revierwelt.de\/index.php\/wp-json\/wp\/v2\/types\/page"}],"author":[{"embeddable":true,"href":"https:\/\/www.revierwelt.de\/index.php\/wp-json\/wp\/v2\/users\/1"}],"replies":[{"embeddable":true,"href":"https:\/\/www.revierwelt.de\/index.php\/wp-json\/wp\/v2\/comments?post=38969"}],"version-history":[{"count":0,"href":"https:\/\/www.revierwelt.de\/index.php\/wp-json\/wp\/v2\/pages\/38969\/revisions"}],"wp:attachment":[{"href":"https:\/\/www.revierwelt.de\/index.php\/wp-json\/wp\/v2\/media?parent=38969"}],"curies":[{"name":"wp","href":"https:\/\/api.w.org\/{rel}","templated":true}]}}