{"id":38934,"date":"2025-02-25T11:39:54","date_gmt":"2025-02-25T10:39:54","guid":{"rendered":"https:\/\/revierwelt.de\/index.php\/funkcije\/"},"modified":"2025-02-25T11:40:25","modified_gmt":"2025-02-25T10:40:25","slug":"funkcije","status":"publish","type":"page","link":"https:\/\/www.revierwelt.de\/index.php\/funkcije\/?lang=hr","title":{"rendered":"funkcije"},"content":{"rendered":"<section class=\"l-section wpb_row height_medium color_alternate\" id=\"start\"><div class=\"l-section-h i-cf\"><div class=\"g-cols vc_row via_flex valign_top type_default stacking_default\"><div class=\"vc_col-sm-12 wpb_column vc_column_container\"><div class=\"vc_column-inner\"><div class=\"wpb_wrapper\"><div class=\"wpb_text_column\"><div class=\"wpb_wrapper\"><h2 style=\"text-align: center;\"><strong>REVIERWELT .<\/strong>  Zajedno. Pouzdan. Siguran.  <\/h2>\n<p style=\"text-align: center;\">Revierwelt prati vas i va\u0161e kolege lovce kroz svakodnevni lov s vi\u0161e od 120 razli\u010ditih funkcija.<br \/> Vi odlu\u010dujete koju funkciju \u017eelite koristiti u svom podru\u010dju.<\/p>\n<\/div><\/div><\/div><\/div><\/div><\/div><\/div><\/section><section class=\"l-section wpb_row height_auto width_full\"><div class=\"l-section-h i-cf\"><div class=\"g-cols vc_row via_flex valign_middle type_boxes stacking_default\"><div class=\"vc_col-sm-6 wpb_column vc_column_container has_bg_color us_animate_afl\"><div class=\"vc_column-inner us_custom_59aa6278\"><div class=\"wpb_wrapper\"><div class=\"w-separator size_custom\" style=\"height:10px\"><\/div><\/div><\/div><\/div><div class=\"vc_col-sm-6 wpb_column vc_column_container us_animate_afr\"><div class=\"vc_column-inner\"><div class=\"wpb_wrapper\"><div class=\"w-iconbox iconpos_left style_default color_primary align_left no_text icontype_img\"><div class=\"w-iconbox-icon\" style=\"font-size:40px;\"><img loading=\"lazy\" decoding=\"async\" width=\"512\" height=\"512\" src=\"https:\/\/www.revierwelt.de\/wp-content\/uploads\/2018\/01\/cropped-Logo_emblem_black.png\" class=\"attachment-full size-full\" alt=\"\" srcset=\"https:\/\/www.revierwelt.de\/wp-content\/uploads\/2018\/01\/cropped-Logo_emblem_black.png 512w, https:\/\/www.revierwelt.de\/wp-content\/uploads\/2018\/01\/cropped-Logo_emblem_black-150x150.png 150w, https:\/\/www.revierwelt.de\/wp-content\/uploads\/2018\/01\/cropped-Logo_emblem_black-300x300.png 300w, https:\/\/www.revierwelt.de\/wp-content\/uploads\/2018\/01\/cropped-Logo_emblem_black-180x180.png 180w, https:\/\/www.revierwelt.de\/wp-content\/uploads\/2018\/01\/cropped-Logo_emblem_black-350x350.png 350w, https:\/\/www.revierwelt.de\/wp-content\/uploads\/2018\/01\/cropped-Logo_emblem_black-270x270.png 270w, https:\/\/www.revierwelt.de\/wp-content\/uploads\/2018\/01\/cropped-Logo_emblem_black-192x192.png 192w, https:\/\/www.revierwelt.de\/wp-content\/uploads\/2018\/01\/cropped-Logo_emblem_black-32x32.png 32w\" sizes=\"auto, (max-width: 512px) 100vw, 512px\" \/><\/div><div class=\"w-iconbox-meta\"><h2 class=\"w-iconbox-title\">kotarsko na\u010delstvo<\/h2><\/div><\/div><div class=\"w-separator size_small\"><\/div><div class=\"wpb_text_column\"><div class=\"wpb_wrapper\"><p>Sredi\u0161nja funkcija upravljanja podru\u010djem je, na primjer, karta podru\u010dja, na koju bilje\u017eite sve objekte u va\u0161em podru\u010dju. Osim \u0161tandova, skrovi\u0161ta i mjesta za vrebanje, mogu se snimiti i snimiti i jazbine lisica, solane ili bilo koji drugi objekt. <\/p>\n<p>Jo\u0161 jedna funkcija u gospodarenju lovi\u0161tem je popis torba koji poma\u017ee vama i svim \u010dlanovima lovi\u0161ta zajedno s planiranjem lovi\u0161ta i gospodarenjem divlja\u010di u svakodnevnom radu lovi\u0161ta.<\/p>\n<p>Revierwelt tako\u0111er poma\u017ee vama i va\u0161em podru\u010dju u sljede\u0107im podru\u010djima:<\/p>\n<ul>\n<li>Glasovanje unutar okruga putem aplikacije Revierwelt ili web verzije<\/li>\n<li>Jednostavna dokumentacija svih aktivnosti u prostoru<\/li>\n<li>Rezervacija lovi\u0161ta i lovi\u0161ta prema individualno ure\u0111enim pravima<\/li>\n<li>Planiranje i izvo\u0111enje grupnih lova pogonjenim lovnim alatom<\/li>\n<li>Marketing igara uz pomo\u0107 brendova igara, certifikata o podrijetlu igara i dokaza o podrijetlu<\/li>\n<li>Upravljanje zadacima i imenovanjima unutar mjesne zajednice<\/li>\n<li>Podr\u0161ka za lov kroz funkcije kao \u0161to su vremenska prognoza i lunarni kalendar za lov<\/li>\n<li>Izrada ocjena na kraju lovne sezone ili bilo kada tijekom lovne sezone pritiskom na gumb<\/li>\n<\/ul>\n<\/div><\/div><\/div><\/div><\/div><\/div><\/div><\/section><section class=\"l-section wpb_row height_auto width_full\"><div class=\"l-section-h i-cf\"><div class=\"g-cols vc_row via_flex valign_middle type_boxes stacking_default\"><div class=\"vc_col-sm-6 wpb_column vc_column_container us_animate_afl\"><div class=\"vc_column-inner\"><div class=\"wpb_wrapper\"><div class=\"w-iconbox iconpos_left style_default color_primary align_left no_text icontype_img\"><div class=\"w-iconbox-icon\" style=\"font-size:40px;\"><img loading=\"lazy\" decoding=\"async\" width=\"512\" height=\"512\" src=\"https:\/\/www.revierwelt.de\/wp-content\/uploads\/2018\/01\/cropped-Logo_emblem_black.png\" class=\"attachment-full size-full\" alt=\"\" srcset=\"https:\/\/www.revierwelt.de\/wp-content\/uploads\/2018\/01\/cropped-Logo_emblem_black.png 512w, https:\/\/www.revierwelt.de\/wp-content\/uploads\/2018\/01\/cropped-Logo_emblem_black-150x150.png 150w, https:\/\/www.revierwelt.de\/wp-content\/uploads\/2018\/01\/cropped-Logo_emblem_black-300x300.png 300w, https:\/\/www.revierwelt.de\/wp-content\/uploads\/2018\/01\/cropped-Logo_emblem_black-180x180.png 180w, https:\/\/www.revierwelt.de\/wp-content\/uploads\/2018\/01\/cropped-Logo_emblem_black-350x350.png 350w, https:\/\/www.revierwelt.de\/wp-content\/uploads\/2018\/01\/cropped-Logo_emblem_black-270x270.png 270w, https:\/\/www.revierwelt.de\/wp-content\/uploads\/2018\/01\/cropped-Logo_emblem_black-192x192.png 192w, https:\/\/www.revierwelt.de\/wp-content\/uploads\/2018\/01\/cropped-Logo_emblem_black-32x32.png 32w\" sizes=\"auto, (max-width: 512px) 100vw, 512px\" \/><\/div><div class=\"w-iconbox-meta\"><h2 class=\"w-iconbox-title\">GPS pra\u0107enje pasa<\/h2><\/div><\/div><div class=\"w-separator size_small\"><\/div><div class=\"wpb_text_column\"><div class=\"wpb_wrapper\"><p>Znati gdje je pas &#8211; i jo\u0161 mnogo toga! Revierwelt vas podr\u017eava u va\u0161em radu s psima. S Revierweltovim GPS pra\u0107enjem pasa uvijek znate gdje je va\u0161 pas. U stvarnom vremenu.   <\/p>\n<p>GPS pra\u0107enje radi neovisno o va\u0161oj lokaciji: mo\u017eete vidjeti psa bez obzira gdje se nalazite. A najbolja stvar je: svaki \u010dlan va\u0161eg teritorija tako\u0111er mo\u017ee u\u010diniti &#8211; naravno samo ako to \u017eelite. <\/p>\n<p>Osim toga, GPS pra\u0107enje pasa nudi prakti\u010dne funkcije za voditelje pasa i pra\u0107enje. Na primjer, mo\u017eete postaviti staze za vje\u017ebanje i u stvarnom vremenu provjeriti je li pas jo\u0161 uvijek na stazi i jo\u0161 mnogo toga. <\/p>\n<p>Teritori koji su opremljeni Revierwelt sustavom za pra\u0107enje pasa mogu locirati neograni\u010den broj pasa. Pu\u0161tanja neovisna o me\u0111usobnoj lokaciji podr\u017eavaju vodi\u010de pasa u potrazi za psom, tako da ga osobe koje su uklju\u010dene tako\u0111er mogu locirati.<\/p>\n<\/div><\/div><div class=\"w-separator size_medium\"><\/div><\/div><\/div><\/div><div class=\"vc_col-sm-6 wpb_column vc_column_container has_bg_color us_animate_afr\"><div class=\"vc_column-inner us_custom_b225af89\"><div class=\"wpb_wrapper\"><div class=\"w-separator blank-column size_custom\" style=\"height:10px\"><\/div><\/div><\/div><\/div><\/div><\/div><\/section><section class=\"l-section wpb_row height_auto width_full\"><div class=\"l-section-h i-cf\"><div class=\"g-cols vc_row via_flex valign_middle type_boxes stacking_default\"><div class=\"vc_col-sm-6 wpb_column vc_column_container has_bg_color us_animate_afl\"><div class=\"vc_column-inner us_custom_b2c1285a\"><div class=\"wpb_wrapper\"><div class=\"w-separator blank-column size_custom\" style=\"height:10px\"><\/div><\/div><\/div><\/div><div class=\"vc_col-sm-6 wpb_column vc_column_container us_animate_afr\"><div class=\"vc_column-inner\"><div class=\"wpb_wrapper\"><div class=\"w-iconbox iconpos_left style_default color_primary align_left no_text icontype_img\"><div class=\"w-iconbox-icon\" style=\"font-size:40px;\"><img loading=\"lazy\" decoding=\"async\" width=\"512\" height=\"512\" src=\"https:\/\/www.revierwelt.de\/wp-content\/uploads\/2018\/01\/cropped-Logo_emblem_black.png\" class=\"attachment-full size-full\" alt=\"\" srcset=\"https:\/\/www.revierwelt.de\/wp-content\/uploads\/2018\/01\/cropped-Logo_emblem_black.png 512w, https:\/\/www.revierwelt.de\/wp-content\/uploads\/2018\/01\/cropped-Logo_emblem_black-150x150.png 150w, https:\/\/www.revierwelt.de\/wp-content\/uploads\/2018\/01\/cropped-Logo_emblem_black-300x300.png 300w, https:\/\/www.revierwelt.de\/wp-content\/uploads\/2018\/01\/cropped-Logo_emblem_black-180x180.png 180w, https:\/\/www.revierwelt.de\/wp-content\/uploads\/2018\/01\/cropped-Logo_emblem_black-350x350.png 350w, https:\/\/www.revierwelt.de\/wp-content\/uploads\/2018\/01\/cropped-Logo_emblem_black-270x270.png 270w, https:\/\/www.revierwelt.de\/wp-content\/uploads\/2018\/01\/cropped-Logo_emblem_black-192x192.png 192w, https:\/\/www.revierwelt.de\/wp-content\/uploads\/2018\/01\/cropped-Logo_emblem_black-32x32.png 32w\" sizes=\"auto, (max-width: 512px) 100vw, 512px\" \/><\/div><div class=\"w-iconbox-meta\"><h2 class=\"w-iconbox-title\">pra\u0107enje zamki<\/h2><\/div><\/div><div class=\"w-separator size_small\"><\/div><div class=\"wpb_text_column\"><div class=\"wpb_wrapper\"><p>S jedinstvenim nadzorom zamki u Revierweltu radite u apsolutnom skladu s dobrobiti \u017eivotinja. Revierwelt je kompatibilan s gotovo svim detektorima zamki dostupnim na tr\u017ei\u0161tu i radi apsolutno pouzdano &#8211; za vas! To vam \u0161tedi nepotrebna inspekcijska putovanja, a time i tro\u0161kove i vrijeme.  <\/p>\n<p>Mo\u017eete konfigurirati svoj detektor zamki da \u0161alje poruke o ulovu i statusu Revierweltu. Prednost: Revierwelt preuzima svakodnevnu provjeru zamke i \u0161alje vam poruku samo kada trebate intervenirati. To zna\u010di da \u010dak i profesionalni korisnici mogu jednostavno upravljati s vi\u0161e od 100 zamki paralelno.  <\/p>\n<p>Revierwelt u svakom trenutku osigurava da svaki povezani ure\u0111aj ispravno radi i vama ili \u010dlanovima va\u0161eg okruga \u0161alje poruku samo ako postoje bilo kakvi problemi. Time se izbjegavaju nepotrebna inspekcijska putovanja i \u0161tede se putni tro\u0161kovi.<\/p>\n<\/div><\/div><\/div><\/div><\/div><\/div><\/div><\/section><section class=\"l-section wpb_row height_auto width_full\"><div class=\"l-section-h i-cf\"><div class=\"g-cols vc_row via_flex valign_middle type_boxes stacking_default\"><div class=\"vc_col-sm-6 wpb_column vc_column_container us_animate_afl\"><div class=\"vc_column-inner\"><div class=\"wpb_wrapper\"><div class=\"w-iconbox iconpos_left style_default color_primary align_left no_text icontype_img\"><div class=\"w-iconbox-icon\" style=\"font-size:40px;\"><img loading=\"lazy\" decoding=\"async\" width=\"512\" height=\"512\" src=\"https:\/\/www.revierwelt.de\/wp-content\/uploads\/2018\/01\/cropped-Logo_emblem_black.png\" class=\"attachment-full size-full\" alt=\"\" srcset=\"https:\/\/www.revierwelt.de\/wp-content\/uploads\/2018\/01\/cropped-Logo_emblem_black.png 512w, https:\/\/www.revierwelt.de\/wp-content\/uploads\/2018\/01\/cropped-Logo_emblem_black-150x150.png 150w, https:\/\/www.revierwelt.de\/wp-content\/uploads\/2018\/01\/cropped-Logo_emblem_black-300x300.png 300w, https:\/\/www.revierwelt.de\/wp-content\/uploads\/2018\/01\/cropped-Logo_emblem_black-180x180.png 180w, https:\/\/www.revierwelt.de\/wp-content\/uploads\/2018\/01\/cropped-Logo_emblem_black-350x350.png 350w, https:\/\/www.revierwelt.de\/wp-content\/uploads\/2018\/01\/cropped-Logo_emblem_black-270x270.png 270w, https:\/\/www.revierwelt.de\/wp-content\/uploads\/2018\/01\/cropped-Logo_emblem_black-192x192.png 192w, https:\/\/www.revierwelt.de\/wp-content\/uploads\/2018\/01\/cropped-Logo_emblem_black-32x32.png 32w\" sizes=\"auto, (max-width: 512px) 100vw, 512px\" \/><\/div><div class=\"w-iconbox-meta\"><h2 class=\"w-iconbox-title\">upravljanje kamerama za divlje \u017eivotinje<\/h2><\/div><\/div><div class=\"w-separator size_small\"><\/div><div class=\"wpb_text_column\"><div class=\"wpb_wrapper\"><p>Kamera za nadzor divljih \u017eivotinja u Revierweltu omogu\u0107uje vam da uvijek dr\u017eite svoje podru\u010dje na oku. Da biste to u\u010dinili, jednostavno pove\u017eite svoju postoje\u0107u kameru za divlje \u017eivotinje na Revierwelt. Previ\u0161e komplicirano? Rado \u0107emo to u\u010diniti za vas.   <\/p>\n<p>Ina\u010de, Revierwelt koristi umjetnu inteligenciju za podr\u0161ku automatske analize vrsta divlja\u010di, \u0161to ga \u010dini jedinim softverom u Europi koji to mo\u017ee.<\/p>\n<p>\u010cinjenica je: Revierwelt je kompatibilan sa svim igra\u0107im kamerama dostupnim na tr\u017ei\u0161tu koje mogu slati svoje slike i\/ili videozapise. To vam daje sljede\u0107e prednosti: <\/p>\n<ul>\n<li>Upravljanje i prikupljanje slika na jednom mjestu. Zajedno sa svim kolegama lovcima u okolici. <\/li>\n<li>Katalogizirajte slike izravno u aplikaciji ili na ra\u010dunalu kako biste kasnije mogli tra\u017eiti slike. To vam omogu\u0107uje da pratite koji je komad vi\u0111en na kojem mjestu. Koriste\u0107i AI &#8211; umjetnu inteligenciju &#8211; Revierwelt prepoznaje objekte na slikama.  <\/li>\n<li>Slike sa svake lovne kamere bit \u0107e poslane vama i \u010dlanovima va\u0161eg lovi\u0161ta na zahtjev. Mo\u017eete odlu\u010diti kako: izravno u aplikaciji Revierwelt ili jednostavno putem e-po\u0161te. <\/li>\n<li>Revierwelt nudi jasno upravljanje slikama na jednom mjestu. Zajedno ili sami. Vi odlu\u010dujete tko mo\u017ee vidjeti \u0161to u va\u0161em podru\u010dju.  <\/li>\n<li>Automatska analiza slika pomo\u0107u umjetne inteligencije. Mo\u017eete postaviti pravila tako da budete obavije\u0161teni samo kada se otkrije vrsta divlja\u010di. <\/li>\n<\/ul>\n<p>S na\u0161im Revierwelt LTE Cam plus trenutno vam nudimo jedinu kameru kojom u potpunosti upravlja Revierwelt i koja se \u010dak mo\u017ee koristiti kao detektor zamki u skladu sa zakonom. Dva proizvoda u jednom.<\/p>\n<\/div><\/div><\/div><\/div><\/div><div class=\"vc_col-sm-6 wpb_column vc_column_container has_bg_color us_animate_afr\"><div class=\"vc_column-inner us_custom_52df797f\"><div class=\"wpb_wrapper\"><div class=\"w-separator blank-column size_custom\" style=\"height:10px\"><\/div><\/div><\/div><\/div><\/div><\/div><\/section><section class=\"l-section wpb_row height_auto width_full\"><div class=\"l-section-h i-cf\"><div class=\"g-cols vc_row via_flex valign_middle type_boxes stacking_default\"><div class=\"vc_col-sm-6 wpb_column vc_column_container has_bg_color us_animate_afl\"><div class=\"vc_column-inner us_custom_2d17f59a\"><div class=\"wpb_wrapper\"><div class=\"w-separator size_custom\" style=\"height:10px\"><\/div><\/div><\/div><\/div><div class=\"vc_col-sm-6 wpb_column vc_column_container us_animate_afr\"><div class=\"vc_column-inner\"><div class=\"wpb_wrapper\"><div class=\"w-iconbox iconpos_left style_default color_primary align_left no_text icontype_img\"><div class=\"w-iconbox-icon\" style=\"font-size:40px;\"><img loading=\"lazy\" decoding=\"async\" width=\"512\" height=\"512\" src=\"https:\/\/www.revierwelt.de\/wp-content\/uploads\/2018\/01\/cropped-Logo_emblem_black.png\" class=\"attachment-full size-full\" alt=\"\" srcset=\"https:\/\/www.revierwelt.de\/wp-content\/uploads\/2018\/01\/cropped-Logo_emblem_black.png 512w, https:\/\/www.revierwelt.de\/wp-content\/uploads\/2018\/01\/cropped-Logo_emblem_black-150x150.png 150w, https:\/\/www.revierwelt.de\/wp-content\/uploads\/2018\/01\/cropped-Logo_emblem_black-300x300.png 300w, https:\/\/www.revierwelt.de\/wp-content\/uploads\/2018\/01\/cropped-Logo_emblem_black-180x180.png 180w, https:\/\/www.revierwelt.de\/wp-content\/uploads\/2018\/01\/cropped-Logo_emblem_black-350x350.png 350w, https:\/\/www.revierwelt.de\/wp-content\/uploads\/2018\/01\/cropped-Logo_emblem_black-270x270.png 270w, https:\/\/www.revierwelt.de\/wp-content\/uploads\/2018\/01\/cropped-Logo_emblem_black-192x192.png 192w, https:\/\/www.revierwelt.de\/wp-content\/uploads\/2018\/01\/cropped-Logo_emblem_black-32x32.png 32w\" sizes=\"auto, (max-width: 512px) 100vw, 512px\" \/><\/div><div class=\"w-iconbox-meta\"><h2 class=\"w-iconbox-title\">gonjeni lov<\/h2><\/div><\/div><div class=\"w-separator size_small\"><\/div><div class=\"wpb_text_column\"><div class=\"wpb_wrapper\"><p>Prvi korak u stvaranju pokretanog lova uvijek je stvaranje tekstualnog predlo\u0161ka pomo\u0107u stavke izbornika <strong><a href=\"https:\/\/wiki.revierwelt.de\/index.php\/knowledge-base\/drueckjagd-textvorlagen\/\">Tekstualni predlo\u0161ci tjeranog lova<\/a><\/strong> . Nakon \u0161to ste izradili tekstualne predlo\u0161ke za lovce i lovce, idite na stavku izbornika <strong><a href=\"https:\/\/wiki.revierwelt.de\/index.php\/knowledge-base\/drueckjagdeinladungen\/\">Driven Hunt Invitations<\/a><\/strong> . Ovdje pozivate lovce i lovce koriste\u0107i tekstualne predlo\u0161ke koje ste prethodno izradili.  <\/p>\n<p>Nakon \u0161to ste izradili tekstualne predlo\u0161ke i pozvali lovce i lovce, sljede\u0107i korak je planiranje <a href=\"https:\/\/wiki.revierwelt.de\/index.php\/knowledge-base\/drueckjagd\/\"><strong>pogonskog lova<\/strong><\/a> . Ovdje upisujete sve podatke za svoj planirani pogonski lov: lovi\u0161te, okupljali\u0161te, postavu, strelja\u010dka mjesta, batine. Va\u0161 trenutni status planiranja mo\u017ee se spremiti, pristupiti mu i promijeniti u bilo kojem trenutku.  <\/p>\n<p>Na dan tjeranog lova, zapo\u010dinjete lov pomo\u0107u funkcije <strong><a href=\"https:\/\/wiki.revierwelt.de\/index.php\/knowledge-base\/drueckjagddurchfuehrung\/\">Driven Hunt Execution<\/a><\/strong> . Ovdje svim sudionicima mo\u017eete poslati pristupnu poveznicu pomo\u0107u koje se mogu prijaviti na prikaz odgonjenog lova u stvarnom vremenu. Svi prijavljeni polo\u017eaji (ubojstva, potrebne naknadne pretrage, nesre\u0107e itd.) tako\u0111er se prikazuju ovdje.  <\/p>\n<p>Aplikacija Revierwelt karta \u0161tanda dio je Revierwelt planiranja lova. Pomo\u0107u aplikacije Standkarte imate mogu\u0107nost pozvati sve relevantne informacije o lovu u pogon i unijeti ni\u0161ane, ispaljene metke ili ubijene tijekom ili neposredno nakon lova. <\/p>\n<p>Revierwelt tako\u0111er nudi mogu\u0107nost stvaranja vlastitih oznaka igre za identifikaciju divlja\u010di koju ste ubili i kompatibilan je s mnogim proizvo\u0111a\u010dima na tr\u017ei\u0161tu. Podr\u017eani su i NFC \u010dipovi i QR kodovi. Uz Revierwelt imate potpunu kontrolu nad svim procesima na jednom mjestu. Od lova do marketinga divlja\u010di, sve je mogu\u0107e.<\/p>\n<\/div><\/div><\/div><\/div><\/div><\/div><\/div><\/section><section class=\"l-section wpb_row height_auto width_full\"><div class=\"l-section-h i-cf\"><div class=\"g-cols vc_row via_flex valign_middle type_boxes stacking_default\"><div class=\"vc_col-sm-6 wpb_column vc_column_container us_animate_afl\"><div class=\"vc_column-inner\"><div class=\"wpb_wrapper\"><div class=\"w-iconbox iconpos_left style_default color_primary align_left no_text icontype_img\"><div class=\"w-iconbox-icon\" style=\"font-size:40px;\"><img loading=\"lazy\" decoding=\"async\" width=\"512\" height=\"512\" src=\"https:\/\/www.revierwelt.de\/wp-content\/uploads\/2018\/01\/cropped-Logo_emblem_black.png\" class=\"attachment-full size-full\" alt=\"\" srcset=\"https:\/\/www.revierwelt.de\/wp-content\/uploads\/2018\/01\/cropped-Logo_emblem_black.png 512w, https:\/\/www.revierwelt.de\/wp-content\/uploads\/2018\/01\/cropped-Logo_emblem_black-150x150.png 150w, https:\/\/www.revierwelt.de\/wp-content\/uploads\/2018\/01\/cropped-Logo_emblem_black-300x300.png 300w, https:\/\/www.revierwelt.de\/wp-content\/uploads\/2018\/01\/cropped-Logo_emblem_black-180x180.png 180w, https:\/\/www.revierwelt.de\/wp-content\/uploads\/2018\/01\/cropped-Logo_emblem_black-350x350.png 350w, https:\/\/www.revierwelt.de\/wp-content\/uploads\/2018\/01\/cropped-Logo_emblem_black-270x270.png 270w, https:\/\/www.revierwelt.de\/wp-content\/uploads\/2018\/01\/cropped-Logo_emblem_black-192x192.png 192w, https:\/\/www.revierwelt.de\/wp-content\/uploads\/2018\/01\/cropped-Logo_emblem_black-32x32.png 32w\" sizes=\"auto, (max-width: 512px) 100vw, 512px\" \/><\/div><div class=\"w-iconbox-meta\"><h2 class=\"w-iconbox-title\">Revierwelt zajednica<\/h2><\/div><\/div><div class=\"w-separator size_small\"><\/div><div class=\"wpb_text_column\"><div class=\"wpb_wrapper\"><p>U na\u0161oj zajednici Revierwelt mo\u017eete se umre\u017eiti s lovcima diljem svijeta. Ako se registrirate na Revierwelt, mo\u017eete slati i primati zahtjeve za prijateljstvo od drugih lovaca. S vremenom \u0107ete izgraditi mre\u017eu ljudi koji dijele va\u0161 entuzijazam za lov.  <\/p>\n<p>U zajednici Revierwelt mo\u017eete objaviti svoj trenutni status, svoju lokaciju i svoja iskustva u lovu te ih podijeliti sa svojim prijateljima. Ovo funkcionira iu obliku teksta i slike ili uz pomo\u0107 videa. <\/p>\n<p>Velik broj lova\u010dkih organizacija, udruga i tvrtki ve\u0107 je zastupljen na Revierweltu. Pretplatite se na njihovu stranicu i budite u toku. Tako\u0111er mo\u017eete postaviti vlastite grupe o lovnim temama, pozvati druge korisnike Revierwelta da se pridru\u017ee ili se pridru\u017eiti drugim grupama i tamo razmjenjivati \u200b\u200bideje.<\/p>\n<\/div><\/div><\/div><\/div><\/div><div class=\"vc_col-sm-6 wpb_column vc_column_container has_bg_color us_animate_afr\"><div class=\"vc_column-inner us_custom_9b39d8ad\"><div class=\"wpb_wrapper\"><div class=\"w-separator blank-column size_custom\" style=\"height:10px\"><\/div><\/div><\/div><\/div><\/div><\/div><\/section><section class=\"l-section wpb_row height_auto width_full\"><div class=\"l-section-h i-cf\"><div class=\"g-cols vc_row via_flex valign_middle type_boxes stacking_default\"><div class=\"vc_col-sm-6 wpb_column vc_column_container has_bg_color us_animate_afl\"><div class=\"vc_column-inner us_custom_aca726bf\"><div class=\"wpb_wrapper\"><div class=\"w-separator size_custom\" style=\"height:10px\"><\/div><\/div><\/div><\/div><div class=\"vc_col-sm-6 wpb_column vc_column_container us_animate_afr\"><div class=\"vc_column-inner\"><div class=\"wpb_wrapper\"><div class=\"w-iconbox iconpos_left style_default color_primary align_left no_text icontype_img\"><div class=\"w-iconbox-icon\" style=\"font-size:40px;\"><img loading=\"lazy\" decoding=\"async\" width=\"512\" height=\"512\" src=\"https:\/\/www.revierwelt.de\/wp-content\/uploads\/2018\/01\/cropped-Logo_emblem_black.png\" class=\"attachment-full size-full\" alt=\"\" srcset=\"https:\/\/www.revierwelt.de\/wp-content\/uploads\/2018\/01\/cropped-Logo_emblem_black.png 512w, https:\/\/www.revierwelt.de\/wp-content\/uploads\/2018\/01\/cropped-Logo_emblem_black-150x150.png 150w, https:\/\/www.revierwelt.de\/wp-content\/uploads\/2018\/01\/cropped-Logo_emblem_black-300x300.png 300w, https:\/\/www.revierwelt.de\/wp-content\/uploads\/2018\/01\/cropped-Logo_emblem_black-180x180.png 180w, https:\/\/www.revierwelt.de\/wp-content\/uploads\/2018\/01\/cropped-Logo_emblem_black-350x350.png 350w, https:\/\/www.revierwelt.de\/wp-content\/uploads\/2018\/01\/cropped-Logo_emblem_black-270x270.png 270w, https:\/\/www.revierwelt.de\/wp-content\/uploads\/2018\/01\/cropped-Logo_emblem_black-192x192.png 192w, https:\/\/www.revierwelt.de\/wp-content\/uploads\/2018\/01\/cropped-Logo_emblem_black-32x32.png 32w\" sizes=\"auto, (max-width: 512px) 100vw, 512px\" \/><\/div><div class=\"w-iconbox-meta\"><h2 class=\"w-iconbox-title\">tr\u017enica i privatni oglasi<\/h2><\/div><\/div><div class=\"w-separator size_small\"><\/div><div class=\"wpb_text_column\"><div class=\"wpb_wrapper\"><p>Mo\u017eete kupiti sve Revierwelt proizvode &#8211; GPS trackere, kamere za igre, detektore zamki i svu dodatnu opremu &#8211; na na\u0161em Revierwelt tr\u017ei\u0161tu. Osim toga, ovdje su zastupljeni mnogi proizvo\u0111a\u010di i trgovci iz lovnog sektora, tako da sve proizvode koji su vam potrebni za lov mo\u017eete kupiti i na na\u0161oj tr\u017enici. <\/p>\n<p>I ne samo to &#8211; mo\u017eete \u010dak ponuditi svoje vlastite artikle kao privatni oglas na na\u0161em tr\u017ei\u0161tu putem aplikacije Revierwelt ili kupiti artikle od drugih korisnika Revierwelta. Oglasi Revierwelt su mali oglasi za lov \u2013 va\u0161e internetsko tr\u017ei\u0161te za kupnju, prodaju, razmjenu i vi\u0161e na temu lova. <\/p>\n<p>Na\u0161u ponudu zaokru\u017euje na\u0161a tr\u017enica divlja\u010di koja vam daje mogu\u0107nost da svoju divlja\u010d ponudite \u0161irokom krugu kupaca izravno iz Revierwelt meat managementa samo jednim klikom mi\u0161a putem interneta. Naravno, samo malom krugu kupaca &#8211; ovisno o potrebama.<\/p>\n<\/div><\/div><\/div><\/div><\/div><\/div><\/div><\/section><section class=\"l-section wpb_row height_medium color_primary\"><div class=\"l-section-h i-cf\"><div class=\"g-cols vc_row via_flex valign_top type_default stacking_default\"><div class=\"vc_col-sm-12 wpb_column vc_column_container us_animate_afb\"><div class=\"vc_column-inner\"><div class=\"wpb_wrapper\"><div class=\"w-actionbox color_primary controls_right\"><div class=\"w-actionbox-text\"><h2 class=\"w-actionbox-title\">Uvjerite se u Revierwelt!<\/h2><\/div><div class=\"w-actionbox-controls\"><a class=\"w-btn us-btn-style_6 icon_atleft\" href=\"https:\/\/portal.revierwelt.de\/\" style=\"font-size:19px;\"><i class=\"fas fa-user-plus\"><\/i><span class=\"w-btn-label\">Registrirajte se sada!<\/span><\/a><\/div><\/div><\/div><\/div><\/div><\/div><\/div><\/section>\n","protected":false},"excerpt":{"rendered":"REVIERWELT . Zajedno. Pouzdan. Siguran. Revierwelt prati vas i va\u0161e kolege lovce kroz svakodnevni lov s vi\u0161e od 120 razli\u010ditih funkcija. Vi odlu\u010dujete koju funkciju \u017eelite koristiti u svom podru\u010dju. kotarsko na\u010delstvoSredi\u0161nja funkcija upravljanja podru\u010djem je, na primjer, karta podru\u010dja, na koju bilje\u017eite sve objekte u va\u0161em podru\u010dju. Osim \u0161tandova, skrovi\u0161ta i mjesta za vrebanje,...","protected":false},"author":4,"featured_media":0,"parent":0,"menu_order":0,"comment_status":"closed","ping_status":"closed","template":"","meta":{"footnotes":""},"class_list":["post-38934","page","type-page","status-publish","hentry"],"_links":{"self":[{"href":"https:\/\/www.revierwelt.de\/index.php\/wp-json\/wp\/v2\/pages\/38934","targetHints":{"allow":["GET"]}}],"collection":[{"href":"https:\/\/www.revierwelt.de\/index.php\/wp-json\/wp\/v2\/pages"}],"about":[{"href":"https:\/\/www.revierwelt.de\/index.php\/wp-json\/wp\/v2\/types\/page"}],"author":[{"embeddable":true,"href":"https:\/\/www.revierwelt.de\/index.php\/wp-json\/wp\/v2\/users\/4"}],"replies":[{"embeddable":true,"href":"https:\/\/www.revierwelt.de\/index.php\/wp-json\/wp\/v2\/comments?post=38934"}],"version-history":[{"count":0,"href":"https:\/\/www.revierwelt.de\/index.php\/wp-json\/wp\/v2\/pages\/38934\/revisions"}],"wp:attachment":[{"href":"https:\/\/www.revierwelt.de\/index.php\/wp-json\/wp\/v2\/media?parent=38934"}],"curies":[{"name":"wp","href":"https:\/\/api.w.org\/{rel}","templated":true}]}}