{"id":38896,"date":"2025-02-25T11:39:33","date_gmt":"2025-02-25T10:39:33","guid":{"rendered":"https:\/\/revierwelt.de\/index.php\/funktioner\/"},"modified":"2025-02-25T11:39:50","modified_gmt":"2025-02-25T10:39:50","slug":"funktioner","status":"publish","type":"page","link":"https:\/\/www.revierwelt.de\/index.php\/funktioner\/?lang=da","title":{"rendered":"Funktioner"},"content":{"rendered":"<section class=\"l-section wpb_row height_medium color_alternate\" id=\"Start\"><div class=\"l-section-h i-cf\"><div class=\"g-cols vc_row via_flex valign_top type_default stacking_default\"><div class=\"vc_col-sm-12 wpb_column vc_column_container\"><div class=\"vc_column-inner\"><div class=\"wpb_wrapper\"><div class=\"wpb_text_column\"><div class=\"wpb_wrapper\"><h2 style=\"text-align: center;\"><strong>REVIERWELT.<\/strong>  Sammen. P\u00e5lidelige. Sikker.  <\/h2>\n<p style=\"text-align: center;\">Revierwelt guider dig og dine medj\u00e6gere gennem den daglige jagt med over 120 forskellige funktioner.<br \/>Du bestemmer selv, hvilken funktion du vil bruge i dit jagtomr\u00e5de.<\/p>\n<\/div><\/div><\/div><\/div><\/div><\/div><\/div><\/section><section class=\"l-section wpb_row height_auto width_full\"><div class=\"l-section-h i-cf\"><div class=\"g-cols vc_row via_flex valign_middle type_boxes stacking_default\"><div class=\"vc_col-sm-6 wpb_column vc_column_container has_bg_color us_animate_afl\"><div class=\"vc_column-inner us_custom_59aa6278\"><div class=\"wpb_wrapper\"><div class=\"w-separator size_custom\" style=\"height:10px\"><\/div><\/div><\/div><\/div><div class=\"vc_col-sm-6 wpb_column vc_column_container us_animate_afr\"><div class=\"vc_column-inner\"><div class=\"wpb_wrapper\"><div class=\"w-iconbox iconpos_left style_default color_primary align_left no_text icontype_img\"><div class=\"w-iconbox-icon\" style=\"font-size:40px;\"><img loading=\"lazy\" decoding=\"async\" width=\"512\" height=\"512\" src=\"https:\/\/www.revierwelt.de\/wp-content\/uploads\/2018\/01\/cropped-Logo_emblem_black.png\" class=\"attachment-full size-full\" alt=\"\" srcset=\"https:\/\/www.revierwelt.de\/wp-content\/uploads\/2018\/01\/cropped-Logo_emblem_black.png 512w, https:\/\/www.revierwelt.de\/wp-content\/uploads\/2018\/01\/cropped-Logo_emblem_black-150x150.png 150w, https:\/\/www.revierwelt.de\/wp-content\/uploads\/2018\/01\/cropped-Logo_emblem_black-300x300.png 300w, https:\/\/www.revierwelt.de\/wp-content\/uploads\/2018\/01\/cropped-Logo_emblem_black-180x180.png 180w, https:\/\/www.revierwelt.de\/wp-content\/uploads\/2018\/01\/cropped-Logo_emblem_black-350x350.png 350w, https:\/\/www.revierwelt.de\/wp-content\/uploads\/2018\/01\/cropped-Logo_emblem_black-270x270.png 270w, https:\/\/www.revierwelt.de\/wp-content\/uploads\/2018\/01\/cropped-Logo_emblem_black-192x192.png 192w, https:\/\/www.revierwelt.de\/wp-content\/uploads\/2018\/01\/cropped-Logo_emblem_black-32x32.png 32w\" sizes=\"auto, (max-width: 512px) 100vw, 512px\" \/><\/div><div class=\"w-iconbox-meta\"><h2 class=\"w-iconbox-title\">Ledelse af distriktet<\/h2><\/div><\/div><div class=\"w-separator size_small\"><\/div><div class=\"wpb_text_column\"><div class=\"wpb_wrapper\"><p>En central funktion i jagtregistreringen er f.eks. jagtregistreringskortet, hvor du kan registrere alle objekter i dit jagtrevir. Ud over pr\u00e6dikestole, skjul og forf\u00f8lgelsesomr\u00e5der kan r\u00e6vehuler, saltsten eller andre objekter ogs\u00e5 registreres og afbildes. <\/p>\n<p>En anden funktion i jagtregionens administration er rutelisten, som hj\u00e6lper dig og alle medlemmer af jagtregionen med at planl\u00e6gge afskydning og vildtpleje i jagtregionens hverdag.<\/p>\n<p>Revierwelt hj\u00e6lper ogs\u00e5 dig og dit omr\u00e5de inden for f\u00f8lgende omr\u00e5der:<\/p>\n<ul>\n<li>Afstemning inden for distriktet via Revierwelt-appen eller webversionen<\/li>\n<li>Enkel dokumentation af alle aktiviteter p\u00e5 jagtmarken<\/li>\n<li>S\u00e6dereservation og reservation af forf\u00f8lgelsesomr\u00e5der i henhold til individuelt tilpassede rettigheder<\/li>\n<li>Planl\u00e6gning og organisering af drivjagter med drivjagtsv\u00e6rkt\u00f8jet<\/li>\n<li>Markedsf\u00f8ring af spil ved hj\u00e6lp af spilm\u00e6rker, spiloprindelsescertifikat og oprindelsesbevis<\/li>\n<li>H\u00e5ndtering af opgaver og aftaler i distriktsf\u00e6llesskabet<\/li>\n<li>Jagtst\u00f8tte med funktioner som vejrudsigt og jagtm\u00e5nekalender<\/li>\n<li>Oprettelse af analyser i slutningen af et jagt\u00e5r eller p\u00e5 et hvilket som helst tidspunkt i l\u00f8bet af et jagt\u00e5r med et tryk p\u00e5 en knap<\/li>\n<\/ul>\n<\/div><\/div><\/div><\/div><\/div><\/div><\/div><\/section><section class=\"l-section wpb_row height_auto width_full\"><div class=\"l-section-h i-cf\"><div class=\"g-cols vc_row via_flex valign_middle type_boxes stacking_default\"><div class=\"vc_col-sm-6 wpb_column vc_column_container us_animate_afl\"><div class=\"vc_column-inner\"><div class=\"wpb_wrapper\"><div class=\"w-iconbox iconpos_left style_default color_primary align_left no_text icontype_img\"><div class=\"w-iconbox-icon\" style=\"font-size:40px;\"><img loading=\"lazy\" decoding=\"async\" width=\"512\" height=\"512\" src=\"https:\/\/www.revierwelt.de\/wp-content\/uploads\/2018\/01\/cropped-Logo_emblem_black.png\" class=\"attachment-full size-full\" alt=\"\" srcset=\"https:\/\/www.revierwelt.de\/wp-content\/uploads\/2018\/01\/cropped-Logo_emblem_black.png 512w, https:\/\/www.revierwelt.de\/wp-content\/uploads\/2018\/01\/cropped-Logo_emblem_black-150x150.png 150w, https:\/\/www.revierwelt.de\/wp-content\/uploads\/2018\/01\/cropped-Logo_emblem_black-300x300.png 300w, https:\/\/www.revierwelt.de\/wp-content\/uploads\/2018\/01\/cropped-Logo_emblem_black-180x180.png 180w, https:\/\/www.revierwelt.de\/wp-content\/uploads\/2018\/01\/cropped-Logo_emblem_black-350x350.png 350w, https:\/\/www.revierwelt.de\/wp-content\/uploads\/2018\/01\/cropped-Logo_emblem_black-270x270.png 270w, https:\/\/www.revierwelt.de\/wp-content\/uploads\/2018\/01\/cropped-Logo_emblem_black-192x192.png 192w, https:\/\/www.revierwelt.de\/wp-content\/uploads\/2018\/01\/cropped-Logo_emblem_black-32x32.png 32w\" sizes=\"auto, (max-width: 512px) 100vw, 512px\" \/><\/div><div class=\"w-iconbox-meta\"><h2 class=\"w-iconbox-title\">GPS-sporing af hunde<\/h2><\/div><\/div><div class=\"w-separator size_small\"><\/div><div class=\"wpb_text_column\"><div class=\"wpb_wrapper\"><p>Vid, hvor hunden er &#8211; og meget mere! Revierwelt st\u00f8tter dig i dit hundearbejde. Med GPS-hundesporing fra Revierwelt ved du altid, hvor din hund er. I realtid.   <\/p>\n<p>GPS-sporingen fungerer uafh\u00e6ngigt af din placering: Du kan se hunden, uanset hvor du er. Og det bedste er, at alle medlemmer af dit territorium kan g\u00f8re det samme &#8211; hvis du vil have dem til det, selvf\u00f8lgelig. <\/p>\n<p>GPS-hundesporing tilbyder ogs\u00e5 praktiske funktioner til hunde- og sporledere. Du kan f.eks. l\u00e6gge tr\u00e6ningsspor og i realtid tjekke, om hunden stadig er p\u00e5 sporet og meget mere. <\/p>\n<p>Hundesporingsomr\u00e5der, der er udstyret med Revierwelt-hundesporing, kan spore et ubegr\u00e6nset antal hunde. Gensidige stedsuafh\u00e6ngige udgivelser st\u00f8tter hundef\u00f8rerne i deres s\u00f8gen efter hunden, s\u00e5 andre involverede personer ogs\u00e5 kan finde den.<\/p>\n<\/div><\/div><div class=\"w-separator size_medium\"><\/div><\/div><\/div><\/div><div class=\"vc_col-sm-6 wpb_column vc_column_container has_bg_color us_animate_afr\"><div class=\"vc_column-inner us_custom_b225af89\"><div class=\"wpb_wrapper\"><div class=\"w-separator blank-column size_custom\" style=\"height:10px\"><\/div><\/div><\/div><\/div><\/div><\/div><\/section><section class=\"l-section wpb_row height_auto width_full\"><div class=\"l-section-h i-cf\"><div class=\"g-cols vc_row via_flex valign_middle type_boxes stacking_default\"><div class=\"vc_col-sm-6 wpb_column vc_column_container has_bg_color us_animate_afl\"><div class=\"vc_column-inner us_custom_b2c1285a\"><div class=\"wpb_wrapper\"><div class=\"w-separator blank-column size_custom\" style=\"height:10px\"><\/div><\/div><\/div><\/div><div class=\"vc_col-sm-6 wpb_column vc_column_container us_animate_afr\"><div class=\"vc_column-inner\"><div class=\"wpb_wrapper\"><div class=\"w-iconbox iconpos_left style_default color_primary align_left no_text icontype_img\"><div class=\"w-iconbox-icon\" style=\"font-size:40px;\"><img loading=\"lazy\" decoding=\"async\" width=\"512\" height=\"512\" src=\"https:\/\/www.revierwelt.de\/wp-content\/uploads\/2018\/01\/cropped-Logo_emblem_black.png\" class=\"attachment-full size-full\" alt=\"\" srcset=\"https:\/\/www.revierwelt.de\/wp-content\/uploads\/2018\/01\/cropped-Logo_emblem_black.png 512w, https:\/\/www.revierwelt.de\/wp-content\/uploads\/2018\/01\/cropped-Logo_emblem_black-150x150.png 150w, https:\/\/www.revierwelt.de\/wp-content\/uploads\/2018\/01\/cropped-Logo_emblem_black-300x300.png 300w, https:\/\/www.revierwelt.de\/wp-content\/uploads\/2018\/01\/cropped-Logo_emblem_black-180x180.png 180w, https:\/\/www.revierwelt.de\/wp-content\/uploads\/2018\/01\/cropped-Logo_emblem_black-350x350.png 350w, https:\/\/www.revierwelt.de\/wp-content\/uploads\/2018\/01\/cropped-Logo_emblem_black-270x270.png 270w, https:\/\/www.revierwelt.de\/wp-content\/uploads\/2018\/01\/cropped-Logo_emblem_black-192x192.png 192w, https:\/\/www.revierwelt.de\/wp-content\/uploads\/2018\/01\/cropped-Logo_emblem_black-32x32.png 32w\" sizes=\"auto, (max-width: 512px) 100vw, 512px\" \/><\/div><div class=\"w-iconbox-meta\"><h2 class=\"w-iconbox-title\">Overv\u00e5gning af f\u00e6lder<\/h2><\/div><\/div><div class=\"w-separator size_small\"><\/div><div class=\"wpb_text_column\"><div class=\"wpb_wrapper\"><p>Med det unikke f\u00e6ldeoverv\u00e5gningssystem i Revierwelt kan du arbejde p\u00e5 en absolut dyrevenlig m\u00e5de. Revierwelt er kompatibel med n\u00e6sten alle f\u00e6ldedetektorer p\u00e5 markedet og fungerer helt p\u00e5lideligt &#8211; for dig! Det sparer dig for un\u00f8dvendige patruljer og dermed omkostninger og tid.  <\/p>\n<p>Du kan konfigurere din f\u00e6ldealarm, s\u00e5 den sender fangst- og statusmeddelelser til Revierwelt. Fordelen: Revierwelt overtager den daglige overv\u00e5gning af f\u00e6lden og sender dig kun en besked, hvis du har brug for at gribe ind. Det betyder, at selv professionelle brugere nemt kan administrere over 100 f\u00e6lder parallelt.  <\/p>\n<p>Revierwelt sikrer, at alle tilsluttede enheder altid fungerer perfekt, og sender kun en besked til dig eller dine naboer i tilf\u00e6lde af en fejl. P\u00e5 den m\u00e5de undg\u00e5r du un\u00f8dvendige inspektionsture og sparer ogs\u00e5 rejseomkostninger.<\/p>\n<\/div><\/div><\/div><\/div><\/div><\/div><\/div><\/section><section class=\"l-section wpb_row height_auto width_full\"><div class=\"l-section-h i-cf\"><div class=\"g-cols vc_row via_flex valign_middle type_boxes stacking_default\"><div class=\"vc_col-sm-6 wpb_column vc_column_container us_animate_afl\"><div class=\"vc_column-inner\"><div class=\"wpb_wrapper\"><div class=\"w-iconbox iconpos_left style_default color_primary align_left no_text icontype_img\"><div class=\"w-iconbox-icon\" style=\"font-size:40px;\"><img loading=\"lazy\" decoding=\"async\" width=\"512\" height=\"512\" src=\"https:\/\/www.revierwelt.de\/wp-content\/uploads\/2018\/01\/cropped-Logo_emblem_black.png\" class=\"attachment-full size-full\" alt=\"\" srcset=\"https:\/\/www.revierwelt.de\/wp-content\/uploads\/2018\/01\/cropped-Logo_emblem_black.png 512w, https:\/\/www.revierwelt.de\/wp-content\/uploads\/2018\/01\/cropped-Logo_emblem_black-150x150.png 150w, https:\/\/www.revierwelt.de\/wp-content\/uploads\/2018\/01\/cropped-Logo_emblem_black-300x300.png 300w, https:\/\/www.revierwelt.de\/wp-content\/uploads\/2018\/01\/cropped-Logo_emblem_black-180x180.png 180w, https:\/\/www.revierwelt.de\/wp-content\/uploads\/2018\/01\/cropped-Logo_emblem_black-350x350.png 350w, https:\/\/www.revierwelt.de\/wp-content\/uploads\/2018\/01\/cropped-Logo_emblem_black-270x270.png 270w, https:\/\/www.revierwelt.de\/wp-content\/uploads\/2018\/01\/cropped-Logo_emblem_black-192x192.png 192w, https:\/\/www.revierwelt.de\/wp-content\/uploads\/2018\/01\/cropped-Logo_emblem_black-32x32.png 32w\" sizes=\"auto, (max-width: 512px) 100vw, 512px\" \/><\/div><div class=\"w-iconbox-meta\"><h2 class=\"w-iconbox-title\">H\u00e5ndtering af vildtkameraer<\/h2><\/div><\/div><div class=\"w-separator size_small\"><\/div><div class=\"wpb_text_column\"><div class=\"wpb_wrapper\"><p>Vildtkameraoverv\u00e5gning i Revierwelt giver dig mulighed for at holde \u00f8je med dit jagtomr\u00e5de hele tiden. Du skal blot forbinde dit eksisterende vildtkamera til Revierwelt. Er det for kompliceret? Vi g\u00f8r det gerne for dig.   <\/p>\n<p>Revierwelt bruger i \u00f8vrigt kunstig intelligens til automatisk at analysere vildtarter, hvilket g\u00f8r det til den eneste software i Europa, der kan g\u00f8re det.<\/p>\n<p>Faktum er, at Revierwelt er kompatibel med alle vildtkameraer p\u00e5 markedet, som kan sende deres billeder og\/eller videoer. Det giver dig f\u00f8lgende fordele: <\/p>\n<ul>\n<li>Styring og samling af billeder p\u00e5 \u00e9t sted. Sammen med alle andre j\u00e6gere i jagtomr\u00e5det. <\/li>\n<li>Katalogiser billeder direkte i appen eller p\u00e5 din pc, s\u00e5 du kan s\u00f8ge efter billeder senere. Det giver dig mulighed for at spore, hvilken genstand der blev set p\u00e5 hvilket sted. Revierwelt bruger AI &#8211; kunstig intelligens &#8211; til at genkende genstandene p\u00e5 billederne.  <\/li>\n<li>Billederne fra hvert vildtkamera kan efter anmodning sendes til dig og dine naboer. Du kan selv bestemme, hvordan det skal g\u00f8res: direkte i Revierwelt-appen eller blot via e-mail. <\/li>\n<li>Revierwelt tilbyder overskuelig h\u00e5ndtering af billeder p\u00e5 \u00e9t sted. Sammen eller alene. Du bestemmer, hvem der kan se hvad i dit omr\u00e5de.  <\/li>\n<li>Automatisk analyse af billeder ved hj\u00e6lp af kunstig intelligens. Du kan definere regler, s\u00e5 du kun f\u00e5r besked, n\u00e5r en vildtart genkendes. <\/li>\n<\/ul>\n<p>Med vores Revierwelt LTE Cam plus tilbyder vi dig i \u00f8jeblikket det eneste kamera, der styres fuldst\u00e6ndigt fra Revierwelt, og som endda kan bruges som f\u00e6ldedetektor i overensstemmelse med loven. To produkter i \u00e9t.<\/p>\n<\/div><\/div><\/div><\/div><\/div><div class=\"vc_col-sm-6 wpb_column vc_column_container has_bg_color us_animate_afr\"><div class=\"vc_column-inner us_custom_52df797f\"><div class=\"wpb_wrapper\"><div class=\"w-separator blank-column size_custom\" style=\"height:10px\"><\/div><\/div><\/div><\/div><\/div><\/div><\/section><section class=\"l-section wpb_row height_auto width_full\"><div class=\"l-section-h i-cf\"><div class=\"g-cols vc_row via_flex valign_middle type_boxes stacking_default\"><div class=\"vc_col-sm-6 wpb_column vc_column_container has_bg_color us_animate_afl\"><div class=\"vc_column-inner us_custom_2d17f59a\"><div class=\"wpb_wrapper\"><div class=\"w-separator size_custom\" style=\"height:10px\"><\/div><\/div><\/div><\/div><div class=\"vc_col-sm-6 wpb_column vc_column_container us_animate_afr\"><div class=\"vc_column-inner\"><div class=\"wpb_wrapper\"><div class=\"w-iconbox iconpos_left style_default color_primary align_left no_text icontype_img\"><div class=\"w-iconbox-icon\" style=\"font-size:40px;\"><img loading=\"lazy\" decoding=\"async\" width=\"512\" height=\"512\" src=\"https:\/\/www.revierwelt.de\/wp-content\/uploads\/2018\/01\/cropped-Logo_emblem_black.png\" class=\"attachment-full size-full\" alt=\"\" srcset=\"https:\/\/www.revierwelt.de\/wp-content\/uploads\/2018\/01\/cropped-Logo_emblem_black.png 512w, https:\/\/www.revierwelt.de\/wp-content\/uploads\/2018\/01\/cropped-Logo_emblem_black-150x150.png 150w, https:\/\/www.revierwelt.de\/wp-content\/uploads\/2018\/01\/cropped-Logo_emblem_black-300x300.png 300w, https:\/\/www.revierwelt.de\/wp-content\/uploads\/2018\/01\/cropped-Logo_emblem_black-180x180.png 180w, https:\/\/www.revierwelt.de\/wp-content\/uploads\/2018\/01\/cropped-Logo_emblem_black-350x350.png 350w, https:\/\/www.revierwelt.de\/wp-content\/uploads\/2018\/01\/cropped-Logo_emblem_black-270x270.png 270w, https:\/\/www.revierwelt.de\/wp-content\/uploads\/2018\/01\/cropped-Logo_emblem_black-192x192.png 192w, https:\/\/www.revierwelt.de\/wp-content\/uploads\/2018\/01\/cropped-Logo_emblem_black-32x32.png 32w\" sizes=\"auto, (max-width: 512px) 100vw, 512px\" \/><\/div><div class=\"w-iconbox-meta\"><h2 class=\"w-iconbox-title\">Drevet jagt<\/h2><\/div><\/div><div class=\"w-separator size_small\"><\/div><div class=\"wpb_text_column\"><div class=\"wpb_wrapper\"><p>Det f\u00f8rste skridt i oprettelsen af en drivjagt er altid at oprette en tekstskabelon via menupunktet <strong><a href=\"https:\/\/wiki.revierwelt.de\/index.php\/knowledge-base\/drueckjagd-textvorlagen\/\">Tekstskabeloner til drevet jagt<\/a><\/strong>. N\u00e5r du har oprettet tekstskabelonerne til j\u00e6gerne og driverne, skal du skifte til menupunktet <strong><a href=\"https:\/\/wiki.revierwelt.de\/index.php\/knowledge-base\/drueckjagdeinladungen\/\">invitationer til drivjagt<\/a><\/strong>. Her inviterer du j\u00e6gerne og driverne ved hj\u00e6lp af de tidligere oprettede tekstskabeloner.  <\/p>\n<p>N\u00e5r du har oprettet tekstskabelonerne og inviteret j\u00e6gerne og slagterne, er n\u00e6ste skridt den <a href=\"https:\/\/wiki.revierwelt.de\/index.php\/knowledge-base\/drueckjagd\/\"><strong>planl\u00e6gning af drivjagten<\/strong><\/a>. Det er her, du opretter alle data for din planlagte drivjagt: Jagtomr\u00e5de, m\u00f8dested, standplads, skydet\u00e5rne, bukkeforsvar. Din aktuelle planl\u00e6gningsstatus kan gemmes, kaldes frem og \u00e6ndres n\u00e5r som helst.  <\/p>\n<p>P\u00e5 dagen for drivjagten starter du jagten ved hj\u00e6lp af funktionen <strong><a href=\"https:\/\/wiki.revierwelt.de\/index.php\/knowledge-base\/drueckjagddurchfuehrung\/\">Udf\u00f8relse af drivjagt<\/a><\/strong>. Her kan du sende alle deltagere et adgangslink, som de kan bruge til at logge ind p\u00e5 realtidsvisningen af drivjagten. Alle rapporterede positioner (anskydninger, efters\u00f8gninger, ulykker osv.) vises ogs\u00e5 her.  <\/p>\n<p>Revierwelt Stand Map-appen er en del af Revierwelts planl\u00e6gning af drivjagt. Med Stand Map-appen kan du hente alle relevante oplysninger om drivjagten og indtaste dine observationer, afgivne skud eller nedlagt vildt under eller direkte efter jagten. <\/p>\n<p>Revierwelt tilbyder ogs\u00e5 muligheden for at skabe dine egne vildtm\u00e6rker til at identificere det nedlagte dyr og er kompatibel med mange producenter p\u00e5 markedet. B\u00e5de NFC-chips og QR-koder underst\u00f8ttes. Revierwelt giver dig fuld kontrol over alle processer p\u00e5 \u00e9t sted. Fra nedl\u00e6ggelsen til markedsf\u00f8ring af vildtet, alt er muligt.<\/p>\n<\/div><\/div><\/div><\/div><\/div><\/div><\/div><\/section><section class=\"l-section wpb_row height_auto width_full\"><div class=\"l-section-h i-cf\"><div class=\"g-cols vc_row via_flex valign_middle type_boxes stacking_default\"><div class=\"vc_col-sm-6 wpb_column vc_column_container us_animate_afl\"><div class=\"vc_column-inner\"><div class=\"wpb_wrapper\"><div class=\"w-iconbox iconpos_left style_default color_primary align_left no_text icontype_img\"><div class=\"w-iconbox-icon\" style=\"font-size:40px;\"><img loading=\"lazy\" decoding=\"async\" width=\"512\" height=\"512\" src=\"https:\/\/www.revierwelt.de\/wp-content\/uploads\/2018\/01\/cropped-Logo_emblem_black.png\" class=\"attachment-full size-full\" alt=\"\" srcset=\"https:\/\/www.revierwelt.de\/wp-content\/uploads\/2018\/01\/cropped-Logo_emblem_black.png 512w, https:\/\/www.revierwelt.de\/wp-content\/uploads\/2018\/01\/cropped-Logo_emblem_black-150x150.png 150w, https:\/\/www.revierwelt.de\/wp-content\/uploads\/2018\/01\/cropped-Logo_emblem_black-300x300.png 300w, https:\/\/www.revierwelt.de\/wp-content\/uploads\/2018\/01\/cropped-Logo_emblem_black-180x180.png 180w, https:\/\/www.revierwelt.de\/wp-content\/uploads\/2018\/01\/cropped-Logo_emblem_black-350x350.png 350w, https:\/\/www.revierwelt.de\/wp-content\/uploads\/2018\/01\/cropped-Logo_emblem_black-270x270.png 270w, https:\/\/www.revierwelt.de\/wp-content\/uploads\/2018\/01\/cropped-Logo_emblem_black-192x192.png 192w, https:\/\/www.revierwelt.de\/wp-content\/uploads\/2018\/01\/cropped-Logo_emblem_black-32x32.png 32w\" sizes=\"auto, (max-width: 512px) 100vw, 512px\" \/><\/div><div class=\"w-iconbox-meta\"><h2 class=\"w-iconbox-title\">Revierwelt-samfundet<\/h2><\/div><\/div><div class=\"w-separator size_small\"><\/div><div class=\"wpb_text_column\"><div class=\"wpb_wrapper\"><p>I vores Revierwelt-f\u00e6llesskab kan du netv\u00e6rke med j\u00e6gere over hele verden. N\u00e5r du registrerer dig p\u00e5 Revierwelt, kan du sende og modtage venneanmodninger til andre j\u00e6gere. Med tiden vil du opbygge et netv\u00e6rk af mennesker, der deler din begejstring for jagt.  <\/p>\n<p>I Revierwelt-f\u00e6llesskabet kan du offentligg\u00f8re din aktuelle status, din placering og dine jagtoplevelser og dele dem med dine venner. Dette fungerer b\u00e5de i tekst- og billedform eller ved hj\u00e6lp af videoer. <\/p>\n<p>Et stort antal jagtorganisationer, foreninger og virksomheder er allerede repr\u00e6senteret p\u00e5 Revierwelt. Abonner p\u00e5 deres side og hold dig opdateret. Du kan ogs\u00e5 oprette dine egne grupper om jagtrelaterede emner, invitere andre Revierwelt-brugere til at deltage eller deltage i andre grupper og udveksle ideer der.<\/p>\n<\/div><\/div><\/div><\/div><\/div><div class=\"vc_col-sm-6 wpb_column vc_column_container has_bg_color us_animate_afr\"><div class=\"vc_column-inner us_custom_9b39d8ad\"><div class=\"wpb_wrapper\"><div class=\"w-separator blank-column size_custom\" style=\"height:10px\"><\/div><\/div><\/div><\/div><\/div><\/div><\/section><section class=\"l-section wpb_row height_auto width_full\"><div class=\"l-section-h i-cf\"><div class=\"g-cols vc_row via_flex valign_middle type_boxes stacking_default\"><div class=\"vc_col-sm-6 wpb_column vc_column_container has_bg_color us_animate_afl\"><div class=\"vc_column-inner us_custom_aca726bf\"><div class=\"wpb_wrapper\"><div class=\"w-separator size_custom\" style=\"height:10px\"><\/div><\/div><\/div><\/div><div class=\"vc_col-sm-6 wpb_column vc_column_container us_animate_afr\"><div class=\"vc_column-inner\"><div class=\"wpb_wrapper\"><div class=\"w-iconbox iconpos_left style_default color_primary align_left no_text icontype_img\"><div class=\"w-iconbox-icon\" style=\"font-size:40px;\"><img loading=\"lazy\" decoding=\"async\" width=\"512\" height=\"512\" src=\"https:\/\/www.revierwelt.de\/wp-content\/uploads\/2018\/01\/cropped-Logo_emblem_black.png\" class=\"attachment-full size-full\" alt=\"\" srcset=\"https:\/\/www.revierwelt.de\/wp-content\/uploads\/2018\/01\/cropped-Logo_emblem_black.png 512w, https:\/\/www.revierwelt.de\/wp-content\/uploads\/2018\/01\/cropped-Logo_emblem_black-150x150.png 150w, https:\/\/www.revierwelt.de\/wp-content\/uploads\/2018\/01\/cropped-Logo_emblem_black-300x300.png 300w, https:\/\/www.revierwelt.de\/wp-content\/uploads\/2018\/01\/cropped-Logo_emblem_black-180x180.png 180w, https:\/\/www.revierwelt.de\/wp-content\/uploads\/2018\/01\/cropped-Logo_emblem_black-350x350.png 350w, https:\/\/www.revierwelt.de\/wp-content\/uploads\/2018\/01\/cropped-Logo_emblem_black-270x270.png 270w, https:\/\/www.revierwelt.de\/wp-content\/uploads\/2018\/01\/cropped-Logo_emblem_black-192x192.png 192w, https:\/\/www.revierwelt.de\/wp-content\/uploads\/2018\/01\/cropped-Logo_emblem_black-32x32.png 32w\" sizes=\"auto, (max-width: 512px) 100vw, 512px\" \/><\/div><div class=\"w-iconbox-meta\"><h2 class=\"w-iconbox-title\">Markedsplads og private lister<\/h2><\/div><\/div><div class=\"w-separator size_small\"><\/div><div class=\"wpb_text_column\"><div class=\"wpb_wrapper\"><p>Du kan k\u00f8be alle Revierwelt-produkter &#8211; GPS-trackere, vildtkameraer, f\u00e6ldetektorer og alt tilbeh\u00f8r &#8211; p\u00e5 vores Revierwelt-markedsplads. Mange producenter og forhandlere fra jagtsektoren er ogs\u00e5 repr\u00e6senteret her, s\u00e5 du ogs\u00e5 kan k\u00f8be alle de produkter, du har brug for til jagt, p\u00e5 vores markedsplads. <\/p>\n<p>Og det er ikke alt &#8211; du kan endda tilbyde dine egne varer via Revierwelt-appen som en privat annonce p\u00e5 vores markedsplads eller k\u00f8be varer fra andre Revierwelt-brugere. Revierwelt-annoncer er rubrikannoncer for jagt &#8211; din online markedsplads for k\u00f8b, salg, bytte og meget mere om emnet jagt. <\/p>\n<p>Vores tilbud afrundes af vores vildtk\u00f8dsmarked, som giver dig mulighed for at tilbyde dit vildtk\u00f8d direkte fra Revierwelt-k\u00f8dstyringssystemet til en lang r\u00e6kke opk\u00f8bere via internettet med et enkelt museklik. Du kan selvf\u00f8lgelig ogs\u00e5 n\u00f8jes med at tilbyde det til en lille gruppe k\u00f8bere &#8211; alt efter dine behov.<\/p>\n<\/div><\/div><\/div><\/div><\/div><\/div><\/div><\/section><section class=\"l-section wpb_row height_medium color_primary\"><div class=\"l-section-h i-cf\"><div class=\"g-cols vc_row via_flex valign_top type_default stacking_default\"><div class=\"vc_col-sm-12 wpb_column vc_column_container us_animate_afb\"><div class=\"vc_column-inner\"><div class=\"wpb_wrapper\"><div class=\"w-actionbox color_primary controls_right\"><div class=\"w-actionbox-text\"><h2 class=\"w-actionbox-title\">Overbevis dig selv om Revierwelt!<\/h2><\/div><div class=\"w-actionbox-controls\"><a class=\"w-btn us-btn-style_6 icon_atleft\" href=\"https:\/\/portal.revierwelt.de\/\" style=\"font-size:19px;\"><i class=\"fas fa-user-plus\"><\/i><span class=\"w-btn-label\">Tilmeld dig nu!<\/span><\/a><\/div><\/div><\/div><\/div><\/div><\/div><\/div><\/section>\n","protected":false},"excerpt":{"rendered":"REVIERWELT. Sammen. P\u00e5lidelige. Sikker. Revierwelt guider dig og dine medj\u00e6gere gennem den daglige jagt med over 120 forskellige funktioner.Du bestemmer selv, hvilken funktion du vil bruge i dit jagtomr\u00e5de. Ledelse af distriktetEn central funktion i jagtregistreringen er f.eks. jagtregistreringskortet, hvor du kan registrere alle objekter i dit jagtrevir. Ud over pr\u00e6dikestole, skjul og forf\u00f8lgelsesomr\u00e5der kan...","protected":false},"author":4,"featured_media":0,"parent":0,"menu_order":0,"comment_status":"closed","ping_status":"closed","template":"","meta":{"footnotes":""},"class_list":["post-38896","page","type-page","status-publish","hentry"],"_links":{"self":[{"href":"https:\/\/www.revierwelt.de\/index.php\/wp-json\/wp\/v2\/pages\/38896","targetHints":{"allow":["GET"]}}],"collection":[{"href":"https:\/\/www.revierwelt.de\/index.php\/wp-json\/wp\/v2\/pages"}],"about":[{"href":"https:\/\/www.revierwelt.de\/index.php\/wp-json\/wp\/v2\/types\/page"}],"author":[{"embeddable":true,"href":"https:\/\/www.revierwelt.de\/index.php\/wp-json\/wp\/v2\/users\/4"}],"replies":[{"embeddable":true,"href":"https:\/\/www.revierwelt.de\/index.php\/wp-json\/wp\/v2\/comments?post=38896"}],"version-history":[{"count":0,"href":"https:\/\/www.revierwelt.de\/index.php\/wp-json\/wp\/v2\/pages\/38896\/revisions"}],"wp:attachment":[{"href":"https:\/\/www.revierwelt.de\/index.php\/wp-json\/wp\/v2\/media?parent=38896"}],"curies":[{"name":"wp","href":"https:\/\/api.w.org\/{rel}","templated":true}]}}