{"id":38866,"date":"2025-02-25T11:39:18","date_gmt":"2025-02-25T10:39:18","guid":{"rendered":"https:\/\/revierwelt.de\/index.php\/funktsioonid\/"},"modified":"2025-02-25T11:39:49","modified_gmt":"2025-02-25T10:39:49","slug":"funktsioonid","status":"publish","type":"page","link":"https:\/\/www.revierwelt.de\/index.php\/funktsioonid\/?lang=et","title":{"rendered":"Funktsioonid"},"content":{"rendered":"<section class=\"l-section wpb_row height_medium color_alternate\" id=\"start\"><div class=\"l-section-h i-cf\"><div class=\"g-cols vc_row via_flex valign_top type_default stacking_default\"><div class=\"vc_col-sm-12 wpb_column vc_column_container\"><div class=\"vc_column-inner\"><div class=\"wpb_wrapper\"><div class=\"wpb_text_column\"><div class=\"wpb_wrapper\"><h2 style=\"text-align: center;\"><strong>REVIERWELT.<\/strong>  Koos. Usaldusv\u00e4\u00e4rne. Ohutu.  <\/h2>\n<p style=\"text-align: center;\">Revierwelt juhatab teid ja teie jahikaaslasi l\u00e4bi igap\u00e4evase jahipidamise enam kui 120 erineva funktsiooni abil.<br \/>Teie otsustate, millist funktsiooni soovite oma jahimaal kasutada.<\/p>\n<\/div><\/div><\/div><\/div><\/div><\/div><\/div><\/section><section class=\"l-section wpb_row height_auto width_full\"><div class=\"l-section-h i-cf\"><div class=\"g-cols vc_row via_flex valign_middle type_boxes stacking_default\"><div class=\"vc_col-sm-6 wpb_column vc_column_container has_bg_color us_animate_afl\"><div class=\"vc_column-inner us_custom_59aa6278\"><div class=\"wpb_wrapper\"><div class=\"w-separator size_custom\" style=\"height:10px\"><\/div><\/div><\/div><\/div><div class=\"vc_col-sm-6 wpb_column vc_column_container us_animate_afr\"><div class=\"vc_column-inner\"><div class=\"wpb_wrapper\"><div class=\"w-iconbox iconpos_left style_default color_primary align_left no_text icontype_img\"><div class=\"w-iconbox-icon\" style=\"font-size:40px;\"><img loading=\"lazy\" decoding=\"async\" width=\"512\" height=\"512\" src=\"https:\/\/www.revierwelt.de\/wp-content\/uploads\/2018\/01\/cropped-Logo_emblem_black.png\" class=\"attachment-full size-full\" alt=\"\" srcset=\"https:\/\/www.revierwelt.de\/wp-content\/uploads\/2018\/01\/cropped-Logo_emblem_black.png 512w, https:\/\/www.revierwelt.de\/wp-content\/uploads\/2018\/01\/cropped-Logo_emblem_black-150x150.png 150w, https:\/\/www.revierwelt.de\/wp-content\/uploads\/2018\/01\/cropped-Logo_emblem_black-300x300.png 300w, https:\/\/www.revierwelt.de\/wp-content\/uploads\/2018\/01\/cropped-Logo_emblem_black-180x180.png 180w, https:\/\/www.revierwelt.de\/wp-content\/uploads\/2018\/01\/cropped-Logo_emblem_black-350x350.png 350w, https:\/\/www.revierwelt.de\/wp-content\/uploads\/2018\/01\/cropped-Logo_emblem_black-270x270.png 270w, https:\/\/www.revierwelt.de\/wp-content\/uploads\/2018\/01\/cropped-Logo_emblem_black-192x192.png 192w, https:\/\/www.revierwelt.de\/wp-content\/uploads\/2018\/01\/cropped-Logo_emblem_black-32x32.png 32w\" sizes=\"auto, (max-width: 512px) 100vw, 512px\" \/><\/div><div class=\"w-iconbox-meta\"><h2 class=\"w-iconbox-title\">Ringkonna juhtimine<\/h2><\/div><\/div><div class=\"w-separator size_small\"><\/div><div class=\"wpb_text_column\"><div class=\"wpb_wrapper\"><p>Jahipiirkonna haldamise keskseks funktsiooniks on n\u00e4iteks jahimaa kaart, kuhu saate kanda k\u00f5ik oma jahimaa objektid. Lisaks kantsidele, peidikutele ja varitsusaladele saab registreerida ja kujutada ka rebase koopad, soolakud v\u00f5i mis tahes muud objektid. <\/p>\n<p>Teine funktsioon jahipiirkonna halduse raames on marsruudiloend, mis toetab teid ja k\u00f5iki jahipiirkonna liikmeid koos laskmise planeerimise ja ulukihaldusega jahipiirkonna igap\u00e4evases elus.<\/p>\n<p>Revierwelt aitab teid ja teie territooriumi ka j\u00e4rgmistes valdkondades:<\/p>\n<ul>\n<li>Piirkonnas h\u00e4\u00e4letamine Revierwelt&#8217;i rakenduse v\u00f5i veebiversiooni kaudu<\/li>\n<li>Kogu jahipiirkonnas toimuva tegevuse lihtne dokumenteerimine<\/li>\n<li>istekohtade reserveerimine ja varitsuspiirkondade reserveerimine vastavalt individuaalselt reguleeritavatele \u00f5igustele<\/li>\n<li>Ajujahtide planeerimine ja korraldamine ajujahi t\u00f6\u00f6riista abil<\/li>\n<li>M\u00e4ngu turustamine m\u00e4ngu siltide, m\u00e4ngu p\u00e4ritolusertifikaadi ja p\u00e4ritolut\u00f5endi abil<\/li>\n<li>\u00dclesannete ja kohtumiste haldamine linnaosa kogukonnas<\/li>\n<li>Jahinduse tugi koos selliste funktsioonidega nagu ilmaprognoos ja jahikuu kalender<\/li>\n<li>Anal\u00fc\u00fcside koostamine jahiaasta l\u00f5pus v\u00f5i igal ajal jahiaasta jooksul \u00fche nupuvajutusega<\/li>\n<\/ul>\n<\/div><\/div><\/div><\/div><\/div><\/div><\/div><\/section><section class=\"l-section wpb_row height_auto width_full\"><div class=\"l-section-h i-cf\"><div class=\"g-cols vc_row via_flex valign_middle type_boxes stacking_default\"><div class=\"vc_col-sm-6 wpb_column vc_column_container us_animate_afl\"><div class=\"vc_column-inner\"><div class=\"wpb_wrapper\"><div class=\"w-iconbox iconpos_left style_default color_primary align_left no_text icontype_img\"><div class=\"w-iconbox-icon\" style=\"font-size:40px;\"><img loading=\"lazy\" decoding=\"async\" width=\"512\" height=\"512\" src=\"https:\/\/www.revierwelt.de\/wp-content\/uploads\/2018\/01\/cropped-Logo_emblem_black.png\" class=\"attachment-full size-full\" alt=\"\" srcset=\"https:\/\/www.revierwelt.de\/wp-content\/uploads\/2018\/01\/cropped-Logo_emblem_black.png 512w, https:\/\/www.revierwelt.de\/wp-content\/uploads\/2018\/01\/cropped-Logo_emblem_black-150x150.png 150w, https:\/\/www.revierwelt.de\/wp-content\/uploads\/2018\/01\/cropped-Logo_emblem_black-300x300.png 300w, https:\/\/www.revierwelt.de\/wp-content\/uploads\/2018\/01\/cropped-Logo_emblem_black-180x180.png 180w, https:\/\/www.revierwelt.de\/wp-content\/uploads\/2018\/01\/cropped-Logo_emblem_black-350x350.png 350w, https:\/\/www.revierwelt.de\/wp-content\/uploads\/2018\/01\/cropped-Logo_emblem_black-270x270.png 270w, https:\/\/www.revierwelt.de\/wp-content\/uploads\/2018\/01\/cropped-Logo_emblem_black-192x192.png 192w, https:\/\/www.revierwelt.de\/wp-content\/uploads\/2018\/01\/cropped-Logo_emblem_black-32x32.png 32w\" sizes=\"auto, (max-width: 512px) 100vw, 512px\" \/><\/div><div class=\"w-iconbox-meta\"><h2 class=\"w-iconbox-title\">GPS koera j\u00e4lgimine<\/h2><\/div><\/div><div class=\"w-separator size_small\"><\/div><div class=\"wpb_text_column\"><div class=\"wpb_wrapper\"><p>Tea, kus koer on &#8211; ja palju muud! Revierwelt toetab teid koerat\u00f6\u00f6s. Revierwelt&#8217;i GPS-koeraj\u00e4lgimise abil teate alati, kus teie koer on. Reaalajas.   <\/p>\n<p>GPS-j\u00e4lgimine toimib s\u00f5ltumata teie asukohast: te n\u00e4ete koera olenemata sellest, kus te olete. Ja mis k\u00f5ige parem &#8211; k\u00f5ik teie territooriumi liikmed saavad sama teha &#8211; kui te seda muidugi soovite. <\/p>\n<p>GPS-koera j\u00e4lgimine pakub ka praktilisi funktsioone koerale ja j\u00e4lgimisjuhile. N\u00e4iteks saate panna harjutamisrajad ja kontrollida reaalajas, kas koer on ikka veel rajal ja palju muud. <\/p>\n<p>Revierwelt&#8217;i koeraj\u00e4lgimiss\u00fcsteemiga varustatud koeraj\u00e4lgimispiirkondades on v\u00f5imalik j\u00e4lgida piiramatut arvu koeri. Vastastikused asukohast s\u00f5ltumatud v\u00e4ljalasked toetavad koerajuhti koera otsimisel, nii et ka teised asjaosalised saavad koera \u00fcles leida.<\/p>\n<\/div><\/div><div class=\"w-separator size_medium\"><\/div><\/div><\/div><\/div><div class=\"vc_col-sm-6 wpb_column vc_column_container has_bg_color us_animate_afr\"><div class=\"vc_column-inner us_custom_b225af89\"><div class=\"wpb_wrapper\"><div class=\"w-separator blank-column size_custom\" style=\"height:10px\"><\/div><\/div><\/div><\/div><\/div><\/div><\/section><section class=\"l-section wpb_row height_auto width_full\"><div class=\"l-section-h i-cf\"><div class=\"g-cols vc_row via_flex valign_middle type_boxes stacking_default\"><div class=\"vc_col-sm-6 wpb_column vc_column_container has_bg_color us_animate_afl\"><div class=\"vc_column-inner us_custom_b2c1285a\"><div class=\"wpb_wrapper\"><div class=\"w-separator blank-column size_custom\" style=\"height:10px\"><\/div><\/div><\/div><\/div><div class=\"vc_col-sm-6 wpb_column vc_column_container us_animate_afr\"><div class=\"vc_column-inner\"><div class=\"wpb_wrapper\"><div class=\"w-iconbox iconpos_left style_default color_primary align_left no_text icontype_img\"><div class=\"w-iconbox-icon\" style=\"font-size:40px;\"><img loading=\"lazy\" decoding=\"async\" width=\"512\" height=\"512\" src=\"https:\/\/www.revierwelt.de\/wp-content\/uploads\/2018\/01\/cropped-Logo_emblem_black.png\" class=\"attachment-full size-full\" alt=\"\" srcset=\"https:\/\/www.revierwelt.de\/wp-content\/uploads\/2018\/01\/cropped-Logo_emblem_black.png 512w, https:\/\/www.revierwelt.de\/wp-content\/uploads\/2018\/01\/cropped-Logo_emblem_black-150x150.png 150w, https:\/\/www.revierwelt.de\/wp-content\/uploads\/2018\/01\/cropped-Logo_emblem_black-300x300.png 300w, https:\/\/www.revierwelt.de\/wp-content\/uploads\/2018\/01\/cropped-Logo_emblem_black-180x180.png 180w, https:\/\/www.revierwelt.de\/wp-content\/uploads\/2018\/01\/cropped-Logo_emblem_black-350x350.png 350w, https:\/\/www.revierwelt.de\/wp-content\/uploads\/2018\/01\/cropped-Logo_emblem_black-270x270.png 270w, https:\/\/www.revierwelt.de\/wp-content\/uploads\/2018\/01\/cropped-Logo_emblem_black-192x192.png 192w, https:\/\/www.revierwelt.de\/wp-content\/uploads\/2018\/01\/cropped-Logo_emblem_black-32x32.png 32w\" sizes=\"auto, (max-width: 512px) 100vw, 512px\" \/><\/div><div class=\"w-iconbox-meta\"><h2 class=\"w-iconbox-title\">P\u00fc\u00fcniste seire<\/h2><\/div><\/div><div class=\"w-separator size_small\"><\/div><div class=\"wpb_text_column\"><div class=\"wpb_wrapper\"><p>Revierwelt&#8217;i ainulaadse p\u00fc\u00fcniste j\u00e4lgimiss\u00fcsteemiga saate t\u00f6\u00f6tada t\u00e4iesti loomas\u00f5bralikult. Revierwelt \u00fchildub peaaegu k\u00f5igi turul saadaolevate l\u00f5ksuanduritega ja t\u00f6\u00f6tab absoluutselt usaldusv\u00e4\u00e4rselt &#8211; teie jaoks! See s\u00e4\u00e4stab teid ebavajalikelt patrullt\u00f6\u00f6delt ning seega ka kuludelt ja ajalt.  <\/p>\n<p>Saate seadistada oma l\u00f5ksu h\u00e4ire nii, et see saadab p\u00fc\u00fcgi- ja olekuteated Revierwelt&#8217;ile. Eelis: Revierwelt v\u00f5tab \u00fcle p\u00fc\u00fcnise igap\u00e4evase j\u00e4lgimise ja saadab teile teate ainult siis, kui teil on vaja sekkuda. See t\u00e4hendab, et isegi professionaalsed kasutajad saavad h\u00f5lpsasti hallata paralleelselt \u00fcle 100 l\u00f5ksu.  <\/p>\n<p>Revierwelt tagab, et iga \u00fchendatud seade t\u00f6\u00f6tab kogu aeg korralikult ja saadab teile v\u00f5i teie naabruskonna liikmetele teate ainult rikke korral. Nii v\u00e4lditakse tarbetuid kontrollk\u00e4ike ja s\u00e4\u00e4state ka s\u00f5idukulusid.<\/p>\n<\/div><\/div><\/div><\/div><\/div><\/div><\/div><\/section><section class=\"l-section wpb_row height_auto width_full\"><div class=\"l-section-h i-cf\"><div class=\"g-cols vc_row via_flex valign_middle type_boxes stacking_default\"><div class=\"vc_col-sm-6 wpb_column vc_column_container us_animate_afl\"><div class=\"vc_column-inner\"><div class=\"wpb_wrapper\"><div class=\"w-iconbox iconpos_left style_default color_primary align_left no_text icontype_img\"><div class=\"w-iconbox-icon\" style=\"font-size:40px;\"><img loading=\"lazy\" decoding=\"async\" width=\"512\" height=\"512\" src=\"https:\/\/www.revierwelt.de\/wp-content\/uploads\/2018\/01\/cropped-Logo_emblem_black.png\" class=\"attachment-full size-full\" alt=\"\" srcset=\"https:\/\/www.revierwelt.de\/wp-content\/uploads\/2018\/01\/cropped-Logo_emblem_black.png 512w, https:\/\/www.revierwelt.de\/wp-content\/uploads\/2018\/01\/cropped-Logo_emblem_black-150x150.png 150w, https:\/\/www.revierwelt.de\/wp-content\/uploads\/2018\/01\/cropped-Logo_emblem_black-300x300.png 300w, https:\/\/www.revierwelt.de\/wp-content\/uploads\/2018\/01\/cropped-Logo_emblem_black-180x180.png 180w, https:\/\/www.revierwelt.de\/wp-content\/uploads\/2018\/01\/cropped-Logo_emblem_black-350x350.png 350w, https:\/\/www.revierwelt.de\/wp-content\/uploads\/2018\/01\/cropped-Logo_emblem_black-270x270.png 270w, https:\/\/www.revierwelt.de\/wp-content\/uploads\/2018\/01\/cropped-Logo_emblem_black-192x192.png 192w, https:\/\/www.revierwelt.de\/wp-content\/uploads\/2018\/01\/cropped-Logo_emblem_black-32x32.png 32w\" sizes=\"auto, (max-width: 512px) 100vw, 512px\" \/><\/div><div class=\"w-iconbox-meta\"><h2 class=\"w-iconbox-title\">Looduskaamera haldamine<\/h2><\/div><\/div><div class=\"w-separator size_small\"><\/div><div class=\"wpb_text_column\"><div class=\"wpb_wrapper\"><p>Looduskaamera j\u00e4lgimine Revierweltis v\u00f5imaldab teil oma jahimaal igal ajal silma peal hoida. Lihtsalt \u00fchendage oma olemasolev looduskaamera Revierweltiga. Liiga keeruline? Me teeme seda hea meelega teie eest.   <\/p>\n<p>Muide, Revierwelt kasutab ulukiliikide automaatseks anal\u00fc\u00fcsiks tehisintellekti, mis teeb sellest ainukese tarkvara Euroopas, mis suudab seda teha.<\/p>\n<p>Fakt on see, et Revierwelt \u00fchildub k\u00f5igi turul saadaolevate looduskaameratega, mis suudavad saata oma pilte ja\/v\u00f5i videoid. See annab teile j\u00e4rgmised eelised: <\/p>\n<ul>\n<li>Piltide haldamine ja kogumine \u00fches kohas. Koos k\u00f5igi jahimeeste jahipiirkonna kaaslastega. <\/li>\n<li>Kataloogige pilte otse rakenduses v\u00f5i arvutis, et saaksite hiljem pilte otsida. See v\u00f5imaldab teil j\u00e4lgida, millist objekti millises kohas vaadeldi. Revierwelt kasutab piltidel olevate objektide \u00e4ratundmiseks tehisintellekti (AI).  <\/li>\n<li>Iga looduskaamera pilte saab soovi korral saata teile ja teie naabruskonna liikmetele. Saate ise otsustada, kuidas seda teha: otse Revierwelt&#8217;i rakenduses v\u00f5i lihtsalt e-posti teel. <\/li>\n<li>Revierwelt pakub piltide selget haldamist \u00fches kohas. Koos v\u00f5i \u00fcksi. Teie otsustate, kes saab teie territooriumil mida n\u00e4ha.  <\/li>\n<li>Piltide automaatne anal\u00fc\u00fcs tehisintellekti abil. Saate m\u00e4\u00e4ratleda reeglid, nii et teid teavitatakse ainult siis, kui m\u00f5ni ulukiliik on tuvastatud. <\/li>\n<\/ul>\n<p>Meie Revierwelt LTE Cam plus pakub teile praegu ainukest kaamerat, mis on t\u00e4ielikult Revierweltist juhitav ja mida saab kasutada isegi seadusega koosk\u00f5las oleva l\u00f5ksuandurina. Kaks toodet \u00fches.<\/p>\n<\/div><\/div><\/div><\/div><\/div><div class=\"vc_col-sm-6 wpb_column vc_column_container has_bg_color us_animate_afr\"><div class=\"vc_column-inner us_custom_52df797f\"><div class=\"wpb_wrapper\"><div class=\"w-separator blank-column size_custom\" style=\"height:10px\"><\/div><\/div><\/div><\/div><\/div><\/div><\/section><section class=\"l-section wpb_row height_auto width_full\"><div class=\"l-section-h i-cf\"><div class=\"g-cols vc_row via_flex valign_middle type_boxes stacking_default\"><div class=\"vc_col-sm-6 wpb_column vc_column_container has_bg_color us_animate_afl\"><div class=\"vc_column-inner us_custom_2d17f59a\"><div class=\"wpb_wrapper\"><div class=\"w-separator size_custom\" style=\"height:10px\"><\/div><\/div><\/div><\/div><div class=\"vc_col-sm-6 wpb_column vc_column_container us_animate_afr\"><div class=\"vc_column-inner\"><div class=\"wpb_wrapper\"><div class=\"w-iconbox iconpos_left style_default color_primary align_left no_text icontype_img\"><div class=\"w-iconbox-icon\" style=\"font-size:40px;\"><img loading=\"lazy\" decoding=\"async\" width=\"512\" height=\"512\" src=\"https:\/\/www.revierwelt.de\/wp-content\/uploads\/2018\/01\/cropped-Logo_emblem_black.png\" class=\"attachment-full size-full\" alt=\"\" srcset=\"https:\/\/www.revierwelt.de\/wp-content\/uploads\/2018\/01\/cropped-Logo_emblem_black.png 512w, https:\/\/www.revierwelt.de\/wp-content\/uploads\/2018\/01\/cropped-Logo_emblem_black-150x150.png 150w, https:\/\/www.revierwelt.de\/wp-content\/uploads\/2018\/01\/cropped-Logo_emblem_black-300x300.png 300w, https:\/\/www.revierwelt.de\/wp-content\/uploads\/2018\/01\/cropped-Logo_emblem_black-180x180.png 180w, https:\/\/www.revierwelt.de\/wp-content\/uploads\/2018\/01\/cropped-Logo_emblem_black-350x350.png 350w, https:\/\/www.revierwelt.de\/wp-content\/uploads\/2018\/01\/cropped-Logo_emblem_black-270x270.png 270w, https:\/\/www.revierwelt.de\/wp-content\/uploads\/2018\/01\/cropped-Logo_emblem_black-192x192.png 192w, https:\/\/www.revierwelt.de\/wp-content\/uploads\/2018\/01\/cropped-Logo_emblem_black-32x32.png 32w\" sizes=\"auto, (max-width: 512px) 100vw, 512px\" \/><\/div><div class=\"w-iconbox-meta\"><h2 class=\"w-iconbox-title\">Ajendatud jaht<\/h2><\/div><\/div><div class=\"w-separator size_small\"><\/div><div class=\"wpb_text_column\"><div class=\"wpb_wrapper\"><p>Esimene samm ajendatud jahi loomisel on alati tekstimalli loomine men\u00fc\u00fcpunktiga <strong><a href=\"https:\/\/wiki.revierwelt.de\/index.php\/knowledge-base\/drueckjagd-textvorlagen\/\">Ajendatud jahi tekstimallid<\/a><\/strong>. Kui olete loonud tekstimallid jahimeeste ja ajurite jaoks, l\u00fclituge men\u00fc\u00fcpunktis <strong><a href=\"https:\/\/wiki.revierwelt.de\/index.php\/knowledge-base\/drueckjagdeinladungen\/\">driven hunt invitations<\/a><\/strong>. Siin kutsute jahimehi ja juhte, kasutades eelnevalt loodud tekstimalle.  <\/p>\n<p>Kui olete tekstimallid loonud ning jahimehed ja peksjad kutsunud, on j\u00e4rgmine samm <a href=\"https:\/\/wiki.revierwelt.de\/index.php\/knowledge-base\/drueckjagd\/\"><strong>ajujahi planeerimine<\/strong><\/a>. See on koht, kus loote k\u00f5ik andmed oma kavandatud ajujahi jaoks: Jahipiirkond, kohtumispaik, seisupaik, lasketiirud, peksja kaitsed. Teie praegust planeerimise seisu saab igal ajal salvestada, \u00fcles kutsuda ja muuta.  <\/p>\n<p>Ajatud jahi p\u00e4eval alustate jahipidamist, kasutades funktsiooni <strong><a href=\"https:\/\/wiki.revierwelt.de\/index.php\/knowledge-base\/drueckjagddurchfuehrung\/\">Ajujahi l\u00e4biviimine<\/a><\/strong>. Siin saate saata k\u00f5igile osalejatele juurdep\u00e4\u00e4sulinki, mille abil nad saavad sisse logida ajujahi reaalajas kuvale. Siin kuvatakse ka k\u00f5ik teatatud positsioonid (tapmised, n\u00f5utavad otsingud, \u00f5nnetused jne).  <\/p>\n<p>Revierwelt&#8217;i seisundi kaardirakendus on osa Revierwelt&#8217;i juhitud jahi planeerimisest. Seisukohakaardi rakendus v\u00f5imaldab teil kutsuda \u00fcles kogu asjakohase teabe ajujahi kohta ja sisestada oma vaatlused, tehtud lasud v\u00f5i k\u00fctitud ulukid jahi ajal v\u00f5i vahetult p\u00e4rast jahti. <\/p>\n<p>Revierwelt pakub ka v\u00f5imalust luua oma jahiloomade identifitseerimiseks jahiloomade sildid ja see on \u00fchilduv paljude turul olevate tootjatega. Toetatud on nii NFC-kiibid kui ka QR-koodid. Revierwelt annab teile t\u00e4ieliku kontrolli k\u00f5igi protsesside \u00fcle \u00fches kohas. Alates tapmisest kuni uluki turundamiseni on k\u00f5ik v\u00f5imalik.<\/p>\n<\/div><\/div><\/div><\/div><\/div><\/div><\/div><\/section><section class=\"l-section wpb_row height_auto width_full\"><div class=\"l-section-h i-cf\"><div class=\"g-cols vc_row via_flex valign_middle type_boxes stacking_default\"><div class=\"vc_col-sm-6 wpb_column vc_column_container us_animate_afl\"><div class=\"vc_column-inner\"><div class=\"wpb_wrapper\"><div class=\"w-iconbox iconpos_left style_default color_primary align_left no_text icontype_img\"><div class=\"w-iconbox-icon\" style=\"font-size:40px;\"><img loading=\"lazy\" decoding=\"async\" width=\"512\" height=\"512\" src=\"https:\/\/www.revierwelt.de\/wp-content\/uploads\/2018\/01\/cropped-Logo_emblem_black.png\" class=\"attachment-full size-full\" alt=\"\" srcset=\"https:\/\/www.revierwelt.de\/wp-content\/uploads\/2018\/01\/cropped-Logo_emblem_black.png 512w, https:\/\/www.revierwelt.de\/wp-content\/uploads\/2018\/01\/cropped-Logo_emblem_black-150x150.png 150w, https:\/\/www.revierwelt.de\/wp-content\/uploads\/2018\/01\/cropped-Logo_emblem_black-300x300.png 300w, https:\/\/www.revierwelt.de\/wp-content\/uploads\/2018\/01\/cropped-Logo_emblem_black-180x180.png 180w, https:\/\/www.revierwelt.de\/wp-content\/uploads\/2018\/01\/cropped-Logo_emblem_black-350x350.png 350w, https:\/\/www.revierwelt.de\/wp-content\/uploads\/2018\/01\/cropped-Logo_emblem_black-270x270.png 270w, https:\/\/www.revierwelt.de\/wp-content\/uploads\/2018\/01\/cropped-Logo_emblem_black-192x192.png 192w, https:\/\/www.revierwelt.de\/wp-content\/uploads\/2018\/01\/cropped-Logo_emblem_black-32x32.png 32w\" sizes=\"auto, (max-width: 512px) 100vw, 512px\" \/><\/div><div class=\"w-iconbox-meta\"><h2 class=\"w-iconbox-title\">Revierwelt-Community<\/h2><\/div><\/div><div class=\"w-separator size_small\"><\/div><div class=\"wpb_text_column\"><div class=\"wpb_wrapper\"><p>Meie Revierwelt-kogukonnas saate suhelda jahimeestega \u00fcle kogu maailma. Kui registreerute Revierweltis, saate saata ja vastu v\u00f5tta s\u00f5brakutseid teistele jahimeestele. Aja jooksul tekib teil v\u00f5rgustik inimestest, kes jagavad teie entusiasmi jahipidamise vastu.  <\/p>\n<p>Revierwelt-kogukonnas saate avaldada oma hetkeolukorra, asukoha ja jahikogemused ning jagada neid oma s\u00f5pradega. See toimib nii teksti kui ka pildi kujul v\u00f5i videote abil. <\/p>\n<p>Revierweltis on juba esindatud suur hulk jahindusorganisatsioone, -\u00fchendusi ja -ettev\u00f5tteid. Tellige nende leht ja j\u00e4\u00e4ge kursis. Samuti saate luua oma jahindusega seotud teemade gruppe, kutsuda teisi Revierwelt&#8217;i kasutajaid liituma v\u00f5i liituda teiste gruppidega ja vahetada seal m\u00f5tteid.<\/p>\n<\/div><\/div><\/div><\/div><\/div><div class=\"vc_col-sm-6 wpb_column vc_column_container has_bg_color us_animate_afr\"><div class=\"vc_column-inner us_custom_9b39d8ad\"><div class=\"wpb_wrapper\"><div class=\"w-separator blank-column size_custom\" style=\"height:10px\"><\/div><\/div><\/div><\/div><\/div><\/div><\/section><section class=\"l-section wpb_row height_auto width_full\"><div class=\"l-section-h i-cf\"><div class=\"g-cols vc_row via_flex valign_middle type_boxes stacking_default\"><div class=\"vc_col-sm-6 wpb_column vc_column_container has_bg_color us_animate_afl\"><div class=\"vc_column-inner us_custom_aca726bf\"><div class=\"wpb_wrapper\"><div class=\"w-separator size_custom\" style=\"height:10px\"><\/div><\/div><\/div><\/div><div class=\"vc_col-sm-6 wpb_column vc_column_container us_animate_afr\"><div class=\"vc_column-inner\"><div class=\"wpb_wrapper\"><div class=\"w-iconbox iconpos_left style_default color_primary align_left no_text icontype_img\"><div class=\"w-iconbox-icon\" style=\"font-size:40px;\"><img loading=\"lazy\" decoding=\"async\" width=\"512\" height=\"512\" src=\"https:\/\/www.revierwelt.de\/wp-content\/uploads\/2018\/01\/cropped-Logo_emblem_black.png\" class=\"attachment-full size-full\" alt=\"\" srcset=\"https:\/\/www.revierwelt.de\/wp-content\/uploads\/2018\/01\/cropped-Logo_emblem_black.png 512w, https:\/\/www.revierwelt.de\/wp-content\/uploads\/2018\/01\/cropped-Logo_emblem_black-150x150.png 150w, https:\/\/www.revierwelt.de\/wp-content\/uploads\/2018\/01\/cropped-Logo_emblem_black-300x300.png 300w, https:\/\/www.revierwelt.de\/wp-content\/uploads\/2018\/01\/cropped-Logo_emblem_black-180x180.png 180w, https:\/\/www.revierwelt.de\/wp-content\/uploads\/2018\/01\/cropped-Logo_emblem_black-350x350.png 350w, https:\/\/www.revierwelt.de\/wp-content\/uploads\/2018\/01\/cropped-Logo_emblem_black-270x270.png 270w, https:\/\/www.revierwelt.de\/wp-content\/uploads\/2018\/01\/cropped-Logo_emblem_black-192x192.png 192w, https:\/\/www.revierwelt.de\/wp-content\/uploads\/2018\/01\/cropped-Logo_emblem_black-32x32.png 32w\" sizes=\"auto, (max-width: 512px) 100vw, 512px\" \/><\/div><div class=\"w-iconbox-meta\"><h2 class=\"w-iconbox-title\">Turu ja erasektori nimekirjad<\/h2><\/div><\/div><div class=\"w-separator size_small\"><\/div><div class=\"wpb_text_column\"><div class=\"wpb_wrapper\"><p>K\u00f5ik Revierwelt&#8217;i tooted &#8211; GPS-j\u00e4lgimisseadmed, ulukikaamerad, p\u00fc\u00fcniste detektorid ja k\u00f5ik lisaseadmed &#8211; on saadaval meie Revierwelt&#8217;i turul. Siin on esindatud ka paljud jahindussektori tootjad ja jaem\u00fc\u00fcjad, nii et meie turuplatsilt saate osta ka k\u00f5ik jahipidamiseks vajalikud tooted. <\/p>\n<p>Ja see pole veel k\u00f5ik &#8211; saate isegi pakkuda oma kaupu Revierwelt&#8217;i rakenduse kaudu meie turuplatsil erakuulutustena v\u00f5i osta kaupu teistelt Revierwelt&#8217;i kasutajatelt. Revierwelt&#8217;i kuulutused on jahinduse kohta k\u00e4ivad kuulutused &#8211; teie veebituruplats, kus saate osta, m\u00fc\u00fca, vahetada ja palju muud jahinduse teemal. <\/p>\n<p>Meie pakkumist t\u00e4iendab meie ulukiliha turg, mis annab teile v\u00f5imaluse pakkuda oma ulukiliha otse Revierwelt&#8217;i lihakorralduss\u00fcsteemist interneti kaudu hiireklikiga paljudele ostjatele. Loomulikult saate seda pakkuda ka v\u00e4ikesele ostjate r\u00fchmale &#8211; s\u00f5ltuvalt teie vajadustest.<\/p>\n<\/div><\/div><\/div><\/div><\/div><\/div><\/div><\/section><section class=\"l-section wpb_row height_medium color_primary\"><div class=\"l-section-h i-cf\"><div class=\"g-cols vc_row via_flex valign_top type_default stacking_default\"><div class=\"vc_col-sm-12 wpb_column vc_column_container us_animate_afb\"><div class=\"vc_column-inner\"><div class=\"wpb_wrapper\"><div class=\"w-actionbox color_primary controls_right\"><div class=\"w-actionbox-text\"><h2 class=\"w-actionbox-title\">Veenduge ise Revierwelt!<\/h2><\/div><div class=\"w-actionbox-controls\"><a class=\"w-btn us-btn-style_6 icon_atleft\" href=\"https:\/\/portal.revierwelt.de\/\" style=\"font-size:19px;\"><i class=\"fas fa-user-plus\"><\/i><span class=\"w-btn-label\">Registreeru kohe!<\/span><\/a><\/div><\/div><\/div><\/div><\/div><\/div><\/div><\/section>\n","protected":false},"excerpt":{"rendered":"REVIERWELT. Koos. Usaldusv\u00e4\u00e4rne. Ohutu. Revierwelt juhatab teid ja teie jahikaaslasi l\u00e4bi igap\u00e4evase jahipidamise enam kui 120 erineva funktsiooni abil.Teie otsustate, millist funktsiooni soovite oma jahimaal kasutada. Ringkonna juhtimineJahipiirkonna haldamise keskseks funktsiooniks on n\u00e4iteks jahimaa kaart, kuhu saate kanda k\u00f5ik oma jahimaa objektid. Lisaks kantsidele, peidikutele ja varitsusaladele saab registreerida ja kujutada ka rebase koopad, soolakud...","protected":false},"author":4,"featured_media":0,"parent":0,"menu_order":0,"comment_status":"closed","ping_status":"closed","template":"","meta":{"footnotes":""},"class_list":["post-38866","page","type-page","status-publish","hentry"],"_links":{"self":[{"href":"https:\/\/www.revierwelt.de\/index.php\/wp-json\/wp\/v2\/pages\/38866","targetHints":{"allow":["GET"]}}],"collection":[{"href":"https:\/\/www.revierwelt.de\/index.php\/wp-json\/wp\/v2\/pages"}],"about":[{"href":"https:\/\/www.revierwelt.de\/index.php\/wp-json\/wp\/v2\/types\/page"}],"author":[{"embeddable":true,"href":"https:\/\/www.revierwelt.de\/index.php\/wp-json\/wp\/v2\/users\/4"}],"replies":[{"embeddable":true,"href":"https:\/\/www.revierwelt.de\/index.php\/wp-json\/wp\/v2\/comments?post=38866"}],"version-history":[{"count":0,"href":"https:\/\/www.revierwelt.de\/index.php\/wp-json\/wp\/v2\/pages\/38866\/revisions"}],"wp:attachment":[{"href":"https:\/\/www.revierwelt.de\/index.php\/wp-json\/wp\/v2\/media?parent=38866"}],"curies":[{"name":"wp","href":"https:\/\/api.w.org\/{rel}","templated":true}]}}