{"id":38205,"date":"2025-02-25T11:31:51","date_gmt":"2025-02-25T10:31:51","guid":{"rendered":"https:\/\/revierwelt.de\/index.php\/arak-2023\/"},"modified":"2025-02-25T11:32:03","modified_gmt":"2025-02-25T10:32:03","slug":"arak-2023","status":"publish","type":"page","link":"https:\/\/www.revierwelt.de\/index.php\/arak-2023\/?lang=hu","title":{"rendered":"\u00c1rak 2023"},"content":{"rendered":"<section class=\"l-section wpb_row height_medium color_alternate\" id=\"ind\u00edtsd el a\"><div class=\"l-section-h i-cf\"><div class=\"g-cols vc_row via_flex valign_top type_default stacking_default\"><div class=\"vc_col-sm-12 wpb_column vc_column_container\"><div class=\"vc_column-inner\"><div class=\"wpb_wrapper\"><div class=\"wpb_text_column\"><div class=\"wpb_wrapper\"><h2 style=\"text-align: center;\"><strong>REVIERWELT.<\/strong>  Egy mindenki\u00e9rt.<\/h2>\n<\/div><\/div><\/div><\/div><\/div><\/div><\/div><\/section><section class=\"l-section wpb_row height_auto width_full\"><div class=\"l-section-h i-cf\"><div class=\"g-cols vc_row via_flex valign_middle type_boxes stacking_default\"><div class=\"vc_col-sm-6 wpb_column vc_column_container us_animate_afl\"><div class=\"vc_column-inner\"><div class=\"wpb_wrapper\"><div class=\"wpb_text_column\"><div class=\"wpb_wrapper\"><h3>A vad\u00e1szter\u00fcletek vil\u00e1g\u00e1nak kihaszn\u00e1l\u00e1sa.<\/h3>\n<p class=\"p1\">K\u00fcl\u00f6nb\u00f6z\u0151 csomagok, az \u00d6n szem\u00e9lyes ig\u00e9nyeihez igaz\u00edtva: A <strong><a href=\"#preise\">Standard csomag<\/a><\/strong> kis vad\u00e1szter\u00fcletekre, n\u00e9h\u00e1ny vad\u00e1szt\u00e1rssal, a legn\u00e9pszer\u0171bb <strong><a href=\"#preise\">Plus csomag<\/a>,<\/strong> amely alig hagy k\u00edv\u00e1nnival\u00f3t maga ut\u00e1n, a <strong><a href=\"#preise\">Profi csomag<\/a><\/strong> korl\u00e1tlan lehet\u0151s\u00e9gekkel nagy vad\u00e1szter\u00fcletek, vad\u00e1szk\u00f6z\u00f6ss\u00e9gek, erd\u0151k \u00e9s telep\u00fcl\u00e9sek sz\u00e1m\u00e1ra.<\/p>\n<p class=\"p1\">Csomagjaink mindig ter\u00fcletenk\u00e9nt, 365 napig \u00e9rv\u00e9nyesek, \u00e9s k\u00e9r\u00e9sre meghosszabb\u00edthat\u00f3k. Ez azt jelenti, hogy \u00d6nnek nem kell t\u00f6bb\u00e9 ellen\u0151riznie, hogy az \u00d6n \u00e1ltal v\u00e1lasztott Revierwelt csomag m\u00e9g mindig akt\u00edv-e. Mi automatikusan meghosszabb\u00edtjuk \u00d6nnek, majd megterhelj\u00fck az \u00f6sszeget a banksz\u00e1ml\u00e1j\u00e1r\u00f3l. A k\u00fcl\u00f6nb\u00f6z\u0151 csomagok k\u00f6z\u00f6tt b\u00e1rmikor v\u00e1lthat &#8211; a csomag h\u00e1tral\u00e9v\u0151 futamidej\u00e9t naponta sz\u00e1moljuk ki.   <\/p>\n<p><span data-contrast=\"none\">Egy\u00e9bk\u00e9nt &#8211; a Revierwelt-fi\u00f3k \u00e9s az \u00f6sszes Revierwelt-alkalmaz\u00e1s ingyenes.  <\/span><span data-ccp-props=\"{\"134233117\":true,\"134233118\":true,\"201341983\":0,\"335559739\":160,\"335559740\":240}\"> <\/span><span data-contrast=\"none\">A &#8222;Revierwelt Community&#8220; szolg\u00e1ltat\u00e1sunk \u00e9s a &#8222;Revierwelt Marketplace&#8220; ingyenes. Haszn\u00e1lja az alkalmaz\u00e1st   <\/span><span data-contrast=\"none\">&#8222;<\/span><span data-contrast=\"none\">Revierwelt K\u00f6z\u00f6ss\u00e9g<\/span><span data-contrast=\"none\">&#8222;<\/span><span data-contrast=\"none\">hogy eszm\u00e9t cser\u00e9ljen m\u00e1s vad\u00e1szokkal, \u00e9s naprak\u00e9sz maradjon a vad\u00e1szattal kapcsolatos t\u00e9m\u00e1kban. T\u00f6bb mint 150 c\u00e9g, egyes\u00fclet, klub \u00e9s mag\u00e1ncsoport haszn\u00e1lja a ter\u00fcletet bemutatkoz\u00e1sra \u00e9s bemutatkoz\u00e1sra. <\/span><span data-ccp-props=\"{\"134233117\":true,\"134233118\":true,\"201341983\":0,\"335559739\":160,\"335559740\":240}\"> <\/span><\/p>\n<p><span data-contrast=\"none\">A &#8222;Revierwelt piact\u00e9ren&#8220; \u00e9rdekes term\u00e9keket tal\u00e1l k\u00fcl\u00f6nb\u00f6z\u0151 bolti besz\u00e1ll\u00edt\u00f3kt\u00f3l. Lehet\u0151s\u00e9ge van arra is, hogy a piact\u00e9r hirdet\u00e9si rovat\u00e1ban olyan term\u00e9keket k\u00edn\u00e1ljon elad\u00e1sra, amelyekre m\u00e1r nincs sz\u00fcks\u00e9ge. A j\u00e1t\u00e9kpiacon kereszt\u00fcl k\u00f6zvetlen\u00fcl a Revierwelt vad\u00e1szati adminisztr\u00e1ci\u00f3t\u00f3l v\u00e1s\u00e1rolhatod meg a vadat.    <\/span><span data-contrast=\"none\">piac.<\/span><span data-ccp-props=\"{\"134233117\":true,\"134233118\":true,\"201341983\":0,\"335559739\":160,\"335559740\":240}\"> <\/span><\/p>\n<p>Ha vadkamer\u00e1kat, csapda\u00e9rz\u00e9kel\u0151ket vagy nyomk\u00f6vet\u0151 eszk\u00f6z\u00f6ket haszn\u00e1l Revierwelt SIM-k\u00e1rty\u00e1val, akkor ezeket az el\u0151re fizetett k\u00e1rty\u00e1kat a Revierwelt-en kereszt\u00fcl kezelheti. A felt\u00f6lt\u00e9s \u00fan. add-onok seg\u00edts\u00e9g\u00e9vel t\u00f6rt\u00e9nik, amelyeket szint\u00e9n megv\u00e1s\u00e1rolhat t\u0151l\u00fcnk. A Telekom-k\u00e1rty\u00e1val rendelkez\u0151 k\u00e9sz\u00fcl\u00e9kek eset\u00e9ben az \u00e9ves \u00e1tal\u00e1nyd\u00edj jelenlegi \u00e1ra a GPS-nyomk\u00f6vet\u0151 k\u00e9sz\u00fcl\u00e9kek eset\u00e9ben 18 \u20ac, a vadkamer\u00e1k eset\u00e9ben pedig 28 \u20ac.<\/p>\n<\/div><\/div><\/div><\/div><\/div><div class=\"vc_col-sm-6 vc_hidden-xs wpb_column vc_column_container has_bg_color us_animate_afr\"><div class=\"vc_column-inner us_custom_4c7e5c31\"><div class=\"wpb_wrapper\"><div class=\"w-separator size_custom\" style=\"height:200px\"><\/div><\/div><\/div><\/div><\/div><\/div><\/section><section class=\"l-section wpb_row height_medium color_alternate\"><div class=\"l-section-h i-cf\"><div class=\"g-cols vc_row via_flex valign_top type_default stacking_default\"><div class=\"vc_col-sm-12 wpb_column vc_column_container\"><div class=\"vc_column-inner\"><div class=\"wpb_wrapper\"><div class=\"wpb_text_column\"><div class=\"wpb_wrapper\"><h2 id=\"preise\" style=\"text-align: center;\"><strong>REVIERWELT.<\/strong>  A sikeres vad\u00e1szat kulcsa.<\/h2>\n<\/div><\/div><\/div><\/div><\/div><\/div><\/div><\/section><section class=\"l-section wpb_row height_medium\"><div class=\"l-section-h i-cf\"><div class=\"g-cols vc_row via_flex valign_top type_default stacking_default\"><div class=\"vc_col-sm-12 wpb_column vc_column_container\"><div class=\"vc_column-inner\"><div class=\"wpb_wrapper\"><div class=\"w-separator size_small\"><\/div><div class=\"w-pricing style_cards items_3\"><div class=\"w-pricing-item type_default\"><div class=\"w-pricing-item-h\"><div class=\"w-pricing-item-header\"><div class=\"w-pricing-item-title\">Revierwelt+Standard<\/div><div class=\"w-pricing-item-price\">3,50+\u20ac<small>havonta+\u00e9s+ter\u00fcletenk\u00e9nt<\/small><\/div><\/div><ul class=\"w-pricing-item-features\"><li class=\"w-pricing-item-feature\">Legfeljebb+5+ter\u00fcleti+tag<\/li><li class=\"w-pricing-item-feature\">Legfeljebb+5+megfigyel\u0151+eszk\u00f6z<\/li><li class=\"w-pricing-item-feature\">Legfeljebb+3+GPS+nyomk\u00f6vet\u0151<\/li><li class=\"w-pricing-item-feature\">Vad\u00e1szati+piac+haszn\u00e1lata<\/li><li class=\"w-pricing-item-feature\">Hajtott+vad\u00e1szat+funkci\u00f3<\/li><li class=\"w-pricing-item-feature\">Nincs+automatikus+vadfelismer\u00e9s+a+k\u00e9peken<\/li><li class=\"w-pricing-item-feature\"><hr><\/li><li class=\"w-pricing-item-feature\"><b>P\u00e9lda+5+felhaszn\u00e1l\u00f3val:<br>3,50+\u20ac+\/+5+=+0,70+\u20ac\/felhaszn\u00e1l\u00f3<\/b><\/li><li class=\"w-pricing-item-feature\">+<\/li><li class=\"w-pricing-item-feature\">mag\u00e1n\u00fcgyfelek+sz\u00e1m\u00e1ra.<\/li><\/ul><div class=\"w-pricing-item-footer\"><a class=\"w-btn us-btn-style_8 icon_atleft\" style=\"font-size:19px\" href=\"https:\/\/portal.revierwelt.de\/\"><i class=\"material-icons\">open_in_new<\/i><span class=\"w-btn-label\">Regisztr\u00e1ljon+most<\/span><\/a><\/div><\/div><\/div><div class=\"w-pricing-item type_featured\"><div class=\"w-pricing-item-h\"><div class=\"w-pricing-item-header\"><div class=\"w-pricing-item-title\">Revierwelt+Plus<\/div><div class=\"w-pricing-item-price\">6,90+\u20ac<small>havonta+\u00e9s+ter\u00fcletenk\u00e9nt<\/small><\/div><\/div><ul class=\"w-pricing-item-features\"><li class=\"w-pricing-item-feature\">Ak\u00e1r+30+ter\u00fcleti+tag<\/li><li class=\"w-pricing-item-feature\">Ak\u00e1r+10+megfigyel\u0151+eszk\u00f6z<\/li><li class=\"w-pricing-item-feature\">Ak\u00e1r+5+GPS+nyomk\u00f6vet\u0151<\/li><li class=\"w-pricing-item-feature\">Vad\u00e1szati+piaci+felhaszn\u00e1l\u00e1s<\/li><li class=\"w-pricing-item-feature\">Vad+automatikus+felismer\u00e9se+k\u00e9peken<\/li><li class=\"w-pricing-item-feature\">Vezetett+vad\u00e1szat+funkci\u00f3<\/li><li class=\"w-pricing-item-feature\"><hr><\/li><li class=\"w-pricing-item-feature\"><b>P\u00e9lda+30+felhaszn\u00e1l\u00f3val:<br>6,90+\u20ac+\/+30+=+0,23+\u20ac\/felhaszn\u00e1l\u00f3<\/b><\/li><li class=\"w-pricing-item-feature\">+<\/li><li class=\"w-pricing-item-feature\">mag\u00e1n\u00fcgyfelek+sz\u00e1m\u00e1ra.<\/li><\/ul><div class=\"w-pricing-item-footer\"><a class=\"w-btn us-btn-style_9 icon_atleft\" style=\"font-size:19px\" href=\"https:\/\/portal.revierwelt.de\/\"><i class=\"material-icons\">open_in_new<\/i><span class=\"w-btn-label\">Regisztr\u00e1ljon+most<\/span><\/a><\/div><\/div><\/div><div class=\"w-pricing-item type_default\"><div class=\"w-pricing-item-h\"><div class=\"w-pricing-item-header\"><div class=\"w-pricing-item-title\">Revierwelt+Professional<\/div><div class=\"w-pricing-item-price\">16,50+\u20ac<small>havonta+\u00e9s+ter\u00fcletenk\u00e9nt<\/small><\/div><\/div><ul class=\"w-pricing-item-features\"><li class=\"w-pricing-item-feature\">korl\u00e1tlan+sz\u00e1m\u00fa+vad\u00e1szter\u00fcleti+tag<\/li><li class=\"w-pricing-item-feature\">korl\u00e1tlan+sz\u00e1m\u00fa+megfigyel\u0151+eszk\u00f6z<\/li><li class=\"w-pricing-item-feature\">korl\u00e1tlan+GPS+nyomk\u00f6vet\u0151<\/li><li class=\"w-pricing-item-feature\">vadpiac+haszn\u00e1lata<\/li><li class=\"w-pricing-item-feature\">vad+automatikus+felismer\u00e9se+a+k\u00e9peken<\/li><li class=\"w-pricing-item-feature\">korl\u00e1tlan+sz\u00e1m\u00fa+vadpiaci+cikkek<\/li><li class=\"w-pricing-item-feature\">hajtott+vad\u00e1szat+funkci\u00f3<\/li><li class=\"w-pricing-item-feature\"><hr><\/li><li class=\"w-pricing-item-feature\"><b>P\u00e9lda+30+felhaszn\u00e1l\u00f3val:<br>16,50+\u20ac+\/+30+=+0,55+\u20ac\/felhaszn\u00e1l\u00f3<\/b><\/li><li class=\"w-pricing-item-feature\">+<\/li><li class=\"w-pricing-item-feature\">\u00fczleti+\u00e9s+mag\u00e1n\u00fcgyfelek+sz\u00e1m\u00e1ra.<\/li><\/ul><div class=\"w-pricing-item-footer\"><a class=\"w-btn us-btn-style_8 icon_atleft\" style=\"font-size:19px\" href=\"https:\/\/portal.revierwelt.de\/\"><i class=\"material-icons\">open_in_new<\/i><span class=\"w-btn-label\">Regisztr\u00e1ljon+most<\/span><\/a><\/div><\/div><\/div><\/div><div class=\"w-separator size_large\"><\/div><div class=\"wpb_text_column\"><div class=\"wpb_wrapper\"><h3 style=\"text-align: center;\"><strong>Tesztelje a Revierwelt 30 napig ingyenesen!<\/strong><\/h3>\n<\/div><\/div><div class=\"w-separator size_small\"><\/div><div class=\"wpb_text_column\"><div class=\"wpb_wrapper\"><p style=\"text-align: center;\">Az \u00e1rak ter\u00fcletenk\u00e9nt \u00e9rtend\u0151k, 19%-os \u00e1f\u00e1val egy\u00fctt. Egy felhaszn\u00e1l\u00f3 fizet, minden tagot tartalmaz az \u00e1r. A riaszt\u00f3berendez\u00e9sek csapda\u00e9rz\u00e9kel\u0151k, kirr-\u00e9rz\u00e9kel\u0151k \u00e9s vadkamer\u00e1k.<\/p>\n<p style=\"text-align: center;\">A Revierwelt alkalmaz\u00e1sok ingyenesen el\u00e9rhet\u0151k a Playstore-ban \u00e9s az AppStore-ban.<\/p>\n<\/div><\/div><\/div><\/div><\/div><\/div><\/div><\/section><section class=\"l-section wpb_row height_medium color_alternate\"><div class=\"l-section-h i-cf\"><div class=\"g-cols vc_row via_flex valign_top type_default stacking_default\"><div class=\"vc_col-sm-12 wpb_column vc_column_container\"><div class=\"vc_column-inner\"><div class=\"wpb_wrapper\"><div class=\"wpb_text_column\"><div class=\"wpb_wrapper\"><h2 style=\"text-align: center;\"><strong>REVIERWELT.<\/strong>  Fedezze fel.<\/h2>\n<\/div><\/div><\/div><\/div><\/div><\/div><\/div><\/section><section class=\"l-section wpb_row height_medium with_img parallax_ver\"><div class=\"l-section-img\" role=\"img\" data-img-width=\"1024\" data-img-height=\"683\" style=\"background-image: url(https:\/\/www.revierwelt.de\/wp-content\/uploads\/2018\/01\/170301-0001-2.jpg);\"><\/div><div class=\"l-section-overlay\" style=\"background:rgba(72,108,75,0.5)\"><\/div><div class=\"l-section-h i-cf\"><div class=\"g-cols vc_row via_flex valign_top type_default stacking_default\"><div class=\"vc_col-sm-12 wpb_column vc_column_container\"><div class=\"vc_column-inner\"><div class=\"wpb_wrapper\"><div class=\"w-grid type_grid layout_25853 cols_5 ratio_1x1\" id=\"us_grid_1\" style=\"--columns:5;--gap:2px;--item-ratio:1;\" data-filterable=\"true\"><style>@media (max-width:1380px){#us_grid_1{--columns:3!important}}@media (max-width:1024px){#us_grid_1{--columns:2!important}}@media (max-width:600px){#us_grid_1{--columns:1!important}}.layout_25853 .w-grid-item-h{}.layout_25853 .usg_post_custom_field_1{transition-duration:0.4s;transform-origin:50% 50%;transform:scale(0) translate(0,0);opacity:0}.layout_25853 .w-grid-item-h:hover .usg_post_custom_field_1{transform:scale(1.5) translate(0,0);opacity:1}.layout_25853 .usg_vwrapper_1{transition-duration:0.4s;transform-origin:50% 50%;transform:scale(0) translate(0,0);opacity:0}.layout_25853 .w-grid-item-h:hover .usg_vwrapper_1{transform:scale(1) translate(0,0);opacity:1}.layout_25853 .usg_post_image_1{position:absolute!important;top:0!important;right:0!important;bottom:0!important;left:0!important}.layout_25853 .usg_post_custom_field_1{position:absolute!important;top:0!important;right:0!important;bottom:0!important;left:0!important;border-radius:50!important;padding:2rem!important;background:inherit!important}.layout_25853 .usg_vwrapper_1{position:absolute!important;top:0!important;right:0!important;bottom:0!important;left:0!important;padding:2rem!important}.layout_25853 .usg_post_title_1{color:inherit!important}<\/style><div class=\"w-grid-list\">\t<article class=\"w-grid-item size_1x1 post-28473 us_portfolio type-us_portfolio status-publish has-post-thumbnail hentry us_portfolio_category-revierwelt\" data-id=\"28473\">\r\n\t\t<div class=\"w-grid-item-h\" style=\"background:#f2f2f2;color:#486c4b;\">\r\n\t\t\t\t\t\t\t<a href=\"https:\/\/www.revierwelt.de\/index.php\/portfolio\/fleischverwaltung\/\" class=\"w-grid-item-anchor\" aria-label=\"Fleischverwaltung\"><\/a>\r\n\t\t\t\t\t\t<div class=\"w-post-elm post_image usg_post_image_1 stretched\"><img loading=\"lazy\" decoding=\"async\" width=\"573\" height=\"573\" src=\"https:\/\/www.revierwelt.de\/wp-content\/uploads\/2022\/03\/frisches_wild_qua.png\" class=\"attachment-us_600_0 size-us_600_0 wp-post-image\" alt=\"\" \/><\/div><div class=\"w-post-elm post_custom_field usg_post_custom_field_1 type_text  color_link_inherit has_border_radius\"><span class=\"w-post-elm-value\"><\/span><\/div><div class=\"w-vwrapper usg_vwrapper_1 align_center valign_middle\"><h3 class=\"w-post-elm post_title usg_post_title_1 has_text_color align_center entry-title color_link_inherit\">Fleischverwaltung<\/h3><\/div>\t\t<\/div>\r\n\t\t\t<\/article>\r\n\t<article class=\"w-grid-item size_1x1 post-26717 us_portfolio type-us_portfolio status-publish has-post-thumbnail hentry us_portfolio_category-revierwelt\" data-id=\"26717\">\r\n\t\t<div class=\"w-grid-item-h\" style=\"background:#f2f2f2;color:#486c4b;\">\r\n\t\t\t\t\t\t\t<a href=\"https:\/\/www.revierwelt.de\/index.php\/portfolio\/drueckjagd\/\" class=\"w-grid-item-anchor\" aria-label=\"Dr\u00fcckjagd\"><\/a>\r\n\t\t\t\t\t\t<div class=\"w-post-elm post_image usg_post_image_1 stretched\"><img loading=\"lazy\" decoding=\"async\" width=\"600\" height=\"600\" src=\"https:\/\/www.revierwelt.de\/wp-content\/uploads\/2020\/05\/DRU\u0308CKJAGD_qua.jpg\" class=\"attachment-us_600_0 size-us_600_0 wp-post-image\" alt=\"\" \/><\/div><div class=\"w-post-elm post_custom_field usg_post_custom_field_1 type_text  color_link_inherit has_border_radius\"><span class=\"w-post-elm-value\"><\/span><\/div><div class=\"w-vwrapper usg_vwrapper_1 align_center valign_middle\"><h3 class=\"w-post-elm post_title usg_post_title_1 has_text_color align_center entry-title color_link_inherit\">Dr\u00fcckjagd<\/h3><\/div>\t\t<\/div>\r\n\t\t\t<\/article>\r\n\t<article class=\"w-grid-item size_1x1 post-23142 us_portfolio type-us_portfolio status-publish has-post-thumbnail hentry us_portfolio_category-revierwelt\" data-id=\"23142\">\r\n\t\t<div class=\"w-grid-item-h\" style=\"background:#f2f2f2;color:#486c4b;\">\r\n\t\t\t\t\t\t\t<a href=\"https:\/\/www.revierwelt.de\/index.php\/portfolio\/revierverwaltung\/\" class=\"w-grid-item-anchor\" aria-label=\"Revierverwaltung\"><\/a>\r\n\t\t\t\t\t\t<div class=\"w-post-elm post_image usg_post_image_1 stretched\"><img loading=\"lazy\" decoding=\"async\" width=\"600\" height=\"600\" src=\"https:\/\/www.revierwelt.de\/wp-content\/uploads\/2018\/01\/revierverwaltung-1-1-600x600.jpg\" class=\"attachment-us_600_0 size-us_600_0 wp-post-image\" alt=\"\" srcset=\"https:\/\/www.revierwelt.de\/wp-content\/uploads\/2018\/01\/revierverwaltung-1-1-600x600.jpg 600w, https:\/\/www.revierwelt.de\/wp-content\/uploads\/2018\/01\/revierverwaltung-1-1-150x150.jpg 150w, https:\/\/www.revierwelt.de\/wp-content\/uploads\/2018\/01\/revierverwaltung-1-1-300x300.jpg 300w, https:\/\/www.revierwelt.de\/wp-content\/uploads\/2018\/01\/revierverwaltung-1-1-768x768.jpg 768w, https:\/\/www.revierwelt.de\/wp-content\/uploads\/2018\/01\/revierverwaltung-1-1.jpg 1024w, https:\/\/www.revierwelt.de\/wp-content\/uploads\/2018\/01\/revierverwaltung-1-1-180x180.jpg 180w, https:\/\/www.revierwelt.de\/wp-content\/uploads\/2018\/01\/revierverwaltung-1-1-350x350.jpg 350w\" sizes=\"auto, (max-width: 600px) 100vw, 600px\" \/><\/div><div class=\"w-post-elm post_custom_field usg_post_custom_field_1 type_text  color_link_inherit has_border_radius\"><span class=\"w-post-elm-value\"><\/span><\/div><div class=\"w-vwrapper usg_vwrapper_1 align_center valign_middle\"><h3 class=\"w-post-elm post_title usg_post_title_1 has_text_color align_center entry-title color_link_inherit\">Revierverwaltung<\/h3><\/div>\t\t<\/div>\r\n\t\t\t<\/article>\r\n\t<article class=\"w-grid-item size_1x1 post-331 us_portfolio type-us_portfolio status-publish has-post-thumbnail hentry us_portfolio_category-revierwelt\" data-id=\"331\">\r\n\t\t<div class=\"w-grid-item-h\" style=\"background:#f2f2f2;color:#486c4b;\">\r\n\t\t\t\t\t\t\t<a href=\"https:\/\/www.revierwelt.de\/index.php\/portfolio\/gps-hundeortung\/\" class=\"w-grid-item-anchor\" aria-label=\"GPS-Hundeortung\"><\/a>\r\n\t\t\t\t\t\t<div class=\"w-post-elm post_image usg_post_image_1 stretched\"><img loading=\"lazy\" decoding=\"async\" width=\"600\" height=\"600\" src=\"https:\/\/www.revierwelt.de\/wp-content\/uploads\/2018\/01\/Dru\u0308ckjagd_iphone_qua2.png\" class=\"attachment-us_600_0 size-us_600_0 wp-post-image\" alt=\"\" \/><\/div><div class=\"w-post-elm post_custom_field usg_post_custom_field_1 type_text  color_link_inherit has_border_radius\"><span class=\"w-post-elm-value\"><\/span><\/div><div class=\"w-vwrapper usg_vwrapper_1 align_center valign_middle\"><h3 class=\"w-post-elm post_title usg_post_title_1 has_text_color align_center entry-title color_link_inherit\">GPS-Hundeortung<\/h3><\/div>\t\t<\/div>\r\n\t\t\t<\/article>\r\n\t<article class=\"w-grid-item size_1x1 post-23138 us_portfolio type-us_portfolio status-publish has-post-thumbnail hentry us_portfolio_category-revierwelt\" data-id=\"23138\">\r\n\t\t<div class=\"w-grid-item-h\" style=\"background:#f2f2f2;color:#486c4b;\">\r\n\t\t\t\t\t\t\t<a href=\"https:\/\/www.revierwelt.de\/index.php\/portfolio\/wildkameras\/\" class=\"w-grid-item-anchor\" aria-label=\"Wildkameras\"><\/a>\r\n\t\t\t\t\t\t<div class=\"w-post-elm post_image usg_post_image_1 stretched\"><img loading=\"lazy\" decoding=\"async\" width=\"600\" height=\"600\" src=\"https:\/\/www.revierwelt.de\/wp-content\/uploads\/2018\/01\/WILDKAMERA_wald_qua.jpg\" class=\"attachment-us_600_0 size-us_600_0 wp-post-image\" alt=\"\" \/><\/div><div class=\"w-post-elm post_custom_field usg_post_custom_field_1 type_text  color_link_inherit has_border_radius\"><span class=\"w-post-elm-value\"><\/span><\/div><div class=\"w-vwrapper usg_vwrapper_1 align_center valign_middle\"><h3 class=\"w-post-elm post_title usg_post_title_1 has_text_color align_center entry-title color_link_inherit\">Wildkameras<\/h3><\/div>\t\t<\/div>\r\n\t\t\t<\/article>\r\n<\/div><div class=\"w-grid-preloader\">\t<div class=\"g-preloader type_1\">\r\n\t\t<div><\/div>\r\n\t<\/div>\r\n\t<\/div>\t<div class=\"w-grid-json hidden\" onclick='return {&quot;action&quot;:&quot;us_ajax_grid&quot;,&quot;infinite_scroll&quot;:0,&quot;max_num_pages&quot;:2,&quot;pagination&quot;:&quot;none&quot;,&quot;template_vars&quot;:{&quot;columns&quot;:&quot;5&quot;,&quot;exclude_items&quot;:&quot;none&quot;,&quot;img_size&quot;:&quot;us_600_0&quot;,&quot;ignore_items_size&quot;:0,&quot;items_layout&quot;:&quot;25853&quot;,&quot;items_offset&quot;:&quot;1&quot;,&quot;load_animation&quot;:&quot;none&quot;,&quot;overriding_link&quot;:&quot;%7B%22type%22%3A%22post%22%7D&quot;,&quot;post_id&quot;:0,&quot;query_args&quot;:{&quot;post_type&quot;:[&quot;us_portfolio&quot;],&quot;tax_query&quot;:[{&quot;taxonomy&quot;:&quot;us_portfolio_category&quot;,&quot;field&quot;:&quot;slug&quot;,&quot;terms&quot;:[&quot;revierwelt&quot;]}],&quot;post_status&quot;:[&quot;publish&quot;],&quot;posts_per_page&quot;:&quot;5&quot;},&quot;orderby_query_args&quot;:{&quot;orderby&quot;:{&quot;date&quot;:&quot;DESC&quot;}},&quot;type&quot;:&quot;grid&quot;,&quot;us_grid_post_type&quot;:&quot;us_portfolio&quot;,&quot;us_grid_ajax_index&quot;:1,&quot;us_grid_filter_query_string&quot;:null,&quot;us_grid_index&quot;:1,&quot;page_args&quot;:[]}}'><\/div>\r\n\t<\/div><\/div><\/div><\/div><\/div><\/div><\/section><section class=\"l-section wpb_row height_medium color_primary\"><div class=\"l-section-h i-cf\"><div class=\"g-cols vc_row via_flex valign_top type_default stacking_default\"><div class=\"vc_col-sm-12 wpb_column vc_column_container us_animate_afb\"><div class=\"vc_column-inner\"><div class=\"wpb_wrapper\"><div class=\"w-actionbox color_primary controls_right\"><div class=\"w-actionbox-text\"><h2 class=\"w-actionbox-title\">Gy\u0151z\u0151dj\u00f6n meg a Revierweltr\u0151l!<\/h2><\/div><div class=\"w-actionbox-controls\"><a class=\"w-btn us-btn-style_6 icon_atleft\" href=\"https:\/\/portal.revierwelt.de\/\" style=\"font-size:19px;\"><i class=\"fas fa-user-plus\"><\/i><span class=\"w-btn-label\">Regisztr\u00e1ljon most!<\/span><\/a><\/div><\/div><\/div><\/div><\/div><\/div><\/div><\/section><section class=\"l-section wpb_row height_medium\"><div class=\"l-section-h i-cf\"><div class=\"g-cols vc_row via_flex valign_top type_default stacking_default\"><div class=\"vc_col-sm-12 wpb_column vc_column_container\"><div class=\"vc_column-inner\"><div class=\"wpb_wrapper\"><div class=\"wpb_text_column\"><div class=\"wpb_wrapper\"><\/div><\/div><\/div><\/div><\/div><\/div><\/div><\/section>\n","protected":false},"excerpt":{"rendered":"REVIERWELT. Wildkamera. Wissen, was l\u00e4uft. Sie k\u00f6nnen nicht rund um die Uhr im Revier sein, um zu wissen was l\u00e4uft. Eine Wildkamera mit GPRS-Funktion dagegen schon \u2013 ihre Bilder zeigen Ihnen, wo sich welches Wild momentan im Revier bewegt. Sie k\u00f6nnen fast jede am Markt erh\u00e4ltliche Kamera mit Revierwelt verwenden. Kameras der Revierwelt-Edition lassen sich...","protected":false},"author":4,"featured_media":0,"parent":0,"menu_order":0,"comment_status":"closed","ping_status":"closed","template":"","meta":{"footnotes":""},"class_list":["post-38205","page","type-page","status-publish","hentry"],"_links":{"self":[{"href":"https:\/\/www.revierwelt.de\/index.php\/wp-json\/wp\/v2\/pages\/38205","targetHints":{"allow":["GET"]}}],"collection":[{"href":"https:\/\/www.revierwelt.de\/index.php\/wp-json\/wp\/v2\/pages"}],"about":[{"href":"https:\/\/www.revierwelt.de\/index.php\/wp-json\/wp\/v2\/types\/page"}],"author":[{"embeddable":true,"href":"https:\/\/www.revierwelt.de\/index.php\/wp-json\/wp\/v2\/users\/4"}],"replies":[{"embeddable":true,"href":"https:\/\/www.revierwelt.de\/index.php\/wp-json\/wp\/v2\/comments?post=38205"}],"version-history":[{"count":0,"href":"https:\/\/www.revierwelt.de\/index.php\/wp-json\/wp\/v2\/pages\/38205\/revisions"}],"wp:attachment":[{"href":"https:\/\/www.revierwelt.de\/index.php\/wp-json\/wp\/v2\/media?parent=38205"}],"curies":[{"name":"wp","href":"https:\/\/api.w.org\/{rel}","templated":true}]}}