{"id":38203,"date":"2025-02-25T11:31:47","date_gmt":"2025-02-25T10:31:47","guid":{"rendered":"https:\/\/revierwelt.de\/index.php\/verd-2023\/"},"modified":"2025-02-25T11:32:03","modified_gmt":"2025-02-25T10:32:03","slug":"verd-2023","status":"publish","type":"page","link":"https:\/\/www.revierwelt.de\/index.php\/verd-2023\/?lang=is","title":{"rendered":"Ver\u00f0 2023"},"content":{"rendered":"<section class=\"l-section wpb_row height_medium color_alternate\" id=\"byrja\"><div class=\"l-section-h i-cf\"><div class=\"g-cols vc_row via_flex valign_top type_default stacking_default\"><div class=\"vc_col-sm-12 wpb_column vc_column_container\"><div class=\"vc_column-inner\"><div class=\"wpb_wrapper\"><div class=\"wpb_text_column\"><div class=\"wpb_wrapper\"><h2 style=\"text-align: center;\"><strong>REVIERWELT .<\/strong>  Einn fyrir alla.<\/h2>\n<\/div><\/div><\/div><\/div><\/div><\/div><\/div><\/section><section class=\"l-section wpb_row height_auto width_full\"><div class=\"l-section-h i-cf\"><div class=\"g-cols vc_row via_flex valign_middle type_boxes stacking_default\"><div class=\"vc_col-sm-6 wpb_column vc_column_container us_animate_afl\"><div class=\"vc_column-inner\"><div class=\"wpb_wrapper\"><div class=\"wpb_text_column\"><div class=\"wpb_wrapper\"><h3>Nota\u00f0u yfirr\u00e1\u00f0asv\u00e6\u00f0i\u00f0.<\/h3>\n<p class=\"p1\">Mismunandi pakkar, sni\u00f0nir a\u00f0 \u00fe\u00ednum pers\u00f3nulegu \u00fe\u00f6rfum: <strong><a href=\"#preise\">Sta\u00f0alpakkinn<\/a><\/strong> fyrir l\u00edtil vei\u00f0isv\u00e6\u00f0i me\u00f0 \u00f6rf\u00e1um vei\u00f0if\u00e9l\u00f6gum, vins\u00e6lasti <strong><a href=\"#preise\">Pl\u00faspakkinn<\/a><\/strong> sem l\u00e6tur ekkert eftir liggja, <strong><a href=\"#preise\">fagpakkinn<\/a><\/strong> me\u00f0 \u00f3takm\u00f6rku\u00f0um m\u00f6guleikum fyrir st\u00f3r vei\u00f0isv\u00e6\u00f0i, vei\u00f0istj\u00f3rnunarf\u00e9l\u00f6g, sk\u00f3ga og sveitarf\u00e9l\u00f6g.<\/p>\n<p class=\"p1\">Pakkarnir okkar gilda alltaf \u00e1 hverju sv\u00e6\u00f0i, \u00ed 365 daga og er h\u00e6gt a\u00f0 framlengja ef \u00f3ska\u00f0 er. \u00deetta \u00fe\u00fd\u00f0ir a\u00f0 \u00fe\u00fa \u00fearft ekki lengur a\u00f0 athuga hvort Revierwelt pakkinn sem \u00fe\u00fa valdir s\u00e9 enn virkur. Vi\u00f0 munum sj\u00e1lfkrafa framlengja \u00fea\u00f0 fyrir \u00feig og s\u00ed\u00f0an skuldf\u00e6ra upph\u00e6\u00f0ina af skr\u00e1\u00f0a bankareikningnum \u00fe\u00ednum. \u00de\u00fa getur skipt \u00e1 milli mismunandi pakka hven\u00e6r sem er &#8211; \u00fea\u00f0 sem eftir er af pakka er rukka\u00f0 daglega.   <\/p>\n<p><span data-contrast=\"none\">Vi\u00f0 the vegur \u2013 reikningurinn \u00feinn hj\u00e1 Revierwelt er \u00f3keypis, eins og \u00f6ll Revierwelt \u00f6pp.  <\/span><span data-ccp-props=\"{\"134233117\":true,\"134233118\":true,\"201341983\":0,\"335559739\":160,\"335559740\":240}\"> <\/span><span data-contrast=\"none\">\u201eRevierwelt Community\u201c og \u201eRevierwelt Marketplace\u201c tilbo\u00f0in okkar eru \u00f3keypis. Nota\u00f0u appi\u00f0   <\/span><span data-contrast=\"none\">&#8222;<\/span> <span data-contrast=\"none\">Revierwelt samf\u00e9lag<\/span> <span data-contrast=\"none\">&#8222;<\/span><span data-contrast=\"none\">a\u00f0 skiptast \u00e1 hugmyndum vi\u00f0 a\u00f0ra vei\u00f0imenn og fylgjast me\u00f0 \u00f6llu sem tengist vei\u00f0i. Yfir 150 fyrirt\u00e6ki, f\u00e9l\u00f6g, kl\u00fabbar og einkah\u00f3par nota sv\u00e6\u00f0i\u00f0 til a\u00f0 kynna og kynna sig. <\/span><span data-ccp-props=\"{\"134233117\":true,\"134233118\":true,\"201341983\":0,\"335559739\":160,\"335559740\":240}\"> <\/span><\/p>\n<p><span data-contrast=\"none\">\u00c1 \u201eRevierwelt Marketplace\u201c finnur \u00fe\u00fa \u00e1hugaver\u00f0ar v\u00f6rur fr\u00e1 \u00fdmsum verslunara\u00f0ilum. \u00de\u00fa hefur l\u00edka m\u00f6guleika \u00e1 a\u00f0 bj\u00f3\u00f0a v\u00f6rur sem \u00fe\u00fa \u00fearft ekki lengur til s\u00f6lu \u00ed sm\u00e1augl\u00fdsingahluta marka\u00f0storgsins. \u00cd gegnum leikjamarka\u00f0inn getur\u00f0u keypt leikinn \u00feinn beint fr\u00e1 vei\u00f0istj\u00f3rn Revierwelt    <\/span><span data-contrast=\"none\">marka\u00f0i.<\/span><span data-ccp-props=\"{\"134233117\":true,\"134233118\":true,\"201341983\":0,\"335559739\":160,\"335559740\":240}\"> <\/span><\/p>\n<p>Ef \u00fe\u00fa notar d\u00fdral\u00edfsmyndav\u00e9lar, gildruskynjara e\u00f0a m\u00e6lingart\u00e6ki me\u00f0 Revierwelt SIM-korti getur\u00f0u stj\u00f3rna\u00f0 \u00feessum fyrirframgreiddu kortum \u00ed gegnum Revierwelt. \u00c1fyllingin fer fram me\u00f0 svok\u00f6llu\u00f0um vi\u00f0b\u00f3tum sem \u00fe\u00fa getur l\u00edka keypt hj\u00e1 okkur. Fyrir t\u00e6ki me\u00f0 Telekom kort er n\u00faverandi ver\u00f0 fyrir \u00e1rlegt fastagjald fyrir GPS rekja spor einhvers 18 evrur og fyrir d\u00fdral\u00edfsmyndav\u00e9lar 28 evrur.<\/p>\n<\/div><\/div><\/div><\/div><\/div><div class=\"vc_col-sm-6 vc_hidden-xs wpb_column vc_column_container has_bg_color us_animate_afr\"><div class=\"vc_column-inner us_custom_4c7e5c31\"><div class=\"wpb_wrapper\"><div class=\"w-separator size_custom\" style=\"height:200px\"><\/div><\/div><\/div><\/div><\/div><\/div><\/section><section class=\"l-section wpb_row height_medium color_alternate\"><div class=\"l-section-h i-cf\"><div class=\"g-cols vc_row via_flex valign_top type_default stacking_default\"><div class=\"vc_col-sm-12 wpb_column vc_column_container\"><div class=\"vc_column-inner\"><div class=\"wpb_wrapper\"><div class=\"wpb_text_column\"><div class=\"wpb_wrapper\"><h2 id=\"preise\" style=\"text-align: center;\"><strong>REVIERWELT .<\/strong>  Lykillinn \u00feinn a\u00f0 fars\u00e6lum vei\u00f0um.<\/h2>\n<\/div><\/div><\/div><\/div><\/div><\/div><\/div><\/section><section class=\"l-section wpb_row height_medium\"><div class=\"l-section-h i-cf\"><div class=\"g-cols vc_row via_flex valign_top type_default stacking_default\"><div class=\"vc_col-sm-12 wpb_column vc_column_container\"><div class=\"vc_column-inner\"><div class=\"wpb_wrapper\"><div class=\"w-separator size_small\"><\/div><div class=\"w-pricing style_cards items_3\"><div class=\"w-pricing-item type_default\"><div class=\"w-pricing-item-h\"><div class=\"w-pricing-item-header\"><div class=\"w-pricing-item-title\">Revierwelt+Standard<\/div><div class=\"w-pricing-item-price\">3,50+\u20ac<small>\u00e1+m\u00e1nu\u00f0i+og+sv\u00e6\u00f0i<\/small><\/div><\/div><ul class=\"w-pricing-item-features\"><li class=\"w-pricing-item-feature\">allt+a\u00f0+5+umd\u00e6mismenn<\/li><li class=\"w-pricing-item-feature\">+allt+a\u00f0+5+v\u00f6ktunart\u00e6ki<\/li><li class=\"w-pricing-item-feature\">+allt+a\u00f0+3+GPS+rekja+spor+einhvers<\/li><li class=\"w-pricing-item-feature\">+notkun+\u00e1+leikjamarka\u00f0i<\/li><li class=\"w-pricing-item-feature\">+eki\u00f0+vei\u00f0ia\u00f0ger\u00f0<\/li><li class=\"w-pricing-item-feature\">+engin+sj\u00e1lfvirk+uppg\u00f6tvun+leiks+\u00ed+myndum<\/li><li class=\"w-pricing-item-feature\"><hr><\/li><li class=\"w-pricing-item-feature\">+<b>D\u00e6mi+me\u00f0+5+notendum:<br>+3,50+\u20ac+\/+5+=+0,70+\u20ac+\u00e1+hvern+notanda<\/b><\/li><li class=\"w-pricing-item-feature\"><\/li><li class=\"w-pricing-item-feature\">+fyrir+einkaa\u00f0ila<\/li><\/ul><div class=\"w-pricing-item-footer\"><a class=\"w-btn us-btn-style_8 icon_atleft\" style=\"font-size:19px\" href=\"https:\/\/portal.revierwelt.de\/\"><i class=\"material-icons\">open_in_new<\/i><span class=\"w-btn-label\">Skr\u00e1\u00f0u+\u00feig+n\u00fana<\/span><\/a><\/div><\/div><\/div><div class=\"w-pricing-item type_featured\"><div class=\"w-pricing-item-h\"><div class=\"w-pricing-item-header\"><div class=\"w-pricing-item-title\">Revierwelt+Plus<\/div><div class=\"w-pricing-item-price\">6,90+\u20ac<small>\u00e1+m\u00e1nu\u00f0i+og+sv\u00e6\u00f0i<\/small><\/div><\/div><ul class=\"w-pricing-item-features\"><li class=\"w-pricing-item-feature\">allt+a\u00f0+30+umd\u00e6mismenn<\/li><li class=\"w-pricing-item-feature\">+allt+a\u00f0+10+v\u00f6ktunart\u00e6ki<\/li><li class=\"w-pricing-item-feature\">+allt+a\u00f0+5+GPS+rekja+spor+einhvers<\/li><li class=\"w-pricing-item-feature\">+notkun+\u00e1+leikjamarka\u00f0i<\/li><li class=\"w-pricing-item-feature\">+sj\u00e1lfvirk+uppg\u00f6tvun+leiks+\u00ed+myndum<\/li><li class=\"w-pricing-item-feature\">+eki\u00f0+vei\u00f0ia\u00f0ger\u00f0<\/li><li class=\"w-pricing-item-feature\"><hr><\/li><li class=\"w-pricing-item-feature\">+<b>D\u00e6mi+me\u00f0+30+notendum:<br>+6,90+\u20ac+\/+30+=+0,23+\u20ac+\u00e1+hvern+notanda<\/b><\/li><li class=\"w-pricing-item-feature\"><\/li><li class=\"w-pricing-item-feature\">+fyrir+einkaa\u00f0ila<\/li><\/ul><div class=\"w-pricing-item-footer\"><a class=\"w-btn us-btn-style_9 icon_atleft\" style=\"font-size:19px\" href=\"https:\/\/portal.revierwelt.de\/\"><i class=\"material-icons\">open_in_new<\/i><span class=\"w-btn-label\">Skr\u00e1\u00f0u+\u00feig+n\u00fana<\/span><\/a><\/div><\/div><\/div><div class=\"w-pricing-item type_default\"><div class=\"w-pricing-item-h\"><div class=\"w-pricing-item-header\"><div class=\"w-pricing-item-title\">Revierwelt+Professional<\/div><div class=\"w-pricing-item-price\">16,50+\u20ac<small>\u00e1+m\u00e1nu\u00f0i+og+sv\u00e6\u00f0i<\/small><\/div><\/div><ul class=\"w-pricing-item-features\"><li class=\"w-pricing-item-feature\">\u00f3takmarka\u00f0an+fj\u00f6lda+umd\u00e6mismanna<\/li><li class=\"w-pricing-item-feature\">+\u00f3takmarka\u00f0+eftirlitst\u00e6ki<\/li><li class=\"w-pricing-item-feature\">+\u00f3takmarka\u00f0ur+GPS+rekja+spor+einhvers<\/li><li class=\"w-pricing-item-feature\">+notkun+\u00e1+leikjamarka\u00f0i<\/li><li class=\"w-pricing-item-feature\">+sj\u00e1lfvirk+uppg\u00f6tvun+leiks+\u00ed+myndum<\/li><li class=\"w-pricing-item-feature\">+\u00f3takmarka\u00f0+atri\u00f0i+\u00e1+leikjamarka\u00f0num<\/li><li class=\"w-pricing-item-feature\">+eki\u00f0+vei\u00f0ia\u00f0ger\u00f0<\/li><li class=\"w-pricing-item-feature\"><hr><\/li><li class=\"w-pricing-item-feature\">+<b>D\u00e6mi+me\u00f0+30+notendum:<br>+16,50+\u20ac+\/+30+=+0,55+\u20ac+\u00e1+hvern+notanda<\/b><\/li><li class=\"w-pricing-item-feature\"><\/li><li class=\"w-pricing-item-feature\">+fyrir+fyrirt\u00e6ki+og+einkaa\u00f0ila<\/li><\/ul><div class=\"w-pricing-item-footer\"><a class=\"w-btn us-btn-style_8 icon_atleft\" style=\"font-size:19px\" href=\"https:\/\/portal.revierwelt.de\/\"><i class=\"material-icons\">open_in_new<\/i><span class=\"w-btn-label\">Skr\u00e1\u00f0u+\u00feig+n\u00fana<\/span><\/a><\/div><\/div><\/div><\/div><div class=\"w-separator size_large\"><\/div><div class=\"wpb_text_column\"><div class=\"wpb_wrapper\"><h3 style=\"text-align: center;\"><strong>Pr\u00f3fa\u00f0u Revierwelt \u00ed 30 daga \u00e1n endurgjalds!<\/strong><\/h3>\n<\/div><\/div><div class=\"w-separator size_small\"><\/div><div class=\"wpb_text_column\"><div class=\"wpb_wrapper\"><p style=\"text-align: center;\">Ver\u00f0 \u00e1 hvert stofna\u00f0 sv\u00e6\u00f0i, me\u00f0 19% vsk. Einn notandi grei\u00f0ir, allir f\u00e9lagsmenn eru innifaldir \u00ed ver\u00f0inu. Vi\u00f0v\u00f6runart\u00e6ki innihalda gildruskynjara, beituskynjara og d\u00fdral\u00edfsmyndav\u00e9lar.<\/p>\n<p style=\"text-align: center;\">Revierwelt \u00f6ppin eru f\u00e1anleg \u00f3keypis \u00ed Playstore og AppStore.<\/p>\n<\/div><\/div><\/div><\/div><\/div><\/div><\/div><\/section><section class=\"l-section wpb_row height_medium color_alternate\"><div class=\"l-section-h i-cf\"><div class=\"g-cols vc_row via_flex valign_top type_default stacking_default\"><div class=\"vc_col-sm-12 wpb_column vc_column_container\"><div class=\"vc_column-inner\"><div class=\"wpb_wrapper\"><div class=\"wpb_text_column\"><div class=\"wpb_wrapper\"><h2 style=\"text-align: center;\"><strong>REVIERWELT .<\/strong>  Uppg\u00f6tva\u00f0u.<\/h2>\n<\/div><\/div><\/div><\/div><\/div><\/div><\/div><\/section><section class=\"l-section wpb_row height_medium with_img parallax_ver\"><div class=\"l-section-img\" role=\"img\" data-img-width=\"1024\" data-img-height=\"683\" style=\"background-image: url(https:\/\/www.revierwelt.de\/wp-content\/uploads\/2018\/01\/170301-0001-2.jpg);\"><\/div><div class=\"l-section-overlay\" style=\"background:rgba(72,108,75,0.5)\"><\/div><div class=\"l-section-h i-cf\"><div class=\"g-cols vc_row via_flex valign_top type_default stacking_default\"><div class=\"vc_col-sm-12 wpb_column vc_column_container\"><div class=\"vc_column-inner\"><div class=\"wpb_wrapper\"><div class=\"w-grid type_grid layout_25853 cols_5 ratio_1x1\" id=\"us_grid_1\" style=\"--columns:5;--gap:2px;--item-ratio:1;\" data-filterable=\"true\"><style>@media (max-width:1380px){#us_grid_1{--columns:3!important}}@media (max-width:1024px){#us_grid_1{--columns:2!important}}@media (max-width:600px){#us_grid_1{--columns:1!important}}.layout_25853 .w-grid-item-h{}.layout_25853 .usg_post_custom_field_1{transition-duration:0.4s;transform-origin:50% 50%;transform:scale(0) translate(0,0);opacity:0}.layout_25853 .w-grid-item-h:hover .usg_post_custom_field_1{transform:scale(1.5) translate(0,0);opacity:1}.layout_25853 .usg_vwrapper_1{transition-duration:0.4s;transform-origin:50% 50%;transform:scale(0) translate(0,0);opacity:0}.layout_25853 .w-grid-item-h:hover .usg_vwrapper_1{transform:scale(1) translate(0,0);opacity:1}.layout_25853 .usg_post_image_1{position:absolute!important;top:0!important;right:0!important;bottom:0!important;left:0!important}.layout_25853 .usg_post_custom_field_1{position:absolute!important;top:0!important;right:0!important;bottom:0!important;left:0!important;border-radius:50!important;padding:2rem!important;background:inherit!important}.layout_25853 .usg_vwrapper_1{position:absolute!important;top:0!important;right:0!important;bottom:0!important;left:0!important;padding:2rem!important}.layout_25853 .usg_post_title_1{color:inherit!important}<\/style><div class=\"w-grid-list\">\t<article class=\"w-grid-item size_1x1 post-28473 us_portfolio type-us_portfolio status-publish has-post-thumbnail hentry us_portfolio_category-revierwelt\" data-id=\"28473\">\r\n\t\t<div class=\"w-grid-item-h\" style=\"background:#f2f2f2;color:#486c4b;\">\r\n\t\t\t\t\t\t\t<a href=\"https:\/\/www.revierwelt.de\/index.php\/portfolio\/fleischverwaltung\/\" class=\"w-grid-item-anchor\" aria-label=\"Fleischverwaltung\"><\/a>\r\n\t\t\t\t\t\t<div class=\"w-post-elm post_image usg_post_image_1 stretched\"><img loading=\"lazy\" decoding=\"async\" width=\"573\" height=\"573\" src=\"https:\/\/www.revierwelt.de\/wp-content\/uploads\/2022\/03\/frisches_wild_qua.png\" class=\"attachment-us_600_0 size-us_600_0 wp-post-image\" alt=\"\" \/><\/div><div class=\"w-post-elm post_custom_field usg_post_custom_field_1 type_text  color_link_inherit has_border_radius\"><span class=\"w-post-elm-value\"><\/span><\/div><div class=\"w-vwrapper usg_vwrapper_1 align_center valign_middle\"><h3 class=\"w-post-elm post_title usg_post_title_1 has_text_color align_center entry-title color_link_inherit\">Fleischverwaltung<\/h3><\/div>\t\t<\/div>\r\n\t\t\t<\/article>\r\n\t<article class=\"w-grid-item size_1x1 post-26717 us_portfolio type-us_portfolio status-publish has-post-thumbnail hentry us_portfolio_category-revierwelt\" data-id=\"26717\">\r\n\t\t<div class=\"w-grid-item-h\" style=\"background:#f2f2f2;color:#486c4b;\">\r\n\t\t\t\t\t\t\t<a href=\"https:\/\/www.revierwelt.de\/index.php\/portfolio\/drueckjagd\/\" class=\"w-grid-item-anchor\" aria-label=\"Dr\u00fcckjagd\"><\/a>\r\n\t\t\t\t\t\t<div class=\"w-post-elm post_image usg_post_image_1 stretched\"><img loading=\"lazy\" decoding=\"async\" width=\"600\" height=\"600\" src=\"https:\/\/www.revierwelt.de\/wp-content\/uploads\/2020\/05\/DRU\u0308CKJAGD_qua.jpg\" class=\"attachment-us_600_0 size-us_600_0 wp-post-image\" alt=\"\" \/><\/div><div class=\"w-post-elm post_custom_field usg_post_custom_field_1 type_text  color_link_inherit has_border_radius\"><span class=\"w-post-elm-value\"><\/span><\/div><div class=\"w-vwrapper usg_vwrapper_1 align_center valign_middle\"><h3 class=\"w-post-elm post_title usg_post_title_1 has_text_color align_center entry-title color_link_inherit\">Dr\u00fcckjagd<\/h3><\/div>\t\t<\/div>\r\n\t\t\t<\/article>\r\n\t<article class=\"w-grid-item size_1x1 post-23142 us_portfolio type-us_portfolio status-publish has-post-thumbnail hentry us_portfolio_category-revierwelt\" data-id=\"23142\">\r\n\t\t<div class=\"w-grid-item-h\" style=\"background:#f2f2f2;color:#486c4b;\">\r\n\t\t\t\t\t\t\t<a href=\"https:\/\/www.revierwelt.de\/index.php\/portfolio\/revierverwaltung\/\" class=\"w-grid-item-anchor\" aria-label=\"Revierverwaltung\"><\/a>\r\n\t\t\t\t\t\t<div class=\"w-post-elm post_image usg_post_image_1 stretched\"><img loading=\"lazy\" decoding=\"async\" width=\"600\" height=\"600\" src=\"https:\/\/www.revierwelt.de\/wp-content\/uploads\/2018\/01\/revierverwaltung-1-1-600x600.jpg\" class=\"attachment-us_600_0 size-us_600_0 wp-post-image\" alt=\"\" srcset=\"https:\/\/www.revierwelt.de\/wp-content\/uploads\/2018\/01\/revierverwaltung-1-1-600x600.jpg 600w, https:\/\/www.revierwelt.de\/wp-content\/uploads\/2018\/01\/revierverwaltung-1-1-150x150.jpg 150w, https:\/\/www.revierwelt.de\/wp-content\/uploads\/2018\/01\/revierverwaltung-1-1-300x300.jpg 300w, https:\/\/www.revierwelt.de\/wp-content\/uploads\/2018\/01\/revierverwaltung-1-1-768x768.jpg 768w, https:\/\/www.revierwelt.de\/wp-content\/uploads\/2018\/01\/revierverwaltung-1-1.jpg 1024w, https:\/\/www.revierwelt.de\/wp-content\/uploads\/2018\/01\/revierverwaltung-1-1-180x180.jpg 180w, https:\/\/www.revierwelt.de\/wp-content\/uploads\/2018\/01\/revierverwaltung-1-1-350x350.jpg 350w\" sizes=\"auto, (max-width: 600px) 100vw, 600px\" \/><\/div><div class=\"w-post-elm post_custom_field usg_post_custom_field_1 type_text  color_link_inherit has_border_radius\"><span class=\"w-post-elm-value\"><\/span><\/div><div class=\"w-vwrapper usg_vwrapper_1 align_center valign_middle\"><h3 class=\"w-post-elm post_title usg_post_title_1 has_text_color align_center entry-title color_link_inherit\">Revierverwaltung<\/h3><\/div>\t\t<\/div>\r\n\t\t\t<\/article>\r\n\t<article class=\"w-grid-item size_1x1 post-331 us_portfolio type-us_portfolio status-publish has-post-thumbnail hentry us_portfolio_category-revierwelt\" data-id=\"331\">\r\n\t\t<div class=\"w-grid-item-h\" style=\"background:#f2f2f2;color:#486c4b;\">\r\n\t\t\t\t\t\t\t<a href=\"https:\/\/www.revierwelt.de\/index.php\/portfolio\/gps-hundeortung\/\" class=\"w-grid-item-anchor\" aria-label=\"GPS-Hundeortung\"><\/a>\r\n\t\t\t\t\t\t<div class=\"w-post-elm post_image usg_post_image_1 stretched\"><img loading=\"lazy\" decoding=\"async\" width=\"600\" height=\"600\" src=\"https:\/\/www.revierwelt.de\/wp-content\/uploads\/2018\/01\/Dru\u0308ckjagd_iphone_qua2.png\" class=\"attachment-us_600_0 size-us_600_0 wp-post-image\" alt=\"\" \/><\/div><div class=\"w-post-elm post_custom_field usg_post_custom_field_1 type_text  color_link_inherit has_border_radius\"><span class=\"w-post-elm-value\"><\/span><\/div><div class=\"w-vwrapper usg_vwrapper_1 align_center valign_middle\"><h3 class=\"w-post-elm post_title usg_post_title_1 has_text_color align_center entry-title color_link_inherit\">GPS-Hundeortung<\/h3><\/div>\t\t<\/div>\r\n\t\t\t<\/article>\r\n\t<article class=\"w-grid-item size_1x1 post-23138 us_portfolio type-us_portfolio status-publish has-post-thumbnail hentry us_portfolio_category-revierwelt\" data-id=\"23138\">\r\n\t\t<div class=\"w-grid-item-h\" style=\"background:#f2f2f2;color:#486c4b;\">\r\n\t\t\t\t\t\t\t<a href=\"https:\/\/www.revierwelt.de\/index.php\/portfolio\/wildkameras\/\" class=\"w-grid-item-anchor\" aria-label=\"Wildkameras\"><\/a>\r\n\t\t\t\t\t\t<div class=\"w-post-elm post_image usg_post_image_1 stretched\"><img loading=\"lazy\" decoding=\"async\" width=\"600\" height=\"600\" src=\"https:\/\/www.revierwelt.de\/wp-content\/uploads\/2018\/01\/WILDKAMERA_wald_qua.jpg\" class=\"attachment-us_600_0 size-us_600_0 wp-post-image\" alt=\"\" \/><\/div><div class=\"w-post-elm post_custom_field usg_post_custom_field_1 type_text  color_link_inherit has_border_radius\"><span class=\"w-post-elm-value\"><\/span><\/div><div class=\"w-vwrapper usg_vwrapper_1 align_center valign_middle\"><h3 class=\"w-post-elm post_title usg_post_title_1 has_text_color align_center entry-title color_link_inherit\">Wildkameras<\/h3><\/div>\t\t<\/div>\r\n\t\t\t<\/article>\r\n<\/div><div class=\"w-grid-preloader\">\t<div class=\"g-preloader type_1\">\r\n\t\t<div><\/div>\r\n\t<\/div>\r\n\t<\/div>\t<div class=\"w-grid-json hidden\" onclick='return {&quot;action&quot;:&quot;us_ajax_grid&quot;,&quot;infinite_scroll&quot;:0,&quot;max_num_pages&quot;:2,&quot;pagination&quot;:&quot;none&quot;,&quot;template_vars&quot;:{&quot;columns&quot;:&quot;5&quot;,&quot;exclude_items&quot;:&quot;none&quot;,&quot;img_size&quot;:&quot;us_600_0&quot;,&quot;ignore_items_size&quot;:0,&quot;items_layout&quot;:&quot;25853&quot;,&quot;items_offset&quot;:&quot;1&quot;,&quot;load_animation&quot;:&quot;none&quot;,&quot;overriding_link&quot;:&quot;%7B%22type%22%3A%22post%22%7D&quot;,&quot;post_id&quot;:0,&quot;query_args&quot;:{&quot;post_type&quot;:[&quot;us_portfolio&quot;],&quot;tax_query&quot;:[{&quot;taxonomy&quot;:&quot;us_portfolio_category&quot;,&quot;field&quot;:&quot;slug&quot;,&quot;terms&quot;:[&quot;revierwelt&quot;]}],&quot;post_status&quot;:[&quot;publish&quot;],&quot;posts_per_page&quot;:&quot;5&quot;},&quot;orderby_query_args&quot;:{&quot;orderby&quot;:{&quot;date&quot;:&quot;DESC&quot;}},&quot;type&quot;:&quot;grid&quot;,&quot;us_grid_post_type&quot;:&quot;us_portfolio&quot;,&quot;us_grid_ajax_index&quot;:1,&quot;us_grid_filter_query_string&quot;:null,&quot;us_grid_index&quot;:1,&quot;page_args&quot;:[]}}'><\/div>\r\n\t<\/div><\/div><\/div><\/div><\/div><\/div><\/section><section class=\"l-section wpb_row height_medium color_primary\"><div class=\"l-section-h i-cf\"><div class=\"g-cols vc_row via_flex valign_top type_default stacking_default\"><div class=\"vc_col-sm-12 wpb_column vc_column_container us_animate_afb\"><div class=\"vc_column-inner\"><div class=\"wpb_wrapper\"><div class=\"w-actionbox color_primary controls_right\"><div class=\"w-actionbox-text\"><h2 class=\"w-actionbox-title\">Sannf\u00e6r\u00f0u sj\u00e1lfan \u00feig um Revierwelt!<\/h2><\/div><div class=\"w-actionbox-controls\"><a class=\"w-btn us-btn-style_6 icon_atleft\" href=\"https:\/\/portal.revierwelt.de\/\" style=\"font-size:19px;\"><i class=\"fas fa-user-plus\"><\/i><span class=\"w-btn-label\">Skr\u00e1\u00f0u \u00feig n\u00fana!<\/span><\/a><\/div><\/div><\/div><\/div><\/div><\/div><\/div><\/section><section class=\"l-section wpb_row height_medium\"><div class=\"l-section-h i-cf\"><div class=\"g-cols vc_row via_flex valign_top type_default stacking_default\"><div class=\"vc_col-sm-12 wpb_column vc_column_container\"><div class=\"vc_column-inner\"><div class=\"wpb_wrapper\"><div class=\"wpb_text_column\"><div class=\"wpb_wrapper\"><\/div><\/div><\/div><\/div><\/div><\/div><\/div><\/section>\n","protected":false},"excerpt":{"rendered":"REVIERWELT. Wildkamera. Wissen, was l\u00e4uft. Sie k\u00f6nnen nicht rund um die Uhr im Revier sein, um zu wissen was l\u00e4uft. Eine Wildkamera mit GPRS-Funktion dagegen schon \u2013 ihre Bilder zeigen Ihnen, wo sich welches Wild momentan im Revier bewegt. Sie k\u00f6nnen fast jede am Markt erh\u00e4ltliche Kamera mit Revierwelt verwenden. Kameras der Revierwelt-Edition lassen sich...","protected":false},"author":4,"featured_media":0,"parent":0,"menu_order":0,"comment_status":"closed","ping_status":"closed","template":"","meta":{"footnotes":""},"class_list":["post-38203","page","type-page","status-publish","hentry"],"_links":{"self":[{"href":"https:\/\/www.revierwelt.de\/index.php\/wp-json\/wp\/v2\/pages\/38203","targetHints":{"allow":["GET"]}}],"collection":[{"href":"https:\/\/www.revierwelt.de\/index.php\/wp-json\/wp\/v2\/pages"}],"about":[{"href":"https:\/\/www.revierwelt.de\/index.php\/wp-json\/wp\/v2\/types\/page"}],"author":[{"embeddable":true,"href":"https:\/\/www.revierwelt.de\/index.php\/wp-json\/wp\/v2\/users\/4"}],"replies":[{"embeddable":true,"href":"https:\/\/www.revierwelt.de\/index.php\/wp-json\/wp\/v2\/comments?post=38203"}],"version-history":[{"count":0,"href":"https:\/\/www.revierwelt.de\/index.php\/wp-json\/wp\/v2\/pages\/38203\/revisions"}],"wp:attachment":[{"href":"https:\/\/www.revierwelt.de\/index.php\/wp-json\/wp\/v2\/media?parent=38203"}],"curies":[{"name":"wp","href":"https:\/\/api.w.org\/{rel}","templated":true}]}}