{"id":38201,"date":"2025-02-25T11:31:42","date_gmt":"2025-02-25T10:31:42","guid":{"rendered":"https:\/\/revierwelt.de\/index.php\/prezzi-2023\/"},"modified":"2025-02-25T11:32:03","modified_gmt":"2025-02-25T10:32:03","slug":"prezzi-2023","status":"publish","type":"page","link":"https:\/\/www.revierwelt.de\/index.php\/prezzi-2023\/?lang=it","title":{"rendered":"Prezzi 2023"},"content":{"rendered":"<section class=\"l-section wpb_row height_medium color_alternate\" id=\"inizio\"><div class=\"l-section-h i-cf\"><div class=\"g-cols vc_row via_flex valign_top type_default stacking_default\"><div class=\"vc_col-sm-12 wpb_column vc_column_container\"><div class=\"vc_column-inner\"><div class=\"wpb_wrapper\"><div class=\"wpb_text_column\"><div class=\"wpb_wrapper\"><h2 style=\"text-align: center;\"><strong>REVIERWELT.<\/strong>  Uno per tutti.<\/h2>\n<\/div><\/div><\/div><\/div><\/div><\/div><\/div><\/section><section class=\"l-section wpb_row height_auto width_full\"><div class=\"l-section-h i-cf\"><div class=\"g-cols vc_row via_flex valign_middle type_boxes stacking_default\"><div class=\"vc_col-sm-6 wpb_column vc_column_container us_animate_afl\"><div class=\"vc_column-inner\"><div class=\"wpb_wrapper\"><div class=\"wpb_text_column\"><div class=\"wpb_wrapper\"><h3>Utilizza il mondo dei terreni di caccia.<\/h3>\n<p class=\"p1\">Diversi pacchetti, personalizzati in base alle tue esigenze personali: Il pacchetto <strong><a href=\"#preise\">Pacchetto Standard<\/a><\/strong> per le piccole riserve di caccia con pochi compagni, il pi\u00f9 popolare <strong><a href=\"#preise\">pacchetto Plus<\/a>,<\/strong> che non lascia quasi nulla a desiderare, il pacchetto <strong><a href=\"#preise\">Pacchetto Professional<\/a><\/strong> con possibilit\u00e0 illimitate per grandi riserve di caccia, comunit\u00e0 di cacciatori, foreste e comuni.<\/p>\n<p class=\"p1\">I nostri pacchetti sono sempre validi per territorio, per 365 giorni e possono essere estesi su richiesta. Questo significa che non dovrai pi\u00f9 controllare se il pacchetto Revierwelt che hai scelto \u00e8 ancora attivo. Lo prorogheremo automaticamente per te e addebiteremo l&#8217;importo sul tuo conto corrente. Puoi passare da un pacchetto all&#8217;altro in qualsiasi momento: la durata residua di un pacchetto viene calcolata su base giornaliera.   <\/p>\n<p><span data-contrast=\"none\">A proposito: il tuo account Revierwelt e tutte le app Revierwelt sono gratuiti.  <\/span><span data-ccp-props=\"{\"134233117\":true,\"134233118\":true,\"201341983\":0,\"335559739\":160,\"335559740\":240}\"> <\/span><span data-contrast=\"none\">Il nostro servizio &#8222;Revierwelt Community&#8220; e il &#8222;Revierwelt Marketplace&#8220; sono gratuiti. Usa l&#8217;app   <\/span><span data-contrast=\"none\">&#8222;<\/span><span data-contrast=\"none\">Comunit\u00e0 di Revierwelt<\/span><span data-contrast=\"none\">&#8222;<\/span><span data-contrast=\"none\">per scambiare idee con altri cacciatori e rimanere aggiornati su tutti gli argomenti legati alla caccia. Oltre 150 aziende, associazioni, club e gruppi privati utilizzano l&#8217;area per presentarsi e presentarsi. <\/span><span data-ccp-props=\"{\"134233117\":true,\"134233118\":true,\"201341983\":0,\"335559739\":160,\"335559740\":240}\"> <\/span><\/p>\n<p><span data-contrast=\"none\">Nel &#8222;Mercatino di Revierwelt&#8220; troverai prodotti interessanti provenienti da diversi fornitori di negozi. Hai anche la possibilit\u00e0 di mettere in vendita i prodotti che non ti servono pi\u00f9 nella sezione annunci del mercato. Tramite il mercato dei giochi, puoi acquistare i tuoi giochi direttamente dall&#8217;amministrazione della caccia di Revierwelt.    <\/span><span data-contrast=\"none\">mercato.<\/span><span data-ccp-props=\"{\"134233117\":true,\"134233118\":true,\"201341983\":0,\"335559739\":160,\"335559740\":240}\"> <\/span><\/p>\n<p>Se utilizzi telecamere per la fauna selvatica, rilevatori di trappole o dispositivi di localizzazione con una carta SIM Revierwelt, puoi gestire queste carte prepagate tramite Revierwelt. Il rabbocco avviene tramite i cosiddetti add-on, che puoi acquistare anche da noi. Per i dispositivi dotati di scheda Telekom, il prezzo attuale della tariffa forfettaria annuale \u00e8 di 18\u20ac per i localizzatori GPS e di 28\u20ac per le telecamere per la fauna selvatica.<\/p>\n<\/div><\/div><\/div><\/div><\/div><div class=\"vc_col-sm-6 vc_hidden-xs wpb_column vc_column_container has_bg_color us_animate_afr\"><div class=\"vc_column-inner us_custom_4c7e5c31\"><div class=\"wpb_wrapper\"><div class=\"w-separator size_custom\" style=\"height:200px\"><\/div><\/div><\/div><\/div><\/div><\/div><\/section><section class=\"l-section wpb_row height_medium color_alternate\"><div class=\"l-section-h i-cf\"><div class=\"g-cols vc_row via_flex valign_top type_default stacking_default\"><div class=\"vc_col-sm-12 wpb_column vc_column_container\"><div class=\"vc_column-inner\"><div class=\"wpb_wrapper\"><div class=\"wpb_text_column\"><div class=\"wpb_wrapper\"><h2 id=\"preise\" style=\"text-align: center;\"><strong>REVIERWELT.<\/strong>  La tua chiave per una caccia di successo.<\/h2>\n<\/div><\/div><\/div><\/div><\/div><\/div><\/div><\/section><section class=\"l-section wpb_row height_medium\"><div class=\"l-section-h i-cf\"><div class=\"g-cols vc_row via_flex valign_top type_default stacking_default\"><div class=\"vc_col-sm-12 wpb_column vc_column_container\"><div class=\"vc_column-inner\"><div class=\"wpb_wrapper\"><div class=\"w-separator size_small\"><\/div><div class=\"w-pricing style_cards items_3\"><div class=\"w-pricing-item type_default\"><div class=\"w-pricing-item-h\"><div class=\"w-pricing-item-header\"><div class=\"w-pricing-item-title\">Revierwelt+Standard<\/div><div class=\"w-pricing-item-price\">3,50+\u20ac<small>al+mese+e+al+territorio<\/small><\/div><\/div><ul class=\"w-pricing-item-features\"><li class=\"w-pricing-item-feature\">Fino+a+5+membri+del+territorio<\/li><li class=\"w-pricing-item-feature\">Fino+a+5+dispositivi+di+monitoraggio<\/li><li class=\"w-pricing-item-feature\">Fino+a+3+localizzatori+GPS<\/li><li class=\"w-pricing-item-feature\">Uso+del+mercato+della+selvaggina<\/li><li class=\"w-pricing-item-feature\">Funzione+di+caccia+guidata<\/li><li class=\"w-pricing-item-feature\">Nessun+riconoscimento+automatico+della+selvaggina+sulle+immagini<\/li><li class=\"w-pricing-item-feature\"><hr><\/li><li class=\"w-pricing-item-feature\"><b>Esempio+con+5+utenti:<br>\u20ac3,50+\/+5+=+\u20ac0,70+per+utente<\/b><\/li><li class=\"w-pricing-item-feature\">+<\/li><li class=\"w-pricing-item-feature\">per+clienti+privati<\/li><\/ul><div class=\"w-pricing-item-footer\"><a class=\"w-btn us-btn-style_8 icon_atleft\" style=\"font-size:19px\" href=\"https:\/\/portal.revierwelt.de\/\"><i class=\"material-icons\">open_in_new<\/i><span class=\"w-btn-label\">Registrati+ora<\/span><\/a><\/div><\/div><\/div><div class=\"w-pricing-item type_featured\"><div class=\"w-pricing-item-h\"><div class=\"w-pricing-item-header\"><div class=\"w-pricing-item-title\">Revierwelt+Plus<\/div><div class=\"w-pricing-item-price\">6,90+\u20ac<small>al+mese+e+al+territorio<\/small><\/div><\/div><ul class=\"w-pricing-item-features\"><li class=\"w-pricing-item-feature\">Fino+a+30+membri+del+territorio<\/li><li class=\"w-pricing-item-feature\">Fino+a+10+dispositivi+di+monitoraggio<\/li><li class=\"w-pricing-item-feature\">Fino+a+5+localizzatori+GPS<\/li><li class=\"w-pricing-item-feature\">Utilizzo+del+mercato+della+selvaggina<\/li><li class=\"w-pricing-item-feature\">Riconoscimento+automatico+della+selvaggina+nelle+immagini<\/li><li class=\"w-pricing-item-feature\">Funzione+di+caccia+guidata<\/li><li class=\"w-pricing-item-feature\"><hr><\/li><li class=\"w-pricing-item-feature\"><b>Esempio+con+30+utenti:<br>\u20ac6,90+\/+30+=+\u20ac0,23+per+utente<\/b><\/li><li class=\"w-pricing-item-feature\">+<\/li><li class=\"w-pricing-item-feature\">per+clienti+privati<\/li><\/ul><div class=\"w-pricing-item-footer\"><a class=\"w-btn us-btn-style_9 icon_atleft\" style=\"font-size:19px\" href=\"https:\/\/portal.revierwelt.de\/\"><i class=\"material-icons\">open_in_new<\/i><span class=\"w-btn-label\">Registrati+ora<\/span><\/a><\/div><\/div><\/div><div class=\"w-pricing-item type_default\"><div class=\"w-pricing-item-h\"><div class=\"w-pricing-item-header\"><div class=\"w-pricing-item-title\">Revierwelt+Professional<\/div><div class=\"w-pricing-item-price\">16,50+\u20ac<small>al+mese+e+al+territorio<\/small><\/div><\/div><ul class=\"w-pricing-item-features\"><li class=\"w-pricing-item-feature\">membri+illimitati+della+riserva+di+caccia<\/li><li class=\"w-pricing-item-feature\">dispositivi+di+monitoraggio+illimitati<\/li><li class=\"w-pricing-item-feature\">localizzatore+GPS+illimitato<\/li><li class=\"w-pricing-item-feature\">uso+del+mercato+della+selvaggina<\/li><li class=\"w-pricing-item-feature\">riconoscimento+automatico+della+selvaggina+nelle+immagini<\/li><li class=\"w-pricing-item-feature\">articoli+illimitati+del+mercato+della+selvaggina<\/li><li class=\"w-pricing-item-feature\">funzione+di+caccia+guidata<\/li><li class=\"w-pricing-item-feature\"><hr><\/li><li class=\"w-pricing-item-feature\"><b>esempio+con+30+utenti:<br>\u20ac16,50+\/+30+=+\u20ac0,55+per+utente<\/b><\/li><li class=\"w-pricing-item-feature\">+<\/li><li class=\"w-pricing-item-feature\">per+aziende+e+privati<\/li><\/ul><div class=\"w-pricing-item-footer\"><a class=\"w-btn us-btn-style_8 icon_atleft\" style=\"font-size:19px\" href=\"https:\/\/portal.revierwelt.de\/\"><i class=\"material-icons\">open_in_new<\/i><span class=\"w-btn-label\">Registrati+ora<\/span><\/a><\/div><\/div><\/div><\/div><div class=\"w-separator size_large\"><\/div><div class=\"wpb_text_column\"><div class=\"wpb_wrapper\"><h3 style=\"text-align: center;\"><strong>Prova Revierwelt gratuitamente per 30 giorni!<\/strong><\/h3>\n<\/div><\/div><div class=\"w-separator size_small\"><\/div><div class=\"wpb_text_column\"><div class=\"wpb_wrapper\"><p style=\"text-align: center;\">I prezzi si intendono per territorio, IVA inclusa al 19%. Un utente paga, tutti i membri sono inclusi nel prezzo. I dispositivi di allarme sono rilevatori di trappole, rilevatori di kirr e telecamere di gioco.<\/p>\n<p style=\"text-align: center;\">Le applicazioni di Revierwelt sono disponibili gratuitamente su Playstore e AppStore.<\/p>\n<\/div><\/div><\/div><\/div><\/div><\/div><\/div><\/section><section class=\"l-section wpb_row height_medium color_alternate\"><div class=\"l-section-h i-cf\"><div class=\"g-cols vc_row via_flex valign_top type_default stacking_default\"><div class=\"vc_col-sm-12 wpb_column vc_column_container\"><div class=\"vc_column-inner\"><div class=\"wpb_wrapper\"><div class=\"wpb_text_column\"><div class=\"wpb_wrapper\"><h2 style=\"text-align: center;\"><strong>REVIERWELT.<\/strong>  Scopri.<\/h2>\n<\/div><\/div><\/div><\/div><\/div><\/div><\/div><\/section><section class=\"l-section wpb_row height_medium with_img parallax_ver\"><div class=\"l-section-img\" role=\"img\" data-img-width=\"1024\" data-img-height=\"683\" style=\"background-image: url(https:\/\/www.revierwelt.de\/wp-content\/uploads\/2018\/01\/170301-0001-2.jpg);\"><\/div><div class=\"l-section-overlay\" style=\"background:rgba(72,108,75,0.5)\"><\/div><div class=\"l-section-h i-cf\"><div class=\"g-cols vc_row via_flex valign_top type_default stacking_default\"><div class=\"vc_col-sm-12 wpb_column vc_column_container\"><div class=\"vc_column-inner\"><div class=\"wpb_wrapper\"><div class=\"w-grid type_grid layout_25853 cols_5 ratio_1x1\" id=\"us_grid_1\" style=\"--columns:5;--gap:2px;--item-ratio:1;\" data-filterable=\"true\"><style>@media (max-width:1380px){#us_grid_1{--columns:3!important}}@media (max-width:1024px){#us_grid_1{--columns:2!important}}@media (max-width:600px){#us_grid_1{--columns:1!important}}.layout_25853 .w-grid-item-h{}.layout_25853 .usg_post_custom_field_1{transition-duration:0.4s;transform-origin:50% 50%;transform:scale(0) translate(0,0);opacity:0}.layout_25853 .w-grid-item-h:hover .usg_post_custom_field_1{transform:scale(1.5) translate(0,0);opacity:1}.layout_25853 .usg_vwrapper_1{transition-duration:0.4s;transform-origin:50% 50%;transform:scale(0) translate(0,0);opacity:0}.layout_25853 .w-grid-item-h:hover .usg_vwrapper_1{transform:scale(1) translate(0,0);opacity:1}.layout_25853 .usg_post_image_1{position:absolute!important;top:0!important;right:0!important;bottom:0!important;left:0!important}.layout_25853 .usg_post_custom_field_1{position:absolute!important;top:0!important;right:0!important;bottom:0!important;left:0!important;border-radius:50!important;padding:2rem!important;background:inherit!important}.layout_25853 .usg_vwrapper_1{position:absolute!important;top:0!important;right:0!important;bottom:0!important;left:0!important;padding:2rem!important}.layout_25853 .usg_post_title_1{color:inherit!important}<\/style><div class=\"w-grid-list\">\t<article class=\"w-grid-item size_1x1 post-28473 us_portfolio type-us_portfolio status-publish has-post-thumbnail hentry us_portfolio_category-revierwelt\" data-id=\"28473\">\r\n\t\t<div class=\"w-grid-item-h\" style=\"background:#f2f2f2;color:#486c4b;\">\r\n\t\t\t\t\t\t\t<a href=\"https:\/\/www.revierwelt.de\/index.php\/portfolio\/fleischverwaltung\/\" class=\"w-grid-item-anchor\" aria-label=\"Fleischverwaltung\"><\/a>\r\n\t\t\t\t\t\t<div class=\"w-post-elm post_image usg_post_image_1 stretched\"><img loading=\"lazy\" decoding=\"async\" width=\"573\" height=\"573\" src=\"https:\/\/www.revierwelt.de\/wp-content\/uploads\/2022\/03\/frisches_wild_qua.png\" class=\"attachment-us_600_0 size-us_600_0 wp-post-image\" alt=\"\" \/><\/div><div class=\"w-post-elm post_custom_field usg_post_custom_field_1 type_text  color_link_inherit has_border_radius\"><span class=\"w-post-elm-value\"><\/span><\/div><div class=\"w-vwrapper usg_vwrapper_1 align_center valign_middle\"><h3 class=\"w-post-elm post_title usg_post_title_1 has_text_color align_center entry-title color_link_inherit\">Fleischverwaltung<\/h3><\/div>\t\t<\/div>\r\n\t\t\t<\/article>\r\n\t<article class=\"w-grid-item size_1x1 post-26717 us_portfolio type-us_portfolio status-publish has-post-thumbnail hentry us_portfolio_category-revierwelt\" data-id=\"26717\">\r\n\t\t<div class=\"w-grid-item-h\" style=\"background:#f2f2f2;color:#486c4b;\">\r\n\t\t\t\t\t\t\t<a href=\"https:\/\/www.revierwelt.de\/index.php\/portfolio\/drueckjagd\/\" class=\"w-grid-item-anchor\" aria-label=\"Dr\u00fcckjagd\"><\/a>\r\n\t\t\t\t\t\t<div class=\"w-post-elm post_image usg_post_image_1 stretched\"><img loading=\"lazy\" decoding=\"async\" width=\"600\" height=\"600\" src=\"https:\/\/www.revierwelt.de\/wp-content\/uploads\/2020\/05\/DRU\u0308CKJAGD_qua.jpg\" class=\"attachment-us_600_0 size-us_600_0 wp-post-image\" alt=\"\" \/><\/div><div class=\"w-post-elm post_custom_field usg_post_custom_field_1 type_text  color_link_inherit has_border_radius\"><span class=\"w-post-elm-value\"><\/span><\/div><div class=\"w-vwrapper usg_vwrapper_1 align_center valign_middle\"><h3 class=\"w-post-elm post_title usg_post_title_1 has_text_color align_center entry-title color_link_inherit\">Dr\u00fcckjagd<\/h3><\/div>\t\t<\/div>\r\n\t\t\t<\/article>\r\n\t<article class=\"w-grid-item size_1x1 post-23142 us_portfolio type-us_portfolio status-publish has-post-thumbnail hentry us_portfolio_category-revierwelt\" data-id=\"23142\">\r\n\t\t<div class=\"w-grid-item-h\" style=\"background:#f2f2f2;color:#486c4b;\">\r\n\t\t\t\t\t\t\t<a href=\"https:\/\/www.revierwelt.de\/index.php\/portfolio\/revierverwaltung\/\" class=\"w-grid-item-anchor\" aria-label=\"Revierverwaltung\"><\/a>\r\n\t\t\t\t\t\t<div class=\"w-post-elm post_image usg_post_image_1 stretched\"><img loading=\"lazy\" decoding=\"async\" width=\"600\" height=\"600\" src=\"https:\/\/www.revierwelt.de\/wp-content\/uploads\/2018\/01\/revierverwaltung-1-1-600x600.jpg\" class=\"attachment-us_600_0 size-us_600_0 wp-post-image\" alt=\"\" srcset=\"https:\/\/www.revierwelt.de\/wp-content\/uploads\/2018\/01\/revierverwaltung-1-1-600x600.jpg 600w, https:\/\/www.revierwelt.de\/wp-content\/uploads\/2018\/01\/revierverwaltung-1-1-150x150.jpg 150w, https:\/\/www.revierwelt.de\/wp-content\/uploads\/2018\/01\/revierverwaltung-1-1-300x300.jpg 300w, https:\/\/www.revierwelt.de\/wp-content\/uploads\/2018\/01\/revierverwaltung-1-1-768x768.jpg 768w, https:\/\/www.revierwelt.de\/wp-content\/uploads\/2018\/01\/revierverwaltung-1-1.jpg 1024w, https:\/\/www.revierwelt.de\/wp-content\/uploads\/2018\/01\/revierverwaltung-1-1-180x180.jpg 180w, https:\/\/www.revierwelt.de\/wp-content\/uploads\/2018\/01\/revierverwaltung-1-1-350x350.jpg 350w\" sizes=\"auto, (max-width: 600px) 100vw, 600px\" \/><\/div><div class=\"w-post-elm post_custom_field usg_post_custom_field_1 type_text  color_link_inherit has_border_radius\"><span class=\"w-post-elm-value\"><\/span><\/div><div class=\"w-vwrapper usg_vwrapper_1 align_center valign_middle\"><h3 class=\"w-post-elm post_title usg_post_title_1 has_text_color align_center entry-title color_link_inherit\">Revierverwaltung<\/h3><\/div>\t\t<\/div>\r\n\t\t\t<\/article>\r\n\t<article class=\"w-grid-item size_1x1 post-331 us_portfolio type-us_portfolio status-publish has-post-thumbnail hentry us_portfolio_category-revierwelt\" data-id=\"331\">\r\n\t\t<div class=\"w-grid-item-h\" style=\"background:#f2f2f2;color:#486c4b;\">\r\n\t\t\t\t\t\t\t<a href=\"https:\/\/www.revierwelt.de\/index.php\/portfolio\/gps-hundeortung\/\" class=\"w-grid-item-anchor\" aria-label=\"GPS-Hundeortung\"><\/a>\r\n\t\t\t\t\t\t<div class=\"w-post-elm post_image usg_post_image_1 stretched\"><img loading=\"lazy\" decoding=\"async\" width=\"600\" height=\"600\" src=\"https:\/\/www.revierwelt.de\/wp-content\/uploads\/2018\/01\/Dru\u0308ckjagd_iphone_qua2.png\" class=\"attachment-us_600_0 size-us_600_0 wp-post-image\" alt=\"\" \/><\/div><div class=\"w-post-elm post_custom_field usg_post_custom_field_1 type_text  color_link_inherit has_border_radius\"><span class=\"w-post-elm-value\"><\/span><\/div><div class=\"w-vwrapper usg_vwrapper_1 align_center valign_middle\"><h3 class=\"w-post-elm post_title usg_post_title_1 has_text_color align_center entry-title color_link_inherit\">GPS-Hundeortung<\/h3><\/div>\t\t<\/div>\r\n\t\t\t<\/article>\r\n\t<article class=\"w-grid-item size_1x1 post-23138 us_portfolio type-us_portfolio status-publish has-post-thumbnail hentry us_portfolio_category-revierwelt\" data-id=\"23138\">\r\n\t\t<div class=\"w-grid-item-h\" style=\"background:#f2f2f2;color:#486c4b;\">\r\n\t\t\t\t\t\t\t<a href=\"https:\/\/www.revierwelt.de\/index.php\/portfolio\/wildkameras\/\" class=\"w-grid-item-anchor\" aria-label=\"Wildkameras\"><\/a>\r\n\t\t\t\t\t\t<div class=\"w-post-elm post_image usg_post_image_1 stretched\"><img loading=\"lazy\" decoding=\"async\" width=\"600\" height=\"600\" src=\"https:\/\/www.revierwelt.de\/wp-content\/uploads\/2018\/01\/WILDKAMERA_wald_qua.jpg\" class=\"attachment-us_600_0 size-us_600_0 wp-post-image\" alt=\"\" \/><\/div><div class=\"w-post-elm post_custom_field usg_post_custom_field_1 type_text  color_link_inherit has_border_radius\"><span class=\"w-post-elm-value\"><\/span><\/div><div class=\"w-vwrapper usg_vwrapper_1 align_center valign_middle\"><h3 class=\"w-post-elm post_title usg_post_title_1 has_text_color align_center entry-title color_link_inherit\">Wildkameras<\/h3><\/div>\t\t<\/div>\r\n\t\t\t<\/article>\r\n<\/div><div class=\"w-grid-preloader\">\t<div class=\"g-preloader type_1\">\r\n\t\t<div><\/div>\r\n\t<\/div>\r\n\t<\/div>\t<div class=\"w-grid-json hidden\" onclick='return {&quot;action&quot;:&quot;us_ajax_grid&quot;,&quot;infinite_scroll&quot;:0,&quot;max_num_pages&quot;:2,&quot;pagination&quot;:&quot;none&quot;,&quot;template_vars&quot;:{&quot;columns&quot;:&quot;5&quot;,&quot;exclude_items&quot;:&quot;none&quot;,&quot;img_size&quot;:&quot;us_600_0&quot;,&quot;ignore_items_size&quot;:0,&quot;items_layout&quot;:&quot;25853&quot;,&quot;items_offset&quot;:&quot;1&quot;,&quot;load_animation&quot;:&quot;none&quot;,&quot;overriding_link&quot;:&quot;%7B%22type%22%3A%22post%22%7D&quot;,&quot;post_id&quot;:0,&quot;query_args&quot;:{&quot;post_type&quot;:[&quot;us_portfolio&quot;],&quot;tax_query&quot;:[{&quot;taxonomy&quot;:&quot;us_portfolio_category&quot;,&quot;field&quot;:&quot;slug&quot;,&quot;terms&quot;:[&quot;revierwelt&quot;]}],&quot;post_status&quot;:[&quot;publish&quot;],&quot;posts_per_page&quot;:&quot;5&quot;},&quot;orderby_query_args&quot;:{&quot;orderby&quot;:{&quot;date&quot;:&quot;DESC&quot;}},&quot;type&quot;:&quot;grid&quot;,&quot;us_grid_post_type&quot;:&quot;us_portfolio&quot;,&quot;us_grid_ajax_index&quot;:1,&quot;us_grid_filter_query_string&quot;:null,&quot;us_grid_index&quot;:1,&quot;page_args&quot;:[]}}'><\/div>\r\n\t<\/div><\/div><\/div><\/div><\/div><\/div><\/section><section class=\"l-section wpb_row height_medium color_primary\"><div class=\"l-section-h i-cf\"><div class=\"g-cols vc_row via_flex valign_top type_default stacking_default\"><div class=\"vc_col-sm-12 wpb_column vc_column_container us_animate_afb\"><div class=\"vc_column-inner\"><div class=\"wpb_wrapper\"><div class=\"w-actionbox color_primary controls_right\"><div class=\"w-actionbox-text\"><h2 class=\"w-actionbox-title\">Convinciti di Revierwelt!<\/h2><\/div><div class=\"w-actionbox-controls\"><a class=\"w-btn us-btn-style_6 icon_atleft\" href=\"https:\/\/portal.revierwelt.de\/\" style=\"font-size:19px;\"><i class=\"fas fa-user-plus\"><\/i><span class=\"w-btn-label\">Registrati ora!<\/span><\/a><\/div><\/div><\/div><\/div><\/div><\/div><\/div><\/section><section class=\"l-section wpb_row height_medium\"><div class=\"l-section-h i-cf\"><div class=\"g-cols vc_row via_flex valign_top type_default stacking_default\"><div class=\"vc_col-sm-12 wpb_column vc_column_container\"><div class=\"vc_column-inner\"><div class=\"wpb_wrapper\"><div class=\"wpb_text_column\"><div class=\"wpb_wrapper\"><\/div><\/div><\/div><\/div><\/div><\/div><\/div><\/section>\n","protected":false},"excerpt":{"rendered":"REVIERWELT. Wildkamera. Wissen, was l\u00e4uft. Sie k\u00f6nnen nicht rund um die Uhr im Revier sein, um zu wissen was l\u00e4uft. Eine Wildkamera mit GPRS-Funktion dagegen schon \u2013 ihre Bilder zeigen Ihnen, wo sich welches Wild momentan im Revier bewegt. Sie k\u00f6nnen fast jede am Markt erh\u00e4ltliche Kamera mit Revierwelt verwenden. Kameras der Revierwelt-Edition lassen sich...","protected":false},"author":4,"featured_media":0,"parent":0,"menu_order":0,"comment_status":"closed","ping_status":"closed","template":"","meta":{"footnotes":""},"class_list":["post-38201","page","type-page","status-publish","hentry"],"_links":{"self":[{"href":"https:\/\/www.revierwelt.de\/index.php\/wp-json\/wp\/v2\/pages\/38201","targetHints":{"allow":["GET"]}}],"collection":[{"href":"https:\/\/www.revierwelt.de\/index.php\/wp-json\/wp\/v2\/pages"}],"about":[{"href":"https:\/\/www.revierwelt.de\/index.php\/wp-json\/wp\/v2\/types\/page"}],"author":[{"embeddable":true,"href":"https:\/\/www.revierwelt.de\/index.php\/wp-json\/wp\/v2\/users\/4"}],"replies":[{"embeddable":true,"href":"https:\/\/www.revierwelt.de\/index.php\/wp-json\/wp\/v2\/comments?post=38201"}],"version-history":[{"count":0,"href":"https:\/\/www.revierwelt.de\/index.php\/wp-json\/wp\/v2\/pages\/38201\/revisions"}],"wp:attachment":[{"href":"https:\/\/www.revierwelt.de\/index.php\/wp-json\/wp\/v2\/media?parent=38201"}],"curies":[{"name":"wp","href":"https:\/\/api.w.org\/{rel}","templated":true}]}}