{"id":38160,"date":"2025-02-25T11:30:37","date_gmt":"2025-02-25T10:30:37","guid":{"rendered":"https:\/\/revierwelt.de\/index.php\/precos-2023\/"},"modified":"2025-02-25T11:31:09","modified_gmt":"2025-02-25T10:31:09","slug":"precos-2023","status":"publish","type":"page","link":"https:\/\/www.revierwelt.de\/index.php\/precos-2023\/?lang=pt-pt","title":{"rendered":"Pre\u00e7os 2023"},"content":{"rendered":"<section class=\"l-section wpb_row height_medium color_alternate\" id=\"come\u00e7a\"><div class=\"l-section-h i-cf\"><div class=\"g-cols vc_row via_flex valign_top type_default stacking_default\"><div class=\"vc_col-sm-12 wpb_column vc_column_container\"><div class=\"vc_column-inner\"><div class=\"wpb_wrapper\"><div class=\"wpb_text_column\"><div class=\"wpb_wrapper\"><h2 style=\"text-align: center;\"><strong>REVIERWELT.<\/strong>  Um para todos.<\/h2>\n<\/div><\/div><\/div><\/div><\/div><\/div><\/div><\/section><section class=\"l-section wpb_row height_auto width_full\"><div class=\"l-section-h i-cf\"><div class=\"g-cols vc_row via_flex valign_middle type_boxes stacking_default\"><div class=\"vc_col-sm-6 wpb_column vc_column_container us_animate_afl\"><div class=\"vc_column-inner\"><div class=\"wpb_wrapper\"><div class=\"wpb_text_column\"><div class=\"wpb_wrapper\"><h3>Utiliza o mundo dos terrenos de ca\u00e7a.<\/h3>\n<p class=\"p1\">Diferentes pacotes, adaptados \u00e0s tuas necessidades pessoais: O pacote <strong><a href=\"#preise\">pacote Standard<\/a><\/strong> para pequenas zonas de ca\u00e7a com poucos ca\u00e7adores, o <strong><a href=\"#preise\">pacote Plus<\/a><\/strong> mais popular <strong>,<\/strong> que n\u00e3o deixa quase nada a desejar, o <strong>pacote<\/strong> <strong><a href=\"#preise\">pacote Profissional<\/a><\/strong> com possibilidades ilimitadas para grandes zonas de ca\u00e7a, comunidades cineg\u00e9ticas, florestas e munic\u00edpios.<\/p>\n<p class=\"p1\">Os nossos pacotes s\u00e3o sempre v\u00e1lidos por territ\u00f3rio, durante 365 dias e podem ser prolongados a pedido. Isto significa que j\u00e1 n\u00e3o tens de verificar se o pacote Revierwelt que escolheste ainda est\u00e1 ativo. N\u00f3s prolongamo-lo automaticamente para ti e debitamos o montante da tua conta banc\u00e1ria. Podes alternar entre os diferentes pacotes a qualquer momento &#8211; o prazo restante de um pacote \u00e9 calculado diariamente.   <\/p>\n<p><span data-contrast=\"none\">A prop\u00f3sito &#8211; a tua conta Revierwelt e todas as aplica\u00e7\u00f5es Revierwelt s\u00e3o gratuitas.  <\/span><span data-ccp-props=\"{\"134233117\":true,\"134233118\":true,\"201341983\":0,\"335559739\":160,\"335559740\":240}\"> <\/span><span data-contrast=\"none\">O nosso servi\u00e7o &#8222;Revierwelt Community&#8220; e o &#8222;Revierwelt Marketplace&#8220; s\u00e3o gratuitos. Utiliza a aplica\u00e7\u00e3o   <\/span><span data-contrast=\"none\">&#8222;<\/span><span data-contrast=\"none\">Comunidade Revierwelt<\/span><span data-contrast=\"none\">&#8222;<\/span><span data-contrast=\"none\">para trocar ideias com outros ca\u00e7adores e manter-se atualizado sobre todos os temas relacionados com a ca\u00e7a. Mais de 150 empresas, associa\u00e7\u00f5es, clubes e grupos privados utilizam o espa\u00e7o para se apresentarem. <\/span><span data-ccp-props=\"{\"134233117\":true,\"134233118\":true,\"201341983\":0,\"335559739\":160,\"335559740\":240}\"> <\/span><\/p>\n<p><span data-contrast=\"none\">No &#8222;Revierwelt Marketplace&#8220; encontras produtos interessantes de v\u00e1rios fornecedores de lojas. Tamb\u00e9m tens a possibilidade de colocar \u00e0 venda produtos de que j\u00e1 n\u00e3o precisas na sec\u00e7\u00e3o de an\u00fancios do mercado. Atrav\u00e9s do mercado de jogos, podes comprar o teu jogo diretamente \u00e0 administra\u00e7\u00e3o de ca\u00e7a do Revierwelt.    <\/span><span data-contrast=\"none\">mercado.<\/span><span data-ccp-props=\"{\"134233117\":true,\"134233118\":true,\"201341983\":0,\"335559739\":160,\"335559740\":240}\"> <\/span><\/p>\n<p>Se utilizares c\u00e2maras de vida selvagem, detectores de armadilhas ou dispositivos de localiza\u00e7\u00e3o com um cart\u00e3o SIM Revierwelt, podes gerir estes cart\u00f5es pr\u00e9-pagos atrav\u00e9s do Revierwelt. O carregamento \u00e9 feito atrav\u00e9s dos chamados add-ons, que tamb\u00e9m podes adquirir connosco. Para os aparelhos com um cart\u00e3o Telekom, o pre\u00e7o atual da taxa fixa anual \u00e9 de 18 euros para os localizadores GPS e de 28 euros para as c\u00e2maras de vida selvagem.<\/p>\n<\/div><\/div><\/div><\/div><\/div><div class=\"vc_col-sm-6 vc_hidden-xs wpb_column vc_column_container has_bg_color us_animate_afr\"><div class=\"vc_column-inner us_custom_4c7e5c31\"><div class=\"wpb_wrapper\"><div class=\"w-separator size_custom\" style=\"height:200px\"><\/div><\/div><\/div><\/div><\/div><\/div><\/section><section class=\"l-section wpb_row height_medium color_alternate\"><div class=\"l-section-h i-cf\"><div class=\"g-cols vc_row via_flex valign_top type_default stacking_default\"><div class=\"vc_col-sm-12 wpb_column vc_column_container\"><div class=\"vc_column-inner\"><div class=\"wpb_wrapper\"><div class=\"wpb_text_column\"><div class=\"wpb_wrapper\"><h2 id=\"preise\" style=\"text-align: center;\"><strong>REVIERWELT.<\/strong>  A tua chave para uma ca\u00e7a bem sucedida.<\/h2>\n<\/div><\/div><\/div><\/div><\/div><\/div><\/div><\/section><section class=\"l-section wpb_row height_medium\"><div class=\"l-section-h i-cf\"><div class=\"g-cols vc_row via_flex valign_top type_default stacking_default\"><div class=\"vc_col-sm-12 wpb_column vc_column_container\"><div class=\"vc_column-inner\"><div class=\"wpb_wrapper\"><div class=\"w-separator size_small\"><\/div><div class=\"w-pricing style_cards items_3\"><div class=\"w-pricing-item type_default\"><div class=\"w-pricing-item-h\"><div class=\"w-pricing-item-header\"><div class=\"w-pricing-item-title\">Padr\u00e3o+Revierwelt<\/div><div class=\"w-pricing-item-price\">3,50+\u20ac<small>por+m\u00eas+e+por+territ\u00f3rio<\/small><\/div><\/div><ul class=\"w-pricing-item-features\"><li class=\"w-pricing-item-feature\">At\u00e9+5+membros+do+territ\u00f3rio<\/li><li class=\"w-pricing-item-feature\">At\u00e9+5+dispositivos+de+monitoriza\u00e7\u00e3o<\/li><li class=\"w-pricing-item-feature\">At\u00e9+3+localizadores+GPS<\/li><li class=\"w-pricing-item-feature\">Utiliza\u00e7\u00e3o+no+mercado+de+ca\u00e7a<\/li><li class=\"w-pricing-item-feature\">Fun\u00e7\u00e3o+de+ca\u00e7a+com+motor<\/li><li class=\"w-pricing-item-feature\">Sem+reconhecimento+autom\u00e1tico+de+ca\u00e7a+nas+imagens<\/li><li class=\"w-pricing-item-feature\"><hr><\/li><li class=\"w-pricing-item-feature\"><b>Exemplo+com+5+utilizadores:<br>\u20ac3,50+\/+5+=+\u20ac0,70+por+utilizador<\/b><\/li><li class=\"w-pricing-item-feature\">+<\/li><li class=\"w-pricing-item-feature\">para+clientes+privados<\/li><\/ul><div class=\"w-pricing-item-footer\"><a class=\"w-btn us-btn-style_8 icon_atleft\" style=\"font-size:19px\" href=\"https:\/\/portal.revierwelt.de\/\"><i class=\"material-icons\">open_in_new<\/i><span class=\"w-btn-label\">Regista-te+agora<\/span><\/a><\/div><\/div><\/div><div class=\"w-pricing-item type_featured\"><div class=\"w-pricing-item-h\"><div class=\"w-pricing-item-header\"><div class=\"w-pricing-item-title\">Revierwelt+Plus<\/div><div class=\"w-pricing-item-price\">6,90+\u20ac<small>por+m\u00eas+e+por+territ\u00f3rio<\/small><\/div><\/div><ul class=\"w-pricing-item-features\"><li class=\"w-pricing-item-feature\">At\u00e9+30+membros+do+territ\u00f3rio<\/li><li class=\"w-pricing-item-feature\">At\u00e9+10+dispositivos+de+monitoriza\u00e7\u00e3o<\/li><li class=\"w-pricing-item-feature\">At\u00e9+5+localizadores+GPS<\/li><li class=\"w-pricing-item-feature\">Utiliza\u00e7\u00e3o+no+mercado+da+ca\u00e7a<\/li><li class=\"w-pricing-item-feature\">Reconhecimento+autom\u00e1tico+da+ca\u00e7a+em+imagens<\/li><li class=\"w-pricing-item-feature\">Fun\u00e7\u00e3o+de+ca\u00e7a+com+motor<\/li><li class=\"w-pricing-item-feature\"><hr><\/li><li class=\"w-pricing-item-feature\"><b>Exemplo+com+30+utilizadores:<br>\u20ac6,90+\/+30+=+\u20ac0,23+por+utilizador<\/b><\/li><li class=\"w-pricing-item-feature\">+<\/li><li class=\"w-pricing-item-feature\">para+clientes+privados<\/li><\/ul><div class=\"w-pricing-item-footer\"><a class=\"w-btn us-btn-style_9 icon_atleft\" style=\"font-size:19px\" href=\"https:\/\/portal.revierwelt.de\/\"><i class=\"material-icons\">open_in_new<\/i><span class=\"w-btn-label\">Regista-te+agora<\/span><\/a><\/div><\/div><\/div><div class=\"w-pricing-item type_default\"><div class=\"w-pricing-item-h\"><div class=\"w-pricing-item-header\"><div class=\"w-pricing-item-title\">Revierwelt+Profissional<\/div><div class=\"w-pricing-item-price\">16,50+\u20ac<small>por+m\u00eas+e+por+territ\u00f3rio<\/small><\/div><\/div><ul class=\"w-pricing-item-features\"><li class=\"w-pricing-item-feature\">membros+ilimitados+do+terreno+de+ca\u00e7a<\/li><li class=\"w-pricing-item-feature\">dispositivos+de+monitoriza\u00e7\u00e3o+ilimitados<\/li><li class=\"w-pricing-item-feature\">localizador+GPS+ilimitado<\/li><li class=\"w-pricing-item-feature\">Utiliza\u00e7\u00e3o+do+mercado+de+ca\u00e7a<\/li><li class=\"w-pricing-item-feature\">reconhecimento+autom\u00e1tico+de+ca\u00e7a+em+imagens<\/li><li class=\"w-pricing-item-feature\">artigos+ilimitados+do+mercado+de+ca\u00e7a<\/li><li class=\"w-pricing-item-feature\">fun\u00e7\u00e3o+de+ca\u00e7a+conduzida<\/li><li class=\"w-pricing-item-feature\"><hr><\/li><li class=\"w-pricing-item-feature\"><b>Exemplo+com+30+utilizadores:<br>\u20ac16,50+\/+30+=+\u20ac0,55+por+utilizador<\/b><\/li><li class=\"w-pricing-item-feature\">+<\/li><li class=\"w-pricing-item-feature\">para+clientes+empresariais+e+privados<\/li><\/ul><div class=\"w-pricing-item-footer\"><a class=\"w-btn us-btn-style_8 icon_atleft\" style=\"font-size:19px\" href=\"https:\/\/portal.revierwelt.de\/\"><i class=\"material-icons\">open_in_new<\/i><span class=\"w-btn-label\">Regista-te+agora<\/span><\/a><\/div><\/div><\/div><\/div><div class=\"w-separator size_large\"><\/div><div class=\"wpb_text_column\"><div class=\"wpb_wrapper\"><h3 style=\"text-align: center;\"><strong>Testa o Revierwelt durante 30 dias gratuitamente!<\/strong><\/h3>\n<\/div><\/div><div class=\"w-separator size_small\"><\/div><div class=\"wpb_text_column\"><div class=\"wpb_wrapper\"><p style=\"text-align: center;\">Os pre\u00e7os s\u00e3o por territ\u00f3rio de instala\u00e7\u00e3o, incluindo 19% de IVA. Um utilizador paga, todos os membros est\u00e3o inclu\u00eddos no pre\u00e7o. Os dispositivos de alarme s\u00e3o detectores de armadilhas, detectores de kirr e c\u00e2maras de ca\u00e7a.<\/p>\n<p style=\"text-align: center;\">As aplica\u00e7\u00f5es do Revierwelt est\u00e3o dispon\u00edveis gratuitamente na Playstore e na AppStore.<\/p>\n<\/div><\/div><\/div><\/div><\/div><\/div><\/div><\/section><section class=\"l-section wpb_row height_medium color_alternate\"><div class=\"l-section-h i-cf\"><div class=\"g-cols vc_row via_flex valign_top type_default stacking_default\"><div class=\"vc_col-sm-12 wpb_column vc_column_container\"><div class=\"vc_column-inner\"><div class=\"wpb_wrapper\"><div class=\"wpb_text_column\"><div class=\"wpb_wrapper\"><h2 style=\"text-align: center;\"><strong>REVIERWELT.<\/strong>  Descobre.<\/h2>\n<\/div><\/div><\/div><\/div><\/div><\/div><\/div><\/section><section class=\"l-section wpb_row height_medium with_img parallax_ver\"><div class=\"l-section-img\" role=\"img\" data-img-width=\"1024\" data-img-height=\"683\" style=\"background-image: url(https:\/\/www.revierwelt.de\/wp-content\/uploads\/2018\/01\/170301-0001-2.jpg);\"><\/div><div class=\"l-section-overlay\" style=\"background:rgba(72,108,75,0.5)\"><\/div><div class=\"l-section-h i-cf\"><div class=\"g-cols vc_row via_flex valign_top type_default stacking_default\"><div class=\"vc_col-sm-12 wpb_column vc_column_container\"><div class=\"vc_column-inner\"><div class=\"wpb_wrapper\"><div class=\"w-grid type_grid layout_25853 cols_5 ratio_1x1\" id=\"us_grid_1\" style=\"--columns:5;--gap:2px;--item-ratio:1;\" data-filterable=\"true\"><style>@media (max-width:1380px){#us_grid_1{--columns:3!important}}@media (max-width:1024px){#us_grid_1{--columns:2!important}}@media (max-width:600px){#us_grid_1{--columns:1!important}}.layout_25853 .w-grid-item-h{}.layout_25853 .usg_post_custom_field_1{transition-duration:0.4s;transform-origin:50% 50%;transform:scale(0) translate(0,0);opacity:0}.layout_25853 .w-grid-item-h:hover .usg_post_custom_field_1{transform:scale(1.5) translate(0,0);opacity:1}.layout_25853 .usg_vwrapper_1{transition-duration:0.4s;transform-origin:50% 50%;transform:scale(0) translate(0,0);opacity:0}.layout_25853 .w-grid-item-h:hover .usg_vwrapper_1{transform:scale(1) translate(0,0);opacity:1}.layout_25853 .usg_post_image_1{position:absolute!important;top:0!important;right:0!important;bottom:0!important;left:0!important}.layout_25853 .usg_post_custom_field_1{position:absolute!important;top:0!important;right:0!important;bottom:0!important;left:0!important;border-radius:50!important;padding:2rem!important;background:inherit!important}.layout_25853 .usg_vwrapper_1{position:absolute!important;top:0!important;right:0!important;bottom:0!important;left:0!important;padding:2rem!important}.layout_25853 .usg_post_title_1{color:inherit!important}<\/style><div class=\"w-grid-list\">\t<article class=\"w-grid-item size_1x1 post-28473 us_portfolio type-us_portfolio status-publish has-post-thumbnail hentry us_portfolio_category-revierwelt\" data-id=\"28473\">\r\n\t\t<div class=\"w-grid-item-h\" style=\"background:#f2f2f2;color:#486c4b;\">\r\n\t\t\t\t\t\t\t<a href=\"https:\/\/www.revierwelt.de\/index.php\/portfolio\/fleischverwaltung\/\" class=\"w-grid-item-anchor\" aria-label=\"Fleischverwaltung\"><\/a>\r\n\t\t\t\t\t\t<div class=\"w-post-elm post_image usg_post_image_1 stretched\"><img loading=\"lazy\" decoding=\"async\" width=\"573\" height=\"573\" src=\"https:\/\/www.revierwelt.de\/wp-content\/uploads\/2022\/03\/frisches_wild_qua.png\" class=\"attachment-us_600_0 size-us_600_0 wp-post-image\" alt=\"\" \/><\/div><div class=\"w-post-elm post_custom_field usg_post_custom_field_1 type_text  color_link_inherit has_border_radius\"><span class=\"w-post-elm-value\"><\/span><\/div><div class=\"w-vwrapper usg_vwrapper_1 align_center valign_middle\"><h3 class=\"w-post-elm post_title usg_post_title_1 has_text_color align_center entry-title color_link_inherit\">Fleischverwaltung<\/h3><\/div>\t\t<\/div>\r\n\t\t\t<\/article>\r\n\t<article class=\"w-grid-item size_1x1 post-26717 us_portfolio type-us_portfolio status-publish has-post-thumbnail hentry us_portfolio_category-revierwelt\" data-id=\"26717\">\r\n\t\t<div class=\"w-grid-item-h\" style=\"background:#f2f2f2;color:#486c4b;\">\r\n\t\t\t\t\t\t\t<a href=\"https:\/\/www.revierwelt.de\/index.php\/portfolio\/drueckjagd\/\" class=\"w-grid-item-anchor\" aria-label=\"Dr\u00fcckjagd\"><\/a>\r\n\t\t\t\t\t\t<div class=\"w-post-elm post_image usg_post_image_1 stretched\"><img loading=\"lazy\" decoding=\"async\" width=\"600\" height=\"600\" src=\"https:\/\/www.revierwelt.de\/wp-content\/uploads\/2020\/05\/DRU\u0308CKJAGD_qua.jpg\" class=\"attachment-us_600_0 size-us_600_0 wp-post-image\" alt=\"\" \/><\/div><div class=\"w-post-elm post_custom_field usg_post_custom_field_1 type_text  color_link_inherit has_border_radius\"><span class=\"w-post-elm-value\"><\/span><\/div><div class=\"w-vwrapper usg_vwrapper_1 align_center valign_middle\"><h3 class=\"w-post-elm post_title usg_post_title_1 has_text_color align_center entry-title color_link_inherit\">Dr\u00fcckjagd<\/h3><\/div>\t\t<\/div>\r\n\t\t\t<\/article>\r\n\t<article class=\"w-grid-item size_1x1 post-23142 us_portfolio type-us_portfolio status-publish has-post-thumbnail hentry us_portfolio_category-revierwelt\" data-id=\"23142\">\r\n\t\t<div class=\"w-grid-item-h\" style=\"background:#f2f2f2;color:#486c4b;\">\r\n\t\t\t\t\t\t\t<a href=\"https:\/\/www.revierwelt.de\/index.php\/portfolio\/revierverwaltung\/\" class=\"w-grid-item-anchor\" aria-label=\"Revierverwaltung\"><\/a>\r\n\t\t\t\t\t\t<div class=\"w-post-elm post_image usg_post_image_1 stretched\"><img loading=\"lazy\" decoding=\"async\" width=\"600\" height=\"600\" src=\"https:\/\/www.revierwelt.de\/wp-content\/uploads\/2018\/01\/revierverwaltung-1-1-600x600.jpg\" class=\"attachment-us_600_0 size-us_600_0 wp-post-image\" alt=\"\" srcset=\"https:\/\/www.revierwelt.de\/wp-content\/uploads\/2018\/01\/revierverwaltung-1-1-600x600.jpg 600w, https:\/\/www.revierwelt.de\/wp-content\/uploads\/2018\/01\/revierverwaltung-1-1-150x150.jpg 150w, https:\/\/www.revierwelt.de\/wp-content\/uploads\/2018\/01\/revierverwaltung-1-1-300x300.jpg 300w, https:\/\/www.revierwelt.de\/wp-content\/uploads\/2018\/01\/revierverwaltung-1-1-768x768.jpg 768w, https:\/\/www.revierwelt.de\/wp-content\/uploads\/2018\/01\/revierverwaltung-1-1.jpg 1024w, https:\/\/www.revierwelt.de\/wp-content\/uploads\/2018\/01\/revierverwaltung-1-1-180x180.jpg 180w, https:\/\/www.revierwelt.de\/wp-content\/uploads\/2018\/01\/revierverwaltung-1-1-350x350.jpg 350w\" sizes=\"auto, (max-width: 600px) 100vw, 600px\" \/><\/div><div class=\"w-post-elm post_custom_field usg_post_custom_field_1 type_text  color_link_inherit has_border_radius\"><span class=\"w-post-elm-value\"><\/span><\/div><div class=\"w-vwrapper usg_vwrapper_1 align_center valign_middle\"><h3 class=\"w-post-elm post_title usg_post_title_1 has_text_color align_center entry-title color_link_inherit\">Revierverwaltung<\/h3><\/div>\t\t<\/div>\r\n\t\t\t<\/article>\r\n\t<article class=\"w-grid-item size_1x1 post-331 us_portfolio type-us_portfolio status-publish has-post-thumbnail hentry us_portfolio_category-revierwelt\" data-id=\"331\">\r\n\t\t<div class=\"w-grid-item-h\" style=\"background:#f2f2f2;color:#486c4b;\">\r\n\t\t\t\t\t\t\t<a href=\"https:\/\/www.revierwelt.de\/index.php\/portfolio\/gps-hundeortung\/\" class=\"w-grid-item-anchor\" aria-label=\"GPS-Hundeortung\"><\/a>\r\n\t\t\t\t\t\t<div class=\"w-post-elm post_image usg_post_image_1 stretched\"><img loading=\"lazy\" decoding=\"async\" width=\"600\" height=\"600\" src=\"https:\/\/www.revierwelt.de\/wp-content\/uploads\/2018\/01\/Dru\u0308ckjagd_iphone_qua2.png\" class=\"attachment-us_600_0 size-us_600_0 wp-post-image\" alt=\"\" \/><\/div><div class=\"w-post-elm post_custom_field usg_post_custom_field_1 type_text  color_link_inherit has_border_radius\"><span class=\"w-post-elm-value\"><\/span><\/div><div class=\"w-vwrapper usg_vwrapper_1 align_center valign_middle\"><h3 class=\"w-post-elm post_title usg_post_title_1 has_text_color align_center entry-title color_link_inherit\">GPS-Hundeortung<\/h3><\/div>\t\t<\/div>\r\n\t\t\t<\/article>\r\n\t<article class=\"w-grid-item size_1x1 post-23138 us_portfolio type-us_portfolio status-publish has-post-thumbnail hentry us_portfolio_category-revierwelt\" data-id=\"23138\">\r\n\t\t<div class=\"w-grid-item-h\" style=\"background:#f2f2f2;color:#486c4b;\">\r\n\t\t\t\t\t\t\t<a href=\"https:\/\/www.revierwelt.de\/index.php\/portfolio\/wildkameras\/\" class=\"w-grid-item-anchor\" aria-label=\"Wildkameras\"><\/a>\r\n\t\t\t\t\t\t<div class=\"w-post-elm post_image usg_post_image_1 stretched\"><img loading=\"lazy\" decoding=\"async\" width=\"600\" height=\"600\" src=\"https:\/\/www.revierwelt.de\/wp-content\/uploads\/2018\/01\/WILDKAMERA_wald_qua.jpg\" class=\"attachment-us_600_0 size-us_600_0 wp-post-image\" alt=\"\" \/><\/div><div class=\"w-post-elm post_custom_field usg_post_custom_field_1 type_text  color_link_inherit has_border_radius\"><span class=\"w-post-elm-value\"><\/span><\/div><div class=\"w-vwrapper usg_vwrapper_1 align_center valign_middle\"><h3 class=\"w-post-elm post_title usg_post_title_1 has_text_color align_center entry-title color_link_inherit\">Wildkameras<\/h3><\/div>\t\t<\/div>\r\n\t\t\t<\/article>\r\n<\/div><div class=\"w-grid-preloader\">\t<div class=\"g-preloader type_1\">\r\n\t\t<div><\/div>\r\n\t<\/div>\r\n\t<\/div>\t<div class=\"w-grid-json hidden\" onclick='return {&quot;action&quot;:&quot;us_ajax_grid&quot;,&quot;infinite_scroll&quot;:0,&quot;max_num_pages&quot;:2,&quot;pagination&quot;:&quot;none&quot;,&quot;template_vars&quot;:{&quot;columns&quot;:&quot;5&quot;,&quot;exclude_items&quot;:&quot;none&quot;,&quot;img_size&quot;:&quot;us_600_0&quot;,&quot;ignore_items_size&quot;:0,&quot;items_layout&quot;:&quot;25853&quot;,&quot;items_offset&quot;:&quot;1&quot;,&quot;load_animation&quot;:&quot;none&quot;,&quot;overriding_link&quot;:&quot;%7B%22type%22%3A%22post%22%7D&quot;,&quot;post_id&quot;:0,&quot;query_args&quot;:{&quot;post_type&quot;:[&quot;us_portfolio&quot;],&quot;tax_query&quot;:[{&quot;taxonomy&quot;:&quot;us_portfolio_category&quot;,&quot;field&quot;:&quot;slug&quot;,&quot;terms&quot;:[&quot;revierwelt&quot;]}],&quot;post_status&quot;:[&quot;publish&quot;],&quot;posts_per_page&quot;:&quot;5&quot;},&quot;orderby_query_args&quot;:{&quot;orderby&quot;:{&quot;date&quot;:&quot;DESC&quot;}},&quot;type&quot;:&quot;grid&quot;,&quot;us_grid_post_type&quot;:&quot;us_portfolio&quot;,&quot;us_grid_ajax_index&quot;:1,&quot;us_grid_filter_query_string&quot;:null,&quot;us_grid_index&quot;:1,&quot;page_args&quot;:[]}}'><\/div>\r\n\t<\/div><\/div><\/div><\/div><\/div><\/div><\/section><section class=\"l-section wpb_row height_medium color_primary\"><div class=\"l-section-h i-cf\"><div class=\"g-cols vc_row via_flex valign_top type_default stacking_default\"><div class=\"vc_col-sm-12 wpb_column vc_column_container us_animate_afb\"><div class=\"vc_column-inner\"><div class=\"wpb_wrapper\"><div class=\"w-actionbox color_primary controls_right\"><div class=\"w-actionbox-text\"><h2 class=\"w-actionbox-title\">Convence-te do Revierwelt!<\/h2><\/div><div class=\"w-actionbox-controls\"><a class=\"w-btn us-btn-style_6 icon_atleft\" href=\"https:\/\/portal.revierwelt.de\/\" style=\"font-size:19px;\"><i class=\"fas fa-user-plus\"><\/i><span class=\"w-btn-label\">Regista-te agora!<\/span><\/a><\/div><\/div><\/div><\/div><\/div><\/div><\/div><\/section><section class=\"l-section wpb_row height_medium\"><div class=\"l-section-h i-cf\"><div class=\"g-cols vc_row via_flex valign_top type_default stacking_default\"><div class=\"vc_col-sm-12 wpb_column vc_column_container\"><div class=\"vc_column-inner\"><div class=\"wpb_wrapper\"><div class=\"wpb_text_column\"><div class=\"wpb_wrapper\"><\/div><\/div><\/div><\/div><\/div><\/div><\/div><\/section>\n","protected":false},"excerpt":{"rendered":"REVIERWELT. Wildkamera. Wissen, was l\u00e4uft. Sie k\u00f6nnen nicht rund um die Uhr im Revier sein, um zu wissen was l\u00e4uft. Eine Wildkamera mit GPRS-Funktion dagegen schon \u2013 ihre Bilder zeigen Ihnen, wo sich welches Wild momentan im Revier bewegt. Sie k\u00f6nnen fast jede am Markt erh\u00e4ltliche Kamera mit Revierwelt verwenden. Kameras der Revierwelt-Edition lassen sich...","protected":false},"author":4,"featured_media":0,"parent":0,"menu_order":0,"comment_status":"closed","ping_status":"closed","template":"","meta":{"footnotes":""},"class_list":["post-38160","page","type-page","status-publish","hentry"],"_links":{"self":[{"href":"https:\/\/www.revierwelt.de\/index.php\/wp-json\/wp\/v2\/pages\/38160","targetHints":{"allow":["GET"]}}],"collection":[{"href":"https:\/\/www.revierwelt.de\/index.php\/wp-json\/wp\/v2\/pages"}],"about":[{"href":"https:\/\/www.revierwelt.de\/index.php\/wp-json\/wp\/v2\/types\/page"}],"author":[{"embeddable":true,"href":"https:\/\/www.revierwelt.de\/index.php\/wp-json\/wp\/v2\/users\/4"}],"replies":[{"embeddable":true,"href":"https:\/\/www.revierwelt.de\/index.php\/wp-json\/wp\/v2\/comments?post=38160"}],"version-history":[{"count":0,"href":"https:\/\/www.revierwelt.de\/index.php\/wp-json\/wp\/v2\/pages\/38160\/revisions"}],"wp:attachment":[{"href":"https:\/\/www.revierwelt.de\/index.php\/wp-json\/wp\/v2\/media?parent=38160"}],"curies":[{"name":"wp","href":"https:\/\/api.w.org\/{rel}","templated":true}]}}