{"id":37591,"date":"2025-02-25T11:22:28","date_gmt":"2025-02-25T10:22:28","guid":{"rendered":"https:\/\/revierwelt.de\/index.php\/co-je-revierwelt\/"},"modified":"2025-02-25T11:22:39","modified_gmt":"2025-02-25T10:22:39","slug":"co-je-revierwelt","status":"publish","type":"page","link":"https:\/\/www.revierwelt.de\/index.php\/co-je-revierwelt\/?lang=cs","title":{"rendered":"Co je Revierwelt?"},"content":{"rendered":"<section class=\"l-section wpb_row height_medium color_alternate\" id=\"za\u010d\u00edt\"><div class=\"l-section-h i-cf\"><div class=\"g-cols vc_row via_flex valign_top type_default stacking_default\"><div class=\"vc_col-sm-12 wpb_column vc_column_container\"><div class=\"vc_column-inner\"><div class=\"wpb_wrapper\"><div class=\"wpb_text_column\"><div class=\"wpb_wrapper\"><h2 style=\"text-align: center;\"><strong>REVIERWELT.<\/strong><\/h2>\n<\/div><\/div><\/div><\/div><\/div><\/div><\/div><\/section><section class=\"l-section wpb_row height_auto width_full\"><div class=\"l-section-h i-cf\"><div class=\"g-cols vc_row via_flex valign_middle type_boxes stacking_default\"><div class=\"vc_col-sm-6 wpb_column vc_column_container us_animate_afl\"><div class=\"vc_column-inner\"><div class=\"wpb_wrapper\"><div class=\"wpb_text_column\"><div class=\"wpb_wrapper\"><h5>Co je Revierwelt?<\/h5>\n<p>Revierwelt je s p\u0159ibli\u017en\u011b 100 000 p\u0159edplatiteli nejv\u011bt\u0161\u00edm poskytovatelem softwarov\u00fdch \u0159e\u0161en\u00ed pro ka\u017edodenn\u00ed lov a loveck\u00e9 rev\u00edry a je pravd\u011bpodobn\u011b jedinou platformou na sv\u011bt\u011b, kter\u00e1 v jednom programu spojuje <b>funkce <\/b> <b>spr\u00e1vy lovu <\/b>a <b>soci\u00e1ln\u00edch m\u00e9di\u00ed <\/b>. Revierwelt je vhodn\u00fd pro mal\u00e9 i velk\u00e9 honitby a tak\u00e9 pro komer\u010dn\u00ed u\u017eivatele, jako jsou m\u00edstn\u00ed \u00fa\u0159ady a sdru\u017een\u00ed. S v\u00edce ne\u017e 120 funkcemi nab\u00edz\u00ed Revierwelt v\u0161e, co pot\u0159ebujete pro ka\u017edodenn\u00ed lov, v\u010detn\u011b speci\u00e1ln\u00edch \u0159e\u0161en\u00ed pro komplexn\u00ed \u00fakoly, jako je sledov\u00e1n\u00ed GPS, pl\u00e1nov\u00e1n\u00ed \u0159\u00edzen\u00fdch lov\u016f, sledov\u00e1n\u00ed past\u00ed, p\u0159ipojen\u00ed kamery na zv\u011b\u0159 a messenger. Vynikaj\u00edc\u00ed je kombinace r\u016fzn\u00fdch aplikac\u00ed v jednom programu. Revierwelt nab\u00edz\u00ed v\u0161e na jednom m\u00edst\u011b &#8211; od koordinace lovu a p\u0159ipojen\u00ed IOT za\u0159\u00edzen\u00ed a\u017e po podrobn\u00e9 anal\u00fdzy v\u0161ech koncov\u00fdch za\u0159\u00edzen\u00ed.    <\/p>\n<h5>Kolik stoj\u00ed Revierwelt?<\/h5>\n<p>\u00da\u010det Revierwelt je zdarma. Jste-li \u010dlenem st\u00e1vaj\u00edc\u00edho loveck\u00e9ho rev\u00edru, m\u016f\u017eete vyu\u017e\u00edvat v\u00fdhod Revierweltu zdarma a b\u00fdt v kontaktu s lovci a loveck\u00fdmi nad\u0161enci po cel\u00e9m sv\u011bt\u011b. <\/p>\n<p>Nab\u00edz\u00edme r\u016fzn\u00e9 <a href=\"https:\/\/revierwelt.de\/index.php\/preise-2023\/\"><strong>bal\u00ed\u010dky<\/strong><\/a> v syst\u00e9mu p\u0159edplatn\u00e9ho, kter\u00e9 jsou p\u0159izp\u016fsobeny va\u0161im osobn\u00edm po\u017eadavk\u016fm:<\/p>\n<ul>\n<li><strong>standardn\u00ed bal\u00ed\u010dek<\/strong> pro mal\u00e9 loveck\u00e9 rev\u00edry s n\u011bkolika lovci, s p\u0159ipojen\u00edm monitorovac\u00edch za\u0159\u00edzen\u00ed a sledov\u00e1n\u00edm GPS,<\/li>\n<li><strong>bal\u00ed\u010dek Plus,<\/strong> kter\u00fd obsahuje GPS a monitorovac\u00ed funkce a kter\u00fd neponech\u00e1v\u00e1 nic n\u00e1hod\u011b,<\/li>\n<li><strong>profesion\u00e1ln\u00ed bal\u00ed\u010dek<\/strong> pro velk\u00e9 honitby, mysliveck\u00e1 sdru\u017een\u00ed, lesy a obce.<\/li>\n<\/ul>\n<\/div><\/div><\/div><\/div><\/div><div class=\"vc_col-sm-6 wpb_column vc_column_container has_bg_color us_animate_afr\"><div class=\"vc_column-inner us_custom_b53f5a27\"><div class=\"wpb_wrapper\"><div class=\"w-separator size_custom\" style=\"height:200px\"><\/div><\/div><\/div><\/div><\/div><\/div><\/section><section class=\"l-section wpb_row height_auto width_full\"><div class=\"l-section-h i-cf\"><div class=\"g-cols vc_row via_flex valign_middle type_boxes stacking_default\"><div class=\"vc_col-sm-6 vc_hidden-xs wpb_column vc_column_container has_bg_color us_animate_afl\"><div class=\"vc_column-inner us_custom_af2dc2ee\"><div class=\"wpb_wrapper\"><\/div><\/div><\/div><div class=\"vc_col-sm-6 wpb_column vc_column_container us_animate_afr\"><div class=\"vc_column-inner\"><div class=\"wpb_wrapper\"><div class=\"wpb_text_column\"><div class=\"wpb_wrapper\"><h5>Jak a kde mohu Revierwelt pou\u017e\u00edvat?<\/h5>\n<p>Revierwelt je slu\u017eba z cloudu, ke kter\u00e9 m\u016f\u017eete p\u0159istupovat prost\u0159ednictv\u00edm libovoln\u00e9ho webov\u00e9ho prohl\u00ed\u017ee\u010de na adrese revierwelt.de. Nen\u00ed proto nutn\u00e9 instalovat software do po\u010d\u00edta\u010de, tabletu nebo chytr\u00e9ho telefonu.  P\u0159\u00edstup k webu Revierwelt m\u016f\u017eete z\u00edskat tak\u00e9 na sv\u00e9m chytr\u00e9m telefonu nebo tabletu prost\u0159ednictv\u00edm libovoln\u00e9ho webov\u00e9ho prohl\u00ed\u017ee\u010de. Pou\u017e\u00edv\u00e1n\u00ed Revierweltu prost\u0159ednictv\u00edm na\u0161ich <a href=\"https:\/\/revierwelt.de\/index.php\/apps-und-software\/\" target=\"_blank\" rel=\"noopener\">aplikac\u00ed<\/a> je v\u0161ak mnohem pohodln\u011bj\u0161\u00ed. <\/p>\n<p>Nov\u00fd Revierwelt je z\u00e1kladem pro komplexn\u00ed digit\u00e1ln\u00ed spr\u00e1vu lovu, a to jako webov\u00e1 aplikace i jako mobiln\u00ed aplikace pro online i offline pou\u017eit\u00ed. Bylo realizov\u00e1no nespo\u010det vylep\u0161en\u00ed pro mobiln\u00ed pou\u017eit\u00ed v mysliveck\u00e9m provozu. Do v\u00fdvoje bylo zapracov\u00e1no mnoho podn\u011bt\u016f od na\u0161ich v\u011brn\u00fdch u\u017eivatel\u016f Revierweltu na vylep\u0161en\u00ed aplikace.  <\/p>\n<p>Krom\u011b aplikace Revierwelt s v\u00edce ne\u017e 120 funkcemi jsou k dispozici specializovan\u00e9 aplikace pro sledov\u00e1n\u00ed ps\u016f, kamery na zv\u011b\u0159, sledov\u00e1n\u00ed past\u00ed a \u0159\u00edzen\u00e9 lovy.<\/p>\n<p>A to nejlep\u0161\u00ed nakonec: v\u0161echny aplikace Revierwelt jsou k dispozici zdarma v <a href=\"https:\/\/play.google.com\/store\/apps\/developer?id=Revierwelt+Media+GmbH\" target=\"_blank\" rel=\"noopener\">obchodech Google Play<\/a> a <a href=\"https:\/\/apps.apple.com\/de\/developer\/revierwelt-media-gmbh\/id464658720\" target=\"_blank\" rel=\"noopener\">Apple Store<\/a>.<\/p>\n<\/div><\/div><\/div><\/div><\/div><\/div><\/div><\/section><section class=\"l-section wpb_row height_auto width_full\"><div class=\"l-section-h i-cf\"><div class=\"g-cols vc_row via_flex valign_middle type_boxes stacking_default\"><div class=\"vc_col-sm-6 wpb_column vc_column_container us_animate_afl\"><div class=\"vc_column-inner\"><div class=\"wpb_wrapper\"><div class=\"wpb_text_column\"><div class=\"wpb_wrapper\"><h5>Jak to funguje se spr\u00e1vou \u00fazem\u00ed?<\/h5>\n<p>Jakmile si zalo\u017e\u00edte u\u017eivatelsk\u00fd \u00fa\u010det u spole\u010dnosti Revierwelt, m\u016f\u017eete si vytvo\u0159it jeden nebo v\u00edce loveck\u00fdch rev\u00edr\u016f nebo se p\u0159ipojit k jednomu nebo v\u00edce st\u00e1vaj\u00edc\u00edm loveck\u00fdm rev\u00edr\u016fm.<\/p>\n<p>Z\u00e1kladem programu je mapa honitby s vyzna\u010den\u00edm hranic honitby a za\u0159\u00edzen\u00ed honitby (posed\u016f, krmn\u00fdch m\u00edst, ohnisek, bod\u016f z\u00e1jmu a tak\u00e9 detektor\u016f past\u00ed a kamer pro sledov\u00e1n\u00ed zv\u011b\u0159e). Stejn\u011b d\u016fle\u017eit\u00fd je samoz\u0159ejm\u011b i seznam tras s vazbami na masn\u00e9 hospod\u00e1\u0159stv\u00ed, pokladn\u00ed knihu a trh se zv\u011b\u0159inou. <\/p>\n<h5>Jak vytvo\u0159\u00edm mapu okresu?<\/h5>\n<p>Mapu okresu m\u016f\u017eete nakreslit p\u0159\u00edmo ve sv\u011bt\u011b okresu a pozd\u011bji ji upravit. Samoz\u0159ejm\u011b m\u016f\u017eete tak\u00e9 p\u0159\u00edmo importovat mnoho datov\u00fdch form\u00e1t\u016f, nap\u0159\u00edklad .kml. Lze integrovat i jin\u00e9 form\u00e1ty &#8211; sta\u010d\u00ed n\u00e1s kontaktovat.<\/p>\n<\/div><\/div><\/div><\/div><\/div><div class=\"vc_col-sm-6 wpb_column vc_column_container has_bg_color us_animate_afr\"><div class=\"vc_column-inner us_custom_6bab4c50\"><div class=\"wpb_wrapper\"><div class=\"w-separator size_custom\" style=\"height:200px\"><\/div><\/div><\/div><\/div><\/div><\/div><\/section><section class=\"l-section wpb_row height_auto width_full\"><div class=\"l-section-h i-cf\"><div class=\"g-cols vc_row via_flex valign_middle type_boxes stacking_default\"><div class=\"vc_col-sm-6 vc_hidden-xs wpb_column vc_column_container has_bg_color us_animate_afl\"><div class=\"vc_column-inner us_custom_06e4b8c2\"><div class=\"wpb_wrapper\"><div class=\"w-separator size_custom\" style=\"height:200px\"><\/div><\/div><\/div><\/div><div class=\"vc_col-sm-6 wpb_column vc_column_container us_animate_afr\"><div class=\"vc_column-inner\"><div class=\"wpb_wrapper\"><div class=\"wpb_text_column\"><div class=\"wpb_wrapper\"><h5>Jak mohu do sv\u00e9 honitby p\u0159ijmout dal\u0161\u00ed lovce?<\/h5>\n<p>Do sv\u00e9ho loveck\u00e9ho rev\u00edru m\u016f\u017eete p\u0159idat ka\u017ed\u00e9ho lovce, kter\u00fd je registrov\u00e1n u spole\u010dnosti Revierwelt. Ka\u017ed\u00e9mu lovci m\u016f\u017eete ud\u011blit r\u016fzn\u00e1 pr\u00e1va, v\u010detn\u011b pr\u00e1v moder\u00e1tora. Ostatn\u00edm lovc\u016fm m\u016f\u017eete tak\u00e9 ud\u011blit do\u010dasn\u00fd p\u0159\u00edstup pro hosty &#8211; ide\u00e1ln\u00ed nap\u0159\u00edklad pro honitbu.  <\/p>\n<p>S ostatn\u00edmi lovci uvnit\u0159 i vn\u011b Revierweltu se m\u016f\u017eete spojit prost\u0159ednictv\u00edm na\u0161\u00ed rozs\u00e1hl\u00e9 skupinov\u00e9 funkce a Messengeru &#8211; komunita Revierwelt kombinuje funkce WhatsApp a Facebooku na jednom m\u00edst\u011b.<\/p>\n<\/div><\/div><\/div><\/div><\/div><\/div><\/div><\/section><section class=\"l-section wpb_row height_medium color_alternate\"><div class=\"l-section-h i-cf\"><div class=\"g-cols vc_row via_flex valign_top type_default stacking_default\"><div class=\"vc_col-sm-12 wpb_column vc_column_container\"><div class=\"vc_column-inner\"><div class=\"wpb_wrapper\"><div class=\"wpb_text_column\"><div class=\"wpb_wrapper\"><h2 style=\"text-align: center;\"><strong>REVIERWELT.<\/strong>  Objevte.<\/h2>\n<\/div><\/div><\/div><\/div><\/div><\/div><\/div><\/section><section class=\"l-section wpb_row height_medium with_img parallax_ver\"><div class=\"l-section-img\" role=\"img\" data-img-width=\"1024\" data-img-height=\"683\" style=\"background-image: url(https:\/\/www.revierwelt.de\/wp-content\/uploads\/2018\/01\/170301-0001-2.jpg);\"><\/div><div class=\"l-section-overlay\" style=\"background:rgba(72,108,75,0.5)\"><\/div><div class=\"l-section-h i-cf\"><div class=\"g-cols vc_row via_flex valign_top type_default stacking_default\"><div class=\"vc_col-sm-12 wpb_column vc_column_container\"><div class=\"vc_column-inner\"><div class=\"wpb_wrapper\"><div class=\"w-grid type_grid layout_25853 cols_5 ratio_1x1\" id=\"us_grid_1\" style=\"--columns:5;--gap:2px;--item-ratio:1;\" data-filterable=\"true\"><style>@media (max-width:1380px){#us_grid_1{--columns:3!important}}@media (max-width:1024px){#us_grid_1{--columns:2!important}}@media (max-width:600px){#us_grid_1{--columns:1!important}}.layout_25853 .w-grid-item-h{}.layout_25853 .usg_post_custom_field_1{transition-duration:0.4s;transform-origin:50% 50%;transform:scale(0) translate(0,0);opacity:0}.layout_25853 .w-grid-item-h:hover .usg_post_custom_field_1{transform:scale(1.5) translate(0,0);opacity:1}.layout_25853 .usg_vwrapper_1{transition-duration:0.4s;transform-origin:50% 50%;transform:scale(0) translate(0,0);opacity:0}.layout_25853 .w-grid-item-h:hover .usg_vwrapper_1{transform:scale(1) translate(0,0);opacity:1}.layout_25853 .usg_post_image_1{position:absolute!important;top:0!important;right:0!important;bottom:0!important;left:0!important}.layout_25853 .usg_post_custom_field_1{position:absolute!important;top:0!important;right:0!important;bottom:0!important;left:0!important;border-radius:50!important;padding:2rem!important;background:inherit!important}.layout_25853 .usg_vwrapper_1{position:absolute!important;top:0!important;right:0!important;bottom:0!important;left:0!important;padding:2rem!important}.layout_25853 .usg_post_title_1{color:inherit!important}<\/style><div class=\"w-grid-list\">\t<article class=\"w-grid-item size_1x1 post-28473 us_portfolio type-us_portfolio status-publish has-post-thumbnail hentry us_portfolio_category-revierwelt\" data-id=\"28473\">\r\n\t\t<div class=\"w-grid-item-h\" style=\"background:#f2f2f2;color:#486c4b;\">\r\n\t\t\t\t\t\t\t<a href=\"https:\/\/www.revierwelt.de\/index.php\/portfolio\/fleischverwaltung\/\" class=\"w-grid-item-anchor\" aria-label=\"Fleischverwaltung\"><\/a>\r\n\t\t\t\t\t\t<div class=\"w-post-elm post_image usg_post_image_1 stretched\"><img loading=\"lazy\" decoding=\"async\" width=\"573\" height=\"573\" src=\"https:\/\/www.revierwelt.de\/wp-content\/uploads\/2022\/03\/frisches_wild_qua.png\" class=\"attachment-us_600_0 size-us_600_0 wp-post-image\" alt=\"\" \/><\/div><div class=\"w-post-elm post_custom_field usg_post_custom_field_1 type_text  color_link_inherit has_border_radius\"><span class=\"w-post-elm-value\"><\/span><\/div><div class=\"w-vwrapper usg_vwrapper_1 align_center valign_middle\"><h3 class=\"w-post-elm post_title usg_post_title_1 has_text_color align_center entry-title color_link_inherit\">Fleischverwaltung<\/h3><\/div>\t\t<\/div>\r\n\t\t\t<\/article>\r\n\t<article class=\"w-grid-item size_1x1 post-26717 us_portfolio type-us_portfolio status-publish has-post-thumbnail hentry us_portfolio_category-revierwelt\" data-id=\"26717\">\r\n\t\t<div class=\"w-grid-item-h\" style=\"background:#f2f2f2;color:#486c4b;\">\r\n\t\t\t\t\t\t\t<a href=\"https:\/\/www.revierwelt.de\/index.php\/portfolio\/drueckjagd\/\" class=\"w-grid-item-anchor\" aria-label=\"Dr\u00fcckjagd\"><\/a>\r\n\t\t\t\t\t\t<div class=\"w-post-elm post_image usg_post_image_1 stretched\"><img loading=\"lazy\" decoding=\"async\" width=\"600\" height=\"600\" src=\"https:\/\/www.revierwelt.de\/wp-content\/uploads\/2020\/05\/DRU\u0308CKJAGD_qua.jpg\" class=\"attachment-us_600_0 size-us_600_0 wp-post-image\" alt=\"\" \/><\/div><div class=\"w-post-elm post_custom_field usg_post_custom_field_1 type_text  color_link_inherit has_border_radius\"><span class=\"w-post-elm-value\"><\/span><\/div><div class=\"w-vwrapper usg_vwrapper_1 align_center valign_middle\"><h3 class=\"w-post-elm post_title usg_post_title_1 has_text_color align_center entry-title color_link_inherit\">Dr\u00fcckjagd<\/h3><\/div>\t\t<\/div>\r\n\t\t\t<\/article>\r\n\t<article class=\"w-grid-item size_1x1 post-23142 us_portfolio type-us_portfolio status-publish has-post-thumbnail hentry us_portfolio_category-revierwelt\" data-id=\"23142\">\r\n\t\t<div class=\"w-grid-item-h\" style=\"background:#f2f2f2;color:#486c4b;\">\r\n\t\t\t\t\t\t\t<a href=\"https:\/\/www.revierwelt.de\/index.php\/portfolio\/revierverwaltung\/\" class=\"w-grid-item-anchor\" aria-label=\"Revierverwaltung\"><\/a>\r\n\t\t\t\t\t\t<div class=\"w-post-elm post_image usg_post_image_1 stretched\"><img loading=\"lazy\" decoding=\"async\" width=\"600\" height=\"600\" src=\"https:\/\/www.revierwelt.de\/wp-content\/uploads\/2018\/01\/revierverwaltung-1-1-600x600.jpg\" class=\"attachment-us_600_0 size-us_600_0 wp-post-image\" alt=\"\" srcset=\"https:\/\/www.revierwelt.de\/wp-content\/uploads\/2018\/01\/revierverwaltung-1-1-600x600.jpg 600w, https:\/\/www.revierwelt.de\/wp-content\/uploads\/2018\/01\/revierverwaltung-1-1-150x150.jpg 150w, https:\/\/www.revierwelt.de\/wp-content\/uploads\/2018\/01\/revierverwaltung-1-1-300x300.jpg 300w, https:\/\/www.revierwelt.de\/wp-content\/uploads\/2018\/01\/revierverwaltung-1-1-768x768.jpg 768w, https:\/\/www.revierwelt.de\/wp-content\/uploads\/2018\/01\/revierverwaltung-1-1.jpg 1024w, https:\/\/www.revierwelt.de\/wp-content\/uploads\/2018\/01\/revierverwaltung-1-1-180x180.jpg 180w, https:\/\/www.revierwelt.de\/wp-content\/uploads\/2018\/01\/revierverwaltung-1-1-350x350.jpg 350w\" sizes=\"auto, (max-width: 600px) 100vw, 600px\" \/><\/div><div class=\"w-post-elm post_custom_field usg_post_custom_field_1 type_text  color_link_inherit has_border_radius\"><span class=\"w-post-elm-value\"><\/span><\/div><div class=\"w-vwrapper usg_vwrapper_1 align_center valign_middle\"><h3 class=\"w-post-elm post_title usg_post_title_1 has_text_color align_center entry-title color_link_inherit\">Revierverwaltung<\/h3><\/div>\t\t<\/div>\r\n\t\t\t<\/article>\r\n\t<article class=\"w-grid-item size_1x1 post-331 us_portfolio type-us_portfolio status-publish has-post-thumbnail hentry us_portfolio_category-revierwelt\" data-id=\"331\">\r\n\t\t<div class=\"w-grid-item-h\" style=\"background:#f2f2f2;color:#486c4b;\">\r\n\t\t\t\t\t\t\t<a href=\"https:\/\/www.revierwelt.de\/index.php\/portfolio\/gps-hundeortung\/\" class=\"w-grid-item-anchor\" aria-label=\"GPS-Hundeortung\"><\/a>\r\n\t\t\t\t\t\t<div class=\"w-post-elm post_image usg_post_image_1 stretched\"><img loading=\"lazy\" decoding=\"async\" width=\"600\" height=\"600\" src=\"https:\/\/www.revierwelt.de\/wp-content\/uploads\/2018\/01\/Dru\u0308ckjagd_iphone_qua2.png\" class=\"attachment-us_600_0 size-us_600_0 wp-post-image\" alt=\"\" \/><\/div><div class=\"w-post-elm post_custom_field usg_post_custom_field_1 type_text  color_link_inherit has_border_radius\"><span class=\"w-post-elm-value\"><\/span><\/div><div class=\"w-vwrapper usg_vwrapper_1 align_center valign_middle\"><h3 class=\"w-post-elm post_title usg_post_title_1 has_text_color align_center entry-title color_link_inherit\">GPS-Hundeortung<\/h3><\/div>\t\t<\/div>\r\n\t\t\t<\/article>\r\n\t<article class=\"w-grid-item size_1x1 post-23138 us_portfolio type-us_portfolio status-publish has-post-thumbnail hentry us_portfolio_category-revierwelt\" data-id=\"23138\">\r\n\t\t<div class=\"w-grid-item-h\" style=\"background:#f2f2f2;color:#486c4b;\">\r\n\t\t\t\t\t\t\t<a href=\"https:\/\/www.revierwelt.de\/index.php\/portfolio\/wildkameras\/\" class=\"w-grid-item-anchor\" aria-label=\"Wildkameras\"><\/a>\r\n\t\t\t\t\t\t<div class=\"w-post-elm post_image usg_post_image_1 stretched\"><img loading=\"lazy\" decoding=\"async\" width=\"600\" height=\"600\" src=\"https:\/\/www.revierwelt.de\/wp-content\/uploads\/2018\/01\/WILDKAMERA_wald_qua.jpg\" class=\"attachment-us_600_0 size-us_600_0 wp-post-image\" alt=\"\" \/><\/div><div class=\"w-post-elm post_custom_field usg_post_custom_field_1 type_text  color_link_inherit has_border_radius\"><span class=\"w-post-elm-value\"><\/span><\/div><div class=\"w-vwrapper usg_vwrapper_1 align_center valign_middle\"><h3 class=\"w-post-elm post_title usg_post_title_1 has_text_color align_center entry-title color_link_inherit\">Wildkameras<\/h3><\/div>\t\t<\/div>\r\n\t\t\t<\/article>\r\n<\/div><div class=\"w-grid-preloader\">\t<div class=\"g-preloader type_1\">\r\n\t\t<div><\/div>\r\n\t<\/div>\r\n\t<\/div>\t<div class=\"w-grid-json hidden\" onclick='return {&quot;action&quot;:&quot;us_ajax_grid&quot;,&quot;infinite_scroll&quot;:0,&quot;max_num_pages&quot;:2,&quot;pagination&quot;:&quot;none&quot;,&quot;template_vars&quot;:{&quot;columns&quot;:&quot;5&quot;,&quot;exclude_items&quot;:&quot;none&quot;,&quot;img_size&quot;:&quot;us_600_0&quot;,&quot;ignore_items_size&quot;:0,&quot;items_layout&quot;:&quot;25853&quot;,&quot;items_offset&quot;:&quot;1&quot;,&quot;load_animation&quot;:&quot;none&quot;,&quot;overriding_link&quot;:&quot;%7B%22type%22%3A%22post%22%7D&quot;,&quot;post_id&quot;:0,&quot;query_args&quot;:{&quot;post_type&quot;:[&quot;us_portfolio&quot;],&quot;tax_query&quot;:[{&quot;taxonomy&quot;:&quot;us_portfolio_category&quot;,&quot;field&quot;:&quot;slug&quot;,&quot;terms&quot;:[&quot;revierwelt&quot;]}],&quot;post_status&quot;:[&quot;publish&quot;],&quot;posts_per_page&quot;:&quot;5&quot;},&quot;orderby_query_args&quot;:{&quot;orderby&quot;:{&quot;date&quot;:&quot;DESC&quot;}},&quot;type&quot;:&quot;grid&quot;,&quot;us_grid_post_type&quot;:&quot;us_portfolio&quot;,&quot;us_grid_ajax_index&quot;:1,&quot;us_grid_filter_query_string&quot;:null,&quot;us_grid_index&quot;:1,&quot;page_args&quot;:[]}}'><\/div>\r\n\t<\/div><\/div><\/div><\/div><\/div><\/div><\/section><section class=\"l-section wpb_row height_medium color_primary\"><div class=\"l-section-h i-cf\"><div class=\"g-cols vc_row via_flex valign_top type_default stacking_default\"><div class=\"vc_col-sm-12 wpb_column vc_column_container us_animate_afb\"><div class=\"vc_column-inner\"><div class=\"wpb_wrapper\"><div class=\"w-actionbox color_primary controls_right\"><div class=\"w-actionbox-text\"><h2 class=\"w-actionbox-title\">P\u0159esv\u011bd\u010dte se o Revierweltu!<\/h2><\/div><div class=\"w-actionbox-controls\"><a class=\"w-btn us-btn-style_6 icon_atleft\" href=\"https:\/\/portal.revierwelt.de\/\" style=\"font-size:19px;\"><i class=\"fas fa-user-plus\"><\/i><span class=\"w-btn-label\">Zaregistrujte se nyn\u00ed!<\/span><\/a><\/div><\/div><\/div><\/div><\/div><\/div><\/div><\/section>\n","protected":false},"excerpt":{"rendered":"REVIERWELT. Wildkamera. Wissen, was l\u00e4uft. Sie k\u00f6nnen nicht rund um die Uhr im Revier sein, um zu wissen was l\u00e4uft. Eine Wildkamera mit GPRS-Funktion dagegen schon \u2013 ihre Bilder zeigen Ihnen, wo sich welches Wild momentan im Revier bewegt. Sie k\u00f6nnen fast jede am Markt erh\u00e4ltliche Kamera mit Revierwelt verwenden. Kameras der Revierwelt-Edition lassen sich...","protected":false},"author":4,"featured_media":0,"parent":0,"menu_order":0,"comment_status":"closed","ping_status":"closed","template":"","meta":{"footnotes":""},"class_list":["post-37591","page","type-page","status-publish","hentry"],"_links":{"self":[{"href":"https:\/\/www.revierwelt.de\/index.php\/wp-json\/wp\/v2\/pages\/37591","targetHints":{"allow":["GET"]}}],"collection":[{"href":"https:\/\/www.revierwelt.de\/index.php\/wp-json\/wp\/v2\/pages"}],"about":[{"href":"https:\/\/www.revierwelt.de\/index.php\/wp-json\/wp\/v2\/types\/page"}],"author":[{"embeddable":true,"href":"https:\/\/www.revierwelt.de\/index.php\/wp-json\/wp\/v2\/users\/4"}],"replies":[{"embeddable":true,"href":"https:\/\/www.revierwelt.de\/index.php\/wp-json\/wp\/v2\/comments?post=37591"}],"version-history":[{"count":0,"href":"https:\/\/www.revierwelt.de\/index.php\/wp-json\/wp\/v2\/pages\/37591\/revisions"}],"wp:attachment":[{"href":"https:\/\/www.revierwelt.de\/index.php\/wp-json\/wp\/v2\/media?parent=37591"}],"curies":[{"name":"wp","href":"https:\/\/api.w.org\/{rel}","templated":true}]}}