{"id":37199,"date":"2025-02-25T11:17:55","date_gmt":"2025-02-25T10:17:55","guid":{"rendered":"https:\/\/revierwelt.de\/index.php\/tietosuojakaeytaentoe\/"},"modified":"2025-02-25T11:18:07","modified_gmt":"2025-02-25T10:18:07","slug":"tietosuojakaeytaentoe","status":"publish","type":"page","link":"https:\/\/www.revierwelt.de\/index.php\/tietosuojakaeytaentoe\/?lang=fi","title":{"rendered":"Tietosuojak\u00e4yt\u00e4nt\u00f6"},"content":{"rendered":"<section class=\"l-section wpb_row height_medium\"><div class=\"l-section-h i-cf\"><div class=\"g-cols vc_row via_flex valign_top type_default stacking_default\"><div class=\"vc_col-sm-12 wpb_column vc_column_container\"><div class=\"vc_column-inner\"><div class=\"wpb_wrapper\"><div class=\"wpb_text_column\"><div class=\"wpb_wrapper\"><p>Me, Revierwelt Media GmbH, odotamme innolla vierailuasi verkkosivuillamme, joilla on kattava mets\u00e4stykseen liittyvien palveluiden online-tarjonta. Revierwelt Media tarjoaa mets\u00e4stysalueiden hallintaohjelmistoa &#8222;REVIERWELT&#8220;, johon on integroitu sosiaalinen verkosto ja mahdollisuus verkkoviestint\u00e4\u00e4n. REVIERWELT multimediapalveluiden valikoimaa t\u00e4ydent\u00e4\u00e4 verkkokauppa, josta voi ostaa REVIERWELT -palvelun k\u00e4ytt\u00f6\u00f6n liittyvi\u00e4 tuotteita, jotka on tiivistetty j\u00e4ljemp\u00e4n\u00e4 &#8222;palveluiksi&#8220;.  <\/p>\n<p>Henkil\u00f6tietojesi suojaaminen niiden ker\u00e4\u00e4misen, k\u00e4sittelyn ja k\u00e4yt\u00f6n aikana on meille t\u00e4rke\u00e4 asia. Seuraavat lausunnot eiv\u00e4t koske kolmansien osapuolten REVIERWELT kautta tarjoamia tuotteita. Tutustu t\u00e4lt\u00e4 osin kolmannen osapuolen tuotteiden tuotekohtaisiin k\u00e4ytt\u00f6ehtoihin.  <\/p>\n<p>T\u00e4ss\u00e4 tietosuojak\u00e4yt\u00e4nn\u00f6ss\u00e4 annamme sinulle yleiskatsauksen siit\u00e4, miten k\u00e4sittelemme henkil\u00f6tietojasi k\u00e4ytt\u00e4ess\u00e4si palveluitamme 25. toukokuuta 2018 voimaan tulleen yleisen tietosuoja-asetuksen (GDPR) mukaisten tiedonantovelvoitteidemme mukaisesti. Sit\u00e4 sovelletaan riippumatta siit\u00e4, oletko rekister\u00f6itynyt meille vai et, vierailetko vain verkkosivustoillamme (www.revierwelt.de\/.com) tai varaat ja k\u00e4yt\u00e4t ilmaisia ja maksullisia sovelluksiamme ja sovelluksia. <\/p>\n<p>K\u00e4ytt\u00e4m\u00e4ll\u00e4 palveluitamme annat suostumuksesi siihen, ett\u00e4 tietojasi k\u00e4sitell\u00e4\u00e4n t\u00e4m\u00e4n tietosuojak\u00e4yt\u00e4nn\u00f6n mukaisesti.<\/p>\n<p>JOS ET HYV\u00c4KSY T\u00c4M\u00c4N TIETOSUOJAK\u00c4YT\u00c4NN\u00d6N EHTOJA, SINUN EI PID\u00c4 K\u00c4YTT\u00c4\u00c4 PALVELUITAMME.<\/p>\n<p><strong>\u00a7 1 Henkil\u00f6tietojen ker\u00e4\u00e4mist\u00e4 koskevat tiedot<\/strong><\/p>\n<p>(1) Seuraavassa kerrotaan henkil\u00f6tietojen ker\u00e4\u00e4misest\u00e4 palvelujemme k\u00e4yt\u00f6n yhteydess\u00e4. Yleisen tietosuoja-asetuksen 4 artiklan 1 kohdassa tarkoitettuja &#8222;henkil\u00f6tietoja&#8220; ovat seuraavat tiedot <\/p>\n<p>&#8222;&#8230;kaikki tiedot, jotka liittyv\u00e4t tunnistettuun tai tunnistettavissa olevaan luonnolliseen henkil\u00f6\u00f6n (j\u00e4ljemp\u00e4n\u00e4 &#8218;rekister\u00f6ity&#8216;); tunnistettavissa oleva luonnollinen henkil\u00f6 on henkil\u00f6, joka voidaan suoraan tai v\u00e4lillisesti tunnistaa erityisesti tunnistetiedon, kuten nimen, henkil\u00f6tunnuksen, sijaintitietojen, verkkotunnisteen tai yhden tai useamman kyseisen luonnollisen henkil\u00f6n fyysiseen, fysiologiseen, geneettiseen, psyykkiseen, taloudelliseen, kulttuurilliseen tai sosiaaliseen identiteettiin liittyv\u00e4n tekij\u00e4n perusteella.&#8220;.<\/p>\n<p>(2) EU:n yleisen tietosuoja-asetuksen (GDPR) 4 artiklan 7 kohdan mukainen rekisterinpit\u00e4j\u00e4 on Revierwelt Media GmbH, Pestalozzistra\u00dfe 41, 35606 Solms, Saksa (lis\u00e4tietoja on oikeudellisessa ilmoituksessa). <\/p>\n<p>(3) Kun rekister\u00f6idyt osoitteessa REVIERWELT k\u00e4ytt\u00e4m\u00e4\u00e4n palveluitamme, otat meihin yhteytt\u00e4 s\u00e4hk\u00f6postitse tai yhteydenottolomakkeella, me tallennamme antamasi tiedot (s\u00e4hk\u00f6postiosoitteesi, nimesi, puhelinnumerosi ja kaikki muut meille antamasi tiedot). Poistamme t\u00e4ss\u00e4 yhteydess\u00e4 syntyneet tiedot sen j\u00e4lkeen, kun tallentaminen ei ole en\u00e4\u00e4 tarpeen, tai rajoitamme k\u00e4sittely\u00e4, jos lakis\u00e4\u00e4teiset s\u00e4ilytt\u00e4misvelvoitteet ovat olemassa. <\/p>\n<p>(4) Koska lasten suojelu on eritt\u00e4in t\u00e4rke\u00e4\u00e4, emme salli alle 16-vuotiaiden k\u00e4ytt\u00e4jien rekister\u00f6itymist\u00e4. Jos vanhempana tai huoltajana saat tiet\u00e4\u00e4, ett\u00e4 lapsesi on rekister\u00f6itynyt palveluumme ja siirt\u00e4nyt meille henkil\u00f6tietojaan, voit ottaa meihin yhteytt\u00e4 yll\u00e4 olevilla yhteystiedoilla, ja me est\u00e4mme k\u00e4ytt\u00e4j\u00e4n v\u00e4litt\u00f6m\u00e4sti ja poistamme tiedot. <\/p>\n<p><strong>\u00a7 2 Tietojen k\u00e4sittelyn tarkoitus<\/strong><\/p>\n<p>(1) Ker\u00e4\u00e4mme ja k\u00e4sittelemme henkil\u00f6tietojasi tarjotaksemme sinulle palveluitamme, parantaaksemme ja kehitt\u00e4\u00e4ksemme niit\u00e4 jatkuvasti, varmistaaksemme niiden teknisen toimivuuden ja taataksemme palveluidemme turvallisuuden.<\/p>\n<p>(2) K\u00e4yt\u00e4mme tietojasi tarjotaksemme sinulle palveluitamme k\u00e4ytt\u00f6tarkoituksesi mukaisesti, tarjotaksemme sinulle palveluitamme koskevia lis\u00e4tietoja ja tarjouksia, joiden uskomme olevan r\u00e4\u00e4t\u00e4l\u00f6ityj\u00e4 tarpeittesi mukaan, ja tarjotaksemme sinulle k\u00e4ytt\u00e4j\u00e4kokemuksen, jonka uskomme olevan r\u00e4\u00e4t\u00e4l\u00f6ity.<\/p>\n<p>(3) Tarjoamme sinulle erilaisia tapoja maksaa maksullisista palveluista. Tilitietojen ker\u00e4\u00e4misest\u00e4 ja k\u00e4sittelyst\u00e4 osana maksuprosessia vastaa yksinomaan valitsemasi palveluntarjoaja tietosuoja- ja sopimusehtojensa mukaisesti. <\/p>\n<p>(4) Vakuutamme sinulle, ett\u00e4 emme luovuta tietojasi kolmansille osapuolille miss\u00e4\u00e4n vaiheessa, lukuun ottamatta kolmansia osapuolia, jotka ovat suoraan toimeksiantojamme palveluidemme tarjoamiseksi ja jotka olemme sitoutuneet noudattamaan tietosuojas\u00e4\u00e4nn\u00f6ksi\u00e4 yleisen tietosuoja-asetuksen s\u00e4\u00e4nn\u00f6sten mukaisesti.<\/p>\n<p><strong>\u00a7 3 Sinun oikeutesi<\/strong><\/p>\n<p>(1) Sinulla on seuraavat henkil\u00f6tietojasi koskevat oikeudet meit\u00e4 kohtaan:<\/p>\n<p>&#8211; Oikeus tutustua tietoihin,<br \/>\n&#8211; oikeus tietojen oikaisemiseen tai poistamiseen,<br \/>\n&#8211; oikeus k\u00e4sittelyn rajoittamiseen,<br \/>\n&#8211; oikeus vastustaa k\u00e4sittely\u00e4,<br \/>\n&#8211; oikeus tietojen siirrett\u00e4vyyteen.<\/p>\n<p>(2) Sinulla on my\u00f6s oikeus valittaa tietosuojaviranomaiselle henkil\u00f6tietojesi k\u00e4sittelyst\u00e4.<\/p>\n<p><strong>\u00a7 4 Henkil\u00f6tietojen ker\u00e4\u00e4minen verkkosivustollamme vieraillessa<\/strong><\/p>\n<p>(1) Jos k\u00e4yt\u00e4t verkkosivustoamme vain tiedotustarkoituksessa, eli jos et rekister\u00f6idy tai muuten anna meille tietoja, ker\u00e4\u00e4mme vain ne henkil\u00f6tiedot, jotka selaimesi v\u00e4litt\u00e4\u00e4 palvelimellemme. Jos haluat tarkastella verkkosivustoamme, ker\u00e4\u00e4mme seuraavat tiedot, jotka ovat teknisesti v\u00e4ltt\u00e4m\u00e4tt\u00f6mi\u00e4, jotta voimme n\u00e4ytt\u00e4\u00e4 verkkosivustomme sinulle ja varmistaa vakauden ja turvallisuuden (oikeusperusta on yleisen tietosuoja-asetuksen 6 artiklan 1 kohdan 1 virkkeen 1 alakohdan f alakohta): <\/p>\n<p>&#8211; IP-osoite<br \/>\n&#8211; pyynn\u00f6n p\u00e4iv\u00e4m\u00e4\u00e4r\u00e4 ja kellonaika<br \/>\n&#8211; aikavy\u00f6hyke-ero Greenwichin keskiaikaan (GMT)<br \/>\n&#8211; pyynn\u00f6n sis\u00e4lt\u00f6 (tietty sivu)<br \/>\n&#8211; p\u00e4\u00e4syn tila\/HTTP-tilakoodi<br \/>\n&#8211; siirretyn tiedon m\u00e4\u00e4r\u00e4<br \/>\n&#8211; verkkosivusto, jolta pyynt\u00f6 on per\u00e4isin<br \/>\n&#8211; selain<br \/>\n&#8211; k\u00e4ytt\u00f6j\u00e4rjestelm\u00e4 ja sen k\u00e4ytt\u00f6liittym\u00e4<br \/>\n&#8211; selainohjelmiston kieli ja versio.<\/p>\n<p>(2) Edell\u00e4 mainittujen tietojen lis\u00e4ksi tietokoneellesi tallennetaan ev\u00e4steit\u00e4, kun k\u00e4yt\u00e4t verkkosivustoamme. Ev\u00e4steet ovat pieni\u00e4 tekstitiedostoja, jotka tallennetaan kiintolevyllesi ja jotka on m\u00e4\u00e4ritetty k\u00e4ytt\u00e4m\u00e4llesi selaimelle ja joiden kautta tietyt tiedot siirtyv\u00e4t ev\u00e4steen asettavalle taholle (t\u00e4ss\u00e4 tapauksessa meille). Ev\u00e4steet eiv\u00e4t voi suorittaa ohjelmia tai siirt\u00e4\u00e4 viruksia tietokoneellesi. Niit\u00e4 k\u00e4ytet\u00e4\u00e4n tekem\u00e4\u00e4n verkkosivustosta k\u00e4ytt\u00e4j\u00e4yst\u00e4v\u00e4llisempi ja tehokkaampi.   <\/p>\n<p>(3) Ev\u00e4steiden k\u00e4ytt\u00f6:<\/p>\n<p>a) Verkkosivustomme k\u00e4ytt\u00e4v\u00e4t seuraavanlaisia ev\u00e4steit\u00e4, joiden laajuus ja toiminta selitet\u00e4\u00e4n j\u00e4ljemp\u00e4n\u00e4:<\/p>\n<p>&#8211; V\u00e4liaikaiset ev\u00e4steet (ks. b)<br \/>\n&#8211; Pysyv\u00e4t ev\u00e4steet (ks. c).<\/p>\n<p>b) V\u00e4liaikaiset ev\u00e4steet poistetaan automaattisesti, kun suljet selaimen. N\u00e4ihin kuuluvat erityisesti istuntoev\u00e4steet. Ne tallentavat niin sanotun istuntotunnuksen, jonka avulla selaimesi eri pyynn\u00f6t voidaan liitt\u00e4\u00e4 yhteiseen istuntoon. N\u00e4in tietokoneesi voidaan tunnistaa, kun palaat verkkosivustollemme. Istuntoev\u00e4steet poistetaan, kun kirjaudut ulos tai suljet selaimen.    <\/p>\n<p>c) Pysyv\u00e4t ev\u00e4steet poistetaan automaattisesti tietyn ajan kuluttua, joka voi vaihdella ev\u00e4steest\u00e4 riippuen. Voit poistaa ev\u00e4steet itse milloin tahansa selaimesi suojausasetuksista. Pysyvien ev\u00e4steiden avulla voimme tunnistaa sinut, kun vierailet meill\u00e4 uudelleen, jotta vierailusi olisi mahdollisimman yksinkertainen ja tehokas.  <\/p>\n<p>d) Voit m\u00e4\u00e4ritt\u00e4\u00e4 selaimesi asetukset omien toiveidesi mukaan ja esimerkiksi kielt\u00e4yty\u00e4 hyv\u00e4ksym\u00e4st\u00e4 kolmannen osapuolen ev\u00e4steit\u00e4 tai kaikkia ev\u00e4steit\u00e4. Haluamme huomauttaa, ett\u00e4 t\u00e4ll\u00f6in et ehk\u00e4 pysty k\u00e4ytt\u00e4m\u00e4\u00e4n kaikkia verkkosivujemme toimintoja. <\/p>\n<p>e) K\u00e4yt\u00e4mme ev\u00e4steit\u00e4 tunnistamaan sinut my\u00f6hempi\u00e4 k\u00e4yntej\u00e4 varten, jos sinulla on tili meill\u00e4. Muussa tapauksessa sinun pit\u00e4isi kirjautua uudelleen jokaista vierailua varten. <\/p>\n<p><strong>\u00a7 5 Henkil\u00f6tietojen ker\u00e4\u00e4minen palveluitamme k\u00e4ytett\u00e4ess\u00e4<\/strong><\/p>\n<p>(1) Kun rekister\u00f6idyt k\u00e4ytt\u00e4m\u00e4\u00e4n palveluitamme, hyv\u00e4ksyt erillisen k\u00e4ytt\u00e4j\u00e4sopimuksemme. <a href=\"https:\/\/revierwelt.de\/index.php\/nutzungsvereinbarung\"><strong>k\u00e4ytt\u00e4j\u00e4sopimus<\/strong><\/a> joka kattaa tietojen ker\u00e4\u00e4misen, tallentamisen ja k\u00e4sittelyn jatkossa. Vastaava laajuus riippuu yksitt\u00e4isist\u00e4 palveluista, joita k\u00e4yt\u00e4t tarjouksestamme. <\/p>\n<p>(2) Kun rekister\u00f6idyt k\u00e4ytt\u00e4m\u00e4\u00e4n palveluitamme, ker\u00e4t\u00e4\u00e4n ainakin seuraavat lis\u00e4tiedot, jotka sinun on annettava totuudenmukaisesti k\u00e4ytt\u00e4j\u00e4sopimuksemme mukaisesti:<\/p>\n<p>&#8211; Sukunimi<br \/>\n&#8211; Etunimi<br \/>\n&#8211; Titteli<br \/>\n&#8211; Syntym\u00e4aika<br \/>\n&#8211; K\u00e4ytt\u00f6maa<br \/>\n&#8211; Matkapuhelinnumero<br \/>\n&#8211; S\u00e4hk\u00f6postiosoite<br \/>\n&#8211; Henkil\u00f6kohtainen salasana.<\/p>\n<p>(3) Kun teet tilauksen maksullisten palvelujen k\u00e4ytt\u00f6\u00e4 varten tai ostat tuotteita verkkosivustomme kautta, voi olla tarpeen ker\u00e4t\u00e4 tietoja my\u00f6s jatkuvaa laskutusta varten. N\u00e4m\u00e4 tiedot ker\u00e4\u00e4 ja k\u00e4sittelee yksinomaan valitsemasi maksupalveluntarjoaja. J\u00e4rjestelmiimme ei tallenneta tilitietoja, vaan ainoastaan anonymisoidut tapahtuma-avaimet.  <\/p>\n<p>(4) Osana palveluidemme k\u00e4ytt\u00f6\u00e4 voit my\u00f6s itsen\u00e4isesti ker\u00e4t\u00e4 muita tietoja palveluidemme sis\u00e4ll\u00e4, tallentaa niit\u00e4 palveluidemme kautta tai siirt\u00e4\u00e4 niit\u00e4 palveluidemme kautta; n\u00e4m\u00e4 tiedot tallennetaan ja k\u00e4sitell\u00e4\u00e4n k\u00e4ytt\u00e4j\u00e4sopimuksemme mukaisesti.<\/p>\n<p>(5) Jos kyseess\u00e4 on <strong>suljetun k\u00e4ytt\u00e4j\u00e4ryhm\u00e4n<\/strong> (esim. alueen) k\u00e4ytt\u00f6, ota huomioon, ett\u00e4 kullakin suljetulla k\u00e4ytt\u00e4j\u00e4ryhm\u00e4ll\u00e4 on omistaja, joka voi lis\u00e4t\u00e4 ja poistaa muita k\u00e4ytt\u00e4ji\u00e4 ja hallinnoida ryhm\u00e4n sis\u00e4ll\u00e4 olevien k\u00e4ytt\u00e4jien valtuutuksia. Lis\u00e4\u00e4m\u00e4ll\u00e4 tietoja suljettuun k\u00e4ytt\u00e4j\u00e4ryhm\u00e4\u00e4n annat suljetun k\u00e4ytt\u00e4j\u00e4ryhm\u00e4n omistajalle rajoittamattomat, peruuttamattomat ja siirrett\u00e4v\u00e4t k\u00e4ytt\u00f6oikeudet kaikkeen lis\u00e4ttyyn sis\u00e4lt\u00f6\u00f6n ja tietoihin. <\/p>\n<p>(6) Kun k\u00e4yt\u00e4t joitain palveluitamme, palveluitamme k\u00e4ytet\u00e4\u00e4n my\u00f6s automaattisesti, kun k\u00e4yt\u00e4t niit\u00e4 tai p\u00e4\u00e4telaitteita, jotka yhdist\u00e4t palveluihimme. Sin\u00e4 m\u00e4\u00e4rittelet siirrett\u00e4vien tietojen laajuuden valitsemalla ja k\u00e4ytt\u00e4m\u00e4ll\u00e4 aktiivisella siirtotekniikalla varustettuja p\u00e4\u00e4telaitteita (seurantalaitteet, kamerat, ansanilmaisimet jne.). Tallennamme, tallennamme ja k\u00e4sittelemme kaikki palvelujemme v\u00e4litt\u00e4m\u00e4t tiedot k\u00e4ytt\u00e4j\u00e4sopimuksen s\u00e4\u00e4nt\u00f6jen mukaisesti.  <\/p>\n<p><strong>\u00a7 6 Tietojesi k\u00e4sittelyn vastustaminen tai peruuttaminen<\/strong><\/p>\n<p>(1) Jos olet antanut suostumuksesi tietojesi k\u00e4sittelyyn, voit peruuttaa sen milloin tahansa. T\u00e4llainen peruuttaminen vaikuttaa henkil\u00f6tietojesi k\u00e4sittelyn sallittavuuteen sen j\u00e4lkeen, kun olet antanut ne meille. <\/p>\n<p>(2) Jos henkil\u00f6tietojesi k\u00e4sittely perustuu etujen tasapainottamiseen, voit vastustaa k\u00e4sittely\u00e4. N\u00e4in on erityisesti silloin, jos k\u00e4sittely ei ole tarpeen sellaisen kanssasi tehdyn sopimuksen t\u00e4ytt\u00e4miseksi, jota me kuvaamme seuraavassa toimintojen kuvauksessa. Kun k\u00e4yt\u00e4t t\u00e4llaista vastalausetta, pyyd\u00e4mme sinua perustelemaan, miksi emme saisi k\u00e4sitell\u00e4 henkil\u00f6tietojasi niin kuin olemme tehneet. Perustellun vastalauseesi tapauksessa tarkastelemme tilannetta ja joko lopetamme tietojenk\u00e4sittelyn tai mukautamme sit\u00e4 tai esit\u00e4mme sinulle pakottavat, suojelun arvoiset syyt, joiden perusteella jatkamme k\u00e4sittely\u00e4.   <\/p>\n<p>(3) Voit tietenkin milloin tahansa vastustaa henkil\u00f6tietojesi k\u00e4sittely\u00e4 mainonta- ja tietojen analysointitarkoituksiin. Voit ilmoittaa meille mainonnan vastustamisesta seuraavilla yhteystiedoilla: support@revierwelt.de. <\/p>\n<p><strong>\u00a7 7 YouTube-videoiden integrointi<\/strong><\/p>\n<p>(1) Olemme integroineet YouTube-videoita verkkotarjontaamme, jotka on tallennettu osoitteeseen <a href=\"http:\/\/www.YouTube.com\">http:\/\/www.YouTube.com<\/a> ja joita voi toistaa suoraan verkkosivustoltamme. Kun n\u00e4it\u00e4 videoita k\u00e4ytet\u00e4\u00e4n, tietoja siirret\u00e4\u00e4n YouTubeen. Emme voi vaikuttaa t\u00e4h\u00e4n tiedonsiirtoon.  <\/p>\n<p>(2) Kun vierailet vastaavalla verkkosivustolla ja katsot videon, YouTube saa tiedon siit\u00e4, ett\u00e4 olet siirtynyt verkkosivustomme vastaavalle alasivulle. Lis\u00e4ksi v\u00e4litet\u00e4\u00e4n t\u00e4m\u00e4n ilmoituksen 4 \u00a7:n 1 momentissa mainitut tiedot. T\u00e4m\u00e4 tapahtuu riippumatta siit\u00e4, tarjoaako YouTube sinulle k\u00e4ytt\u00e4j\u00e4tilin, jonka kautta olet jo kirjautunut sis\u00e4\u00e4n, vai onko k\u00e4ytt\u00e4j\u00e4tili\u00e4 olemassa. Jos olet kirjautunut Googleen, tietosi siirret\u00e4\u00e4n suoraan Google-tilillesi. Jos et halua, ett\u00e4 tietojasi liitet\u00e4\u00e4n YouTube-profiiliisi, sinun on kirjauduttava ulos ennen kuin aktivoit painikkeen, jolla voit kutsua kyseisen YouTube-videon. YouTube tallentaa tietosi k\u00e4ytt\u00e4j\u00e4profiileina ja k\u00e4ytt\u00e4\u00e4 niit\u00e4 mainontaan, markkinatutkimukseen ja\/tai verkkosivustonsa mukauttamiseen.     <\/p>\n<p>T\u00e4llainen arviointi tehd\u00e4\u00e4n erityisesti (my\u00f6s k\u00e4ytt\u00e4jille, jotka eiv\u00e4t ole kirjautuneet sis\u00e4\u00e4n), jotta voidaan tarjota r\u00e4\u00e4t\u00e4l\u00f6ity\u00e4 mainontaa ja tiedottaa muille YouTuben sosiaalisen verkoston k\u00e4ytt\u00e4jille toiminnastasi verkkosivustollamme. Sinulla on oikeus vastustaa n\u00e4iden k\u00e4ytt\u00e4j\u00e4profiilien luomista, jolloin sinun on otettava yhteytt\u00e4 YouTubeen t\u00e4m\u00e4n oikeuden k\u00e4ytt\u00e4miseksi. <\/p>\n<p>(3) Lis\u00e4tietoja YouTuben suorittaman tietojenkeruun tarkoituksesta ja laajuudesta sek\u00e4 niiden k\u00e4sittelyst\u00e4 on YouTuben tietosuojak\u00e4yt\u00e4nn\u00f6ss\u00e4. Sielt\u00e4 l\u00f6yd\u00e4t my\u00f6s lis\u00e4tietoja oikeuksistasi ja asetusvaihtoehdoista yksityisyytesi suojaamiseksi: https:\/\/www.google.de\/intl\/de\/policies\/privacy. Google k\u00e4sittelee henkil\u00f6tietojasi my\u00f6s Yhdysvalloissa, ja se on liittynyt EU:n ja Yhdysvaltojen v\u00e4liseen Privacy Shield -sopimukseen, https:\/\/www.privacyshield.gov\/EU-US-Framework. <\/p>\n<p><strong>  \u00a7 8 Google Mapsin integrointi  <\/strong><\/p>\n<p>(1) K\u00e4yt\u00e4mme Google Maps -palvelua verkkosivustoillamme. N\u00e4in voimme n\u00e4ytt\u00e4\u00e4 interaktiivisia karttoja suoraan verkkosivustolla ja voit k\u00e4ytt\u00e4\u00e4 karttatoimintoa k\u00e4tev\u00e4sti. <\/p>\n<p>(2) Vierailemalla vastaavalla verkkosivustolla Google saa tiedon siit\u00e4, ett\u00e4 olet k\u00e4ynyt verkkosivustomme vastaavalla alasivulla. Lis\u00e4ksi v\u00e4litet\u00e4\u00e4n t\u00e4m\u00e4n ilmoituksen 4 \u00a7:n 1 momentissa mainitut tiedot. T\u00e4m\u00e4 tapahtuu riippumatta siit\u00e4, tarjoaako Google sinulle k\u00e4ytt\u00e4j\u00e4tilin, jonka kautta olet jo kirjautunut sis\u00e4\u00e4n, vai onko k\u00e4ytt\u00e4j\u00e4tili\u00e4 olemassa. Jos olet kirjautunut Googleen, tietosi siirret\u00e4\u00e4n suoraan Google-tilillesi. Jos et halua, ett\u00e4 sinua yhdistet\u00e4\u00e4n Google-profiiliisi, sinun on kirjauduttava ulos Googlesta ennen kuin k\u00e4yt\u00e4t palveluidemme asianomaisia alasivuja. Google tallentaa tietosi k\u00e4ytt\u00f6profiileina ja k\u00e4ytt\u00e4\u00e4 niit\u00e4 mainontaan, markkinatutkimukseen ja\/tai verkkosivuston r\u00e4\u00e4t\u00e4l\u00f6intiin.     <\/p>\n<p>T\u00e4llainen analyysi tehd\u00e4\u00e4n erityisesti (my\u00f6s k\u00e4ytt\u00e4jille, jotka eiv\u00e4t ole kirjautuneet sis\u00e4\u00e4n), jotta voidaan tarjota r\u00e4\u00e4t\u00e4l\u00f6ity\u00e4 mainontaa ja tiedottaa muille sosiaalisen verkoston k\u00e4ytt\u00e4jille toiminnastasi verkkosivustollamme. Sinulla on oikeus vastustaa n\u00e4iden k\u00e4ytt\u00e4j\u00e4profiilien luomista, jolloin sinun on otettava yhteytt\u00e4 Googleen t\u00e4m\u00e4n oikeuden k\u00e4ytt\u00e4miseksi. <\/p>\n<p>(3) Lis\u00e4tietoja tietojen ker\u00e4\u00e4misen tarkoituksesta ja laajuudesta sek\u00e4 niiden k\u00e4sittelyst\u00e4 laajennuksen tarjoajan toimesta on Googlen tietosuojak\u00e4yt\u00e4nn\u00f6ss\u00e4. Sielt\u00e4 l\u00f6yd\u00e4t my\u00f6s lis\u00e4tietoja oikeuksistasi ja asetusvaihtoehdoista yksityisyytesi suojaamiseksi: http:\/\/www.google.de\/intl\/de\/policies\/privacy. Google k\u00e4sittelee henkil\u00f6tietojasi my\u00f6s Yhdysvalloissa ja on liittynyt EU:n ja Yhdysvaltojen v\u00e4liseen Privacy Shield -j\u00e4rjestelyyn, https:\/\/www.privacyshield.gov\/EU-US-Framework. <\/p>\n<p><strong>  \u00a7 9 Maksupalvelujen integrointi<\/strong><\/p>\n<p>(1) Erilaisia maksupalveluja ja niiden palveluntarjoajia, t\u00e4ll\u00e4 hetkell\u00e4 p\u00e4\u00e4asiassa PayPal ja Stripe, k\u00e4ytet\u00e4\u00e4n eri maksutapojen tarjoamiseen maksullisista palveluista maksamiseen osoitteessa REVIERWELT. Kussakin tapauksessa k\u00e4ytett\u00e4vien palveluntarjoajien tarkat tiedot ja niiden valitseminen ilmoitetaan maksutapaa valittaessa.<\/p>\n<p>(2) Maksutapahtuman k\u00e4sittely edellytt\u00e4\u00e4 suoraa sopimusta sinun ja valitsemasi maksupalveluntarjoajan v\u00e4lill\u00e4, mik\u00e4 sis\u00e4lt\u00e4\u00e4 my\u00f6s henkil\u00f6tietojen ja laskutustietojen k\u00e4sittelyn.<\/p>\n<p>(3) Maksuprosessin mahdollistamiseksi valittu palveluntarjoaja ker\u00e4\u00e4 perustiedot integroiduilla sivuillaan osana maksuprosessia; henkil\u00f6tietoja ei siirret\u00e4 Revierwelt Medialta maksupalvelun tarjoajalle. J\u00e4rjestelmiimme ei tallenneta tilitietoja, ainoastaan anonymisoidut tapahtuma-avaimet. <\/p>\n<p><strong>\u00a7 10 Oikeus saada tietoja ja peruuttaminen<\/strong><\/p>\n<p>Sinulla on milloin tahansa oikeus saada maksutta tietoa, oikaista, est\u00e4\u00e4 ja tarvittaessa poistaa tallennetut henkil\u00f6tietosi. L\u00e4het\u00e4 meille pyynt\u00f6si postitse tai s\u00e4hk\u00f6postitse. Henkil\u00f6tiedot poistetaan &#8211; jollei poikkeavista oikeudellisista velvoitteista muuta johdu &#8211; jos peruutat suostumuksesi tietojen tallentamiseen, jos tietoja ei en\u00e4\u00e4 tarvita sen tarkoituksen t\u00e4ytt\u00e4miseksi, jota varten ne on tallennettu, tai jos tietojen tallentaminen on kielletty\u00e4 muista oikeudellisista syist\u00e4.  <\/p>\n<p><strong>  \u00a7 11 Tiedonkeruusta vastaava keskus<\/strong><\/p>\n<p>Revierwelt Media GmbH<br \/>\nPestalozzistrasse 41<br \/>\n35606 Solms<br \/>\nS\u00e4hk\u00f6postiosoite: support@revierwelt.de.<\/p>\n<p>Toimitusjohtaja: Alexander Vinnai<br \/>\nKaupparekisteri: Wetzlarin k\u00e4r\u00e4j\u00e4oikeus HRB 6268<br \/>\nALV-tunnus: DE 281317112.<\/p>\n<p style=\"margin: 0cm 0cm 16.9pt 0cm;\">Tila toukokuu 2019<\/p>\n<\/div><\/div><\/div><\/div><\/div><\/div><\/div><\/section>\n","protected":false},"excerpt":{"rendered":"Me, Revierwelt Media GmbH, odotamme innolla vierailuasi verkkosivuillamme, joilla on kattava mets\u00e4stykseen liittyvien palveluiden online-tarjonta. Revierwelt Media tarjoaa mets\u00e4stysalueiden hallintaohjelmistoa &#8222;REVIERWELT&#8220;, johon on integroitu sosiaalinen verkosto ja mahdollisuus verkkoviestint\u00e4\u00e4n. REVIERWELT multimediapalveluiden valikoimaa t\u00e4ydent\u00e4\u00e4 verkkokauppa, josta voi ostaa REVIERWELT -palvelun k\u00e4ytt\u00f6\u00f6n liittyvi\u00e4 tuotteita, jotka on tiivistetty j\u00e4ljemp\u00e4n\u00e4 &#8222;palveluiksi&#8220;. Henkil\u00f6tietojesi suojaaminen niiden ker\u00e4\u00e4misen, k\u00e4sittelyn ja k\u00e4yt\u00f6n aikana...","protected":false},"author":4,"featured_media":0,"parent":0,"menu_order":0,"comment_status":"closed","ping_status":"closed","template":"","meta":{"footnotes":""},"class_list":["post-37199","page","type-page","status-publish","hentry"],"_links":{"self":[{"href":"https:\/\/www.revierwelt.de\/index.php\/wp-json\/wp\/v2\/pages\/37199","targetHints":{"allow":["GET"]}}],"collection":[{"href":"https:\/\/www.revierwelt.de\/index.php\/wp-json\/wp\/v2\/pages"}],"about":[{"href":"https:\/\/www.revierwelt.de\/index.php\/wp-json\/wp\/v2\/types\/page"}],"author":[{"embeddable":true,"href":"https:\/\/www.revierwelt.de\/index.php\/wp-json\/wp\/v2\/users\/4"}],"replies":[{"embeddable":true,"href":"https:\/\/www.revierwelt.de\/index.php\/wp-json\/wp\/v2\/comments?post=37199"}],"version-history":[{"count":0,"href":"https:\/\/www.revierwelt.de\/index.php\/wp-json\/wp\/v2\/pages\/37199\/revisions"}],"wp:attachment":[{"href":"https:\/\/www.revierwelt.de\/index.php\/wp-json\/wp\/v2\/media?parent=37199"}],"curies":[{"name":"wp","href":"https:\/\/api.w.org\/{rel}","templated":true}]}}