{"id":30868,"date":"2025-02-24T17:18:56","date_gmt":"2025-02-24T16:18:56","guid":{"rendered":"https:\/\/revierwelt.de\/index.php\/revierwelt\/"},"modified":"2025-02-24T17:19:14","modified_gmt":"2025-02-24T16:19:14","slug":"revierwelt","status":"publish","type":"page","link":"https:\/\/www.revierwelt.de\/index.php\/revierwelt\/?lang=is","title":{"rendered":"REVIERWELT"},"content":{"rendered":"<section class=\"l-section wpb_row height_medium color_alternate\" id=\"byrja\"><div class=\"l-section-h i-cf\"><div class=\"g-cols vc_row via_flex valign_top type_default stacking_default\"><div class=\"vc_col-sm-12 wpb_column vc_column_container\"><div class=\"vc_column-inner\"><div class=\"wpb_wrapper\"><div class=\"wpb_text_column\"><div class=\"wpb_wrapper\"><h2 style=\"text-align: center;\"><strong>REGIMENT WORLD.<\/strong>  Einn fyrir alla.<\/h2>\n<\/div><\/div><\/div><\/div><\/div><\/div><\/div><\/section><section class=\"l-section wpb_row height_auto width_full\"><div class=\"l-section-h i-cf\"><div class=\"g-cols vc_row via_flex valign_middle type_boxes stacking_default\"><div class=\"vc_col-sm-6 wpb_column vc_column_container us_animate_afl\"><div class=\"vc_column-inner\"><div class=\"wpb_wrapper\"><div class=\"wpb_text_column\"><div class=\"wpb_wrapper\"><h3 class=\"p1\">Eitthva\u00f0 fyrir alla.<\/h3>\n<p class=\"p1\">Hvort sem \u00fe\u00fa fer\u00f0 a\u00f0eins til vei\u00f0a \u00f6\u00f0ru hvoru, ert me\u00f0 vei\u00f0ileyfi, s\u00e9r um vei\u00f0isv\u00e6\u00f0i, stj\u00f3rnar vei\u00f0if\u00e9lagi e\u00f0a skipuleggur heila vei\u00f0i &#8211; Revierwelt b\u00fd\u00f0ur hverjum vei\u00f0imanni n\u00e1kv\u00e6mlega \u00fea\u00f0 sem hann e\u00f0a h\u00fan \u00fearfnast. Revierwelt fylgir \u00fe\u00e9r \u00ed daglegu vei\u00f0il\u00edfi \u00fe\u00ednu me\u00f0 yfir 90 mismunandi a\u00f0ger\u00f0um. Revierwelt einfaldar stj\u00f3rnun vei\u00f0isv\u00e6\u00f0isins \u00ed heild sinni me\u00f0 f\u00e9lagslegum og n\u00fdst\u00e1rlegum a\u00f0ger\u00f0um: Hvort sem \u00fe\u00fa heldur brautarlistanum \u00fe\u00ednum, b\u00fdr\u00f0 til \u00fattektir, pantar sta\u00f0i, marka\u00f0ssetur leiki, finnur hunda me\u00f0 GPS, fylgist me\u00f0 gildrum \u00e1 netinu e\u00f0a tengir vei\u00f0imyndav\u00e9lar \u00e1 netinu: Revierwelt getur gert allt \u00feetta og margt fleira &#8211; \u00e1 einum sta\u00f0!  <\/p>\n<\/div><\/div><\/div><\/div><\/div><div class=\"vc_col-sm-6 vc_hidden-xs wpb_column vc_column_container has_bg_color us_animate_afr\"><div class=\"vc_column-inner us_custom_b66f506b\"><div class=\"wpb_wrapper\"><div class=\"w-separator size_custom\" style=\"height:200px\"><\/div><\/div><\/div><\/div><\/div><\/div><\/section><section class=\"l-section wpb_row height_auto width_full\"><div class=\"l-section-h i-cf\"><div class=\"g-cols vc_row via_flex valign_middle type_boxes stacking_default\"><div class=\"vc_col-sm-6 wpb_column vc_column_container has_bg_color us_animate_afl\"><div class=\"vc_column-inner us_custom_04568cde\"><div class=\"wpb_wrapper\"><div class=\"w-separator size_custom\" style=\"height:200px\"><\/div><\/div><\/div><\/div><div class=\"vc_col-sm-6 vc_hidden-xs wpb_column vc_column_container us_animate_afr\"><div class=\"vc_column-inner\"><div class=\"wpb_wrapper\"><div class=\"wpb_text_column\"><div class=\"wpb_wrapper\"><p>Vegna eininga uppbyggingarinnar er Revierwelt jafn hentugur fyrir alla vei\u00f0imenn. \u00de\u00fa notar a\u00f0eins \u00fea\u00f0 sem \u00fe\u00fa raunverulega \u00fearft til a\u00f0 stj\u00f3rna vei\u00f0istarfsemi \u00feinni. \u00deannig getur\u00f0u kynnt \u00fe\u00e9r skref fyrir skref virkni Revierwelt, t.d.  <span style=\"font-family: -apple-system, BlinkMacSystemFont, 'Segoe UI', Roboto, Oxygen-Sans, Ubuntu, Cantarell, 'Helvetica Neue', sans-serif;\">u Heima \u00ed t\u00f6lvunni e\u00f0a beint \u00e1 vei\u00f0isv\u00e6\u00f0inu me\u00f0 Revierwelt appinu. Og ef kr\u00f6fur \u00fe\u00ednar til yfirr\u00e1\u00f0asv\u00e6\u00f0isins vaxa &#8211; ekkert m\u00e1l, landsv\u00e6\u00f0i\u00f0 vex me\u00f0 \u00fe\u00e9r. \u00deetta gerir \u00fe\u00e9r kleift a\u00f0 skilgreina eigin a\u00f0ger\u00f0ir og mat \u00ed samr\u00e6mi vi\u00f0 kr\u00f6fur \u00fe\u00ednar.<br \/>\n<\/span><\/p>\n<ul>\n<li><a href=\"https:\/\/revierwelt.de\/index.php\/fuer-den-jaeger\/\"><strong>fyrir vei\u00f0imanninn<\/strong><\/a><\/li>\n<li><a href=\"https:\/\/revierwelt.de\/index.php\/fuer-die-hegegemeinschaft\/\"><strong>fyrir n\u00e1tt\u00faruverndarsamf\u00e9lagi\u00f0<\/strong><\/a><\/li>\n<li><a href=\"https:\/\/revierwelt.de\/index.php\/fuer-forst-und-kommunen\/\"><strong>fyrir sk\u00f3gr\u00e6kt og sveitarf\u00e9l\u00f6g<\/strong><\/a><\/li>\n<li><a href=\"https:\/\/revierwelt.de\/index.php\/24901-2\/\"><strong>fyrir f\u00e9lagi\u00f0<\/strong><\/a><\/li>\n<li><strong><a href=\"https:\/\/revierwelt.de\/index.php\/fuer-behoerden\/\">fyrir yfirv\u00f6ld<\/a><\/strong><\/li>\n<\/ul>\n<p>Revierwelt er hugb\u00fana\u00f0ur sem byggir \u00e1 net\u00fej\u00f3num &#8211; \u00fe\u00fa hefur a\u00f0gang a\u00f0 g\u00f6gnunum \u00fe\u00ednum hven\u00e6r sem er og hvar sem er. Vi\u00f0 tryggjum og verndum g\u00f6gnin \u00fe\u00edn \u00ed samr\u00e6mi vi\u00f0 str\u00f6ngustu \u00f6ryggissta\u00f0la \u00ed \u00fe\u00fdskri gagnaver.<\/p>\n<\/div><\/div><\/div><\/div><\/div><\/div><\/div><\/section><section class=\"l-section wpb_row height_medium\" id=\"byrja\"><div class=\"l-section-h i-cf\"><div class=\"g-cols vc_row via_flex valign_top type_default stacking_default\"><div class=\"vc_col-sm-12 wpb_column vc_column_container\"><div class=\"vc_column-inner\"><div class=\"wpb_wrapper\"><div class=\"wpb_text_column\"><div class=\"wpb_wrapper\"><h2 style=\"text-align: center;\"><strong>REGIMENT WORLD.<\/strong>  \u00d6ll vei\u00f0in \u00e1 einum sta\u00f0.<\/h2>\n<\/div><\/div><div class=\"w-separator size_medium\"><\/div><div class=\"g-cols wpb_row via_flex valign_top type_default stacking_default\"><div class=\"vc_col-sm-4 wpb_column vc_column_container us_animate_afc\"><div class=\"vc_column-inner\"><div class=\"wpb_wrapper\"><div class=\"w-iconbox iconpos_top style_circle color_primary align_center\"><a href=\"https:\/\/revierwelt.de\/index.php\/portfolio\/\" class=\"w-iconbox-link\" aria-label=\"Saman\"><div class=\"w-iconbox-icon\" style=\"font-size:2rem;\"><i class=\"fas fa-users\"><\/i><\/div><\/a><div class=\"w-iconbox-meta\"><h4 class=\"w-iconbox-title\"><a href=\"https:\/\/revierwelt.de\/index.php\/portfolio\/\" class=\"w-iconbox-link\" aria-label=\"Saman\">Saman<\/a><\/h4><div class=\"w-iconbox-text\"><p>Revierwelt skr\u00e1ir og samh\u00e6fir alla vei\u00f0istarfsemi \u00e1 einum sta\u00f0. Allt fr\u00e1 einf\u00f6ldum a\u00f0ger\u00f0um eins og a\u00f0 skr\u00e1 brautarsk\u00fdrslur til a\u00f0 b\u00faa til vei\u00f0isv\u00e6\u00f0iskorti\u00f0, fr\u00e1 sj\u00e1lfvirkri gildruv\u00f6ktun e\u00f0a GPS hundam\u00e6lingu til fl\u00f3kinnar aksturs\u00e1\u00e6tlunar og framkv\u00e6mdar, Revierwelt b\u00fd\u00f0ur upp \u00e1 allt sem \u00fe\u00fa \u00fearft fyrir daglegar vei\u00f0ar &#8211; \u00e1 einum sta\u00f0!<\/p>\n<\/div><\/div><\/div><\/div><\/div><\/div><div class=\"vc_col-sm-4 wpb_column vc_column_container us_animate_afc\" style=\"animation-delay:0.2s\"><div class=\"vc_column-inner\"><div class=\"wpb_wrapper\"><div class=\"w-iconbox iconpos_top style_circle color_primary align_center\"><a href=\"https:\/\/revierwelt.de\/index.php\/portfolio\/\" class=\"w-iconbox-link\" aria-label=\"\u00c1rei\u00f0anlegur\"><div class=\"w-iconbox-icon\" style=\"font-size:2rem;\"><i class=\"fas fa-plus\"><\/i><\/div><\/a><div class=\"w-iconbox-meta\"><h4 class=\"w-iconbox-title\"><a href=\"https:\/\/revierwelt.de\/index.php\/portfolio\/\" class=\"w-iconbox-link\" aria-label=\"\u00c1rei\u00f0anlegur\">\u00c1rei\u00f0anlegur<\/a><\/h4><div class=\"w-iconbox-text\"><p>Revierwelt er alltaf vi\u00f0 hli\u00f0ina \u00e1 \u00fe\u00e9r me\u00f0 yfir 120 a\u00f0ger\u00f0um. Sama hvar \u00fe\u00fa ert, \u00fe\u00fa og vei\u00f0imenn \u00fe\u00ednir hafa alltaf stj\u00f3rn \u00e1 sv\u00e6\u00f0inu. Allar uppl\u00fdsingar um vei\u00f0ar \u00fe\u00ednar eru til r\u00e1\u00f0st\u00f6funar &#8211; hven\u00e6r sem \u00fe\u00fa \u00fearft \u00e1 \u00feeim a\u00f0 halda. \u00d6ll g\u00f6gn eru samstillt \u00e1 \u00e1rei\u00f0anlegan h\u00e1tt milli h\u00e9ra\u00f0sme\u00f0lima og haldi\u00f0 uppf\u00e6r\u00f0um.<\/p>\n<\/div><\/div><\/div><\/div><\/div><\/div><div class=\"vc_col-sm-4 wpb_column vc_column_container us_animate_afc\" style=\"animation-delay:0.4s\"><div class=\"vc_column-inner\"><div class=\"wpb_wrapper\"><div class=\"w-iconbox iconpos_top style_circle color_primary align_center\"><a href=\"https:\/\/revierwelt.de\/index.php\/portfolio\/\" class=\"w-iconbox-link\" aria-label=\"\u00f6ruggur\"><div class=\"w-iconbox-icon\" style=\"font-size:2rem;\"><i class=\"fas fa-check\"><\/i><\/div><\/a><div class=\"w-iconbox-meta\"><h4 class=\"w-iconbox-title\"><a href=\"https:\/\/revierwelt.de\/index.php\/portfolio\/\" class=\"w-iconbox-link\" aria-label=\"\u00f6ruggur\">\u00f6ruggur<\/a><\/h4><div class=\"w-iconbox-text\"><p>Revierwelt tryggir \u00f6ryggi \u00ed vei\u00f0istarfsemi: Allir vei\u00f0imenn \u00e1 vei\u00f0isv\u00e6\u00f0i f\u00e1 sj\u00e1lfkrafa tilkynningu um n\u00fdjar athafnir. Til d\u00e6mis, ef \u00fe\u00fa b\u00fdr\u00f0 til n\u00fdjan vei\u00f0ista\u00f0sp\u00f6ntun, ver\u00f0a allir vei\u00f0isv\u00e6\u00f0isme\u00f0limir uppl\u00fdstir. Ef \u00fe\u00fa skrifar SMS e\u00f0a t\u00f6lvup\u00f3st til Revierwelt ver\u00f0ur \u00fea\u00f0 vista\u00f0 \u00ed Revierbuch og dreift strax til allra Revier me\u00f0lima.<\/p>\n<\/div><\/div><\/div><\/div><\/div><\/div><\/div><\/div><\/div><\/div><\/div><\/div><\/section><section class=\"l-section wpb_row height_medium color_alternate\"><div class=\"l-section-h i-cf\"><div class=\"g-cols vc_row via_flex valign_top type_default stacking_default\"><div class=\"vc_col-sm-12 wpb_column vc_column_container\"><div class=\"vc_column-inner\"><div class=\"wpb_wrapper\"><div class=\"wpb_text_column\"><div class=\"wpb_wrapper\"><h2 style=\"text-align: center;\"><strong>REGIMENT WORLD.<\/strong>  Uppg\u00f6tva\u00f0u.<\/h2>\n<\/div><\/div><\/div><\/div><\/div><\/div><\/div><\/section><section class=\"l-section wpb_row height_medium with_img parallax_ver\"><div class=\"l-section-img\" role=\"img\" data-img-width=\"1024\" data-img-height=\"683\" style=\"background-image: url(https:\/\/www.revierwelt.de\/wp-content\/uploads\/2018\/01\/170301-0001-2.jpg);\"><\/div><div class=\"l-section-overlay\" style=\"background:rgba(72,108,75,0.5)\"><\/div><div class=\"l-section-h i-cf\"><div class=\"g-cols vc_row via_flex valign_top type_default stacking_default\"><div class=\"vc_col-sm-12 wpb_column vc_column_container\"><div class=\"vc_column-inner\"><div class=\"wpb_wrapper\"><div class=\"w-grid type_grid layout_25853 cols_5 ratio_1x1\" id=\"us_grid_1\" style=\"--columns:5;--gap:2px;--item-ratio:1;\" data-filterable=\"true\"><style>@media (max-width:1380px){#us_grid_1{--columns:3!important}}@media (max-width:1024px){#us_grid_1{--columns:2!important}}@media (max-width:600px){#us_grid_1{--columns:1!important}}.layout_25853 .w-grid-item-h{}.layout_25853 .usg_post_custom_field_1{transition-duration:0.4s;transform-origin:50% 50%;transform:scale(0) translate(0,0);opacity:0}.layout_25853 .w-grid-item-h:hover .usg_post_custom_field_1{transform:scale(1.5) translate(0,0);opacity:1}.layout_25853 .usg_vwrapper_1{transition-duration:0.4s;transform-origin:50% 50%;transform:scale(0) translate(0,0);opacity:0}.layout_25853 .w-grid-item-h:hover .usg_vwrapper_1{transform:scale(1) translate(0,0);opacity:1}.layout_25853 .usg_post_image_1{position:absolute!important;top:0!important;right:0!important;bottom:0!important;left:0!important}.layout_25853 .usg_post_custom_field_1{position:absolute!important;top:0!important;right:0!important;bottom:0!important;left:0!important;border-radius:50!important;padding:2rem!important;background:inherit!important}.layout_25853 .usg_vwrapper_1{position:absolute!important;top:0!important;right:0!important;bottom:0!important;left:0!important;padding:2rem!important}.layout_25853 .usg_post_title_1{color:inherit!important}<\/style><div class=\"w-grid-list\">\t<article class=\"w-grid-item size_1x1 post-28473 us_portfolio type-us_portfolio status-publish has-post-thumbnail hentry us_portfolio_category-revierwelt\" data-id=\"28473\">\r\n\t\t<div class=\"w-grid-item-h\" style=\"background:#f2f2f2;color:#486c4b;\">\r\n\t\t\t\t\t\t\t<a href=\"https:\/\/www.revierwelt.de\/index.php\/portfolio\/fleischverwaltung\/\" class=\"w-grid-item-anchor\" aria-label=\"Fleischverwaltung\"><\/a>\r\n\t\t\t\t\t\t<div class=\"w-post-elm post_image usg_post_image_1 stretched\"><img loading=\"lazy\" decoding=\"async\" width=\"573\" height=\"573\" src=\"https:\/\/www.revierwelt.de\/wp-content\/uploads\/2022\/03\/frisches_wild_qua.png\" class=\"attachment-us_600_0 size-us_600_0 wp-post-image\" alt=\"\" \/><\/div><div class=\"w-post-elm post_custom_field usg_post_custom_field_1 type_text  color_link_inherit has_border_radius\"><span class=\"w-post-elm-value\"><\/span><\/div><div class=\"w-vwrapper usg_vwrapper_1 align_center valign_middle\"><h3 class=\"w-post-elm post_title usg_post_title_1 has_text_color align_center entry-title color_link_inherit\">Fleischverwaltung<\/h3><\/div>\t\t<\/div>\r\n\t\t\t<\/article>\r\n\t<article class=\"w-grid-item size_1x1 post-26717 us_portfolio type-us_portfolio status-publish has-post-thumbnail hentry us_portfolio_category-revierwelt\" data-id=\"26717\">\r\n\t\t<div class=\"w-grid-item-h\" style=\"background:#f2f2f2;color:#486c4b;\">\r\n\t\t\t\t\t\t\t<a href=\"https:\/\/www.revierwelt.de\/index.php\/portfolio\/drueckjagd\/\" class=\"w-grid-item-anchor\" aria-label=\"Dr\u00fcckjagd\"><\/a>\r\n\t\t\t\t\t\t<div class=\"w-post-elm post_image usg_post_image_1 stretched\"><img loading=\"lazy\" decoding=\"async\" width=\"600\" height=\"600\" src=\"https:\/\/www.revierwelt.de\/wp-content\/uploads\/2020\/05\/DRU\u0308CKJAGD_qua.jpg\" class=\"attachment-us_600_0 size-us_600_0 wp-post-image\" alt=\"\" \/><\/div><div class=\"w-post-elm post_custom_field usg_post_custom_field_1 type_text  color_link_inherit has_border_radius\"><span class=\"w-post-elm-value\"><\/span><\/div><div class=\"w-vwrapper usg_vwrapper_1 align_center valign_middle\"><h3 class=\"w-post-elm post_title usg_post_title_1 has_text_color align_center entry-title color_link_inherit\">Dr\u00fcckjagd<\/h3><\/div>\t\t<\/div>\r\n\t\t\t<\/article>\r\n\t<article class=\"w-grid-item size_1x1 post-23142 us_portfolio type-us_portfolio status-publish has-post-thumbnail hentry us_portfolio_category-revierwelt\" data-id=\"23142\">\r\n\t\t<div class=\"w-grid-item-h\" style=\"background:#f2f2f2;color:#486c4b;\">\r\n\t\t\t\t\t\t\t<a href=\"https:\/\/www.revierwelt.de\/index.php\/portfolio\/revierverwaltung\/\" class=\"w-grid-item-anchor\" aria-label=\"Revierverwaltung\"><\/a>\r\n\t\t\t\t\t\t<div class=\"w-post-elm post_image usg_post_image_1 stretched\"><img loading=\"lazy\" decoding=\"async\" width=\"600\" height=\"600\" src=\"https:\/\/www.revierwelt.de\/wp-content\/uploads\/2018\/01\/revierverwaltung-1-1-600x600.jpg\" class=\"attachment-us_600_0 size-us_600_0 wp-post-image\" alt=\"\" srcset=\"https:\/\/www.revierwelt.de\/wp-content\/uploads\/2018\/01\/revierverwaltung-1-1-600x600.jpg 600w, https:\/\/www.revierwelt.de\/wp-content\/uploads\/2018\/01\/revierverwaltung-1-1-150x150.jpg 150w, https:\/\/www.revierwelt.de\/wp-content\/uploads\/2018\/01\/revierverwaltung-1-1-300x300.jpg 300w, https:\/\/www.revierwelt.de\/wp-content\/uploads\/2018\/01\/revierverwaltung-1-1-768x768.jpg 768w, https:\/\/www.revierwelt.de\/wp-content\/uploads\/2018\/01\/revierverwaltung-1-1.jpg 1024w, https:\/\/www.revierwelt.de\/wp-content\/uploads\/2018\/01\/revierverwaltung-1-1-180x180.jpg 180w, https:\/\/www.revierwelt.de\/wp-content\/uploads\/2018\/01\/revierverwaltung-1-1-350x350.jpg 350w\" sizes=\"auto, (max-width: 600px) 100vw, 600px\" \/><\/div><div class=\"w-post-elm post_custom_field usg_post_custom_field_1 type_text  color_link_inherit has_border_radius\"><span class=\"w-post-elm-value\"><\/span><\/div><div class=\"w-vwrapper usg_vwrapper_1 align_center valign_middle\"><h3 class=\"w-post-elm post_title usg_post_title_1 has_text_color align_center entry-title color_link_inherit\">Revierverwaltung<\/h3><\/div>\t\t<\/div>\r\n\t\t\t<\/article>\r\n\t<article class=\"w-grid-item size_1x1 post-331 us_portfolio type-us_portfolio status-publish has-post-thumbnail hentry us_portfolio_category-revierwelt\" data-id=\"331\">\r\n\t\t<div class=\"w-grid-item-h\" style=\"background:#f2f2f2;color:#486c4b;\">\r\n\t\t\t\t\t\t\t<a href=\"https:\/\/www.revierwelt.de\/index.php\/portfolio\/gps-hundeortung\/\" class=\"w-grid-item-anchor\" aria-label=\"GPS-Hundeortung\"><\/a>\r\n\t\t\t\t\t\t<div class=\"w-post-elm post_image usg_post_image_1 stretched\"><img loading=\"lazy\" decoding=\"async\" width=\"600\" height=\"600\" src=\"https:\/\/www.revierwelt.de\/wp-content\/uploads\/2018\/01\/Dru\u0308ckjagd_iphone_qua2.png\" class=\"attachment-us_600_0 size-us_600_0 wp-post-image\" alt=\"\" \/><\/div><div class=\"w-post-elm post_custom_field usg_post_custom_field_1 type_text  color_link_inherit has_border_radius\"><span class=\"w-post-elm-value\"><\/span><\/div><div class=\"w-vwrapper usg_vwrapper_1 align_center valign_middle\"><h3 class=\"w-post-elm post_title usg_post_title_1 has_text_color align_center entry-title color_link_inherit\">GPS-Hundeortung<\/h3><\/div>\t\t<\/div>\r\n\t\t\t<\/article>\r\n\t<article class=\"w-grid-item size_1x1 post-23138 us_portfolio type-us_portfolio status-publish has-post-thumbnail hentry us_portfolio_category-revierwelt\" data-id=\"23138\">\r\n\t\t<div class=\"w-grid-item-h\" style=\"background:#f2f2f2;color:#486c4b;\">\r\n\t\t\t\t\t\t\t<a href=\"https:\/\/www.revierwelt.de\/index.php\/portfolio\/wildkameras\/\" class=\"w-grid-item-anchor\" aria-label=\"Wildkameras\"><\/a>\r\n\t\t\t\t\t\t<div class=\"w-post-elm post_image usg_post_image_1 stretched\"><img loading=\"lazy\" decoding=\"async\" width=\"600\" height=\"600\" src=\"https:\/\/www.revierwelt.de\/wp-content\/uploads\/2018\/01\/WILDKAMERA_wald_qua.jpg\" class=\"attachment-us_600_0 size-us_600_0 wp-post-image\" alt=\"\" \/><\/div><div class=\"w-post-elm post_custom_field usg_post_custom_field_1 type_text  color_link_inherit has_border_radius\"><span class=\"w-post-elm-value\"><\/span><\/div><div class=\"w-vwrapper usg_vwrapper_1 align_center valign_middle\"><h3 class=\"w-post-elm post_title usg_post_title_1 has_text_color align_center entry-title color_link_inherit\">Wildkameras<\/h3><\/div>\t\t<\/div>\r\n\t\t\t<\/article>\r\n<\/div><div class=\"w-grid-preloader\">\t<div class=\"g-preloader type_1\">\r\n\t\t<div><\/div>\r\n\t<\/div>\r\n\t<\/div>\t<div class=\"w-grid-json hidden\" onclick='return {&quot;action&quot;:&quot;us_ajax_grid&quot;,&quot;infinite_scroll&quot;:0,&quot;max_num_pages&quot;:2,&quot;pagination&quot;:&quot;none&quot;,&quot;template_vars&quot;:{&quot;columns&quot;:&quot;5&quot;,&quot;exclude_items&quot;:&quot;none&quot;,&quot;img_size&quot;:&quot;us_600_0&quot;,&quot;ignore_items_size&quot;:0,&quot;items_layout&quot;:&quot;25853&quot;,&quot;items_offset&quot;:&quot;1&quot;,&quot;load_animation&quot;:&quot;none&quot;,&quot;overriding_link&quot;:&quot;%7B%22type%22%3A%22post%22%7D&quot;,&quot;post_id&quot;:0,&quot;query_args&quot;:{&quot;post_type&quot;:[&quot;us_portfolio&quot;],&quot;tax_query&quot;:[{&quot;taxonomy&quot;:&quot;us_portfolio_category&quot;,&quot;field&quot;:&quot;slug&quot;,&quot;terms&quot;:[&quot;revierwelt&quot;]}],&quot;post_status&quot;:[&quot;publish&quot;],&quot;posts_per_page&quot;:&quot;5&quot;},&quot;orderby_query_args&quot;:{&quot;orderby&quot;:{&quot;date&quot;:&quot;DESC&quot;}},&quot;type&quot;:&quot;grid&quot;,&quot;us_grid_post_type&quot;:&quot;us_portfolio&quot;,&quot;us_grid_ajax_index&quot;:1,&quot;us_grid_filter_query_string&quot;:null,&quot;us_grid_index&quot;:1,&quot;page_args&quot;:[]}}'><\/div>\r\n\t<\/div><\/div><\/div><\/div><\/div><\/div><\/section><section class=\"l-section wpb_row height_medium color_primary\"><div class=\"l-section-h i-cf\"><div class=\"g-cols vc_row via_flex valign_top type_default stacking_default\"><div class=\"vc_col-sm-12 wpb_column vc_column_container us_animate_afb\"><div class=\"vc_column-inner\"><div class=\"wpb_wrapper\"><div class=\"w-actionbox color_primary controls_right\"><div class=\"w-actionbox-text\"><h2 class=\"w-actionbox-title\">Sannf\u00e6r\u00f0u sj\u00e1lfan \u00feig um Revierwelt!<\/h2><\/div><div class=\"w-actionbox-controls\"><a class=\"w-btn us-btn-style_6 icon_atleft\" href=\"https:\/\/portal.revierwelt.de\/\" style=\"font-size:19px;\"><i class=\"fas fa-user-plus\"><\/i><span class=\"w-btn-label\">Skr\u00e1\u00f0u \u00feig n\u00fana!<\/span><\/a><\/div><\/div><\/div><\/div><\/div><\/div><\/div><\/section>\n","protected":false},"excerpt":{"rendered":"REVIERWELT. Wildkamera. Wissen, was l\u00e4uft. Sie k\u00f6nnen nicht rund um die Uhr im Revier sein, um zu wissen was l\u00e4uft. Eine Wildkamera mit GPRS-Funktion dagegen schon \u2013 ihre Bilder zeigen Ihnen, wo sich welches Wild momentan im Revier bewegt. Sie k\u00f6nnen fast jede am Markt erh\u00e4ltliche Kamera mit Revierwelt verwenden. Kameras der Revierwelt-Edition lassen sich...","protected":false},"author":4,"featured_media":0,"parent":0,"menu_order":0,"comment_status":"closed","ping_status":"closed","template":"","meta":{"footnotes":""},"class_list":["post-30868","page","type-page","status-publish","hentry"],"_links":{"self":[{"href":"https:\/\/www.revierwelt.de\/index.php\/wp-json\/wp\/v2\/pages\/30868","targetHints":{"allow":["GET"]}}],"collection":[{"href":"https:\/\/www.revierwelt.de\/index.php\/wp-json\/wp\/v2\/pages"}],"about":[{"href":"https:\/\/www.revierwelt.de\/index.php\/wp-json\/wp\/v2\/types\/page"}],"author":[{"embeddable":true,"href":"https:\/\/www.revierwelt.de\/index.php\/wp-json\/wp\/v2\/users\/4"}],"replies":[{"embeddable":true,"href":"https:\/\/www.revierwelt.de\/index.php\/wp-json\/wp\/v2\/comments?post=30868"}],"version-history":[{"count":0,"href":"https:\/\/www.revierwelt.de\/index.php\/wp-json\/wp\/v2\/pages\/30868\/revisions"}],"wp:attachment":[{"href":"https:\/\/www.revierwelt.de\/index.php\/wp-json\/wp\/v2\/media?parent=30868"}],"curies":[{"name":"wp","href":"https:\/\/api.w.org\/{rel}","templated":true}]}}